{"id":70,"date":"2019-11-12T12:39:43","date_gmt":"2019-11-12T11:39:43","guid":{"rendered":"http:\/\/blog.uclm.es\/proyectospeculum\/?page_id=70"},"modified":"2019-11-12T12:39:43","modified_gmt":"2019-11-12T11:39:43","slug":"partners","status":"publish","type":"page","link":"https:\/\/blog.uclm.es\/proyectospeculum\/partners\/","title":{"rendered":"Asesores y colaboradores"},"content":{"rendered":"<p><img loading=\"lazy\" decoding=\"async\" class=\"alignnone aligncenter\" src=\"http:\/\/blog.uclm.es\/ceuropeos\/files\/2016\/02\/Logo-CEEE_vertical_gr-e1456284566292.jpg\" alt=\"Resultado de imagen de centro de estudios europeos luis ortega\" width=\"254\" height=\"197\" \/><\/p>\n<p style=\"text-align: center\">Centro de Estudios Europeos \u201cLuis Ortega\u201d (UCLM)<\/p>\n<p><img loading=\"lazy\" decoding=\"async\" class=\"aligncenter\" src=\"http:\/\/blog.uclm.es\/cidi\/files\/2016\/06\/Logo_ETT_288x192px.jpg\" alt=\"Imagen relacionada\" width=\"256\" height=\"174\" \/><\/p>\n<p style=\"text-align: center\">Escuela de Traductores de Toledo (UCLM)<\/p>\n<p style=\"text-align: center\"><img loading=\"lazy\" decoding=\"async\" class=\"\" src=\"http:\/\/www.estudiosclasicos.org\/wp-content\/themes\/Magnificent\/images\/logo-copy-peq.png\" alt=\"Resultado de imagen de sociedad espa\u00f1ola de estudios  clasicos logo castilla la mancha\" width=\"354\" height=\"127\" \/><\/p>\n<p style=\"text-align: center\">Sociedad Espa\u00f1ola de Estudios Cl\u00e1sicos \u2013 Secci\u00f3n de Castilla-La Mancha<\/p>\n<p><img loading=\"lazy\" decoding=\"async\" class=\"aligncenter\" src=\"http:\/\/blog.uclm.es\/repeme\/files\/2019\/06\/cropped-2-1.jpg\" alt=\"OPERA MEDICA\" width=\"438\" height=\"134\" \/><\/p>\n<p style=\"text-align: center\">Red de Investigaci\u00f3n de Excelencia Opera medica: recuperaci\u00f3n del patrimonio textual grecolatino de la medicina europea (RED2018-102781-T, Ministerio de Ciencia, Investigaci\u00f3n y Universidades) (<a href=\"http:\/\/blog.uclm.es\/repeme\/el-proyecto\/\">Blog<\/a> de la Red)<\/p>\n","protected":false},"excerpt":{"rendered":"<p>Centro de Estudios Europeos \u201cLuis Ortega\u201d (UCLM) Escuela de Traductores de Toledo (UCLM) Sociedad Espa\u00f1ola de Estudios Cl\u00e1sicos \u2013 Secci\u00f3n de Castilla-La Mancha Red de Investigaci\u00f3n de Excelencia Opera medica: recuperaci\u00f3n del patrimonio textual grecolatino de la medicina europea (RED2018-102781-T, &hellip; <a href=\"https:\/\/blog.uclm.es\/proyectospeculum\/partners\/\">Sigue leyendo <span class=\"meta-nav\">&rarr;<\/span><\/a><\/p>\n","protected":false},"author":164,"featured_media":0,"parent":0,"menu_order":0,"comment_status":"closed","ping_status":"closed","template":"sidebar-page.php","meta":{"footnotes":""},"class_list":["post-70","page","type-page","status-publish","hentry"],"_links":{"self":[{"href":"https:\/\/blog.uclm.es\/proyectospeculum\/wp-json\/wp\/v2\/pages\/70","targetHints":{"allow":["GET"]}}],"collection":[{"href":"https:\/\/blog.uclm.es\/proyectospeculum\/wp-json\/wp\/v2\/pages"}],"about":[{"href":"https:\/\/blog.uclm.es\/proyectospeculum\/wp-json\/wp\/v2\/types\/page"}],"author":[{"embeddable":true,"href":"https:\/\/blog.uclm.es\/proyectospeculum\/wp-json\/wp\/v2\/users\/164"}],"replies":[{"embeddable":true,"href":"https:\/\/blog.uclm.es\/proyectospeculum\/wp-json\/wp\/v2\/comments?post=70"}],"version-history":[{"count":0,"href":"https:\/\/blog.uclm.es\/proyectospeculum\/wp-json\/wp\/v2\/pages\/70\/revisions"}],"wp:attachment":[{"href":"https:\/\/blog.uclm.es\/proyectospeculum\/wp-json\/wp\/v2\/media?parent=70"}],"curies":[{"name":"wp","href":"https:\/\/api.w.org\/{rel}","templated":true}]}}