{"id":534,"date":"2022-05-12T17:21:43","date_gmt":"2022-05-12T16:21:43","guid":{"rendered":"https:\/\/blog.uclm.es\/proyectospeculum\/?page_id=533"},"modified":"2022-05-12T17:21:43","modified_gmt":"2022-05-12T16:21:43","slug":"coloquios-speculum-dia-de-europa-identidad-cultural-europea-y-politica-fundamentos-de-cohesion-y-de-la-accion-social","status":"publish","type":"page","link":"https:\/\/blog.uclm.es\/proyectospeculum\/coloquios-speculum-dia-de-europa-identidad-cultural-europea-y-politica-fundamentos-de-cohesion-y-de-la-accion-social\/","title":{"rendered":"Coloquios Speculum. D\u00eda de Europa (2022)"},"content":{"rendered":"\n<p>Coloquios sobre identidad cultural europea y pol\u00edtica para conmemorar el d\u00eda de Europa, celebrados en la la Diputaci\u00f3n Provincial y en la Facultad de Humanidades de Albacete los d\u00edas 5 y 6 de mayo de 2022.<\/p>\n","protected":false},"excerpt":{"rendered":"<p>Coloquios sobre identidad cultural europea y pol\u00edtica para conmemorar el d\u00eda de Europa, celebrados en la la Diputaci\u00f3n Provincial y en la Facultad de Humanidades de Albacete los d\u00edas 5 y 6 de mayo de 2022.<\/p>\n","protected":false},"author":164,"featured_media":0,"parent":0,"menu_order":0,"comment_status":"closed","ping_status":"closed","template":"","meta":{"footnotes":""},"class_list":["post-534","page","type-page","status-publish","hentry"],"_links":{"self":[{"href":"https:\/\/blog.uclm.es\/proyectospeculum\/wp-json\/wp\/v2\/pages\/534","targetHints":{"allow":["GET"]}}],"collection":[{"href":"https:\/\/blog.uclm.es\/proyectospeculum\/wp-json\/wp\/v2\/pages"}],"about":[{"href":"https:\/\/blog.uclm.es\/proyectospeculum\/wp-json\/wp\/v2\/types\/page"}],"author":[{"embeddable":true,"href":"https:\/\/blog.uclm.es\/proyectospeculum\/wp-json\/wp\/v2\/users\/164"}],"replies":[{"embeddable":true,"href":"https:\/\/blog.uclm.es\/proyectospeculum\/wp-json\/wp\/v2\/comments?post=534"}],"version-history":[{"count":0,"href":"https:\/\/blog.uclm.es\/proyectospeculum\/wp-json\/wp\/v2\/pages\/534\/revisions"}],"wp:attachment":[{"href":"https:\/\/blog.uclm.es\/proyectospeculum\/wp-json\/wp\/v2\/media?parent=534"}],"curies":[{"name":"wp","href":"https:\/\/api.w.org\/{rel}","templated":true}]}}