{"id":224,"date":"2020-01-09T16:23:54","date_gmt":"2020-01-09T15:23:54","guid":{"rendered":"http:\/\/blog.uclm.es\/proyectospeculum\/?page_id=224"},"modified":"2020-01-09T16:23:54","modified_gmt":"2020-01-09T15:23:54","slug":"los-traductores-constructores-de-europa","status":"publish","type":"page","link":"https:\/\/blog.uclm.es\/proyectospeculum\/los-traductores-constructores-de-europa\/","title":{"rendered":"Los traductores, constructores de Europa (septiembre de 2018)"},"content":{"rendered":"\n<figure class=\"wp-block-image\"><img decoding=\"async\" src=\"https:\/\/ec.europa.eu\/spain\/sites\/spain\/files\/edl_poster_instagram_square.jpg\" alt=\"\" \/><\/figure>\n\n\n\n<p><strong>Los traductores, constructores de Europa:&nbsp;de la Escuela de Traductores de Toledo a nuestros d\u00edas<br \/><\/strong>Jornadas para conmemorar el D\u00eda Europeo de las Lenguas y celebrar la contribuci\u00f3n de los traductores a la circulaci\u00f3n de las ideas en Europa. 28-29 de septiembre de 2018, Toledo. <\/p>\n\n\n\n<h2 class=\"wp-block-heading\">Programa<\/h2>\n\n\n\n<p>Para ver el programa completo pinche <a href=\"http:\/\/blog.uclm.es\/escueladetraductores\/files\/2018\/09\/programa-jornada-de-las-lenguas.pdf\">aqu\u00ed.<\/a><\/p>\n\n\n\n<h2 class=\"wp-block-heading\">Im\u00e1genes<\/h2>\n\n\n\n<ul class=\"wp-block-gallery columns-3 is-cropped wp-block-gallery-1 is-layout-flex wp-block-gallery-is-layout-flex\"><li class=\"blocks-gallery-item\"><figure><a href=\"https:\/\/blog.uclm.es\/proyectospeculum\/files\/2020\/01\/fotonoticia_20180928104110_640.jpg\"><img decoding=\"async\" src=\"https:\/\/blog.uclm.es\/proyectospeculum\/files\/2020\/01\/fotonoticia_20180928104110_640.jpg\" alt=\"\" data-id=\"227\" class=\"wp-image-227\" \/><\/a><\/figure><\/li><li class=\"blocks-gallery-item\"><figure><a href=\"https:\/\/blog.uclm.es\/proyectospeculum\/files\/2020\/01\/IMG_20180928_095517-1-1024x768.jpg\"><img decoding=\"async\" src=\"https:\/\/blog.uclm.es\/proyectospeculum\/files\/2020\/01\/IMG_20180928_095517-1-1024x768.jpg\" alt=\"\" data-id=\"256\" data-link=\"https:\/\/blog.uclm.es\/proyectospeculum\/los-traductores-constructores-de-europa\/img_20180928_095517-2\/\" class=\"wp-image-256\" \/><\/a><\/figure><\/li><li class=\"blocks-gallery-item\"><figure><a href=\"https:\/\/blog.uclm.es\/proyectospeculum\/files\/2020\/01\/IMG_20180928_095408-1-1024x768.jpg\"><img decoding=\"async\" src=\"https:\/\/blog.uclm.es\/proyectospeculum\/files\/2020\/01\/IMG_20180928_095408-1-1024x768.jpg\" alt=\"\" data-id=\"258\" data-link=\"https:\/\/blog.uclm.es\/proyectospeculum\/los-traductores-constructores-de-europa\/img_20180928_095408-2\/\" class=\"wp-image-258\" \/><\/a><\/figure><\/li><li class=\"blocks-gallery-item\"><figure><a href=\"https:\/\/blog.uclm.es\/proyectospeculum\/files\/2020\/01\/IMG_20180929_105458-2-1024x768.jpg\"><img decoding=\"async\" src=\"https:\/\/blog.uclm.es\/proyectospeculum\/files\/2020\/01\/IMG_20180929_105458-2-1024x768.jpg\" alt=\"\" data-id=\"279\" data-link=\"https:\/\/blog.uclm.es\/proyectospeculum\/los-traductores-constructores-de-europa\/img_20180929_105458-3\/\" class=\"wp-image-279\" \/><\/a><\/figure><\/li><li class=\"blocks-gallery-item\"><figure><a href=\"https:\/\/blog.uclm.es\/proyectospeculum\/files\/2020\/01\/IMG_20180929_105717-1024x768.jpg\"><img decoding=\"async\" src=\"https:\/\/blog.uclm.es\/proyectospeculum\/files\/2020\/01\/IMG_20180929_105717-1024x768.jpg\" alt=\"\" data-id=\"281\" data-link=\"https:\/\/blog.uclm.es\/proyectospeculum\/los-traductores-constructores-de-europa\/img_20180929_105717\/\" class=\"wp-image-281\" \/><\/a><\/figure><\/li><li class=\"blocks-gallery-item\"><figure><a href=\"https:\/\/blog.uclm.es\/proyectospeculum\/files\/2020\/01\/IMG_20180929_141807-1024x768.jpg\"><img decoding=\"async\" src=\"https:\/\/blog.uclm.es\/proyectospeculum\/files\/2020\/01\/IMG_20180929_141807-1024x768.jpg\" alt=\"\" data-id=\"283\" data-link=\"https:\/\/blog.uclm.es\/proyectospeculum\/los-traductores-constructores-de-europa\/img_20180929_141807\/\" class=\"wp-image-283\" \/><\/a><\/figure><\/li><\/ul>\n\n\n\n<h2 class=\"wp-block-heading\">Enlaces<\/h2>\n\n\n\n<ul class=\"wp-block-list\"><li>Noticia del evento en el <a href=\"http:\/\/blog.uclm.es\/escueladetraductores\/2018\/09\/26\/la-escuela-de-traductores-de-toledo-celebra-el-dia-europeo-de-las-lenguas\/\">blog<\/a> de la Escuela de Traductores de Toledo.<\/li><li>Noticia del evento en la <a href=\"https:\/\/ec.europa.eu\/spain\/events\/20180928-edlangs2018_es\">web<\/a> de la Comisi\u00f3n Europea.<\/li><\/ul>\n","protected":false},"excerpt":{"rendered":"<p>Los traductores, constructores de Europa:&nbsp;de la Escuela de Traductores de Toledo a nuestros d\u00edasJornadas para conmemorar el D\u00eda Europeo de las Lenguas y celebrar la contribuci\u00f3n de los traductores a la circulaci\u00f3n de las ideas en Europa. 28-29 de septiembre &hellip; <a href=\"https:\/\/blog.uclm.es\/proyectospeculum\/los-traductores-constructores-de-europa\/\">Sigue leyendo <span class=\"meta-nav\">&rarr;<\/span><\/a><\/p>\n","protected":false},"author":164,"featured_media":0,"parent":0,"menu_order":0,"comment_status":"closed","ping_status":"closed","template":"","meta":{"footnotes":""},"class_list":["post-224","page","type-page","status-publish","hentry"],"_links":{"self":[{"href":"https:\/\/blog.uclm.es\/proyectospeculum\/wp-json\/wp\/v2\/pages\/224","targetHints":{"allow":["GET"]}}],"collection":[{"href":"https:\/\/blog.uclm.es\/proyectospeculum\/wp-json\/wp\/v2\/pages"}],"about":[{"href":"https:\/\/blog.uclm.es\/proyectospeculum\/wp-json\/wp\/v2\/types\/page"}],"author":[{"embeddable":true,"href":"https:\/\/blog.uclm.es\/proyectospeculum\/wp-json\/wp\/v2\/users\/164"}],"replies":[{"embeddable":true,"href":"https:\/\/blog.uclm.es\/proyectospeculum\/wp-json\/wp\/v2\/comments?post=224"}],"version-history":[{"count":0,"href":"https:\/\/blog.uclm.es\/proyectospeculum\/wp-json\/wp\/v2\/pages\/224\/revisions"}],"wp:attachment":[{"href":"https:\/\/blog.uclm.es\/proyectospeculum\/wp-json\/wp\/v2\/media?parent=224"}],"curies":[{"name":"wp","href":"https:\/\/api.w.org\/{rel}","templated":true}]}}