{"id":18,"date":"2019-11-12T12:36:01","date_gmt":"2019-11-12T11:36:01","guid":{"rendered":"http:\/\/blog.uclm.es\/proyectospeculum\/?page_id=18"},"modified":"2022-10-07T08:29:36","modified_gmt":"2022-10-07T08:29:36","slug":"targets","status":"publish","type":"page","link":"https:\/\/blog.uclm.es\/proyectospeculum\/targets\/","title":{"rendered":"OBJETIVOS"},"content":{"rendered":"\n<ul class=\"wp-block-list\"><li>Realizar, a trav\u00e9s de un estudio pormenorizado de la documentaci\u00f3n existente y de las actuaciones al respecto, un diagn\u00f3stico de las pol\u00edticas culturales de la UE, tanto intra- como extra-europeas.<\/li><li>Valorar la proyecci\u00f3n de la cultura europea com\u00fan en la diplomacia cultural y en las relaciones internacionales de la UE, as\u00ed como en su pol\u00edtica interior.<\/li><li>Analizar si en las pol\u00edticas de los institutos nacionales de cultura existe el objetivo de difundir las contribuciones de cada estado miembro a los hechos de cultura europea com\u00fan, y, en su caso, estudiar c\u00f3mo esto puede llevarse a cabo.<\/li><li>Examinar c\u00f3mo la ra\u00edces culturales europeas comunes han sido y son un instrumento y una v\u00eda para la comunicaci\u00f3n con otras culturas y para la asimilaci\u00f3n mutua, as\u00ed como para la cohesi\u00f3n interna de los pueblos europeos.<\/li><li>Crear un cat\u00e1logo de hechos y manifestaciones culturales comunes de Europa, estableciendo una lista de criterios v\u00e1lidos para determinarlos.<\/li><li>Analizar si existe una percepci\u00f3n social de esa identidad cultural, y en qu\u00e9 claves.<\/li><li>Ofrecer formaci\u00f3n a trav\u00e9s de cursos y otras actividades en distintos \u00e1mbitos: universidad, centros de Ense\u00f1anza Secundaria y Bachillerato, colegios, otras instituciones culturales y educativas, entorno rural, grupos de migrantes, etc.<\/li><li>Proyectar esta formaci\u00f3n en la promoci\u00f3n de tesis doctorales en el \u00e1mbito universitario.<\/li><li>Proyectar los elementos de identidad cultural europea en el desarrollo regional, y particularmente rural, concibi\u00e9ndolos como un instrumento de integraci\u00f3n pol\u00edtica, social y econ\u00f3mica.<\/li><li>A partir de todo ello, aportar un contenido real, que existe y no es fruto de una construcci\u00f3n contempor\u00e1nea orientada precisamente a dotarnos de identidad, a la finalidad pol\u00edtica de la UE de fomentar y salvaguardar la cultura y el patrimonio com\u00fan europeos.<\/li><\/ul>\n","protected":false},"excerpt":{"rendered":"<p>Realizar, a trav\u00e9s de un estudio pormenorizado de la documentaci\u00f3n existente y de las actuaciones al respecto, un diagn\u00f3stico de las pol\u00edticas culturales de la UE, tanto intra- como extra-europeas. Valorar la proyecci\u00f3n de la cultura europea com\u00fan en la &hellip; <a href=\"https:\/\/blog.uclm.es\/proyectospeculum\/targets\/\">Sigue leyendo <span class=\"meta-nav\">&rarr;<\/span><\/a><\/p>\n","protected":false},"author":164,"featured_media":0,"parent":0,"menu_order":0,"comment_status":"closed","ping_status":"closed","template":"sidebar-page.php","meta":{"footnotes":""},"class_list":["post-18","page","type-page","status-publish","hentry"],"_links":{"self":[{"href":"https:\/\/blog.uclm.es\/proyectospeculum\/wp-json\/wp\/v2\/pages\/18","targetHints":{"allow":["GET"]}}],"collection":[{"href":"https:\/\/blog.uclm.es\/proyectospeculum\/wp-json\/wp\/v2\/pages"}],"about":[{"href":"https:\/\/blog.uclm.es\/proyectospeculum\/wp-json\/wp\/v2\/types\/page"}],"author":[{"embeddable":true,"href":"https:\/\/blog.uclm.es\/proyectospeculum\/wp-json\/wp\/v2\/users\/164"}],"replies":[{"embeddable":true,"href":"https:\/\/blog.uclm.es\/proyectospeculum\/wp-json\/wp\/v2\/comments?post=18"}],"version-history":[{"count":1,"href":"https:\/\/blog.uclm.es\/proyectospeculum\/wp-json\/wp\/v2\/pages\/18\/revisions"}],"predecessor-version":[{"id":560,"href":"https:\/\/blog.uclm.es\/proyectospeculum\/wp-json\/wp\/v2\/pages\/18\/revisions\/560"}],"wp:attachment":[{"href":"https:\/\/blog.uclm.es\/proyectospeculum\/wp-json\/wp\/v2\/media?parent=18"}],"curies":[{"name":"wp","href":"https:\/\/api.w.org\/{rel}","templated":true}]}}