{"id":17,"date":"2019-11-12T12:36:01","date_gmt":"2019-11-12T11:36:01","guid":{"rendered":"http:\/\/blog.uclm.es\/proyectospeculum\/?page_id=17"},"modified":"2019-11-12T12:36:01","modified_gmt":"2019-11-12T11:36:01","slug":"activities","status":"publish","type":"page","link":"https:\/\/blog.uclm.es\/proyectospeculum\/activities\/","title":{"rendered":"ACTIVIDADES"},"content":{"rendered":"\n<p><strong><a href=\"http:\/\/blog.uclm.es\/proyectospeculum\/jornadas-identidad-cultural-europea\/\">Jornadas Identidad Cultural Europea<\/a><br \/><\/strong>Las claves culturales de la identidad europea. Jornadas para celebrar el D\u00eda de Europa.&nbsp;9-10 de mayo de 2019, Facultad de Humanidades de Albacete &nbsp; <\/p>\n\n\n\n<p><strong><a href=\"http:\/\/blog.uclm.es\/proyectospeculum\/los-traductores-constructores-de-europa\/\">Los traductores, constructores de Europa:&nbsp;de la Escuela de Traductores de Toledo a nuestros d\u00edas<\/a><br \/><\/strong>Jornadas para conmemorar el D\u00eda Europeo de las Lenguas y celebrar la contribuci\u00f3n de los traductores a la circulaci\u00f3n de las ideas en Europa. 28-29 de octubre de 2018, Toledo. <\/p>\n\n\n\n<p><a href=\"https:\/\/blog.uclm.es\/proyectospeculum\/coloquios-speculum-dia-de-europa-identidad-cultural-europea-y-politica-fundamentos-de-cohesion-y-de-la-accion-social\/\"><strong>Coloquios <em>Speculum<\/em>, D\u00eda de Europa. Identidad cultural europea y pol\u00edtica: fundamentos de cohesi\u00f3n y de la acci\u00f3n social<\/strong><\/a><strong><br \/><\/strong>Las claves culturales de la identidad europea. Jornadas para celebrar el D\u00eda de Europa.\u00a09-10 de mayo de 2019, Facultad de Humanidades de Albacete \u00a0 <\/p>\n\n\n\n<p><\/p>\n\n\n\n<p><\/p>\n","protected":false},"excerpt":{"rendered":"<p>Jornadas Identidad Cultural EuropeaLas claves culturales de la identidad europea. Jornadas para celebrar el D\u00eda de Europa.&nbsp;9-10 de mayo de 2019, Facultad de Humanidades de Albacete &nbsp; Los traductores, constructores de Europa:&nbsp;de la Escuela de Traductores de Toledo a nuestros &hellip; <a href=\"https:\/\/blog.uclm.es\/proyectospeculum\/activities\/\">Sigue leyendo <span class=\"meta-nav\">&rarr;<\/span><\/a><\/p>\n","protected":false},"author":164,"featured_media":0,"parent":0,"menu_order":0,"comment_status":"closed","ping_status":"closed","template":"sidebar-page.php","meta":{"footnotes":""},"class_list":["post-17","page","type-page","status-publish","hentry"],"_links":{"self":[{"href":"https:\/\/blog.uclm.es\/proyectospeculum\/wp-json\/wp\/v2\/pages\/17","targetHints":{"allow":["GET"]}}],"collection":[{"href":"https:\/\/blog.uclm.es\/proyectospeculum\/wp-json\/wp\/v2\/pages"}],"about":[{"href":"https:\/\/blog.uclm.es\/proyectospeculum\/wp-json\/wp\/v2\/types\/page"}],"author":[{"embeddable":true,"href":"https:\/\/blog.uclm.es\/proyectospeculum\/wp-json\/wp\/v2\/users\/164"}],"replies":[{"embeddable":true,"href":"https:\/\/blog.uclm.es\/proyectospeculum\/wp-json\/wp\/v2\/comments?post=17"}],"version-history":[{"count":0,"href":"https:\/\/blog.uclm.es\/proyectospeculum\/wp-json\/wp\/v2\/pages\/17\/revisions"}],"wp:attachment":[{"href":"https:\/\/blog.uclm.es\/proyectospeculum\/wp-json\/wp\/v2\/media?parent=17"}],"curies":[{"name":"wp","href":"https:\/\/api.w.org\/{rel}","templated":true}]}}