{"id":16,"date":"2019-11-12T12:36:01","date_gmt":"2019-11-12T11:36:01","guid":{"rendered":"http:\/\/blog.uclm.es\/proyectospeculum\/?page_id=16"},"modified":"2019-11-12T12:36:01","modified_gmt":"2019-11-12T11:36:01","slug":"observatory","status":"publish","type":"page","link":"https:\/\/blog.uclm.es\/proyectospeculum\/observatory\/","title":{"rendered":"OBSERVATORIO"},"content":{"rendered":"\n<p style=\"text-align:left\"><em>Speculum<\/em> es un Observatorio de la\nIdentidad Cultural Europea que surge con la finalidad de contribuir, desde la\ninvestigaci\u00f3n cient\u00edfica, a la difusi\u00f3n en todos los \u00e1mbitos (social, pol\u00edtico,\necon\u00f3mico, acad\u00e9mico) de las bases culturales de la identidad europea.<\/p>\n\n\n\n<p>En efecto, en\nEuropa existe una realidad cultural constituida por los hechos, manifestaciones\ny patrimonio cultural de cada uno de los estados miembros, que importan y\nenriquecen a la propia Uni\u00f3n y justifican sin duda su pol\u00edtica cultural\ncentrada en la diversidad. Pero existe tambi\u00e9n otra realidad, complementaria y\na veces fusionada con la anterior, constituida por los fundamentos comunes de\nnuestra cultura e identidad europeas, en tanto que generados por circunstancias\ny condiciones que trascendieron y trascienden el \u00e1mbito de lo nacional o\nregional, y que se pueden considerar por ello de \u00e1mbito propia y\ncaracter\u00edsticamente europeo.<\/p>\n\n\n\n<p>Ser\u00eda deseable\nuna mayor difusi\u00f3n de esos fundamentos culturales comunes desde una perspectiva\neurope\u00edsta a trav\u00e9s de las pol\u00edticas tanto de la UE como de sus estados\nmiembros, ya que constituyen un elemento capital de cohesi\u00f3n, y resultan\nfundamentales a la hora de generar pol\u00edticas y actitudes inclusivas.<\/p>\n","protected":false},"excerpt":{"rendered":"<p>Speculum es un Observatorio de la Identidad Cultural Europea que surge con la finalidad de contribuir, desde la investigaci\u00f3n cient\u00edfica, a la difusi\u00f3n en todos los \u00e1mbitos (social, pol\u00edtico, econ\u00f3mico, acad\u00e9mico) de las bases culturales de la identidad europea. En &hellip; <a href=\"https:\/\/blog.uclm.es\/proyectospeculum\/observatory\/\">Sigue leyendo <span class=\"meta-nav\">&rarr;<\/span><\/a><\/p>\n","protected":false},"author":164,"featured_media":0,"parent":0,"menu_order":0,"comment_status":"closed","ping_status":"closed","template":"sidebar-page.php","meta":{"footnotes":""},"class_list":["post-16","page","type-page","status-publish","hentry"],"_links":{"self":[{"href":"https:\/\/blog.uclm.es\/proyectospeculum\/wp-json\/wp\/v2\/pages\/16","targetHints":{"allow":["GET"]}}],"collection":[{"href":"https:\/\/blog.uclm.es\/proyectospeculum\/wp-json\/wp\/v2\/pages"}],"about":[{"href":"https:\/\/blog.uclm.es\/proyectospeculum\/wp-json\/wp\/v2\/types\/page"}],"author":[{"embeddable":true,"href":"https:\/\/blog.uclm.es\/proyectospeculum\/wp-json\/wp\/v2\/users\/164"}],"replies":[{"embeddable":true,"href":"https:\/\/blog.uclm.es\/proyectospeculum\/wp-json\/wp\/v2\/comments?post=16"}],"version-history":[{"count":0,"href":"https:\/\/blog.uclm.es\/proyectospeculum\/wp-json\/wp\/v2\/pages\/16\/revisions"}],"wp:attachment":[{"href":"https:\/\/blog.uclm.es\/proyectospeculum\/wp-json\/wp\/v2\/media?parent=16"}],"curies":[{"name":"wp","href":"https:\/\/api.w.org\/{rel}","templated":true}]}}