{"id":5,"date":"2022-04-26T21:47:22","date_gmt":"2022-04-26T20:47:22","guid":{"rendered":"https:\/\/blog.uclm.es\/proyectoserpic\/?page_id=4"},"modified":"2022-04-26T21:47:22","modified_gmt":"2022-04-26T20:47:22","slug":"1-resumen","status":"publish","type":"page","link":"https:\/\/blog.uclm.es\/proyectoserpic\/1-resumen\/","title":{"rendered":"1. Resumen"},"content":{"rendered":"<p>Sustainable Electrochemical Reduction of contaminants of emerging concern and Pathogens in WWTP effluent for Irrigation of Crops .<br \/>\nPCI2021-121963<\/p>\n<p>El objetivo general del proyecto SERPIC es ayudar a prevenir la dispersi\u00f3n de los contaminantes emergentes (CECs) proporcionando fuentes de agua adicionales para la producci\u00f3n de alimentos a partir de la regeneraci\u00f3n de aguas depuradas. Este objetivo general se puede descomponer en tres objetivos parciales: 1) El sub-objetivo 1 que pretende minimizar la propagaci\u00f3n y transformaci\u00f3n de los CEC, incluidos ARB\/ARG, dentro del ciclo del agua, desde los hogares y las industrias hasta los efluentes de las depuradoras (tambi\u00e9n se pretende disminuir su presencia a trav\u00e9s del riego en la cadena alimentaria, en el suelo y las aguas subterr\u00e1neas y en las cuencas fluviales, estuarios, zonas costeras y oc\u00e9anos); 2) el sub-objetivo 2 que pretende reducir los CEC del efluente de estaciones de depuraci\u00f3n de aguas residuales (EDAR) mediante el desarrollo de una tecnolog\u00eda innovadora de tratamiento, basada en la filtraci\u00f3n por membrana y los procesos foto-electroqu\u00edmicos; y 3) el sub-objetivo 3 que consiste en elaborar metodolog\u00edas y herramientas para el seguimiento, la evaluaci\u00f3n de riesgos sanitarios y ambientales y para la aplicaci\u00f3n de nuevos conceptos de reutilizaci\u00f3n, incluidas las nuevas tecnolog\u00edas de tratamiento, como base para una mejor formulaci\u00f3n de pol\u00edticas y decisiones, que permitan afrontar cuestiones reglamentarias y de desarrollo de nuevas normas SERPIC desarrollar\u00e1 una tecnolog\u00eda integral, basada en un enfoque multi-barrera, para tratar los efluentes de las EDARs con vistas a maximizar la reducci\u00f3n de contaminantes emergentes. Se aplicar\u00e1 una tecnolog\u00eda de nanofiltraci\u00f3n por membrana (NF) para reducir los CEC en su corriente permeada en al menos un 90 % conservando los nutrientes. Se a\u00f1adir\u00e1 una desinfecci\u00f3n residual utilizando di\u00f3xido de cloro producido electroqu\u00edmicamente a la corriente utilizada para el riego de cultivos (Ruta A). Los CEC de la corriente de concentrado (retentato) se reducir\u00e1n al menos un 80 % mediante oxidaci\u00f3n electroqu\u00edmica favorecida por irradiaci\u00f3n de luz. Cuando se vierta en el sistema acu\u00e1tico (ruta B), esta corriente contribuir\u00e1 a la mejora de la calidad de la masa de agua superficial. Se instalar\u00e1 y evaluar\u00e1 un prototipo de planta de tratamiento para el riego en pruebas de larga duraci\u00f3n. Se llevar\u00e1 a cabo una investigaci\u00f3n de revisi\u00f3n de la difusi\u00f3n de los CEC en cuatro escenarios regionales de Europa y \u00c1frica. El proyecto incluir\u00e1 una evaluaci\u00f3n detallada de cada situaci\u00f3n individual. Se trabajar\u00e1 para transferir los resultados de la tecnolog\u00eda de tratamiento a otras regiones, especialmente a pa\u00edses de ingresos bajos y medianos. El consorcio SERPIC est\u00e1 compuesto por socios con probadas capacidades en el desarrollo de proyectos ambiciosos en el campo de los ecosistemas acu\u00e1ticos. Re\u00fane a destacados expertos acad\u00e9micos (IST, ISE, UCLM, UNIFE, UP, NIVA, SU) y de la industria (SSP, AdP). Es interdisciplinar y tiene competencias en seguimiento y evaluaci\u00f3n de riesgos de los CEC (UNIFE, SU), oxidaci\u00f3n avanzada electroqu\u00edmica (IST, UCLM), filtraci\u00f3n por membrana (NIVA), procesos avanzados de oxidaci\u00f3n y dise\u00f1o de reactores fotoqu\u00edmicos (UP), dise\u00f1o e implementaci\u00f3n de soluciones para el tratamiento de aguas residuales y operaci\u00f3n de instalaciones de aguas residuales (AdP), sistemas solares (ISE, SSP), ACV (UCLM), pol\u00edtica y toma de decisiones (UNIFE) y gesti\u00f3n de proyectos (IST).<\/p>\n","protected":false},"excerpt":{"rendered":"<p>Sustainable Electrochemical Reduction of contaminants of emerging concern and Pathogens in WWTP effluent for Irrigation of Crops . PCI2021-121963 El objetivo general del proyecto SERPIC es ayudar a prevenir la dispersi\u00f3n de los contaminantes emergentes (CECs) proporcionando fuentes de agua adicionales para la producci\u00f3n de alimentos a partir de la regeneraci\u00f3n de aguas depuradas. Este &hellip; <a href=\"https:\/\/blog.uclm.es\/proyectoserpic\/1-resumen\/\" class=\"more-link\">Seguir leyendo <span class=\"screen-reader-text\">1. Resumen<\/span> <span class=\"meta-nav\">&rarr;<\/span><\/a><\/p>\n","protected":false},"author":213,"featured_media":0,"parent":0,"menu_order":0,"comment_status":"closed","ping_status":"closed","template":"","meta":{"footnotes":""},"class_list":["post-5","page","type-page","status-publish","hentry"],"_links":{"self":[{"href":"https:\/\/blog.uclm.es\/proyectoserpic\/wp-json\/wp\/v2\/pages\/5","targetHints":{"allow":["GET"]}}],"collection":[{"href":"https:\/\/blog.uclm.es\/proyectoserpic\/wp-json\/wp\/v2\/pages"}],"about":[{"href":"https:\/\/blog.uclm.es\/proyectoserpic\/wp-json\/wp\/v2\/types\/page"}],"author":[{"embeddable":true,"href":"https:\/\/blog.uclm.es\/proyectoserpic\/wp-json\/wp\/v2\/users\/213"}],"replies":[{"embeddable":true,"href":"https:\/\/blog.uclm.es\/proyectoserpic\/wp-json\/wp\/v2\/comments?post=5"}],"version-history":[{"count":0,"href":"https:\/\/blog.uclm.es\/proyectoserpic\/wp-json\/wp\/v2\/pages\/5\/revisions"}],"wp:attachment":[{"href":"https:\/\/blog.uclm.es\/proyectoserpic\/wp-json\/wp\/v2\/media?parent=5"}],"curies":[{"name":"wp","href":"https:\/\/api.w.org\/{rel}","templated":true}]}}