{"id":36,"date":"2023-02-07T22:01:41","date_gmt":"2023-02-07T22:01:41","guid":{"rendered":"https:\/\/blog.uclm.es\/proyectoser4wine\/?page_id=36"},"modified":"2024-11-25T16:26:19","modified_gmt":"2024-11-25T16:26:19","slug":"progreso-del-proyecto","status":"publish","type":"page","link":"https:\/\/blog.uclm.es\/proyectoser4wine\/progreso-del-proyecto\/","title":{"rendered":"Progreso del proyecto"},"content":{"rendered":"\n<p><\/p>\n\n\n\n<p><\/p>\n\n\n\n<p>Durante el a\u00f1o 2023 de ejecuci\u00f3n del Proyecto se han realizado las siguientes tareas:<\/p>\n\n\n\n<p>1) Actividades de Gesti\u00f3n<\/p>\n\n\n\n<p>.- Activaci\u00f3n de los procedimientos de gesti\u00f3n econ\u00f3mica con la UGEC-CR<\/p>\n\n\n\n<p>.- Mantenimiento de la p\u00e1gina web del Proyecto para difusi\u00f3n de resultados<\/p>\n\n\n\n<p>.- Cuatro reuniones trimestrales de progreso del proyecto. Adem\u00e1s se han realizado otras reuniones para ver el avance y resolver los problemas del proyecto.<\/p>\n\n\n\n<p>2) Actividades de Investigaci\u00f3n<\/p>\n\n\n\n<p>.- En relaci\u00f3n con las tareas T3.2 a T3.4.<\/p>\n\n\n\n<p>&nbsp;Las membranas de PVA con diferentes contenidos de \u201cchitosan\u201d se testaron en una celda electroqu\u00edmica de 4 cm2 y que oper\u00f3 en modo reversible. Es decir, modo electrolizador durante el cual, a partir de energ\u00eda el\u00e9ctrica se produc\u00eda hidr\u00f3geno, sosa ca\u00fastica en el c\u00e1todo y en el \u00e1nodo compuestos clorados, principalmente hipoclorito s\u00f3dico (lej\u00eda) y en menor medida cloro. Y modo pila de combustible utilizando el hidr\u00f3geno y los compuestos de cloro, previamente formados para producir energ\u00eda el\u00e9ctrica. Tambi\u00e9n se oper\u00f3 con la membrana Nafion. Se oper\u00f3 2 h en electrolisis, otras dos horas en modo pila y se repiti\u00f3 de nuevo el ciclo. La temperatura de trabajo fue de 20 \u00b0C. En todos los casos se obtuvieron eficiencias cul\u00f3mbicas para la producci\u00f3n de hidr\u00f3geno cercanas al 95 %. El rendimiento en modo pila y modo electrolisis fue parecido en todas las membranas. Siendo algo mejor para la membrana con un 20 % de \u201cchitosan\u201d debido a la mejor conductividad prot\u00f3nica y mejor distribuci\u00f3n de poros internos. Lo que indica que las membranas no fluoradas, basadas en PVA, se comportan igual o mejor que la membrana fluorada comercial Nafion. Esto es muy interesante, porque la UE tiene pensado prohibir en un futuro cercano el uso de compuestos fluorados debido a su alta toxicidad, lo que limitar\u00eda el uso de la membranas Nafion en este tipo de tecnolog\u00edas. Los resultados han sido muy relevantes y se ha escrito un art\u00edculo cient\u00edfico que se ha mandado a la revista Desalination. A primeros del a\u00f1o que viene, 2024, se escribir\u00e1 y se mandar\u00e1 otro m\u00e1s relacionado con el uso de este tipo de membranas no fluoradas a base de PVA.<\/p>\n\n\n\n<p>Por otro lado, se han caracterizado y testado varias membranas comerciales para su uso en el reactor electroqu\u00edmico reversible. En este caso, se ha estudiado el rendimiento de las mismas en modo electrolisis y en modo pila de combustible a diferentes temperaturas (20, 40, 60 y 80 \u00b0C). Se ha observado que al aumentar la temperatura aumenta el rendimiento.<\/p>\n\n\n\n<p>Tambi\u00e9n, se han desarrollado y estudiado catalizadores trimet\u00e1licos novedosos utilizando Pt, Ru y Sb para la oxidaci\u00f3n de los compuestos de cloro, mientras que para la reacci\u00f3n de producci\u00f3n de hidr\u00f3geno se usaron catalizadores a base de \u00f3xido de plomo. Se probaron en una celda reversible de 1 cm<sup>2<\/sup>. Se alcanzaron eficiencias cul\u00f3mbicas cercanas al 65 %. Los resultados han sido muy prometedores y se han escrito dos art\u00edculos cient\u00edficos que se han mandado a dos revistas Open Access (Catalyst y Nanomaterials).<\/p>\n\n\n\n<p>En relaci\u00f3n con la tarea 3.5<\/p>\n\n\n\n<p>Se ha empezado a estudiar el proceso de absorci\u00f3n de CO2. Se ha empezado a poner en marcha la instalaci\u00f3n experimental. Tambi\u00e9n se tiene pensado hacer un estudio del proceso mediante el simulador ASPEN HYSYS.<\/p>\n\n\n\n<p>Con respecto a la tarea 4.1<\/p>\n\n\n\n<p>Se mont\u00f3 una celda de electrodi\u00e1lisis en el laboratorio con electrodos comerciales DSA de \u00f3xido de rutenio, de 6,25 cm<sup>2<\/sup> junto con membranas ani\u00f3nicas y cati\u00f3nicas alternadas, de 3,14 cm<sup>2<\/sup> de secci\u00f3n, para obtener corrientes concentradas en sales a partir de aguas naturales para comprobar la eficacia de separaci\u00f3n y la influencia de la concentraci\u00f3n inicial en el proceso de separaci\u00f3n. Aunque en una etapa inicial se prob\u00f3 titanio como electrodo cat\u00f3dico en el proceso, no otorg\u00f3 resultados satisfactorios, por lo que se decidi\u00f3 utilizar electrodos sim\u00e9tricos en ambos compartimentos. Dichos procesos de electrodializaci\u00f3n se llevaron a cabo hasta alcanzar una conductividad \u00f3ptima (superior a 1 mS\u00b7cm<sup>-1<\/sup>) para el proceso de electr\u00f3lisis en el que dichas aguas ser\u00e1n utilizadas. Se comprob\u00f3, adem\u00e1s, la influencia de la disposici\u00f3n de las membranas, as\u00ed como la cantidad de estas en el proceso.<\/p>\n\n\n\n<p>Se realizaron dos experimentos de electr\u00f3lisis con el rechazo de electrodi\u00e1lisis, durante 100 minutos y utilizando 1,6 L del agua tratada, cada uno con electrodos distintos (Plomo y \u00f3xido de rutenio y titanio sobre titanio (RuO<sub>2<\/sub>TiO<sub>2<\/sub>\/Ti)), para comprobar las diferencias operacionales y de producci\u00f3n de estos. Para el electrodo de plomo se obtuvo una producci\u00f3n de hidr\u00f3geno de 3,23 mg\u00b7(Wh)<sup>-1<\/sup> y 3,51 mg\u00b7(Wh)<sup>-1<\/sup> para el electrodo de rutenio. Para el cloro total, se obtuvo una producci\u00f3n de 66,48 mg\u00b7(Wh)<sup>-1<\/sup> para el electrodo de rutenio y 47,05 mg\u00b7(Wh)<sup>-1<\/sup> para el electrodo de plomo. Se observa una producci\u00f3n de hidr\u00f3geno similar para ambos electrodos y por energ\u00eda consumida, pero la diferencia notoria se observa en la producci\u00f3n de cloro total, indicando que el electrodo DSA es m\u00e1s eficaz a la hora de producir utilizando agua tratada por electrodi\u00e1lisis, y que dichas aguas son viables para la producci\u00f3n de hidr\u00f3geno mediante energ\u00edas renovables.<\/p>\n\n\n\n<p>En relaci\u00f3n con la tarea 4.2<\/p>\n\n\n\n<p>Se han dise\u00f1ado varias celdas electroqu\u00edmicas con impresoras 3D. Se ha estudiado el efecto de la alimentaci\u00f3n de las corrientes en el proceso de electrolisis. Adem\u00e1s, de en modo pila de combustible para su uso como celdas reversibles. Se estudiaron tres modos de alimentaci\u00f3n de las corrientes de alimentaci\u00f3n a la celda electroqu\u00edmica en ambos compartimentos: Transversal-arriba; abajo-transversal y abajo-arriba. La segunda configuraci\u00f3n fue la que peor resultados obtuvo, ya que consigui\u00f3 una menor producci\u00f3n de hidr\u00f3geno y en modo pila de combustible la que menor cantidad de energ\u00eda produjo. Las diferencias entre las otras dos configuraciones fue peque\u00f1a, en t\u00e9rminos de eficiencia energ\u00e9tica y producci\u00f3n de hidr\u00f3geno.<\/p>\n\n\n\n<p>En relaci\u00f3n con la tarea 4.3<\/p>\n\n\n\n<p>De forma paralela a la tarea 3.5 se empez\u00f3 con el estudio de captaci\u00f3n de CO<sub>2<\/sub> procedente del escape de grupos electr\u00f3genos Diesel para el bombeo de agua y el riego de cultivos de vid, con objeto de disminuir la huella de carbono.<\/p>\n\n\n\n<p>En relaci\u00f3n a la tarea 6.1<\/p>\n\n\n\n<p>Se est\u00e1 recabando todos los datos de los paquetes de trabajo 3 y 4 para realizar la modelizaci\u00f3n de la gesti\u00f3n energ\u00e9tica.<\/p>\n\n\n\n<p>Con respecto a la tarea 6.2<\/p>\n\n\n\n<p>Se ha realizado una estimaci\u00f3n del impacto ambiental utilizando el software SIMA Pro de una de las membranas (Nafion) utilizadas en la tecnolog\u00eda EDEN<\/p>\n\n\n\n<p>Actividades de Divulgaci\u00f3n:<\/p>\n\n\n\n<p>En el marco de este proyecto no solo se han realizado tareas de divulgaci\u00f3n a la comunidad cient\u00edfica mediante art\u00edculos o charlas cient\u00edficas, sino tambi\u00e9n a la Sociedad en general en diferentes medios de comunicaci\u00f3n.<\/p>\n\n\n\n<p>.- Se han publicado varios art\u00edculos\/noticias de divulgaci\u00f3n en varias revistas digitales:<\/p>\n\n\n\n<p>&nbsp;* www.smartgridsinfo.es (29\/11\/2023) <a href=\"https:\/\/www.smartgridsinfo.es\/2023\/11\/09\/uclm-desarrolla-sistema-regulacion-energetica-sostenible-proyecto-ser4wine\">https:\/\/www.smartgridsinfo.es\/2023\/11\/09\/uclm-desarrolla-sistema-regulacion-energetica-sostenible-proyecto-ser4wine<\/a>&nbsp;<\/p>\n\n\n\n<p>* www.eldiario.es (5\/12\/2023) <a href=\"https:\/\/www.eldiario.es\/castilla-la-mancha\/agroalimentaria\/eden-tecnologia-permite-almacenar-energia-renovable-sector-vitivinicola-emisiones-co2_1_10743892.html\">https:\/\/www.eldiario.es\/castilla-la-mancha\/agroalimentaria\/eden-tecnologia-permite-almacenar-energia-renovable-sector-vitivinicola-emisiones-co2_1_10743892.html<\/a><\/p>\n\n\n\n<p>.- El IP Justo Lobato ha participado en una entrevista de la Cadena Ser dentro del programa \u201cLa ventana de CLM\u201d el 14 de noviembre de 2023 acerca del proyecto SER4WINE. <a href=\"https:\/\/cadenaser.com\/audio\/ser_castillalamancha_laventanadecastilla_lamancha_20231114_192000_194000\/\">https:\/\/cadenaser.com\/audio\/ser_castillalamancha_laventanadecastilla_lamancha_20231114_192000_194000\/<\/a><\/p>\n\n\n\n<p>.-Se han preparado y enviado <strong>tres<\/strong> art\u00edculos cient\u00edficos a varias revistas. Ahora est\u00e1n siendo evaluados por la revistas: Desalination (Q1, JCR), Catalyst (Q2, JCR) y Nanomaterials (Q1, JCR)<\/p>\n\n\n\n<p>.- Se ha realizado una contribuci\u00f3n en forma de Presentaci\u00f3n Oral en el congreso nacional organizado por el grupo especializado de electroqu\u00edmica de la RSEQ\u201d (GERSEQ 43) que se celebr\u00f3 de forma presencial en julio de 2023 en Ciudad Real. \u201cImplementaci\u00f3n de la tecnolog\u00eda EDEN en el sector vitivin\u00edcola\u201d I. Requena, J. Lobato and M.A. Rodrigo.<\/p>\n","protected":false},"excerpt":{"rendered":"<p>Durante el a\u00f1o 2023 de ejecuci\u00f3n del Proyecto se han realizado las siguientes tareas: 1) Actividades de Gesti\u00f3n .- Activaci\u00f3n de los procedimientos de gesti\u00f3n econ\u00f3mica con la UGEC-CR .- Mantenimiento de la p\u00e1gina web del Proyecto para difusi\u00f3n de resultados .- Cuatro reuniones trimestrales de progreso del proyecto. Adem\u00e1s se han realizado otras reuniones &hellip; <\/p>\n<p class=\"link-more\"><a href=\"https:\/\/blog.uclm.es\/proyectoser4wine\/progreso-del-proyecto\/\" class=\"more-link\">Continuar leyendo<span class=\"screen-reader-text\"> \u00abProgreso del proyecto\u00bb<\/span><\/a><\/p>\n","protected":false},"author":213,"featured_media":0,"parent":0,"menu_order":0,"comment_status":"closed","ping_status":"closed","template":"","meta":{"footnotes":""},"class_list":["post-36","page","type-page","status-publish","hentry"],"_links":{"self":[{"href":"https:\/\/blog.uclm.es\/proyectoser4wine\/wp-json\/wp\/v2\/pages\/36","targetHints":{"allow":["GET"]}}],"collection":[{"href":"https:\/\/blog.uclm.es\/proyectoser4wine\/wp-json\/wp\/v2\/pages"}],"about":[{"href":"https:\/\/blog.uclm.es\/proyectoser4wine\/wp-json\/wp\/v2\/types\/page"}],"author":[{"embeddable":true,"href":"https:\/\/blog.uclm.es\/proyectoser4wine\/wp-json\/wp\/v2\/users\/213"}],"replies":[{"embeddable":true,"href":"https:\/\/blog.uclm.es\/proyectoser4wine\/wp-json\/wp\/v2\/comments?post=36"}],"version-history":[{"count":3,"href":"https:\/\/blog.uclm.es\/proyectoser4wine\/wp-json\/wp\/v2\/pages\/36\/revisions"}],"predecessor-version":[{"id":52,"href":"https:\/\/blog.uclm.es\/proyectoser4wine\/wp-json\/wp\/v2\/pages\/36\/revisions\/52"}],"wp:attachment":[{"href":"https:\/\/blog.uclm.es\/proyectoser4wine\/wp-json\/wp\/v2\/media?parent=36"}],"curies":[{"name":"wp","href":"https:\/\/api.w.org\/{rel}","templated":true}]}}