{"id":23,"date":"2023-02-07T21:53:11","date_gmt":"2023-02-07T21:53:11","guid":{"rendered":"https:\/\/blog.uclm.es\/proyectoser4wine\/?page_id=23"},"modified":"2023-02-07T21:53:11","modified_gmt":"2023-02-07T21:53:11","slug":"paquetes-de-trabajo","status":"publish","type":"page","link":"https:\/\/blog.uclm.es\/proyectoser4wine\/paquetes-de-trabajo\/","title":{"rendered":"Paquetes de trabajo"},"content":{"rendered":"\n<p><strong>PT1: COORDINACI\u00d3N T\u00c9CNICA Y GESTI\u00d3N ECON\u00d3MICA<\/strong> <\/p>\n\n\n\n<p>(Carga de trabajo PRT: 1.3 PM)<br>AyO: Este paquete de trabajo conlleva todas las acciones de coordinaci\u00f3n entre los miembros del RST y las partes interesadas. Los dos IP del proyecto han dirigido muchos proyectos regionales, nacionales y de la UE, as\u00ed como contratos con empresas. Por ello, tienen experiencia en acciones de coordinaci\u00f3n y las actividades propuestas en este paquete de trabajo, junto con las del paquete de trabajo 2, asegurar\u00e1n un flujo de conocimiento bien controlado dentro de SER4WINE. Por otro lado, las cada vez m\u00e1s numerosas tareas administrativas relacionadas con la gesti\u00f3n de la investigaci\u00f3n de un proyecto han obligado a cuantificar los esfuerzos de tiempo dedicados a este trabajo administrativo, gran parte de ellos no relacionados directamente con la investigaci\u00f3n. Todo este tiempo se considera en el PT1 y estar\u00e1 invertido en: (1) la selecci\u00f3n y contrataci\u00f3n de los investigadores en fase inicial; (2) el seguimiento econ\u00f3mico de las actividades; (3) la redacci\u00f3n de informes t\u00e9cnicos y econ\u00f3micos. Las tareas incluidas en este paquete de trabajo son coordinadas por uno de los IPs e involucran a todos los miembros del EI. En caso de cualquier contingencia, el otro IP asumir\u00e1 la responsabilidad. Para la realizaci\u00f3n de reuniones con las investigadoras internacionales del proyecto cuando no se encuentre en las instalaciones de nuestro grupo se utilizar\u00e1, como viene siendo habitual, videoconferencia por TEAMS <\/p>\n\n\n\n<p>T1.1: Gesti\u00f3n de la Coordinaci\u00f3n Cient\u00edfica.<br>T1.2: Gesti\u00f3n de los investigadores contratados.<br>T1.3: Gesti\u00f3n de costes.<br>T1.4: Elaboraci\u00f3n de informes de seguimiento cient\u00edfico y t\u00e9cnico para la Agencia Regional de Investigaci\u00f3n de Castilla La Mancha.<br>T1.5: Elaboraci\u00f3n de informes de seguimiento econ\u00f3mico para la Agencia Regional de Investigaci\u00f3n de Castilla La Mancha.<br>T1.6: Gesti\u00f3n de la propiedad intelectual.<br><\/p>\n\n\n\n<p><strong>PT2: GESTI\u00d3N DE CONOCIMIENTO<\/strong> <\/p>\n\n\n\n<p>(Carga de trabajo PRT: 1.3 PM)<br>AyO: En este paquete de trabajo se incluyen todas las actividades de difusi\u00f3n y transferencia de tecnolog\u00eda, as\u00ed como otras formas de valorizaci\u00f3n de los resultados obtenidos para la Sociedad. Para alcanzar este objetivo, hay varias tareas que van desde el desarrollo de una p\u00e1gina web destinada a la difusi\u00f3n del conocimiento a la Sociedad hasta la organizaci\u00f3n del Workshop SER4WINE , que pretende integrar a los grupos de investigaci\u00f3n y a los stakeholders en un foro de discusi\u00f3n sobre los avances m\u00e1s recientes de los temas investigados en el proyecto (no s\u00f3lo los fundamentos sino tambi\u00e9n las aplicaciones investigadas), buscando la internacionalizaci\u00f3n del inter\u00e9s investigador en el tema y la transferencia de conocimiento que estimule el tejido productivo. Tambi\u00e9n incluye reuniones de coordinaci\u00f3n cient\u00edfica entre los investigadores y tambi\u00e9n con los actores de apoyo y otras empresas u organizaciones externas interesadas en el proyecto. Tambi\u00e9n se incluye una tarea relacionada con la coordinaci\u00f3n de la divulgaci\u00f3n cient\u00edfica en reuniones cient\u00edficas y tambi\u00e9n la recopilaci\u00f3n de todos los trabajos de investigaci\u00f3n en el repositorio RUIDERA, con el fin de satisfacer el requisito legal de publicaci\u00f3n en acceso abierto sin cargar excesivamente la econom\u00eda del proyecto (aunque afortunadamente los acuerdos recientes de la CRUE con diferentes editoriales est\u00e1n permitiendo esto de forma m\u00e1s sencilla). Las tareas incluidas en este paquete de trabajo son coordinadas por uno de los IPs e involucran a todos los miembros del EI. En caso de cualquier contingencia, el otro IP asumir\u00e1 la responsabilidad. R:<br>T2.1: Coordinaci\u00f3n de los conocimientos obtenidos en el proyecto.<br>T2.2: Desarrollo y mantenimiento del sitio web y perfiles en Linked-in y twitter.<br>T2.3: Organizaci\u00f3n de un taller cient\u00edfico internacional.<br>T2.4. Informe final y preparaci\u00f3n de pr\u00f3ximas propuestas.<br>T2.5: Coordinaci\u00f3n de la difusi\u00f3n.<br>T2.6. Difusi\u00f3n en acceso abierto de los resultados de la investigaci\u00f3n.<br><\/p>\n\n\n\n<p><strong>PT3: REGULACI\u00d3N ENERG\u00c9TICA SOSTENIBLE BODEGAS <\/strong>. <\/p>\n\n\n\n<p>(Carga de trabajo PRT: 6.8 PM)<br>AyO: Se pretende adaptar y optimizar la tecnolog\u00eda EDEN\u00ae (desarrollada de forma incipiente durante el proyecto EXPLORA CTQ2017-91190-EXP para su aplicaci\u00f3n en EDARs) al suministro energ\u00e9tico inteligente y sostenible de bodegas, con el objetivo final de desarrollar la regulaci\u00f3n inteligente de energ\u00edas renovables en este tipo de instalaci\u00f3n industrial. Se va a evaluar el modo en el que se pueda garantizar el suministro a lo largo de todo el d\u00eda (no solo en horas de luz solar) en las industrias vitivin\u00edcolas a partir de energ\u00eda solar fotovoltaica y que se consiga, al mismo tiempo, reducir la huella de carbono de los principales procesos que se desarrollan, capturando el CO2 que se genera durante la fermentaci\u00f3n del vino en las bodegas y tambi\u00e9n durante la combusti\u00f3n de las vinazas en las alcoholeras, evitando, al mismo tiempo, el vertido de corrientes altamente salinas al medio natural. El concepto general que se pretende conseguir es el siguiente: el electrolizador se alimentar\u00e1 con el rechazo salino obtenido en los tratamientos de \u00f3smosis inversa (OI), que en estas industrias se utilizan para generar una corriente de agua de muy baja concentraci\u00f3n de sales, con calidad adecuada para producir vapor en el proceso. Como fuente de energ\u00eda, el electrolizador utilizar\u00e1 el exceso de energ\u00eda solar fotovoltaica diurno para obtener Cl2, H2 y una corriente l\u00edquida con elevado contenido en NaOH y todas las sales que conten\u00eda el agua inicial concentradas (sulfatos, nitratos, etc.). El cloro y el hidr\u00f3geno as\u00ed generados se almacenar\u00e1n para producir energ\u00eda el\u00e9ctrica durante la noche por medio de una pila de combustible.<br>La corriente l\u00edquida generada en el proceso electrol\u00edtico se alimentar\u00e1 a columnas de absorci\u00f3n gas-l\u00edquido tipo spray, donde se tratar\u00e1n las principales corrientes de di\u00f3xido de carbono generadas en bodegas, para transformar este compuesto en carbonato s\u00f3dico. Esta sal conjuntamente con el resto de sales de la corriente rechazo, ser\u00e1n secadas por medio concentradores termosolares parab\u00f3licos y se valorar\u00e1, en funci\u00f3n de sus caracteristicas, su enterramiento profundo o su uso como materia prima.<br>Este paquete de trabajo afronta el problema desde un nivel de disponibilidad tecnologica (TRL) de 4. Por este motivo, parte de la realizaci\u00f3n previa de un estudio de campo caracterizando los rechazos de OI de cuatro bodegas de la zona de La Mancha, que utilizan agua de abastecimiento de distintas calidades, a fin de poder formular disoluciones sint\u00e9ticas con una composici\u00f3n caracter\u00edstica para ser empleadas en el desarrollo y estudio del electrolizador. Tanto el proceso electrolitico como el de pila de combustible se desarrollar\u00e1n y evaluar\u00e1n en una primera fase por separado y con alimentaci\u00f3n el\u00e9ctrica continua por fuente de alimentaci\u00f3n en el caso del electrolizador, pero despues se integrar\u00e1n, desarroll\u00e1ndose celdas electroqu\u00edmicas reversibles, para lo que se construir\u00e1n varios prototipos con impresi\u00f3n 3-D que se equipar\u00e1n con los mejores electrodos y membranas determinados en los estudios de electrolizador y pila de combustible, a fin de determinar cual es el prototipo m\u00e1s adecuado para esta aplicaci\u00f3n. Tenemos una experiencia previa importante, pero necesitamos saber c\u00f3mo influyen las sales contenidas en el rechazo de OI en el funcionamiento de la electrolisis y, en especial, en el comportamiento de los electrodos y la membranas. La selecci\u00f3n de materiales electr\u00f3dicos y membranas se va a realizar a partir de los trabajos desarrollados anteriormentea, alguno de los cuales ya est\u00e1n publicados en la bibliograf\u00eda cient\u00edfica [Lobato y col., 2020; Carvela y col., 2020a; Carvela y col., 2021b]. Se valorar\u00e1 para la etapa de pila de combustible si es mejor utilizar el cloro como comburente o si se reemplaza por aire convirti\u00e9ndose el cloro en un producto vendible, atendiendo a criterios de robustez de la celda. Disponemos ya de la tecnolog\u00eda desarrollada en modo incipiente para otra aplicaci\u00f3n, pero hemos de mejorar rendimientos y par\u00e1metros tales como el espesor y composici\u00f3n de membranas y formulaci\u00f3n\/carga de los catalizadores van a ser estudiados para mejorar los actuales resultados y adecuarlos a las especiales caracteristicas de las bodegas. Para la evaluaci\u00f3n de la conversi\u00f3n del di\u00f3xido de carbono en carbonatos\/bicarbonatos se utilizar\u00e1n corrientes sint\u00e9ticas de este gas, con composici\u00f3n caracte\u00edstica de los gases procedentes del fermentador o de la combustion de vinazas, y la disoluci\u00f3n de sosa generada en los electrolizadores alimentados con las corrientes de rechazo de osmosis inversa, introduciendo ambas corrientes en columnas de spray cuya salida est\u00e1 conectada a un sistema de evaporaci\u00f3n el\u00e9ctrica y condensaci\u00f3n que permite separar losl s\u00f3lidos (carbonatos y sales) del agua. Se evaluar\u00e1n las caracter\u00edsticas del s\u00f3lido generado para ser, en funci\u00f3n de la calidad, empleado en la la fabricaci\u00f3n del vidrio de las botellas de vino, incrementando as\u00ed el desarrollo de la econom\u00eda circular de este sector, o como relleno en minas de sal clausuradas, ayudando as\u00ed a reducir la huella de carbono de los procesos y la salinizaci\u00f3n de los reservorios que produce la devoluci\u00f3n a los mismos de la corriente rechazo (por el contrario, la tecnolog\u00eda desarrollada pretende devolver el condensado, situaci\u00f3n ambientalmente m\u00e1s favorable por su muy baja salinidad en un contexto de salinizaci\u00f3n de los reservorios subterr\u00e1neos del acu\u00edfero 23). En una \u00faltima fase de esta actividad se estudiar\u00e1 su desempe\u00f1o con perfiles de corrientes directamente provinientes de paneles solares.<br>Es importante tener en cuenta que con este proyecto no se pretende alcanzar la aplicabilidad real de la tecnolog\u00eda sino avanzar en el conocimiento necesario para en un futuro implementar la tecnolog\u00eda. As\u00ed, el nivel de disponibilidad tecnologica (TRL) que se pretende alcanzar con este paquete de trabajo es el 4 (construido en un entorno de laboratorio) y, teniendo esto en cuenta, y tal y como se han comentado, en este paquete de trabajo se van a utilizar flujos de gas sint\u00e9tico en lugar de flujos gaseosos reales y aguas salobres sint\u00e9ticas en lugar de rechazos reales de osmosis, si bien la composici\u00f3n se aproximar\u00e1 lo m\u00e1ximo posible a la de los sistemas reales, que s\u00ed se afrontar\u00e1n en una parte posterior del proyecto (Paquete de trabajo 5). Tambien se utilizar\u00e1 calentamiento el\u00e9ctrico en lugar de termosolar para la evaporaci\u00f3n ya que la informaci\u00f3n obtenida es mucho m\u00e1s importante para cerrar balances y aumentar el conocimiento del sistema.<br><\/p>\n\n\n\n<p>T3.1. Caracterizaci\u00f3n de rechazos de OI en bodegas de La Mancha. <br>T3.2. Desarrollo de electrolizadores para sistema de regulaci\u00f3n energ\u00e9tica. <\/p>\n\n\n\n<p>T3.3. Desarrollo de pilas de combustible para sistema de regulaci\u00f3n energ\u00e9tica. <\/p>\n\n\n\n<p>T3.4. Desarrollo de celdas reversibles. <\/p>\n\n\n\n<p>T3.5. Absorci\u00f3n de CO2 de la fermentaci\u00f3n alcoh\u00f3lica y de la combusti\u00f3n de la vinaza.<\/p>\n\n\n\n<p>T3.6. Integraci\u00f3n de sistemas con energ\u00eda solar. R: <br><br><\/p>\n\n\n\n<p><strong>PT4: REGULACI\u00d3N ENERG\u00c9TICA SOSTENIBLE PARA EL RIEGO DE VI\u00d1EDOS. <\/strong><\/p>\n\n\n\n<p>(Carga de trabajo PRT: 5.7 PM)<br>AyO: Se persigue adaptar y optimizar la tecnolog\u00eda desarrollada en el proyecto EDEN para la mejora de alimentaci\u00f3n energ\u00e9tica h\u00edbrida de los sistemas de bombeo de agua para el riego de vi\u00f1edos. Actualmente, la tendencia en la alimentaci\u00f3n energ\u00e9tica del bombeo para el riego de vi\u00f1edos combina los motores el\u00e9ctricos alimentados por paneles solares o por grupos electr\u00f3genos alimentados, a su vez, por Diesel B. Los paneles solares, una vez instalados, tienen un alcance geogr\u00e1fico muy limitado, lo que hace que no hayan sustituido completamente al bombeo mediante grupos electr\u00f3geno Diesel, debido a que estos \u00faltimos son mucho m\u00e1s f\u00e1ciles de transportar. Adem\u00e1s, aunque el riego nocturno es mucho m\u00e1s eficiente (y necesario en el \u00e1rea de la Mancha donde el agua escasea), los sistemas de bater\u00edas de plomo actuales no son vistos como una soluci\u00f3n viable para, y por, los agricultores y los paneles fotovoltaicos est\u00e1n ligados exclusivamente al bombeo para riego diurno. Con este paquete de trabajo se pretende que una parte importante de la energ\u00eda solar fotovoltaica que se obtiene durante el d\u00eda se almacene en forma de hidr\u00f3geno y cloro (celda electroqu\u00edmica operando en modo electrolisis) y sea reconvertida en electricidad por las noches ((celda electroqu\u00edmica operando en modo pila de combustible), minimizando la necesidad del uso del bombeo con grupos electr\u00f3genos Diesel y favoreciendo el m\u00e1s eficiente riego nocturno. Al tiempo, se pretenden minimizar las emisiones de CO2 del bombeo con grupos electr\u00f3genos Diesel, transformando parte del CO2 emitido por estos motores en carbonatos. Se pretende alimentar el electrolizador por medio del rechazo de procesos de electrodi\u00e1lisis de aguas subterr\u00e1neas para producir adem\u00e1s de agua de gran calidad para usos especiales, cloro, hidr\u00f3geno y una corriente muy rica en NaOH con las sales concentradas de estos rechazos de EDR. El cloro y el hidr\u00f3geno se almacenar\u00e1n para poder ser reconvertidos en electricidad para aplicaci\u00f3n nocturna (generando \u00e1cido clorh\u00eddrico de elevada pureza como subproducto). Alternativamente, se valorar\u00e1 el uso del cloro en otras aplicaciones, alimentando la etapa de pila de combustible con aire como comburente. La disoluci\u00f3n de sosa ser\u00e1 utilizada con peque\u00f1os absorbedores tipo mezclador Venturi, especialmente dise\u00f1ados para minimizar el escape de CO2 de los grupos electr\u00f3genos Diesel, transformando este CO2 mediante el calor del motor y colectores parab\u00f3licos en un s\u00f3lido susceptible de ser utilizado como materia prima o almacenado en enterramiento profundo (el s\u00f3lido tambi\u00e9n contendr\u00e1 otras sales contenidas en el rechazo de la electrodi\u00e1lisis, contribuyendo a evitar la salinizaci\u00f3n de los acu\u00edferos). Con todo esto, se pretende conseguir una regulaci\u00f3n de energ\u00eda renovable que permita reducir la huella de carbono y la huella h\u00eddrica del proceso. En el desarrollo del electrolizador, la pila de combustible y la celda reversible que los integra se partir\u00e1 de los desarrollos realizados en el Paquete de Trabajo 3, teniendo en cuenta en este caso la diferente composici\u00f3n en cuanto a concentraciones del rechazo de la EDR y la necesidad de operar fuera de un entorno cerrado industrial (campo abierto). Para ello, el esfuerzo investigador no estar\u00e1 centrado en el desarrollo de los componentes internos de la celda (membranas y catalizadores, ya evaluados en PT3) sino del dise\u00f1o mec\u00e1nico y composici\u00f3n de la carcasa de la misma, utilizando impresi\u00f3n 3-D, de forma que sea robusta para aplicaciones agr\u00edcolas. Se comprobar\u00e1 el funcionamiento del prototipo seleccionado con perfiles de radiaci\u00f3n solar diferentes a fin de evaluar su robustez. Al igual que en el Paquete de Trabajo 3, no se pretende con esta actividad desarrollar completamente la aplicaci\u00f3n sino avanzar en el conocimiento necesario para su futura implementaci\u00f3n. Esto implica que cada una de las etapas se desarrollara en ambiente controlado de laboratorio. Por este motivo, el nivel TRL que se pretende alcanzar con este paquete de trabajo es el 4 (construido en un entorno de laboratorio) y la alimentaci\u00f3n del electrolizador se realizar\u00e1 por medio de disoluciones sint\u00e9ticas de composici\u00f3n similar a las medias de las obtenidas en un estudio de campo en el que se sometan cinco aguas subterr\u00e1neas utilizadas en riego actualmente a electrodi\u00e1lisis alimentada por energ\u00eda solar. Asimismo, el grupo electr\u00f3geno Diesel utilizado ser\u00e1 utilizado en instalaciones de laboratorio y no en campo (como s\u00ed se realizar\u00e1 en el posterior Paquete de Trabajo 5). <\/p>\n\n\n\n<p>T4.1. Desarrollo de la electrodi\u00e1lisis a partir de pozo en Acu\u00edfero 23. <\/p>\n\n\n\n<p>T4.2. Adecuaci\u00f3n de celdas electroqu\u00edmicas reversibles para la regulaci\u00f3n energ\u00e9tica en riego. <\/p>\n\n\n\n<p>T4.3. Absorci\u00f3n de CO2 procedente del escape de grupos electr\u00f3genos Diesel para bombeo. <\/p>\n\n\n\n<p>T4.4. Integraci\u00f3n de sistemas con energ\u00eda solar. R:<\/p>\n\n\n\n<p><br><strong>PT5: ESCALADO Y PRUEBA DE CONCEPTO <\/strong><\/p>\n\n\n\n<p>(Carga de trabajo PRT: 3.4 PM)<br>AyO: El objetivo de este paquete de trabajo es afrontar el escalado de los procesos que se han desarrollado en los paquetes de trabajo 3 y 4. El nivel TRL que se pretende alcanzar en este paquete de trabajo es 5 (probado en el entorno real) intentando aproximar el TRL6 (probado en el entorno previsto cerca del rendimiento esperado), teniendo en cuenta que se pretende trascender del laboratorio a las empresas, como ya se ha hecho en propuestas anteriores, sin llegar todav\u00eda en el marco de este proyecto a la aplicaci\u00f3n real, para lo que ser\u00eda necesario un esfuerzo adicional y una financiaci\u00f3n m\u00e1s amplia a lo solicitado y una vision por encima de lo financiado en la convocatoria. La tecnolog\u00eda desarrollada en el PT 3 se evaluar\u00e1 en bodega experimental del IVICAM, tal y como se especifica en la correspondiente carta adjunta a esta Memoria de solicitud, para lo que est\u00e1 previsto realizar un caso de estudio en sus instalaciones con la operaci\u00f3n del proceso durante 15 d\u00edas, en condiciones en las que no se afecte al normal funcionamiento de la bodega experimental. La tecnolog\u00eda desarrollada en el PT4 se evaluar\u00e1 para riego en parcela de peque\u00f1as dimensiones perteneciente a la Finca Experimental \u201cEl Chaparrillo\u201d, tal y como se especifica en la correspondiente carta adjunta a esta Memoria de solicitud. Dado que solo se dispone de un prototipo y que el coste de su replicaci\u00f3n es muy elevado, que ha de ser convenientemente adaptado, ambas actuaciones se realizar\u00e1n de forma secuencial. Este paquete de trabajo interacciona de modo importante con el PT6, aportando datos valiosos para la realizaci\u00f3n de ACV y utilizando el software de gestion energ\u00e9tica desarrollado para las dos aplicaciones.<br><br><\/p>\n\n\n\n<pre class=\"wp-block-code\"><code><\/code><\/pre>\n\n\n\n<p><br>T5.1 Integraci\u00f3n de procesos y prueba de concepto para regulaci\u00f3n energ\u00e9tica en bodega. <\/p>\n\n\n\n<p>T5.2 Integraci\u00f3n de procesos y prueba de concepto para regulaci\u00f3n energ\u00e9tica en riego. <\/p>\n\n\n\n<p><br><strong>PT6. DESARROLLO DE MODELOS Y SISTEMAS DE GESTION ENERG\u00c9TICA Y AN\u00c1LISIS DE LA SOSTENIBILIDAD <\/strong><\/p>\n\n\n\n<p>(Carga de trabajo PRT: 5.3 PM)<br>AyO: Este paquete de trabajo es transversal a todo el proyecto y tiene un doble objetivo: (1) conocer en profundidad el proceso obteniendo modelos matem\u00e1ticos de sus distintos elementos y desarrollar un simulador que permita optimizar la gesti\u00f3n energ\u00e9tica en bodega y en riego y (2) analizar la sostenibilidad real de la propuesta mediante el an\u00e1lisis de ciclo de vida (ACV) y el coste del ciclo de vida (CCV).<br>Para el primer objetivo se pretende desarrollar un simulador matem\u00e1tico de los dos procesos de regulaci\u00f3n energ\u00e9tica que incluya la predicci\u00f3n de radiaci\u00f3n solar, la generaci\u00f3n y gesti\u00f3n de la energ\u00eda, y la fijaci\u00f3n de carbono. Este tipo de modelos ya han sido desarrollados con \u00e9xito en anteriores proyectos de nuestro equipo permitiendo la optimizaci\u00f3n del uso de la energ\u00eda solar, deteminando que porcentaje debe ser utilizado directamente y c\u00faal almacenado para uso posterior en funci\u00f3n de la radiaci\u00f3n solar esperada. Es decir, no partimos de cero sino de la experiencia del acomplamiento de energ\u00eda solar con almacenamiento y la optimizaci\u00f3n de su uso en procesos electroqu\u00edmicos de tratamiento de aguas y de suelos. En este caso tendremos que modelar los consumos asociados a bodega y\/o bombeo en lugar de los tratamiento de agua o de suelo. Con ayuda de este simulador se dise\u00f1ar\u00e1n y operar\u00e1n los dos casos de estudio plantados en el Paquete de Trabajo 5, en los que se adecuar\u00e1 secuencialmente el prototipo ya existente y utilizado en el marco del proyecto Explora, adecuandolo a cada aplicaci\u00f3n concreta.<br>El segundo objetivo busca maximizar la ecoeficiencia de las tecnolog\u00edas desarrolladas, de acuerdo con el objetivo global de generar tecnolog\u00edas sostenibles. Se busca el aprovechamiento de todos los recursos, tanto materiales como energ\u00e9ticos, y las alternativas m\u00e1s apropiadas en funci\u00f3n de las caracter\u00edsticas obtenidas de los distintos productos. Hay que tener en cuenta que en las diferentes propuestas estudiadas en el sector vitivin\u00edcola aplicando el proceso SER4WINE se genera H2, CL2, HCl, H2SO4, Na2CO3, Na2SO4, carb\u00f3n vegetal, cenizas y agua. Se evaluar\u00e1n las alternativas para minimizar el coste de la mejora ambiental (coste por unidad de mejora ambiental) y la intensidad ambiental (impacto ambiental por unidad de mejora ambiental) de las tecnolog\u00edas estudiadas. El concepto de ecoeficiencia incluir\u00e1 el an\u00e1lisis del coste, el consumo de energ\u00eda, la huella de carbono y de agua, las materias primas implicadas y los subproductos generados en cada tecnolog\u00eda de tratamiento de gases, la generaci\u00f3n de oxidantes y el almacenamiento de energ\u00eda. La ecoeficiencia de las tecnolog\u00edas de tratamiento se ver\u00e1 incrementada por la reducci\u00f3n del consumo energ\u00e9tico, el acoplamiento de sistemas de producci\u00f3n de energ\u00edas renovables y el aprovechamiento del subproducto generado. Por lo tanto, podr\u00edan desarrollarse procesos con un coste o impacto medioambiental nulo (o incluso negativo). Esta actividad proporciona un nivel extremo de coordinaci\u00f3n, se realizar\u00e1n ACV y CCV para el proceso SER4WINE. Para evaluar el coste y la situaci\u00f3n social y medioambiental del sistema SER4WINE, se llevar\u00e1n a cabo tres an\u00e1lisis estandarizados: la evaluaci\u00f3n del impacto del ciclo de vida (EICV) para analizar el consumo de materiales y energ\u00eda, as\u00ed como la emisi\u00f3n o el vertido de contaminantes y residuos, incluida la huella de carbono y el impacto en los ecosistemas, la evaluaci\u00f3n del ciclo de vida social (ECV) y el c\u00e1lculo del coste del ciclo de vida (CCV) para analizar los costes de fabricaci\u00f3n y funcionamiento de los sistemas SER4WINE. Se valorar\u00e1 qu\u00e9 hacer con cada uno de los productos del proceso determinando cu\u00e1l es la mejor opci\u00f3n para el s\u00f3lido generado con carbonatos y con sales, si el enterramiento profundo o su uso como materia prima en el contexto de la economia circular. Tambi\u00e9n, qu\u00e9 hacer con el cloro y el \u00e1cido clorh\u00eddrico. As\u00ed, se evaluar\u00e1 si es viable el uso alternativo de cloro valorando no solo su uso como comburente en la pila de combustible, sino que se valorar\u00e1 su potencial uso como agente fitosanitario ya que existen estudios recientes que demuestran que puede ser una alternativa para detener el avance de las enfermedades de la madera del vi\u00f1edo desarrollando un producto activo que pueda frenar la proliferaci\u00f3n de los hongos de la madera. <\/p>\n\n\n\n<p>T6.1 Modelizaci\u00f3n para la gesti\u00f3n energ\u00e9tica. <br>T6.2. An\u00e1lisis y optimizaci\u00f3n de la sostenibilidad. procesos de tratamiento de aguas residuales por medios convencionales y por medios verdes.<br><\/p>\n\n\n\n<p><\/p>\n\n\n\n<p><\/p>\n\n\n\n<p><\/p>\n","protected":false},"excerpt":{"rendered":"<p>PT1: COORDINACI\u00d3N T\u00c9CNICA Y GESTI\u00d3N ECON\u00d3MICA (Carga de trabajo PRT: 1.3 PM)AyO: Este paquete de trabajo conlleva todas las acciones de coordinaci\u00f3n entre los miembros del RST y las partes interesadas. Los dos IP del proyecto han dirigido muchos proyectos regionales, nacionales y de la UE, as\u00ed como contratos con empresas. Por ello, tienen experiencia &hellip; <\/p>\n<p class=\"link-more\"><a href=\"https:\/\/blog.uclm.es\/proyectoser4wine\/paquetes-de-trabajo\/\" class=\"more-link\">Continuar leyendo<span class=\"screen-reader-text\"> \u00abPaquetes de trabajo\u00bb<\/span><\/a><\/p>\n","protected":false},"author":213,"featured_media":0,"parent":0,"menu_order":0,"comment_status":"closed","ping_status":"closed","template":"","meta":{"footnotes":""},"class_list":["post-23","page","type-page","status-publish","hentry"],"_links":{"self":[{"href":"https:\/\/blog.uclm.es\/proyectoser4wine\/wp-json\/wp\/v2\/pages\/23","targetHints":{"allow":["GET"]}}],"collection":[{"href":"https:\/\/blog.uclm.es\/proyectoser4wine\/wp-json\/wp\/v2\/pages"}],"about":[{"href":"https:\/\/blog.uclm.es\/proyectoser4wine\/wp-json\/wp\/v2\/types\/page"}],"author":[{"embeddable":true,"href":"https:\/\/blog.uclm.es\/proyectoser4wine\/wp-json\/wp\/v2\/users\/213"}],"replies":[{"embeddable":true,"href":"https:\/\/blog.uclm.es\/proyectoser4wine\/wp-json\/wp\/v2\/comments?post=23"}],"version-history":[{"count":1,"href":"https:\/\/blog.uclm.es\/proyectoser4wine\/wp-json\/wp\/v2\/pages\/23\/revisions"}],"predecessor-version":[{"id":24,"href":"https:\/\/blog.uclm.es\/proyectoser4wine\/wp-json\/wp\/v2\/pages\/23\/revisions\/24"}],"wp:attachment":[{"href":"https:\/\/blog.uclm.es\/proyectoser4wine\/wp-json\/wp\/v2\/media?parent=23"}],"curies":[{"name":"wp","href":"https:\/\/api.w.org\/{rel}","templated":true}]}}