{"id":21,"date":"2023-02-07T21:30:52","date_gmt":"2023-02-07T21:30:52","guid":{"rendered":"https:\/\/blog.uclm.es\/proyectoser4wine\/?page_id=21"},"modified":"2023-02-07T21:30:52","modified_gmt":"2023-02-07T21:30:52","slug":"investigadores","status":"publish","type":"page","link":"https:\/\/blog.uclm.es\/proyectoser4wine\/investigadores\/","title":{"rendered":"Investigadores"},"content":{"rendered":"\n<p><strong>Investigadores principales<\/strong><\/p>\n\n\n\n<p>Justo Lobato Bajo. Catedr\u00e1tico Universidad. UCLM<\/p>\n\n\n\n<p>Manuel Andr\u00e9s Rodrigo Rodrigo. Catedr\u00e1tico Universidad. UCLM.<\/p>\n\n\n\n<p><strong>Equipo de Investigaci\u00f3n<\/strong><\/p>\n\n\n\n<p>Carmen Mar\u00eda Fernandez Marchante. Profesora Titular de Universidad. UCLM<\/p>\n\n\n\n<p> Ismael Fern\u00e1ndez Mena. Investigador Juan de la Cierva Formaci\u00f3n. UCLM<\/p>\n\n\n\n<p>Elisama Vieira Dos Santos. Profesora Titular. UFRGN. Brasil<\/p>\n\n\n\n<p>Gabriela Roa Morales. Profesora Titular. UAEM. Brasil<\/p>\n\n\n\n<p>Katlin Ivon Barrios Eguiluz. Profesora Titular. U. Tiradentes. Brasil.<\/p>\n\n\n\n<p>Mercedes Vicente Mu\u00f1oz.  Jefa de Negociado T\u00e9cnico. Instituto Regional de Investigaci\u00f3n y Desarrollo Agroalimentario y Forestal de Castilla-La Mancha (IRIAF)<\/p>\n\n\n\n<p>Duraci\u00f3n del contrato: indefinido<\/p>\n","protected":false},"excerpt":{"rendered":"<p>Investigadores principales Justo Lobato Bajo. Catedr\u00e1tico Universidad. UCLM Manuel Andr\u00e9s Rodrigo Rodrigo. Catedr\u00e1tico Universidad. UCLM. Equipo de Investigaci\u00f3n Carmen Mar\u00eda Fernandez Marchante. Profesora Titular de Universidad. UCLM Ismael Fern\u00e1ndez Mena. Investigador Juan de la Cierva Formaci\u00f3n. UCLM Elisama Vieira Dos Santos. Profesora Titular. UFRGN. Brasil Gabriela Roa Morales. Profesora Titular. UAEM. Brasil Katlin Ivon Barrios &hellip; <\/p>\n<p class=\"link-more\"><a href=\"https:\/\/blog.uclm.es\/proyectoser4wine\/investigadores\/\" class=\"more-link\">Continuar leyendo<span class=\"screen-reader-text\"> \u00abInvestigadores\u00bb<\/span><\/a><\/p>\n","protected":false},"author":213,"featured_media":0,"parent":0,"menu_order":0,"comment_status":"closed","ping_status":"closed","template":"","meta":{"footnotes":""},"class_list":["post-21","page","type-page","status-publish","hentry"],"_links":{"self":[{"href":"https:\/\/blog.uclm.es\/proyectoser4wine\/wp-json\/wp\/v2\/pages\/21","targetHints":{"allow":["GET"]}}],"collection":[{"href":"https:\/\/blog.uclm.es\/proyectoser4wine\/wp-json\/wp\/v2\/pages"}],"about":[{"href":"https:\/\/blog.uclm.es\/proyectoser4wine\/wp-json\/wp\/v2\/types\/page"}],"author":[{"embeddable":true,"href":"https:\/\/blog.uclm.es\/proyectoser4wine\/wp-json\/wp\/v2\/users\/213"}],"replies":[{"embeddable":true,"href":"https:\/\/blog.uclm.es\/proyectoser4wine\/wp-json\/wp\/v2\/comments?post=21"}],"version-history":[{"count":1,"href":"https:\/\/blog.uclm.es\/proyectoser4wine\/wp-json\/wp\/v2\/pages\/21\/revisions"}],"predecessor-version":[{"id":22,"href":"https:\/\/blog.uclm.es\/proyectoser4wine\/wp-json\/wp\/v2\/pages\/21\/revisions\/22"}],"wp:attachment":[{"href":"https:\/\/blog.uclm.es\/proyectoser4wine\/wp-json\/wp\/v2\/media?parent=21"}],"curies":[{"name":"wp","href":"https:\/\/api.w.org\/{rel}","templated":true}]}}