{"id":725,"date":"2026-04-17T12:18:42","date_gmt":"2026-04-17T10:18:42","guid":{"rendered":"https:\/\/blog.uclm.es\/proyectoret\/?page_id=725"},"modified":"2026-04-17T12:18:42","modified_gmt":"2026-04-17T10:18:42","slug":"seminario-historia-y-memoria-la-recuperacion-del-relato-sobre-todas-las-victimas-de-la-guerra-civil-1975-1992","status":"publish","type":"page","link":"https:\/\/blog.uclm.es\/proyectoret\/seminario-historia-y-memoria-la-recuperacion-del-relato-sobre-todas-las-victimas-de-la-guerra-civil-1975-1992\/","title":{"rendered":"Seminario \u201cHistoria y memoria: la recuperaci\u00f3n del relato sobre todas las v\u00edctimas de la Guerra Civil (1975-1992)\u201d"},"content":{"rendered":"\n<p>Los d\u00edas 4 y 5 de mayo de 2026 tendr\u00e1 lugar el seminario <em>\u201cHistoria y memoria: la recuperaci\u00f3n del relato sobre todas las v\u00edctimas de la Guerra Civil (1975-1992)\u201d<\/em>.<\/p>\n\n\n\n<p>El seminario se celebrar\u00e1 en el Aula de Grados Juan de Mata Carriazo de la Facultad de Geograf\u00eda e Historia. La actividad est\u00e1 dirigida a investigadores, estudiantes y p\u00fablico interesado en la historia reciente de Espa\u00f1a, la memoria hist\u00f3rica y los procesos de reconciliaci\u00f3n y construcci\u00f3n democr\u00e1tica.<\/p>\n\n\n\n<div data-wp-interactive=\"core\/file\" class=\"wp-block-file\"><object data-wp-bind--hidden=\"!state.hasPdfPreview\" hidden class=\"wp-block-file__embed\" data=\"https:\/\/blog.uclm.es\/proyectoret\/wp-content\/uploads\/sites\/282\/2026\/04\/Cartel-1_compressed.pdf\" type=\"application\/pdf\" style=\"width:100%;height:600px\" aria-label=\"Incrustado de Cartel (1)_compressed.\"><\/object><a id=\"wp-block-file--media-54a947eb-2dd5-48f1-974b-9b177dbbcf58\" href=\"https:\/\/blog.uclm.es\/proyectoret\/wp-content\/uploads\/sites\/282\/2026\/04\/Cartel-1_compressed.pdf\">Cartel (1)_compressed<\/a><a href=\"https:\/\/blog.uclm.es\/proyectoret\/wp-content\/uploads\/sites\/282\/2026\/04\/Cartel-1_compressed.pdf\" class=\"wp-block-file__button wp-element-button\" download aria-describedby=\"wp-block-file--media-54a947eb-2dd5-48f1-974b-9b177dbbcf58\">Descarga<\/a><\/div>\n","protected":false},"excerpt":{"rendered":"<p>Los d\u00edas 4 y 5 de mayo de 2026 tendr\u00e1 lugar el seminario \u201cHistoria y memoria: la recuperaci\u00f3n del relato sobre todas las v\u00edctimas de la Guerra Civil (1975-1992)\u201d. El seminario se celebrar\u00e1 en el Aula de Grados Juan de Mata Carriazo de la Facultad de Geograf\u00eda e Historia. La actividad est\u00e1 dirigida a investigadores, &hellip; <\/p>\n<p class=\"link-more\"><a href=\"https:\/\/blog.uclm.es\/proyectoret\/seminario-historia-y-memoria-la-recuperacion-del-relato-sobre-todas-las-victimas-de-la-guerra-civil-1975-1992\/\" class=\"more-link\">Continuar leyendo<span class=\"screen-reader-text\"> \u00abSeminario \u201cHistoria y memoria: la recuperaci\u00f3n del relato sobre todas las v\u00edctimas de la Guerra Civil (1975-1992)\u201d\u00bb<\/span><\/a><\/p>\n","protected":false},"author":468,"featured_media":0,"parent":0,"menu_order":0,"comment_status":"closed","ping_status":"closed","template":"","meta":{"footnotes":""},"class_list":["post-725","page","type-page","status-publish","hentry"],"_links":{"self":[{"href":"https:\/\/blog.uclm.es\/proyectoret\/wp-json\/wp\/v2\/pages\/725","targetHints":{"allow":["GET"]}}],"collection":[{"href":"https:\/\/blog.uclm.es\/proyectoret\/wp-json\/wp\/v2\/pages"}],"about":[{"href":"https:\/\/blog.uclm.es\/proyectoret\/wp-json\/wp\/v2\/types\/page"}],"author":[{"embeddable":true,"href":"https:\/\/blog.uclm.es\/proyectoret\/wp-json\/wp\/v2\/users\/468"}],"replies":[{"embeddable":true,"href":"https:\/\/blog.uclm.es\/proyectoret\/wp-json\/wp\/v2\/comments?post=725"}],"version-history":[{"count":1,"href":"https:\/\/blog.uclm.es\/proyectoret\/wp-json\/wp\/v2\/pages\/725\/revisions"}],"predecessor-version":[{"id":727,"href":"https:\/\/blog.uclm.es\/proyectoret\/wp-json\/wp\/v2\/pages\/725\/revisions\/727"}],"wp:attachment":[{"href":"https:\/\/blog.uclm.es\/proyectoret\/wp-json\/wp\/v2\/media?parent=725"}],"curies":[{"name":"wp","href":"https:\/\/api.w.org\/{rel}","templated":true}]}}