{"id":604,"date":"2024-10-21T16:18:43","date_gmt":"2024-10-21T14:18:43","guid":{"rendered":"https:\/\/blog.uclm.es\/proyectoret\/?page_id=604"},"modified":"2024-10-21T16:18:43","modified_gmt":"2024-10-21T14:18:43","slug":"workshop-internacional-catolicismo-transnacional","status":"publish","type":"page","link":"https:\/\/blog.uclm.es\/proyectoret\/workshop-internacional-catolicismo-transnacional\/","title":{"rendered":"Workshop internacional \u00abCatolicismo transnacional\u00bb."},"content":{"rendered":"\n<p>Los d\u00edas 24 y 25 de octubre se celebra en Argentina el Workshop internacional \u00abCatolicismo transnacional\u00bb.<\/p>\n\n\n\n<figure class=\"wp-block-image size-full\"><img loading=\"lazy\" decoding=\"async\" width=\"732\" height=\"1024\" src=\"https:\/\/blog.uclm.es\/proyectoret\/wp-content\/uploads\/sites\/282\/2024\/10\/Captura-de-pantalla-2024-10-21-a-las-16.18.01.png\" alt=\"\" class=\"wp-image-608\" srcset=\"https:\/\/blog.uclm.es\/proyectoret\/wp-content\/uploads\/sites\/282\/2024\/10\/Captura-de-pantalla-2024-10-21-a-las-16.18.01.png 732w, https:\/\/blog.uclm.es\/proyectoret\/wp-content\/uploads\/sites\/282\/2024\/10\/Captura-de-pantalla-2024-10-21-a-las-16.18.01-214x300.png 214w\" sizes=\"auto, (max-width: 732px) 100vw, 732px\" \/><\/figure>\n\n\n\n<p>Dicho workshop tendr\u00e1 una modalidad h\u00edbrida, por lo que se podr\u00e1 acceder a la modalidad telem\u00e1tica mediante enlace (ver en archivo pdf adjunto).<\/p>\n\n\n\n<p><a href=\"https:\/\/blog.uclm.es\/proyectoret\/julio-de-la-cueva-merino\/\">Julio de la Cueva<\/a> participar\u00e1 en la Mesa 3 sobre secularizaci\u00f3n y laicismo en el siglo XX con una intervenci\u00f3n titulada \u201cEspa\u00f1a, entre laicizaci\u00f3n y secularizaci\u00f3n: los procesos del siglo XX\u201d<\/p>\n\n\n\n<div data-wp-interactive=\"core\/file\" class=\"wp-block-file\"><object data-wp-bind--hidden=\"!state.hasPdfPreview\" hidden class=\"wp-block-file__embed\" data=\"https:\/\/blog.uclm.es\/proyectoret\/wp-content\/uploads\/sites\/282\/2024\/10\/Workshop-Catolicismo-transnacional.-Programa-completo-con-enlaces-2.pdf\" type=\"application\/pdf\" style=\"width:100%;height:600px\" aria-label=\"Incrustado de Workshop Catolicismo transnacional. Programa completo con enlaces 2.\"><\/object><a id=\"wp-block-file--media-a9e81071-6c41-4ce8-8f5d-df54b1330aee\" href=\"https:\/\/blog.uclm.es\/proyectoret\/wp-content\/uploads\/sites\/282\/2024\/10\/Workshop-Catolicismo-transnacional.-Programa-completo-con-enlaces-2.pdf\">Workshop Catolicismo transnacional. Programa completo con enlaces 2<\/a><a href=\"https:\/\/blog.uclm.es\/proyectoret\/wp-content\/uploads\/sites\/282\/2024\/10\/Workshop-Catolicismo-transnacional.-Programa-completo-con-enlaces-2.pdf\" class=\"wp-block-file__button wp-element-button\" download aria-describedby=\"wp-block-file--media-a9e81071-6c41-4ce8-8f5d-df54b1330aee\">Descarga<\/a><\/div>\n","protected":false},"excerpt":{"rendered":"<p>Los d\u00edas 24 y 25 de octubre se celebra en Argentina el Workshop internacional \u00abCatolicismo transnacional\u00bb. Dicho workshop tendr\u00e1 una modalidad h\u00edbrida, por lo que se podr\u00e1 acceder a la modalidad telem\u00e1tica mediante enlace (ver en archivo pdf adjunto). Julio de la Cueva participar\u00e1 en la Mesa 3 sobre secularizaci\u00f3n y laicismo en el siglo &hellip; <\/p>\n<p class=\"link-more\"><a href=\"https:\/\/blog.uclm.es\/proyectoret\/workshop-internacional-catolicismo-transnacional\/\" class=\"more-link\">Continuar leyendo<span class=\"screen-reader-text\"> \u00abWorkshop internacional \u00abCatolicismo transnacional\u00bb.\u00bb<\/span><\/a><\/p>\n","protected":false},"author":468,"featured_media":0,"parent":0,"menu_order":0,"comment_status":"closed","ping_status":"closed","template":"","meta":{"footnotes":""},"class_list":["post-604","page","type-page","status-publish","hentry"],"_links":{"self":[{"href":"https:\/\/blog.uclm.es\/proyectoret\/wp-json\/wp\/v2\/pages\/604","targetHints":{"allow":["GET"]}}],"collection":[{"href":"https:\/\/blog.uclm.es\/proyectoret\/wp-json\/wp\/v2\/pages"}],"about":[{"href":"https:\/\/blog.uclm.es\/proyectoret\/wp-json\/wp\/v2\/types\/page"}],"author":[{"embeddable":true,"href":"https:\/\/blog.uclm.es\/proyectoret\/wp-json\/wp\/v2\/users\/468"}],"replies":[{"embeddable":true,"href":"https:\/\/blog.uclm.es\/proyectoret\/wp-json\/wp\/v2\/comments?post=604"}],"version-history":[{"count":2,"href":"https:\/\/blog.uclm.es\/proyectoret\/wp-json\/wp\/v2\/pages\/604\/revisions"}],"predecessor-version":[{"id":609,"href":"https:\/\/blog.uclm.es\/proyectoret\/wp-json\/wp\/v2\/pages\/604\/revisions\/609"}],"wp:attachment":[{"href":"https:\/\/blog.uclm.es\/proyectoret\/wp-json\/wp\/v2\/media?parent=604"}],"curies":[{"name":"wp","href":"https:\/\/api.w.org\/{rel}","templated":true}]}}