{"id":594,"date":"2024-10-14T16:07:29","date_gmt":"2024-10-14T14:07:29","guid":{"rendered":"https:\/\/blog.uclm.es\/proyectoret\/?page_id=594"},"modified":"2024-10-14T16:09:55","modified_gmt":"2024-10-14T14:09:55","slug":"presentacion-libro-la-fe-catolica-trinchera-politica","status":"publish","type":"page","link":"https:\/\/blog.uclm.es\/proyectoret\/presentacion-libro-la-fe-catolica-trinchera-politica\/","title":{"rendered":"Presentaci\u00f3n libro: La fe cat\u00f3lica, trinchera pol\u00edtica"},"content":{"rendered":"\n<p>Os invitamos a asistir a la presentaci\u00f3n del libro <a href=\"https:\/\/blog.uclm.es\/proyectoret\/la-fe-catolica-trinchera-politica\/\">La fe cat\u00f3lica, trinchera pol\u00edtica<\/a>, de <a href=\"https:\/\/blog.uclm.es\/proyectoret\/alberto-gonzalez-gonzalez\/\">Alberto Gonz\u00e1lez Gonz\u00e1lez<\/a>.<\/p>\n\n\n\n<p>La presentaci\u00f3n se va a desarrollar en la Real Fundaci\u00f3n de Toledo el 25 de octubre de 2024 a las 18:30<\/p>\n\n\n\n<p>En ella intervendr\u00e1n tanto el autor, <a href=\"https:\/\/blog.uclm.es\/proyectoret\/alberto-gonzalez-gonzalez\/\">Alberto Gonz\u00e1lez Gonz\u00e1lez<\/a>, como <a href=\"https:\/\/blog.uclm.es\/proyectoret\/julio-de-la-cueva-merino\/\">Julio de la Cueva<\/a> y <a href=\"https:\/\/blog.uclm.es\/proyectoret\/miguel-dionisio\/\">Miguel \u00c1ngel Dionisio<\/a>, todos ellos miembros del proyecto.<\/p>\n\n\n\n<figure class=\"wp-block-image size-large is-resized\"><img loading=\"lazy\" decoding=\"async\" width=\"724\" height=\"1024\" src=\"https:\/\/blog.uclm.es\/proyectoret\/wp-content\/uploads\/sites\/282\/2024\/10\/CARTEL-LIBRO-724x1024.jpg\" alt=\"\" class=\"wp-image-595\" style=\"width:335px;height:auto\" srcset=\"https:\/\/blog.uclm.es\/proyectoret\/wp-content\/uploads\/sites\/282\/2024\/10\/CARTEL-LIBRO-724x1024.jpg 724w, https:\/\/blog.uclm.es\/proyectoret\/wp-content\/uploads\/sites\/282\/2024\/10\/CARTEL-LIBRO-212x300.jpg 212w, https:\/\/blog.uclm.es\/proyectoret\/wp-content\/uploads\/sites\/282\/2024\/10\/CARTEL-LIBRO-768x1086.jpg 768w, https:\/\/blog.uclm.es\/proyectoret\/wp-content\/uploads\/sites\/282\/2024\/10\/CARTEL-LIBRO-1086x1536.jpg 1086w, https:\/\/blog.uclm.es\/proyectoret\/wp-content\/uploads\/sites\/282\/2024\/10\/CARTEL-LIBRO-1448x2048.jpg 1448w, https:\/\/blog.uclm.es\/proyectoret\/wp-content\/uploads\/sites\/282\/2024\/10\/CARTEL-LIBRO-scaled.jpg 1810w\" sizes=\"auto, (max-width: 724px) 100vw, 724px\" \/><\/figure>\n\n\n\n<p><\/p>\n\n\n\n<p><\/p>\n","protected":false},"excerpt":{"rendered":"<p>Os invitamos a asistir a la presentaci\u00f3n del libro La fe cat\u00f3lica, trinchera pol\u00edtica, de Alberto Gonz\u00e1lez Gonz\u00e1lez. La presentaci\u00f3n se va a desarrollar en la Real Fundaci\u00f3n de Toledo el 25 de octubre de 2024 a las 18:30 En ella intervendr\u00e1n tanto el autor, Alberto Gonz\u00e1lez Gonz\u00e1lez, como Julio de la Cueva y Miguel &hellip; <\/p>\n<p class=\"link-more\"><a href=\"https:\/\/blog.uclm.es\/proyectoret\/presentacion-libro-la-fe-catolica-trinchera-politica\/\" class=\"more-link\">Continuar leyendo<span class=\"screen-reader-text\"> \u00abPresentaci\u00f3n libro: La fe cat\u00f3lica, trinchera pol\u00edtica\u00bb<\/span><\/a><\/p>\n","protected":false},"author":468,"featured_media":0,"parent":0,"menu_order":0,"comment_status":"closed","ping_status":"closed","template":"","meta":{"footnotes":""},"class_list":["post-594","page","type-page","status-publish","hentry"],"_links":{"self":[{"href":"https:\/\/blog.uclm.es\/proyectoret\/wp-json\/wp\/v2\/pages\/594","targetHints":{"allow":["GET"]}}],"collection":[{"href":"https:\/\/blog.uclm.es\/proyectoret\/wp-json\/wp\/v2\/pages"}],"about":[{"href":"https:\/\/blog.uclm.es\/proyectoret\/wp-json\/wp\/v2\/types\/page"}],"author":[{"embeddable":true,"href":"https:\/\/blog.uclm.es\/proyectoret\/wp-json\/wp\/v2\/users\/468"}],"replies":[{"embeddable":true,"href":"https:\/\/blog.uclm.es\/proyectoret\/wp-json\/wp\/v2\/comments?post=594"}],"version-history":[{"count":2,"href":"https:\/\/blog.uclm.es\/proyectoret\/wp-json\/wp\/v2\/pages\/594\/revisions"}],"predecessor-version":[{"id":599,"href":"https:\/\/blog.uclm.es\/proyectoret\/wp-json\/wp\/v2\/pages\/594\/revisions\/599"}],"wp:attachment":[{"href":"https:\/\/blog.uclm.es\/proyectoret\/wp-json\/wp\/v2\/media?parent=594"}],"curies":[{"name":"wp","href":"https:\/\/api.w.org\/{rel}","templated":true}]}}