{"id":539,"date":"2024-06-17T10:31:43","date_gmt":"2024-06-17T08:31:43","guid":{"rendered":"https:\/\/blog.uclm.es\/proyectoret\/?page_id=539"},"modified":"2024-06-17T10:37:34","modified_gmt":"2024-06-17T08:37:34","slug":"la-diocesis-de-madrid-reforma-y-contrarreforma","status":"publish","type":"page","link":"https:\/\/blog.uclm.es\/proyectoret\/la-diocesis-de-madrid-reforma-y-contrarreforma\/","title":{"rendered":"LA DI\u00d3CESIS DE MADRID, REFORMA Y CONTRARREFORMA"},"content":{"rendered":"\n<h2 class=\"wp-block-heading\">LA DI\u00d3CESIS DE MADRID, REFORMA Y CONTRARREFORMA<br>Antonio \u00c1vila en conversaci\u00f3n con <a href=\"https:\/\/blog.uclm.es\/proyectoret\/chema-perez-soba\/\">Jose Mar\u00eda P\u00e9rez-Soba<\/a><\/h2>\n\n\n\n<p>Antonio \u00c1vila, sacerdote, te\u00f3logo y psic\u00f3logo, ha vivido en primera persona las sucesivas<br>transiciones de la Di\u00f3cesis de Madrid y las ha analizado desde su formaci\u00f3n acad\u00e9mica. Fue uno de los protagonistas de la reforma del Seminario de Madrid en l\u00ednea con el Vaticano II encargada por el Cardenal Taranc\u00f3n a Juan Mart\u00edn Velasco y es testigo de las fuentes, \u00e9xitos y dificultades de esa primera transici\u00f3n religiosa. Como director del Instituto Superior de Pastoral de Madrid, fue asimismo testigo de la nueva transici\u00f3n que impulsa la llegada del Cardenal Suqu\u00eda a la di\u00f3cesis.<\/p>\n\n\n\n<p>Lunes, 6 de mayo 2024, 19:00<br>Instituto Superior de Pastoral<br>Paseo de Juan XXIII, Madrid<\/p>\n\n\n\n<p>Para seguir el seminario online, por favor ponerse en contacto con chema.perez@cardenalcisneros.es<\/p>\n\n\n\n<p>Organiza: Proyecto Religi\u00f3n en transici\u00f3n: el factor religioso en la construcci\u00f3n de la democracia espa\u00f1ola (PID2022-139462NB-I00)<\/p>\n\n\n\n<figure class=\"wp-block-image size-large is-resized\"><img loading=\"lazy\" decoding=\"async\" width=\"724\" height=\"1024\" src=\"https:\/\/blog.uclm.es\/proyectoret\/wp-content\/uploads\/sites\/282\/2024\/04\/Cartel-Testimonios-Antonio-Avila-2024_page-0001-724x1024.jpg\" alt=\"\" class=\"wp-image-505\" style=\"width:349px;height:auto\" srcset=\"https:\/\/blog.uclm.es\/proyectoret\/wp-content\/uploads\/sites\/282\/2024\/04\/Cartel-Testimonios-Antonio-Avila-2024_page-0001-724x1024.jpg 724w, https:\/\/blog.uclm.es\/proyectoret\/wp-content\/uploads\/sites\/282\/2024\/04\/Cartel-Testimonios-Antonio-Avila-2024_page-0001-212x300.jpg 212w, https:\/\/blog.uclm.es\/proyectoret\/wp-content\/uploads\/sites\/282\/2024\/04\/Cartel-Testimonios-Antonio-Avila-2024_page-0001-768x1086.jpg 768w, https:\/\/blog.uclm.es\/proyectoret\/wp-content\/uploads\/sites\/282\/2024\/04\/Cartel-Testimonios-Antonio-Avila-2024_page-0001-1086x1536.jpg 1086w, https:\/\/blog.uclm.es\/proyectoret\/wp-content\/uploads\/sites\/282\/2024\/04\/Cartel-Testimonios-Antonio-Avila-2024_page-0001.jpg 1241w\" sizes=\"auto, (max-width: 724px) 100vw, 724px\" \/><\/figure>\n","protected":false},"excerpt":{"rendered":"<p>LA DI\u00d3CESIS DE MADRID, REFORMA Y CONTRARREFORMAAntonio \u00c1vila en conversaci\u00f3n con Jose Mar\u00eda P\u00e9rez-Soba Antonio \u00c1vila, sacerdote, te\u00f3logo y psic\u00f3logo, ha vivido en primera persona las sucesivastransiciones de la Di\u00f3cesis de Madrid y las ha analizado desde su formaci\u00f3n acad\u00e9mica. Fue uno de los protagonistas de la reforma del Seminario de Madrid en l\u00ednea con &hellip; <\/p>\n<p class=\"link-more\"><a href=\"https:\/\/blog.uclm.es\/proyectoret\/la-diocesis-de-madrid-reforma-y-contrarreforma\/\" class=\"more-link\">Continuar leyendo<span class=\"screen-reader-text\"> \u00abLA DI\u00d3CESIS DE MADRID, REFORMA Y CONTRARREFORMA\u00bb<\/span><\/a><\/p>\n","protected":false},"author":468,"featured_media":0,"parent":0,"menu_order":0,"comment_status":"closed","ping_status":"closed","template":"","meta":{"footnotes":""},"class_list":["post-539","page","type-page","status-publish","hentry"],"_links":{"self":[{"href":"https:\/\/blog.uclm.es\/proyectoret\/wp-json\/wp\/v2\/pages\/539","targetHints":{"allow":["GET"]}}],"collection":[{"href":"https:\/\/blog.uclm.es\/proyectoret\/wp-json\/wp\/v2\/pages"}],"about":[{"href":"https:\/\/blog.uclm.es\/proyectoret\/wp-json\/wp\/v2\/types\/page"}],"author":[{"embeddable":true,"href":"https:\/\/blog.uclm.es\/proyectoret\/wp-json\/wp\/v2\/users\/468"}],"replies":[{"embeddable":true,"href":"https:\/\/blog.uclm.es\/proyectoret\/wp-json\/wp\/v2\/comments?post=539"}],"version-history":[{"count":2,"href":"https:\/\/blog.uclm.es\/proyectoret\/wp-json\/wp\/v2\/pages\/539\/revisions"}],"predecessor-version":[{"id":545,"href":"https:\/\/blog.uclm.es\/proyectoret\/wp-json\/wp\/v2\/pages\/539\/revisions\/545"}],"wp:attachment":[{"href":"https:\/\/blog.uclm.es\/proyectoret\/wp-json\/wp\/v2\/media?parent=539"}],"curies":[{"name":"wp","href":"https:\/\/api.w.org\/{rel}","templated":true}]}}