{"id":538,"date":"2024-06-17T10:31:39","date_gmt":"2024-06-17T08:31:39","guid":{"rendered":"https:\/\/blog.uclm.es\/proyectoret\/?page_id=538"},"modified":"2024-06-17T10:39:51","modified_gmt":"2024-06-17T08:39:51","slug":"seminario-testimonios-de-una-epoca","status":"publish","type":"page","link":"https:\/\/blog.uclm.es\/proyectoret\/seminario-testimonios-de-una-epoca\/","title":{"rendered":"SEMINARIO TESTIMONIOS DE UNA \u00c9POCA"},"content":{"rendered":"\n<p>El proyecto Religi\u00f3n en Transici\u00f3n organiza los seminarios \u00abTestimonios de una \u00e9poca\u00bb, en los que diferentes actores de la transici\u00f3n espa\u00f1ola nos ofrecen su testimonio acerca de los cambios y transformaciones que vive la sociedad espa\u00f1ola en el per\u00edodo de 1968 a 1992  a nivel religioso, social y pol\u00edtico.<\/p>\n\n\n\n<p>Se trata de entrevistas dialogadas en los que actores participantes nos brindan su visi\u00f3n y experiencia acerca de los hechos acontecidos, suponiendo, de esta manera, un testimonio vivo acerca de los cambios, tensiones y realidades vividas en la segunda mitad del siglo XX espa\u00f1ol.<\/p>\n\n\n\n<p>SESIONES:<\/p>\n\n\n\n<ul class=\"wp-block-list\">\n<li><a href=\"https:\/\/blog.uclm.es\/proyectoret\/la-diocesis-de-madrid-reforma-y-contrarreforma\/\">LA DI\u00d3CESIS DE MADRID, REFORMA Y CONTRARREFORMA<br>Antonio \u00c1vila en conversaci\u00f3n con\u00a0Jose Mar\u00eda P\u00e9rez-Soba<\/a><\/li>\n<\/ul>\n","protected":false},"excerpt":{"rendered":"<p>El proyecto Religi\u00f3n en Transici\u00f3n organiza los seminarios \u00abTestimonios de una \u00e9poca\u00bb, en los que diferentes actores de la transici\u00f3n espa\u00f1ola nos ofrecen su testimonio acerca de los cambios y transformaciones que vive la sociedad espa\u00f1ola en el per\u00edodo de 1968 a 1992 a nivel religioso, social y pol\u00edtico. Se trata de entrevistas dialogadas en &hellip; <\/p>\n<p class=\"link-more\"><a href=\"https:\/\/blog.uclm.es\/proyectoret\/seminario-testimonios-de-una-epoca\/\" class=\"more-link\">Continuar leyendo<span class=\"screen-reader-text\"> \u00abSEMINARIO TESTIMONIOS DE UNA \u00c9POCA\u00bb<\/span><\/a><\/p>\n","protected":false},"author":468,"featured_media":0,"parent":0,"menu_order":0,"comment_status":"closed","ping_status":"closed","template":"","meta":{"footnotes":""},"class_list":["post-538","page","type-page","status-publish","hentry"],"_links":{"self":[{"href":"https:\/\/blog.uclm.es\/proyectoret\/wp-json\/wp\/v2\/pages\/538","targetHints":{"allow":["GET"]}}],"collection":[{"href":"https:\/\/blog.uclm.es\/proyectoret\/wp-json\/wp\/v2\/pages"}],"about":[{"href":"https:\/\/blog.uclm.es\/proyectoret\/wp-json\/wp\/v2\/types\/page"}],"author":[{"embeddable":true,"href":"https:\/\/blog.uclm.es\/proyectoret\/wp-json\/wp\/v2\/users\/468"}],"replies":[{"embeddable":true,"href":"https:\/\/blog.uclm.es\/proyectoret\/wp-json\/wp\/v2\/comments?post=538"}],"version-history":[{"count":3,"href":"https:\/\/blog.uclm.es\/proyectoret\/wp-json\/wp\/v2\/pages\/538\/revisions"}],"predecessor-version":[{"id":546,"href":"https:\/\/blog.uclm.es\/proyectoret\/wp-json\/wp\/v2\/pages\/538\/revisions\/546"}],"wp:attachment":[{"href":"https:\/\/blog.uclm.es\/proyectoret\/wp-json\/wp\/v2\/media?parent=538"}],"curies":[{"name":"wp","href":"https:\/\/api.w.org\/{rel}","templated":true}]}}