{"id":533,"date":"2024-06-17T10:19:44","date_gmt":"2024-06-17T08:19:44","guid":{"rendered":"https:\/\/blog.uclm.es\/proyectoret\/?page_id=533"},"modified":"2024-06-17T10:19:44","modified_gmt":"2024-06-17T08:19:44","slug":"ni-nueva-ni-ajena","status":"publish","type":"page","link":"https:\/\/blog.uclm.es\/proyectoret\/ni-nueva-ni-ajena\/","title":{"rendered":"NI NUEVA NI AJENA"},"content":{"rendered":"\n<h2 class=\"wp-block-heading\">NI NUEVA NI AJENA<br>Diversidad religiosa en Espa\u00f1a<\/h2>\n\n\n\n<p>El lunes 15 de abril se celebra en la Facultad de Humanidades de Toledo la inauguraci\u00f3n de la exposici\u00f3n \u00abNI NUEVA NI AJENA. Diversidad religiosa en Espa\u00f1a\u00bb, que podr\u00e1 disfrutarse en el patio de la facultad entre los d\u00edas 12 de abril y 3 de mayo de 2024.<\/p>\n\n\n\n<figure class=\"wp-block-image size-full is-resized\"><img loading=\"lazy\" decoding=\"async\" width=\"9933\" height=\"14043\" src=\"https:\/\/blog.uclm.es\/proyectoret\/wp-content\/uploads\/sites\/282\/2024\/04\/INVITACION-INAUGURACION-NI-NUEVA-NI-AJENA.jpg\" alt=\"\" class=\"wp-image-427\" style=\"width:329px;height:auto\" \/><\/figure>\n\n\n\n<p>Dicha exposici\u00f3n ha sido elaborada en colaboraci\u00f3n con la <a href=\"https:\/\/www.pluralismoyconvivencia.es\/\" data-type=\"link\" data-id=\"https:\/\/www.pluralismoyconvivencia.es\/\">fundaci\u00f3n pluralismo y convivencia<\/a>, el proyecto Religi\u00f3n en Transici\u00f3n, la Facultad de Humanidades de Toledo y el <a href=\"https:\/\/blog.uclm.es\/grupogresam\/\" data-type=\"link\" data-id=\"https:\/\/blog.uclm.es\/grupogresam\/\">Grupo de estudios sobre las sociedades \u00e1rabes y musulmanas<\/a>. <\/p>\n\n\n\n<p>La exposici\u00f3n ha sido coordinada por <a href=\"https:\/\/blog.uclm.es\/proyectoret\/julio-de-la-cueva-merino\/\">Julio de la Cueva<\/a> y los paneles de la exposici\u00f3n propia de Castilla-La Mancha han sido realizados por <a href=\"https:\/\/blog.uclm.es\/proyectoret\/alberto-gonzalez-gonzalez\/\" data-type=\"link\" data-id=\"https:\/\/blog.uclm.es\/proyectoret\/alberto-gonzalez-gonzalez\/\">Alberto Gonz\u00e1lez Gonz\u00e1lez<\/a> e <a href=\"https:\/\/blog.uclm.es\/proyectoret\/irene-gonzalez-gonzalez\/\" data-type=\"link\" data-id=\"https:\/\/blog.uclm.es\/proyectoret\/irene-gonzalez-gonzalez\/\">Irene Gonz\u00e1lez Gonz\u00e1lez<\/a>. Adem\u00e1s, ha contado con la colaboraci\u00f3n de <a href=\"https:\/\/blog.uclm.es\/proyectoret\/veronica-garcia-martin\/\">Ver\u00f3nica Garc\u00eda Mart\u00edn<\/a>, <a href=\"https:\/\/blog.uclm.es\/proyectoret\/natalia-nunez-bargueno\/\" data-type=\"link\" data-id=\"https:\/\/blog.uclm.es\/proyectoret\/natalia-nunez-bargueno\/\">Natalia N\u00fa\u00f1ez Bargue\u00f1o<\/a> y <a href=\"https:\/\/blog.uclm.es\/proyectoret\/javier-recio-huetos\/\" data-type=\"link\" data-id=\"https:\/\/blog.uclm.es\/proyectoret\/javier-recio-huetos\/\">Javier Recio Huetos<\/a>.<\/p>\n\n\n\n<figure class=\"wp-block-image size-full is-resized\"><img loading=\"lazy\" decoding=\"async\" width=\"9933\" height=\"14043\" src=\"https:\/\/blog.uclm.es\/proyectoret\/wp-content\/uploads\/sites\/282\/2024\/04\/NI-NUEVA-NI-AJENA-CARTEL.jpg\" alt=\"\" class=\"wp-image-428\" style=\"width:322px;height:auto\" \/><\/figure>\n\n\n\n<p>Echa un vistazo a las redes<\/p>\n\n\n\n<div class=\"wp-block-group is-vertical is-layout-flex wp-container-core-group-is-layout-8cf370e7 wp-block-group-is-layout-flex\">\n<ul class=\"wp-block-list\">\n<li><a href=\"https:\/\/x.com\/PluralismoyC\/status\/1778718538947035470\" data-type=\"link\" data-id=\"https:\/\/x.com\/PluralismoyC\/status\/1778718538947035470\">pluralismo y convivencia<\/a><\/li>\n\n\n\n<li><a href=\"https:\/\/x.com\/ReTproyecto\/status\/1777719059754230110\">Religi\u00f3n en Transici\u00f3n<\/a><\/li>\n<\/ul>\n<\/div>\n","protected":false},"excerpt":{"rendered":"<p>NI NUEVA NI AJENADiversidad religiosa en Espa\u00f1a El lunes 15 de abril se celebra en la Facultad de Humanidades de Toledo la inauguraci\u00f3n de la exposici\u00f3n \u00abNI NUEVA NI AJENA. Diversidad religiosa en Espa\u00f1a\u00bb, que podr\u00e1 disfrutarse en el patio de la facultad entre los d\u00edas 12 de abril y 3 de mayo de 2024. &hellip; <\/p>\n<p class=\"link-more\"><a href=\"https:\/\/blog.uclm.es\/proyectoret\/ni-nueva-ni-ajena\/\" class=\"more-link\">Continuar leyendo<span class=\"screen-reader-text\"> \u00abNI NUEVA NI AJENA\u00bb<\/span><\/a><\/p>\n","protected":false},"author":468,"featured_media":0,"parent":0,"menu_order":0,"comment_status":"closed","ping_status":"closed","template":"","meta":{"footnotes":""},"class_list":["post-533","page","type-page","status-publish","hentry"],"_links":{"self":[{"href":"https:\/\/blog.uclm.es\/proyectoret\/wp-json\/wp\/v2\/pages\/533","targetHints":{"allow":["GET"]}}],"collection":[{"href":"https:\/\/blog.uclm.es\/proyectoret\/wp-json\/wp\/v2\/pages"}],"about":[{"href":"https:\/\/blog.uclm.es\/proyectoret\/wp-json\/wp\/v2\/types\/page"}],"author":[{"embeddable":true,"href":"https:\/\/blog.uclm.es\/proyectoret\/wp-json\/wp\/v2\/users\/468"}],"replies":[{"embeddable":true,"href":"https:\/\/blog.uclm.es\/proyectoret\/wp-json\/wp\/v2\/comments?post=533"}],"version-history":[{"count":1,"href":"https:\/\/blog.uclm.es\/proyectoret\/wp-json\/wp\/v2\/pages\/533\/revisions"}],"predecessor-version":[{"id":534,"href":"https:\/\/blog.uclm.es\/proyectoret\/wp-json\/wp\/v2\/pages\/533\/revisions\/534"}],"wp:attachment":[{"href":"https:\/\/blog.uclm.es\/proyectoret\/wp-json\/wp\/v2\/media?parent=533"}],"curies":[{"name":"wp","href":"https:\/\/api.w.org\/{rel}","templated":true}]}}