{"id":528,"date":"2024-06-17T10:13:49","date_gmt":"2024-06-17T08:13:49","guid":{"rendered":"https:\/\/blog.uclm.es\/proyectoret\/?page_id=528"},"modified":"2024-06-17T10:13:49","modified_gmt":"2024-06-17T08:13:49","slug":"presentacion-del-libro-un-68-catolico","status":"publish","type":"page","link":"https:\/\/blog.uclm.es\/proyectoret\/presentacion-del-libro-un-68-catolico\/","title":{"rendered":"Presentaci\u00f3n del libro Un 68 cat\u00f3lico."},"content":{"rendered":"\n<h2 class=\"wp-block-heading\">Catolicismo e izquierda en los largos a\u00f1os 60. Julio de la Cueva Merino y Joseba Louzao Villar (eds.)<\/h2>\n\n\n\n<figure class=\"wp-block-image size-large is-resized\"><a href=\"https:\/\/www.marcialpons.es\/libros\/un-68-catolico\/9788418752742\/\"><img loading=\"lazy\" decoding=\"async\" width=\"690\" height=\"1024\" src=\"https:\/\/blog.uclm.es\/proyectoret\/wp-content\/uploads\/sites\/282\/2024\/04\/image-690x1024.png\" alt=\"\" class=\"wp-image-431\" style=\"width:269px;height:auto\" srcset=\"https:\/\/blog.uclm.es\/proyectoret\/wp-content\/uploads\/sites\/282\/2024\/04\/image-690x1024.png 690w, https:\/\/blog.uclm.es\/proyectoret\/wp-content\/uploads\/sites\/282\/2024\/04\/image-202x300.png 202w, https:\/\/blog.uclm.es\/proyectoret\/wp-content\/uploads\/sites\/282\/2024\/04\/image-768x1139.png 768w, https:\/\/blog.uclm.es\/proyectoret\/wp-content\/uploads\/sites\/282\/2024\/04\/image-1035x1536.png 1035w, https:\/\/blog.uclm.es\/proyectoret\/wp-content\/uploads\/sites\/282\/2024\/04\/image-1380x2048.png 1380w\" sizes=\"auto, (max-width: 690px) 100vw, 690px\" \/><\/a><\/figure>\n\n\n\n<p>El pasado 20 de febrero de 2024, se celebr\u00f3 en la librer\u00eda Marcial Pons de Humanidades, en  Madrid, la presentaci\u00f3n del libro editado y coordinado por nuestros compa\u00f1eros <a href=\"https:\/\/blog.uclm.es\/proyectoret\/julio-de-la-cueva-merino\/\">Julio de la Cueva<\/a> y <a href=\"https:\/\/blog.uclm.es\/proyectoret\/joseba-louzao\/\">Joseba Louzao<\/a>: <a href=\"https:\/\/www.marcialpons.es\/libros\/un-68-catolico\/9788418752742\/\" data-type=\"link\" data-id=\"https:\/\/www.marcialpons.es\/libros\/un-68-catolico\/9788418752742\/\">Un 68 cat\u00f3lico. Catolicismo e izquierda en los largos a\u00f1os 60<\/a>.<\/p>\n\n\n\n<p>En dicha presentaci\u00f3n, Giulia Quaggio y <a href=\"https:\/\/blog.uclm.es\/proyectoret\/rafael-ruiz-andres\/\">Rafael Ruiz Andr\u00e9s<\/a>, profesores de la Universidad Complutense de Madrid, dialogaron con los editores acerca del alcance de la publicaci\u00f3n, as\u00ed como de las implicaciones de los fen\u00f3menos estudiados en la actualidad y los movimientos sociales en el presente.<\/p>\n\n\n\n<p>Secularizaci\u00f3n, movimientos sociales, catolicismo e izquierda, fueron algunos de los temas tratados en la presentaci\u00f3n, que cont\u00f3 con la colaboraci\u00f3n y reflexiones de los asistentes.<\/p>\n\n\n\n<p>Os invitamos a ver el v\u00eddeo de la presentaci\u00f3n en <a href=\"https:\/\/www.youtube.com\/watch?v=Xfvi2adHc-M&amp;ab_channel=MarcialPonsLibrero\" data-type=\"link\" data-id=\"https:\/\/www.youtube.com\/watch?v=Xfvi2adHc-M&amp;ab_channel=MarcialPonsLibrero\">este enlace<\/a>:<\/p>\n\n\n\n<figure class=\"wp-block-image size-large is-resized\"><a href=\"https:\/\/www.youtube.com\/watch?v=Xfvi2adHc-M&amp;ab_channel=MarcialPonsLibrero\"><img loading=\"lazy\" decoding=\"async\" width=\"1024\" height=\"430\" src=\"https:\/\/blog.uclm.es\/proyectoret\/wp-content\/uploads\/sites\/282\/2024\/04\/image-7-1024x430.png\" alt=\"\" class=\"wp-image-457\" style=\"width:126px;height:auto\" srcset=\"https:\/\/blog.uclm.es\/proyectoret\/wp-content\/uploads\/sites\/282\/2024\/04\/image-7-1024x430.png 1024w, https:\/\/blog.uclm.es\/proyectoret\/wp-content\/uploads\/sites\/282\/2024\/04\/image-7-300x126.png 300w, https:\/\/blog.uclm.es\/proyectoret\/wp-content\/uploads\/sites\/282\/2024\/04\/image-7-768x323.png 768w, https:\/\/blog.uclm.es\/proyectoret\/wp-content\/uploads\/sites\/282\/2024\/04\/image-7.png 1280w\" sizes=\"auto, (max-width: 706px) 89vw, (max-width: 767px) 82vw, 740px\" \/><\/a><\/figure>\n","protected":false},"excerpt":{"rendered":"<p>Catolicismo e izquierda en los largos a\u00f1os 60. Julio de la Cueva Merino y Joseba Louzao Villar (eds.) El pasado 20 de febrero de 2024, se celebr\u00f3 en la librer\u00eda Marcial Pons de Humanidades, en Madrid, la presentaci\u00f3n del libro editado y coordinado por nuestros compa\u00f1eros Julio de la Cueva y Joseba Louzao: Un 68 &hellip; <\/p>\n<p class=\"link-more\"><a href=\"https:\/\/blog.uclm.es\/proyectoret\/presentacion-del-libro-un-68-catolico\/\" class=\"more-link\">Continuar leyendo<span class=\"screen-reader-text\"> \u00abPresentaci\u00f3n del libro Un 68 cat\u00f3lico.\u00bb<\/span><\/a><\/p>\n","protected":false},"author":468,"featured_media":0,"parent":0,"menu_order":0,"comment_status":"closed","ping_status":"closed","template":"","meta":{"footnotes":""},"class_list":["post-528","page","type-page","status-publish","hentry"],"_links":{"self":[{"href":"https:\/\/blog.uclm.es\/proyectoret\/wp-json\/wp\/v2\/pages\/528","targetHints":{"allow":["GET"]}}],"collection":[{"href":"https:\/\/blog.uclm.es\/proyectoret\/wp-json\/wp\/v2\/pages"}],"about":[{"href":"https:\/\/blog.uclm.es\/proyectoret\/wp-json\/wp\/v2\/types\/page"}],"author":[{"embeddable":true,"href":"https:\/\/blog.uclm.es\/proyectoret\/wp-json\/wp\/v2\/users\/468"}],"replies":[{"embeddable":true,"href":"https:\/\/blog.uclm.es\/proyectoret\/wp-json\/wp\/v2\/comments?post=528"}],"version-history":[{"count":1,"href":"https:\/\/blog.uclm.es\/proyectoret\/wp-json\/wp\/v2\/pages\/528\/revisions"}],"predecessor-version":[{"id":529,"href":"https:\/\/blog.uclm.es\/proyectoret\/wp-json\/wp\/v2\/pages\/528\/revisions\/529"}],"wp:attachment":[{"href":"https:\/\/blog.uclm.es\/proyectoret\/wp-json\/wp\/v2\/media?parent=528"}],"curies":[{"name":"wp","href":"https:\/\/api.w.org\/{rel}","templated":true}]}}