{"id":396,"date":"2024-04-04T12:27:35","date_gmt":"2024-04-04T10:27:35","guid":{"rendered":"https:\/\/blog.uclm.es\/proyectoret\/?page_id=396"},"modified":"2024-06-17T14:40:19","modified_gmt":"2024-06-17T12:40:19","slug":"publicaciones-2023","status":"publish","type":"page","link":"https:\/\/blog.uclm.es\/proyectoret\/publicaciones-2023\/","title":{"rendered":"ART\u00cdCULOS"},"content":{"rendered":"\n<h2 class=\"wp-block-heading\"><br>Religiosas y el aggiornamento cultural en Espa\u00f1a: hacia una renovaci\u00f3n identitaria (1962-1965)<\/h2>\n\n\n\n<div class=\"wp-block-group is-vertical is-layout-flex wp-container-core-group-is-layout-8cf370e7 wp-block-group-is-layout-flex\">\n<div class=\"wp-block-group is-vertical is-layout-flex wp-container-core-group-is-layout-8cf370e7 wp-block-group-is-layout-flex\">\n<p>Historia Contempor\u00e1nea 2023, 71, 287-318 <a href=\"https:\/\/doi.org\/10.1387\/hc.22468\">https:\/\/doi.org\/10.1387\/hc.22468<\/a><\/p>\n\n\n\n<p><a href=\"https:\/\/blog.uclm.es\/proyectoret\/veronica-garcia-martin\/\">Ver\u00f3nica Garc\u00eda Mart\u00edn<\/a><\/p>\n\n\n\n<p>El objetivo de este art\u00edculo es profundizar en el aggiornamento del Vaticano II durante el franquismo. Especialmente, el foco de inter\u00e9s se centra en las religiosas y el giro identitario que asumieron tras la llamada eclesi\u00e1stica a la modernizaci\u00f3n. De esta manera, durante los a\u00f1os conciliares, se percibe c\u00f3mo el arquetipo monjil del nacionalcatolicismo comienza a convivir con otro impulsado desde el Vaticano II, m\u00e1s abierto y en consonancia con la nueva doctrina conciliar sobre las mujeres y la vida consagrada. Se entrecruzar\u00e1n, por tanto, las categor\u00edas de modernidad, g\u00e9nero y religi\u00f3n para un acercamiento a la complejidad de este proceso.<\/p>\n<\/div>\n\n\n\n<h2 class=\"wp-block-heading\"><br>\u2018Bleeding Catholicism\u2019: Liberation Theology\u2019s Demise and the Emergence of Pentecostalism in Latin America<\/h2>\n\n\n\n<p><em>Religions<\/em>&nbsp;2023,&nbsp;<em>14<\/em>(11), 1354 <a href=\"https:\/\/doi.org\/10.3390\/rel14111354\">https:\/\/doi.org\/10.3390\/rel14111354<\/a><br><a href=\"https:\/\/blog.uclm.es\/proyectoret\/javier-recio-huetos\/\">Javier Recio Huetos<\/a><\/p>\n\n\n\n<p>Este ensayo examina el aparente declive de la teolog\u00eda de la liberaci\u00f3n y el surgimiento del pentecostalismo en Am\u00e9rica Latina. Debido al retroceso de la teolog\u00eda de la liberaci\u00f3n desde el primer plano del discurso p\u00fablico en 1989 y la p\u00e9rdida m\u00e1s amplia de la filosof\u00eda emancipatoria, el catolicismo en Am\u00e9rica Latina ha experimentado un desangramiento, perdiendo adherentes hacia religiones carism\u00e1ticas con el tiempo. A trav\u00e9s de un examen del panorama socio-religioso, este estudio busca determinar si hay alguna relaci\u00f3n entre el crecimiento del pentecostalismo y la ca\u00edda de la teolog\u00eda de la liberaci\u00f3n en una era neoliberal. Este estudio tiene como objetivo arrojar luz sobre las complejas relaciones que existen entre los cambios sociales, los conceptos religiosos, el panorama religioso en evoluci\u00f3n y el orden social en Am\u00e9rica Latina.<\/p>\n<\/div>\n","protected":false},"excerpt":{"rendered":"<p>Religiosas y el aggiornamento cultural en Espa\u00f1a: hacia una renovaci\u00f3n identitaria (1962-1965) Historia Contempor\u00e1nea 2023, 71, 287-318 https:\/\/doi.org\/10.1387\/hc.22468 Ver\u00f3nica Garc\u00eda Mart\u00edn El objetivo de este art\u00edculo es profundizar en el aggiornamento del Vaticano II durante el franquismo. Especialmente, el foco de inter\u00e9s se centra en las religiosas y el giro identitario que asumieron tras la &hellip; <\/p>\n<p class=\"link-more\"><a href=\"https:\/\/blog.uclm.es\/proyectoret\/publicaciones-2023\/\" class=\"more-link\">Continuar leyendo<span class=\"screen-reader-text\"> \u00abART\u00cdCULOS\u00bb<\/span><\/a><\/p>\n","protected":false},"author":474,"featured_media":0,"parent":0,"menu_order":0,"comment_status":"closed","ping_status":"closed","template":"","meta":{"footnotes":""},"class_list":["post-396","page","type-page","status-publish","hentry"],"_links":{"self":[{"href":"https:\/\/blog.uclm.es\/proyectoret\/wp-json\/wp\/v2\/pages\/396","targetHints":{"allow":["GET"]}}],"collection":[{"href":"https:\/\/blog.uclm.es\/proyectoret\/wp-json\/wp\/v2\/pages"}],"about":[{"href":"https:\/\/blog.uclm.es\/proyectoret\/wp-json\/wp\/v2\/types\/page"}],"author":[{"embeddable":true,"href":"https:\/\/blog.uclm.es\/proyectoret\/wp-json\/wp\/v2\/users\/474"}],"replies":[{"embeddable":true,"href":"https:\/\/blog.uclm.es\/proyectoret\/wp-json\/wp\/v2\/comments?post=396"}],"version-history":[{"count":3,"href":"https:\/\/blog.uclm.es\/proyectoret\/wp-json\/wp\/v2\/pages\/396\/revisions"}],"predecessor-version":[{"id":557,"href":"https:\/\/blog.uclm.es\/proyectoret\/wp-json\/wp\/v2\/pages\/396\/revisions\/557"}],"wp:attachment":[{"href":"https:\/\/blog.uclm.es\/proyectoret\/wp-json\/wp\/v2\/media?parent=396"}],"curies":[{"name":"wp","href":"https:\/\/api.w.org\/{rel}","templated":true}]}}