{"id":394,"date":"2024-04-04T12:27:28","date_gmt":"2024-04-04T10:27:28","guid":{"rendered":"https:\/\/blog.uclm.es\/proyectoret\/?page_id=394"},"modified":"2024-10-15T15:14:13","modified_gmt":"2024-10-15T13:14:13","slug":"publicaciones-2024","status":"publish","type":"page","link":"https:\/\/blog.uclm.es\/proyectoret\/publicaciones-2024\/","title":{"rendered":"Publicaciones 2024"},"content":{"rendered":"\n<div class=\"wp-block-group is-vertical is-layout-flex wp-container-core-group-is-layout-8cf370e7 wp-block-group-is-layout-flex\">\n<h1 class=\"wp-block-heading\">LIBROS<br><\/h1>\n\n\n\n<h2 class=\"wp-block-heading\">Un 68 cat\u00f3lico<br><small>Catolicismo e izquierda en los largos a\u00f1os sesenta<\/small><\/h2>\n\n\n\n<figure class=\"wp-block-image size-large is-resized\"><img loading=\"lazy\" decoding=\"async\" width=\"690\" height=\"1024\" src=\"https:\/\/blog.uclm.es\/proyectoret\/wp-content\/uploads\/sites\/282\/2024\/04\/image-690x1024.png\" alt=\"\" class=\"wp-image-431\" style=\"width:269px;height:auto\" srcset=\"https:\/\/blog.uclm.es\/proyectoret\/wp-content\/uploads\/sites\/282\/2024\/04\/image-690x1024.png 690w, https:\/\/blog.uclm.es\/proyectoret\/wp-content\/uploads\/sites\/282\/2024\/04\/image-202x300.png 202w, https:\/\/blog.uclm.es\/proyectoret\/wp-content\/uploads\/sites\/282\/2024\/04\/image-768x1139.png 768w, https:\/\/blog.uclm.es\/proyectoret\/wp-content\/uploads\/sites\/282\/2024\/04\/image-1035x1536.png 1035w, https:\/\/blog.uclm.es\/proyectoret\/wp-content\/uploads\/sites\/282\/2024\/04\/image-1380x2048.png 1380w\" sizes=\"auto, (max-width: 690px) 100vw, 690px\" \/><\/figure>\n\n\n\n<p>ISBN:&nbsp;9788418752742<\/p>\n\n\n\n<p>Editorial:&nbsp;<a href=\"https:\/\/www.marcialpons.es\/editoriales\/marcial-pons-ediciones-de-historia\/1051\/\">Marcial Pons, Ediciones de Historia<\/a><\/p>\n\n\n\n<p>Editores: <a href=\"https:\/\/blog.uclm.es\/proyectoret\/julio-de-la-cueva-merino\/\">Julio de la Cueva<\/a>, <a href=\"https:\/\/blog.uclm.es\/proyectoret\/joseba-louzao\/\">Joseba Louzao<\/a>.<\/p>\n\n\n\n<p>Puedes adquirirlo <a href=\"https:\/\/www.marcialpons.es\/libros\/un-68-catolico\/9788418752742\/\" data-type=\"link\" data-id=\"https:\/\/www.marcialpons.es\/libros\/un-68-catolico\/9788418752742\/\">aqu\u00ed<\/a>, o en <a href=\"https:\/\/www.todostuslibros.com\/libros\/un-68-catolico_978-84-18752-74-2\" data-type=\"link\" data-id=\"https:\/\/www.todostuslibros.com\/libros\/un-68-catolico_978-84-18752-74-2\">tu librer\u00eda m\u00e1s cercana<\/a>.<\/p>\n\n\n\n<div class=\"wp-block-group is-vertical is-layout-flex wp-container-core-group-is-layout-8cf370e7 wp-block-group-is-layout-flex\">\n<p>Rese\u00f1as:<\/p>\n\n\n\n<p>iremos dejando aqu\u00ed las rese\u00f1as que se publiquen sobre este libro<\/p>\n\n\n\n<p>Actos p\u00fablicos<br><a href=\"https:\/\/www.youtube.com\/watch?v=Xfvi2adHc-M&amp;ab_channel=MarcialPonsLibrero\">Presentaci\u00f3n librer\u00eda Marcial Pons<\/a>.<\/p>\n<\/div>\n<\/div>\n\n\n\n<h2 class=\"wp-block-heading\">ART\u00cdCULOS<\/h2>\n\n\n\n<p><a href=\"https:\/\/blog.uclm.es\/proyectoret\/santiago-navarro\/\">Santiago Navarro de la Fuente<\/a>\u2013De guardianes de la tradici\u00f3n a aficionados \u201csin Dios\u00bb. Las cofrad\u00edas religiosas en tiempos de secularizaci\u00f3n. <em>Historia Actual Online<\/em>\u00a03 (65): 49-64. <a href=\"https:\/\/doi.org\/10.36132\/a88n0827\">https:\/\/doi.org\/10.36132\/a88n0827<\/a> <\/p>\n","protected":false},"excerpt":{"rendered":"<p>LIBROS Un 68 cat\u00f3licoCatolicismo e izquierda en los largos a\u00f1os sesenta ISBN:&nbsp;9788418752742 Editorial:&nbsp;Marcial Pons, Ediciones de Historia Editores: Julio de la Cueva, Joseba Louzao. Puedes adquirirlo aqu\u00ed, o en tu librer\u00eda m\u00e1s cercana. Rese\u00f1as: iremos dejando aqu\u00ed las rese\u00f1as que se publiquen sobre este libro Actos p\u00fablicosPresentaci\u00f3n librer\u00eda Marcial Pons. ART\u00cdCULOS Santiago Navarro de la &hellip; <\/p>\n<p class=\"link-more\"><a href=\"https:\/\/blog.uclm.es\/proyectoret\/publicaciones-2024\/\" class=\"more-link\">Continuar leyendo<span class=\"screen-reader-text\"> \u00abPublicaciones 2024\u00bb<\/span><\/a><\/p>\n","protected":false},"author":474,"featured_media":0,"parent":0,"menu_order":0,"comment_status":"closed","ping_status":"closed","template":"","meta":{"footnotes":""},"class_list":["post-394","page","type-page","status-publish","hentry"],"_links":{"self":[{"href":"https:\/\/blog.uclm.es\/proyectoret\/wp-json\/wp\/v2\/pages\/394","targetHints":{"allow":["GET"]}}],"collection":[{"href":"https:\/\/blog.uclm.es\/proyectoret\/wp-json\/wp\/v2\/pages"}],"about":[{"href":"https:\/\/blog.uclm.es\/proyectoret\/wp-json\/wp\/v2\/types\/page"}],"author":[{"embeddable":true,"href":"https:\/\/blog.uclm.es\/proyectoret\/wp-json\/wp\/v2\/users\/474"}],"replies":[{"embeddable":true,"href":"https:\/\/blog.uclm.es\/proyectoret\/wp-json\/wp\/v2\/comments?post=394"}],"version-history":[{"count":9,"href":"https:\/\/blog.uclm.es\/proyectoret\/wp-json\/wp\/v2\/pages\/394\/revisions"}],"predecessor-version":[{"id":601,"href":"https:\/\/blog.uclm.es\/proyectoret\/wp-json\/wp\/v2\/pages\/394\/revisions\/601"}],"wp:attachment":[{"href":"https:\/\/blog.uclm.es\/proyectoret\/wp-json\/wp\/v2\/media?parent=394"}],"curies":[{"name":"wp","href":"https:\/\/api.w.org\/{rel}","templated":true}]}}