{"id":384,"date":"2024-04-04T12:26:41","date_gmt":"2024-04-04T10:26:41","guid":{"rendered":"https:\/\/blog.uclm.es\/proyectoret\/?page_id=384"},"modified":"2024-05-16T13:46:55","modified_gmt":"2024-05-16T11:46:55","slug":"actividades-2024","status":"publish","type":"page","link":"https:\/\/blog.uclm.es\/proyectoret\/actividades\/actividades-2024\/","title":{"rendered":"Actividades 2024"},"content":{"rendered":"\n<h2 class=\"wp-block-heading\">FEBRERO.<\/h2>\n\n\n\n<div class=\"wp-block-group is-vertical is-layout-flex wp-container-core-group-is-layout-8cf370e7 wp-block-group-is-layout-flex\">\n<h2 class=\"wp-block-heading\">Presentaci\u00f3n del libro Un 68 cat\u00f3lico. Catolicismo e izquierda en los largos a\u00f1os 60. Julio de la Cueva Merino y Joseba Louzao Villar (eds.)<\/h2>\n\n\n\n<figure class=\"wp-block-image size-large is-resized\"><a href=\"https:\/\/www.marcialpons.es\/libros\/un-68-catolico\/9788418752742\/\"><img loading=\"lazy\" decoding=\"async\" width=\"690\" height=\"1024\" src=\"https:\/\/blog.uclm.es\/proyectoret\/wp-content\/uploads\/sites\/282\/2024\/04\/image-690x1024.png\" alt=\"\" class=\"wp-image-431\" style=\"width:269px;height:auto\" srcset=\"https:\/\/blog.uclm.es\/proyectoret\/wp-content\/uploads\/sites\/282\/2024\/04\/image-690x1024.png 690w, https:\/\/blog.uclm.es\/proyectoret\/wp-content\/uploads\/sites\/282\/2024\/04\/image-202x300.png 202w, https:\/\/blog.uclm.es\/proyectoret\/wp-content\/uploads\/sites\/282\/2024\/04\/image-768x1139.png 768w, https:\/\/blog.uclm.es\/proyectoret\/wp-content\/uploads\/sites\/282\/2024\/04\/image-1035x1536.png 1035w, https:\/\/blog.uclm.es\/proyectoret\/wp-content\/uploads\/sites\/282\/2024\/04\/image-1380x2048.png 1380w\" sizes=\"auto, (max-width: 690px) 100vw, 690px\" \/><\/a><\/figure>\n\n\n\n<p>El pasado 20 de febrero de 2024, se celebr\u00f3 en la librer\u00eda Marcial Pons de Humanidades, en  Madrid, la presentaci\u00f3n del libro editado y coordinado por nuestros compa\u00f1eros <a href=\"https:\/\/blog.uclm.es\/proyectoret\/julio-de-la-cueva-merino\/\">Julio de la Cueva<\/a> y <a href=\"https:\/\/blog.uclm.es\/proyectoret\/joseba-louzao\/\">Joseba Louzao<\/a>: <a href=\"https:\/\/www.marcialpons.es\/libros\/un-68-catolico\/9788418752742\/\" data-type=\"link\" data-id=\"https:\/\/www.marcialpons.es\/libros\/un-68-catolico\/9788418752742\/\">Un 68 cat\u00f3lico. Catolicismo e izquierda en los largos a\u00f1os 60<\/a>.<\/p>\n\n\n\n<p>En dicha presentaci\u00f3n, Giulia Quaggio y <a href=\"https:\/\/blog.uclm.es\/proyectoret\/rafael-ruiz-andres\/\">Rafael Ruiz Andr\u00e9s<\/a>, profesores de la Universidad Complutense de Madrid, dialogaron con los editores acerca del alcance de la publicaci\u00f3n, as\u00ed como de las implicaciones de los fen\u00f3menos estudiados en la actualidad y los movimientos sociales en el presente.<\/p>\n\n\n\n<p>Secularizaci\u00f3n, movimientos sociales, catolicismo e izquierda, fueron algunos de los temas tratados en la presentaci\u00f3n, que cont\u00f3 con la colaboraci\u00f3n y reflexiones de los asistentes.<\/p>\n\n\n\n<p>Os invitamos a ver el v\u00eddeo de la presentaci\u00f3n en <a href=\"https:\/\/www.youtube.com\/watch?v=Xfvi2adHc-M&amp;ab_channel=MarcialPonsLibrero\" data-type=\"link\" data-id=\"https:\/\/www.youtube.com\/watch?v=Xfvi2adHc-M&amp;ab_channel=MarcialPonsLibrero\">este enlace<\/a>:<\/p>\n\n\n\n<figure class=\"wp-block-image size-large is-resized\"><a href=\"https:\/\/www.youtube.com\/watch?v=Xfvi2adHc-M&amp;ab_channel=MarcialPonsLibrero\"><img loading=\"lazy\" decoding=\"async\" width=\"1024\" height=\"430\" src=\"https:\/\/blog.uclm.es\/proyectoret\/wp-content\/uploads\/sites\/282\/2024\/04\/image-7-1024x430.png\" alt=\"\" class=\"wp-image-457\" style=\"width:126px;height:auto\" srcset=\"https:\/\/blog.uclm.es\/proyectoret\/wp-content\/uploads\/sites\/282\/2024\/04\/image-7-1024x430.png 1024w, https:\/\/blog.uclm.es\/proyectoret\/wp-content\/uploads\/sites\/282\/2024\/04\/image-7-300x126.png 300w, https:\/\/blog.uclm.es\/proyectoret\/wp-content\/uploads\/sites\/282\/2024\/04\/image-7-768x323.png 768w, https:\/\/blog.uclm.es\/proyectoret\/wp-content\/uploads\/sites\/282\/2024\/04\/image-7.png 1280w\" sizes=\"auto, (max-width: 706px) 89vw, (max-width: 767px) 82vw, 740px\" \/><\/a><\/figure>\n<\/div>\n\n\n\n<h2 class=\"wp-block-heading\">ABRIL.<\/h2>\n\n\n\n<div class=\"wp-block-group is-vertical is-layout-flex wp-container-core-group-is-layout-8cf370e7 wp-block-group-is-layout-flex\">\n<h2 class=\"wp-block-heading\">NI NUEVA NI AJENA<br>Diversidad religiosa en Espa\u00f1a<\/h2>\n\n\n\n<p>El lunes 15 de abril se celebra en la Facultad de Humanidades de Toledo la inauguraci\u00f3n de la exposici\u00f3n \u00abNI NUEVA NI AJENA. Diversidad religiosa en Espa\u00f1a\u00bb, que podr\u00e1 disfrutarse en el patio de la facultad entre los d\u00edas 12 de abril y 3 de mayo de 2024.<\/p>\n\n\n\n<figure class=\"wp-block-image size-full is-resized\"><img loading=\"lazy\" decoding=\"async\" width=\"9933\" height=\"14043\" src=\"https:\/\/blog.uclm.es\/proyectoret\/wp-content\/uploads\/sites\/282\/2024\/04\/INVITACION-INAUGURACION-NI-NUEVA-NI-AJENA.jpg\" alt=\"\" class=\"wp-image-427\" style=\"width:329px;height:auto\" \/><\/figure>\n\n\n\n<p>Dicha exposici\u00f3n ha sido elaborada en colaboraci\u00f3n con la <a href=\"https:\/\/www.pluralismoyconvivencia.es\/\" data-type=\"link\" data-id=\"https:\/\/www.pluralismoyconvivencia.es\/\">fundaci\u00f3n pluralismo y convivencia<\/a>, el proyecto Religi\u00f3n en Transici\u00f3n, la Facultad de Humanidades de Toledo y el <a href=\"https:\/\/blog.uclm.es\/grupogresam\/\" data-type=\"link\" data-id=\"https:\/\/blog.uclm.es\/grupogresam\/\">Grupo de estudios sobre las sociedades \u00e1rabes y musulmanas<\/a>. <\/p>\n\n\n\n<p>La exposici\u00f3n ha sido coordinada por <a href=\"https:\/\/blog.uclm.es\/proyectoret\/julio-de-la-cueva-merino\/\">Julio de la Cueva<\/a> y los paneles de la exposici\u00f3n propia de Castilla-La Mancha han sido realizados por <a href=\"https:\/\/blog.uclm.es\/proyectoret\/alberto-gonzalez-gonzalez\/\" data-type=\"link\" data-id=\"https:\/\/blog.uclm.es\/proyectoret\/alberto-gonzalez-gonzalez\/\">Alberto Gonz\u00e1lez Gonz\u00e1lez<\/a> e <a href=\"https:\/\/blog.uclm.es\/proyectoret\/irene-gonzalez-gonzalez\/\" data-type=\"link\" data-id=\"https:\/\/blog.uclm.es\/proyectoret\/irene-gonzalez-gonzalez\/\">Irene Gonz\u00e1lez Gonz\u00e1lez<\/a>. Adem\u00e1s, ha contado con la colaboraci\u00f3n de <a href=\"https:\/\/blog.uclm.es\/proyectoret\/veronica-garcia-martin\/\">Ver\u00f3nica Garc\u00eda Mart\u00edn<\/a>, <a href=\"https:\/\/blog.uclm.es\/proyectoret\/natalia-nunez-bargueno\/\" data-type=\"link\" data-id=\"https:\/\/blog.uclm.es\/proyectoret\/natalia-nunez-bargueno\/\">Natalia N\u00fa\u00f1ez Bargue\u00f1o<\/a> y <a href=\"https:\/\/blog.uclm.es\/proyectoret\/javier-recio-huetos\/\" data-type=\"link\" data-id=\"https:\/\/blog.uclm.es\/proyectoret\/javier-recio-huetos\/\">Javier Recio Huetos<\/a>.<\/p>\n\n\n\n<figure class=\"wp-block-image size-full is-resized\"><img loading=\"lazy\" decoding=\"async\" width=\"9933\" height=\"14043\" src=\"https:\/\/blog.uclm.es\/proyectoret\/wp-content\/uploads\/sites\/282\/2024\/04\/NI-NUEVA-NI-AJENA-CARTEL.jpg\" alt=\"\" class=\"wp-image-428\" style=\"width:322px;height:auto\" \/><\/figure>\n\n\n\n<p>Echa un vistazo a las redes<\/p>\n\n\n\n<div class=\"wp-block-group is-vertical is-layout-flex wp-container-core-group-is-layout-8cf370e7 wp-block-group-is-layout-flex\">\n<ul class=\"wp-block-list\">\n<li><a href=\"https:\/\/x.com\/PluralismoyC\/status\/1778718538947035470\" data-type=\"link\" data-id=\"https:\/\/x.com\/PluralismoyC\/status\/1778718538947035470\">pluralismo y convivencia<\/a><\/li>\n\n\n\n<li><a href=\"https:\/\/x.com\/ReTproyecto\/status\/1777719059754230110\">Religi\u00f3n en Transici\u00f3n<\/a><\/li>\n<\/ul>\n<\/div>\n\n\n\n<h2 class=\"wp-block-heading\">MAYO<\/h2>\n\n\n\n<h2 class=\"wp-block-heading\">SEMINARIO \u201cTESTIMONIOS DE UNA \u00c9POCA\u00bb<\/h2>\n\n\n\n<p>ANTONIO \u00c1VILA, TESTIGO DE UNA AGITADA TRANSICI\u00d3N.<br>LA DI\u00d3CESIS DE MADRID, REFORMA Y CONTRARREFORMA<\/p>\n\n\n\n<p>En conversaci\u00f3n con <a href=\"https:\/\/blog.uclm.es\/proyectoret\/chema-perez-soba\/\">Jose Mar\u00eda P\u00e9rez-Soba<\/a><\/p>\n\n\n\n<p>Antonio \u00c1vila, sacerdote, te\u00f3logo y psic\u00f3logo, ha vivido en primera persona las sucesivas<br>transiciones de la Di\u00f3cesis de Madrid y las ha analizado desde su formaci\u00f3n acad\u00e9mica. Fue uno de los protagonistas de la reforma del Seminario de Madrid en l\u00ednea con el Vaticano II encargada por el Cardenal Taranc\u00f3n a Juan Mart\u00edn Velasco y es testigo de las fuentes, \u00e9xitos y dificultades de esa primera transici\u00f3n religiosa. Como director del Instituto Superior de Pastoral de Madrid, fue asimismo testigo de la nueva transici\u00f3n que impulsa la llegada del Cardenal Suqu\u00eda a la di\u00f3cesis.<\/p>\n\n\n\n<p>Lunes, 6 de mayo 2024, 19:00<br>Instituto Superior de Pastoral<br>Paseo de Juan XXIII, Madrid<\/p>\n\n\n\n<p>Para seguir el seminario online, por favor ponerse en contacto con chema.perez@cardenalcisneros.es<\/p>\n\n\n\n<p>Organiza: Proyecto Religi\u00f3n en transici\u00f3n: el factor religioso en la construcci\u00f3n de la democracia espa\u00f1ola (PID2022-139462NB-I00)<\/p>\n\n\n\n<figure class=\"wp-block-image size-large is-resized\"><img loading=\"lazy\" decoding=\"async\" width=\"724\" height=\"1024\" src=\"https:\/\/blog.uclm.es\/proyectoret\/wp-content\/uploads\/sites\/282\/2024\/04\/Cartel-Testimonios-Antonio-Avila-2024_page-0001-724x1024.jpg\" alt=\"\" class=\"wp-image-505\" style=\"width:349px;height:auto\" srcset=\"https:\/\/blog.uclm.es\/proyectoret\/wp-content\/uploads\/sites\/282\/2024\/04\/Cartel-Testimonios-Antonio-Avila-2024_page-0001-724x1024.jpg 724w, https:\/\/blog.uclm.es\/proyectoret\/wp-content\/uploads\/sites\/282\/2024\/04\/Cartel-Testimonios-Antonio-Avila-2024_page-0001-212x300.jpg 212w, https:\/\/blog.uclm.es\/proyectoret\/wp-content\/uploads\/sites\/282\/2024\/04\/Cartel-Testimonios-Antonio-Avila-2024_page-0001-768x1086.jpg 768w, https:\/\/blog.uclm.es\/proyectoret\/wp-content\/uploads\/sites\/282\/2024\/04\/Cartel-Testimonios-Antonio-Avila-2024_page-0001-1086x1536.jpg 1086w, https:\/\/blog.uclm.es\/proyectoret\/wp-content\/uploads\/sites\/282\/2024\/04\/Cartel-Testimonios-Antonio-Avila-2024_page-0001.jpg 1241w\" sizes=\"auto, (max-width: 724px) 100vw, 724px\" \/><\/figure>\n<\/div>\n\n\n\n<h2 class=\"wp-block-heading\">MAYO<\/h2>\n\n\n\n<h1 class=\"wp-block-heading\"><a href=\"https:\/\/blog.uclm.es\/proyectoret\/actividades\/euare-2024\/\">EuARe 2024<\/a><\/h1>\n\n\n\n<p>Este a\u00f1o el proyecto Religi\u00f3n en Transici\u00f3n estar\u00e1 presente en el congreso anual de la&nbsp;<a href=\"https:\/\/www.europeanacademyofreligion.org\/euare2024\">European Academy of Religion<\/a>&nbsp;celebrado en Palermo entre los d\u00edas 20 y 23 de mayo.<\/p>\n\n\n\n<p>El proyecto contar\u00e1 con presencia en tres paneles diferentes:<\/p>\n\n\n\n<p><a href=\"https:\/\/secure.onlinecongress.it\/Olc\/Client\/Programme\/Public\/Session\/Euare\/6516675546069488905911145\/en\/Detail?SemIdSession=001271\">Religion in Transition<\/a><\/p>\n\n\n\n<p><a href=\"https:\/\/secure.onlinecongress.it\/Olc\/Client\/Programme\/Public\/Session\/Euare\/6516675546069488905911145\/en\/Detail?SemIdSession=001139\">Religion in the Anthropocene<\/a><\/p>\n\n\n\n<p><a href=\"https:\/\/secure.onlinecongress.it\/Olc\/Client\/Programme\/Public\/Session\/Euare\/6516675546069488905911145\/en\/Detail?SemIdSession=001269\">Unraveling the complexities of \u201cnon-religion\u201d<\/a><\/p>\n\n\n\n<figure class=\"wp-block-image\"><img loading=\"lazy\" decoding=\"async\" width=\"724\" height=\"1024\" src=\"https:\/\/blog.uclm.es\/proyectoret\/wp-content\/uploads\/sites\/282\/2024\/05\/1-1-724x1024.png\" alt=\"\" class=\"wp-image-517\" srcset=\"https:\/\/blog.uclm.es\/proyectoret\/wp-content\/uploads\/sites\/282\/2024\/05\/1-1-724x1024.png 724w, https:\/\/blog.uclm.es\/proyectoret\/wp-content\/uploads\/sites\/282\/2024\/05\/1-1-212x300.png 212w, https:\/\/blog.uclm.es\/proyectoret\/wp-content\/uploads\/sites\/282\/2024\/05\/1-1-768x1086.png 768w, https:\/\/blog.uclm.es\/proyectoret\/wp-content\/uploads\/sites\/282\/2024\/05\/1-1-1086x1536.png 1086w, https:\/\/blog.uclm.es\/proyectoret\/wp-content\/uploads\/sites\/282\/2024\/05\/1-1-1448x2048.png 1448w, https:\/\/blog.uclm.es\/proyectoret\/wp-content\/uploads\/sites\/282\/2024\/05\/1-1.png 1587w\" sizes=\"auto, (max-width: 724px) 100vw, 724px\" \/><\/figure>\n\n\n\n<figure class=\"wp-block-image\"><img loading=\"lazy\" decoding=\"async\" width=\"724\" height=\"1024\" src=\"https:\/\/blog.uclm.es\/proyectoret\/wp-content\/uploads\/sites\/282\/2024\/05\/2-1-724x1024.png\" alt=\"\" class=\"wp-image-516\" srcset=\"https:\/\/blog.uclm.es\/proyectoret\/wp-content\/uploads\/sites\/282\/2024\/05\/2-1-724x1024.png 724w, https:\/\/blog.uclm.es\/proyectoret\/wp-content\/uploads\/sites\/282\/2024\/05\/2-1-212x300.png 212w, https:\/\/blog.uclm.es\/proyectoret\/wp-content\/uploads\/sites\/282\/2024\/05\/2-1-768x1086.png 768w, https:\/\/blog.uclm.es\/proyectoret\/wp-content\/uploads\/sites\/282\/2024\/05\/2-1-1086x1536.png 1086w, https:\/\/blog.uclm.es\/proyectoret\/wp-content\/uploads\/sites\/282\/2024\/05\/2-1-1448x2048.png 1448w, https:\/\/blog.uclm.es\/proyectoret\/wp-content\/uploads\/sites\/282\/2024\/05\/2-1.png 1587w\" sizes=\"auto, (max-width: 724px) 100vw, 724px\" \/><\/figure>\n\n\n\n<figure class=\"wp-block-image\"><img loading=\"lazy\" decoding=\"async\" width=\"724\" height=\"1024\" src=\"https:\/\/blog.uclm.es\/proyectoret\/wp-content\/uploads\/sites\/282\/2024\/05\/3-1-724x1024.png\" alt=\"\" class=\"wp-image-518\" srcset=\"https:\/\/blog.uclm.es\/proyectoret\/wp-content\/uploads\/sites\/282\/2024\/05\/3-1-724x1024.png 724w, https:\/\/blog.uclm.es\/proyectoret\/wp-content\/uploads\/sites\/282\/2024\/05\/3-1-212x300.png 212w, https:\/\/blog.uclm.es\/proyectoret\/wp-content\/uploads\/sites\/282\/2024\/05\/3-1-768x1086.png 768w, https:\/\/blog.uclm.es\/proyectoret\/wp-content\/uploads\/sites\/282\/2024\/05\/3-1-1086x1536.png 1086w, https:\/\/blog.uclm.es\/proyectoret\/wp-content\/uploads\/sites\/282\/2024\/05\/3-1-1448x2048.png 1448w, https:\/\/blog.uclm.es\/proyectoret\/wp-content\/uploads\/sites\/282\/2024\/05\/3-1.png 1587w\" sizes=\"auto, (max-width: 724px) 100vw, 724px\" \/><\/figure>\n\n\n\n<p>As\u00ed tambi\u00e9n, cuenta con presencia en las presentaciones de los libros de&nbsp;<a href=\"https:\/\/blog.uclm.es\/proyectoret\/natalia-nunez-bargueno\/\">Natalia N\u00fa\u00f1ez Bargue\u00f1o<\/a>&nbsp;y&nbsp;<a href=\"https:\/\/blog.uclm.es\/proyectoret\/rafael-ruiz-andres\/\">Rafael Ruiz Andr\u00e9s<\/a>.<\/p>\n\n\n\n<figure class=\"wp-block-image\"><img loading=\"lazy\" decoding=\"async\" width=\"724\" height=\"1024\" src=\"https:\/\/blog.uclm.es\/proyectoret\/wp-content\/uploads\/sites\/282\/2024\/05\/4-1-724x1024.png\" alt=\"\" class=\"wp-image-514\" srcset=\"https:\/\/blog.uclm.es\/proyectoret\/wp-content\/uploads\/sites\/282\/2024\/05\/4-1-724x1024.png 724w, https:\/\/blog.uclm.es\/proyectoret\/wp-content\/uploads\/sites\/282\/2024\/05\/4-1-212x300.png 212w, https:\/\/blog.uclm.es\/proyectoret\/wp-content\/uploads\/sites\/282\/2024\/05\/4-1-768x1086.png 768w, https:\/\/blog.uclm.es\/proyectoret\/wp-content\/uploads\/sites\/282\/2024\/05\/4-1-1086x1536.png 1086w, https:\/\/blog.uclm.es\/proyectoret\/wp-content\/uploads\/sites\/282\/2024\/05\/4-1-1448x2048.png 1448w, https:\/\/blog.uclm.es\/proyectoret\/wp-content\/uploads\/sites\/282\/2024\/05\/4-1.png 1587w\" sizes=\"auto, (max-width: 724px) 100vw, 724px\" \/><\/figure>\n","protected":false},"excerpt":{"rendered":"<p>FEBRERO. Presentaci\u00f3n del libro Un 68 cat\u00f3lico. Catolicismo e izquierda en los largos a\u00f1os 60. Julio de la Cueva Merino y Joseba Louzao Villar (eds.) El pasado 20 de febrero de 2024, se celebr\u00f3 en la librer\u00eda Marcial Pons de Humanidades, en Madrid, la presentaci\u00f3n del libro editado y coordinado por nuestros compa\u00f1eros Julio de &hellip; <\/p>\n<p class=\"link-more\"><a href=\"https:\/\/blog.uclm.es\/proyectoret\/actividades\/actividades-2024\/\" class=\"more-link\">Continuar leyendo<span class=\"screen-reader-text\"> \u00abActividades 2024\u00bb<\/span><\/a><\/p>\n","protected":false},"author":474,"featured_media":0,"parent":30,"menu_order":0,"comment_status":"closed","ping_status":"closed","template":"","meta":{"footnotes":""},"class_list":["post-384","page","type-page","status-publish","hentry"],"_links":{"self":[{"href":"https:\/\/blog.uclm.es\/proyectoret\/wp-json\/wp\/v2\/pages\/384","targetHints":{"allow":["GET"]}}],"collection":[{"href":"https:\/\/blog.uclm.es\/proyectoret\/wp-json\/wp\/v2\/pages"}],"about":[{"href":"https:\/\/blog.uclm.es\/proyectoret\/wp-json\/wp\/v2\/types\/page"}],"author":[{"embeddable":true,"href":"https:\/\/blog.uclm.es\/proyectoret\/wp-json\/wp\/v2\/users\/474"}],"replies":[{"embeddable":true,"href":"https:\/\/blog.uclm.es\/proyectoret\/wp-json\/wp\/v2\/comments?post=384"}],"version-history":[{"count":13,"href":"https:\/\/blog.uclm.es\/proyectoret\/wp-json\/wp\/v2\/pages\/384\/revisions"}],"predecessor-version":[{"id":522,"href":"https:\/\/blog.uclm.es\/proyectoret\/wp-json\/wp\/v2\/pages\/384\/revisions\/522"}],"up":[{"embeddable":true,"href":"https:\/\/blog.uclm.es\/proyectoret\/wp-json\/wp\/v2\/pages\/30"}],"wp:attachment":[{"href":"https:\/\/blog.uclm.es\/proyectoret\/wp-json\/wp\/v2\/media?parent=384"}],"curies":[{"name":"wp","href":"https:\/\/api.w.org\/{rel}","templated":true}]}}