{"id":293,"date":"2024-04-03T21:52:47","date_gmt":"2024-04-03T19:52:47","guid":{"rendered":"https:\/\/blog.uclm.es\/proyectoret\/?page_id=293"},"modified":"2025-06-12T10:36:48","modified_gmt":"2025-06-12T08:36:48","slug":"rafael-ruiz-andres","status":"publish","type":"page","link":"https:\/\/blog.uclm.es\/proyectoret\/rafael-ruiz-andres\/","title":{"rendered":"Rafael Ruiz Andr\u00e9s"},"content":{"rendered":"\n<figure class=\"wp-block-image size-full is-resized is-style-default wp-duotone-rgb183689-rgb255255255-1\"><img loading=\"lazy\" decoding=\"async\" width=\"500\" height=\"500\" src=\"https:\/\/blog.uclm.es\/proyectoret\/wp-content\/uploads\/sites\/282\/2024\/04\/rafaelruiz.jpg\" alt=\"\" class=\"wp-image-377\" style=\"width:275px;height:auto\" srcset=\"https:\/\/blog.uclm.es\/proyectoret\/wp-content\/uploads\/sites\/282\/2024\/04\/rafaelruiz.jpg 500w, https:\/\/blog.uclm.es\/proyectoret\/wp-content\/uploads\/sites\/282\/2024\/04\/rafaelruiz-300x300.jpg 300w, https:\/\/blog.uclm.es\/proyectoret\/wp-content\/uploads\/sites\/282\/2024\/04\/rafaelruiz-150x150.jpg 150w, https:\/\/blog.uclm.es\/proyectoret\/wp-content\/uploads\/sites\/282\/2024\/04\/rafaelruiz-100x100.jpg 100w\" sizes=\"auto, (max-width: 500px) 100vw, 500px\" \/><\/figure>\n\n\n\n<p style=\"font-size:24px\"><strong><strong>Rafael Ruiz Andr\u00e9s<\/strong><\/strong><\/p>\n\n\n\n<p><strong>Profesor ayudante doctor en el Departamento de Sociolog\u00eda Aplicada. Facultad de Ciencias Pol\u00edticas y Sociolog\u00eda de la Universidad Complutense de Madrid<\/strong><\/p>\n\n\n\n<p><a href=\"mailto:rafaelruizandres@ucm.es\">rafaelruizandres@ucm.es<\/a><\/p>\n\n\n\n<p><strong>L\u00edneas de investigaci\u00f3n<\/strong>: Sociolog\u00eda de la religi\u00f3n, sociolog\u00eda hist\u00f3rica, secularizaci\u00f3n, no-religi\u00f3n, pluralismo religioso.<\/p>\n\n\n\n<p><strong>Publicaciones destacadas<\/strong>:<\/p>\n\n\n\n<p>Ruiz Andr\u00e9s, Rafael. <em>La secularizaci\u00f3n en Espa\u00f1a. Rupturas y cambios religiosos desde la sociolog\u00eda hist\u00f3rica, <\/em>C\u00e1tedra, Madrid. ISBN: 978-84-376-4390-8.<\/p>\n\n\n\n<p>Ruiz Andr\u00e9s, Rafael. \u00abToward a sociological hermeneutics of narrative secularization:&nbsp;<em>secular stories<\/em>&nbsp;in the Spanish case of religious transformation (1960\u20132019)\u00bb. <em>Journal of Contemporary Religion<\/em>, 38: 97-115. <a href=\"https:\/\/doi.org\/10.1080\/13537903.2023.2180926\">https:\/\/doi.org\/10.1080\/13537903.2023.2180926<\/a>.<\/p>\n\n\n\n<p>Ruiz Andr\u00e9s, Rafael. \u00abHistorical Sociology and Secularisation: The Political Use of \u2018Culturalised Religion\u2019 by the Radical Right in Spain\u00bb. <em>Journal of Historical Sociology<\/em>, 35(2): 250-263. <a href=\"https:\/\/doi.org\/10.1111\/johs.12369\">https:\/\/doi.org\/10.1111\/johs.12369<\/a>.<\/p>\n\n\n\n<p>Ruiz Andr\u00e9s, Rafael. \u00abLa postsecularizaci\u00f3n. Un nuevo paradigma en sociolog\u00eda de la religi\u00f3n\u00bb. <em>Pol\u00edtica y Sociedad<\/em>, 59(1): 72876. <a href=\"https:\/\/dx.doi.org\/10.5209\/poso.72876\">https:\/\/dx.doi.org\/10.5209\/poso.72876<\/a><\/p>\n\n\n\n<p>Ruiz Andr\u00e9s, Rafael. \u00abLa crisis de los sacerdotes y religiosos (1965-1972): reflejo y factor del proceso de secularizaci\u00f3n en Espa\u00f1a\u00bb. <em>Hispania Sacra<\/em>, 73(147): 259-271. <a href=\"https:\/\/doi.org\/10.3989\/hs.2021.022\">https:\/\/doi.org\/10.3989\/hs.2021.022<\/a><\/p>\n\n\n\n<p>Sajir, Zakaria, Ruiz Andr\u00e9s, Rafael (eds) Religious Diversity in Post-Secular Societies. Boundaries of Religious Freedom: Regulating Religion in Diverse Societies. Springer, Cham. <a href=\"https:\/\/doi.org\/10.1007\/978-3-031-83815-6\">https:\/\/doi.org\/10.1007\/978-3-031-83815-6<\/a><\/p>\n\n\n\n<div class=\"wp-block-columns is-layout-flex wp-container-core-columns-is-layout-9d6595d7 wp-block-columns-is-layout-flex\">\n<div class=\"wp-block-column is-layout-flow wp-block-column-is-layout-flow\">\n<figure class=\"wp-block-image size-full is-resized\"><a href=\"https:\/\/orcid.org\/0000-0002-9667-3052 \"><img loading=\"lazy\" decoding=\"async\" width=\"80\" height=\"80\" src=\"https:\/\/blog.uclm.es\/proyectoret\/wp-content\/uploads\/sites\/282\/2024\/04\/orcid80x80-4.png\" alt=\"\" class=\"wp-image-243\" style=\"width:57px;height:auto\" \/><\/a><\/figure>\n<\/div>\n\n\n\n<div class=\"wp-block-column is-vertically-aligned-center is-layout-flow wp-block-column-is-layout-flow\">\n<figure class=\"wp-block-image size-full is-resized\"><a href=\"https:\/\/scholar.google.com\/citations?user=JKEUT1YAAAAJ&amp;hl=es\"><img loading=\"lazy\" decoding=\"async\" width=\"80\" height=\"80\" src=\"https:\/\/blog.uclm.es\/proyectoret\/wp-content\/uploads\/sites\/282\/2024\/04\/scholar80x80-1.png\" alt=\"\" class=\"wp-image-241\" style=\"width:58px;height:auto\" \/><\/a><\/figure>\n<\/div>\n\n\n\n<div class=\"wp-block-column is-layout-flow wp-block-column-is-layout-flow\">\n<figure class=\"wp-block-image size-full is-resized\"><a href=\"https:\/\/ucm.academia.edu\/RafaRuizAndr%C3%A9s \"><img loading=\"lazy\" decoding=\"async\" width=\"80\" height=\"80\" src=\"https:\/\/blog.uclm.es\/proyectoret\/wp-content\/uploads\/sites\/282\/2024\/04\/academia80x80-1.png\" alt=\"\" class=\"wp-image-242\" style=\"width:58px;height:auto\" \/><\/a><\/figure>\n<\/div>\n<\/div>\n","protected":false},"excerpt":{"rendered":"<p>Rafael Ruiz Andr\u00e9s Profesor ayudante doctor en el Departamento de Sociolog\u00eda Aplicada. Facultad de Ciencias Pol\u00edticas y Sociolog\u00eda de la Universidad Complutense de Madrid rafaelruizandres@ucm.es L\u00edneas de investigaci\u00f3n: Sociolog\u00eda de la religi\u00f3n, sociolog\u00eda hist\u00f3rica, secularizaci\u00f3n, no-religi\u00f3n, pluralismo religioso. Publicaciones destacadas: Ruiz Andr\u00e9s, Rafael. La secularizaci\u00f3n en Espa\u00f1a. Rupturas y cambios religiosos desde la sociolog\u00eda hist\u00f3rica, &hellip; <\/p>\n<p class=\"link-more\"><a href=\"https:\/\/blog.uclm.es\/proyectoret\/rafael-ruiz-andres\/\" class=\"more-link\">Continuar leyendo<span class=\"screen-reader-text\"> \u00abRafael Ruiz Andr\u00e9s\u00bb<\/span><\/a><\/p>\n","protected":false},"author":474,"featured_media":0,"parent":0,"menu_order":0,"comment_status":"closed","ping_status":"closed","template":"","meta":{"footnotes":""},"class_list":["post-293","page","type-page","status-publish","hentry"],"_links":{"self":[{"href":"https:\/\/blog.uclm.es\/proyectoret\/wp-json\/wp\/v2\/pages\/293","targetHints":{"allow":["GET"]}}],"collection":[{"href":"https:\/\/blog.uclm.es\/proyectoret\/wp-json\/wp\/v2\/pages"}],"about":[{"href":"https:\/\/blog.uclm.es\/proyectoret\/wp-json\/wp\/v2\/types\/page"}],"author":[{"embeddable":true,"href":"https:\/\/blog.uclm.es\/proyectoret\/wp-json\/wp\/v2\/users\/474"}],"replies":[{"embeddable":true,"href":"https:\/\/blog.uclm.es\/proyectoret\/wp-json\/wp\/v2\/comments?post=293"}],"version-history":[{"count":3,"href":"https:\/\/blog.uclm.es\/proyectoret\/wp-json\/wp\/v2\/pages\/293\/revisions"}],"predecessor-version":[{"id":667,"href":"https:\/\/blog.uclm.es\/proyectoret\/wp-json\/wp\/v2\/pages\/293\/revisions\/667"}],"wp:attachment":[{"href":"https:\/\/blog.uclm.es\/proyectoret\/wp-json\/wp\/v2\/media?parent=293"}],"curies":[{"name":"wp","href":"https:\/\/api.w.org\/{rel}","templated":true}]}}