{"id":285,"date":"2024-04-03T21:52:16","date_gmt":"2024-04-03T19:52:16","guid":{"rendered":"https:\/\/blog.uclm.es\/proyectoret\/?page_id=285"},"modified":"2024-04-04T12:02:23","modified_gmt":"2024-04-04T10:02:23","slug":"miguel-dionisio","status":"publish","type":"page","link":"https:\/\/blog.uclm.es\/proyectoret\/miguel-dionisio\/","title":{"rendered":"Miguel Dionisio"},"content":{"rendered":"\n<figure class=\"wp-block-image size-full is-resized is-style-default wp-duotone-rgb183689-rgb255255255-1\"><img loading=\"lazy\" decoding=\"async\" width=\"500\" height=\"500\" src=\"https:\/\/blog.uclm.es\/proyectoret\/wp-content\/uploads\/sites\/282\/2024\/04\/miguel-1.jpg\" alt=\"\" class=\"wp-image-370\" style=\"width:275px;height:auto\" srcset=\"https:\/\/blog.uclm.es\/proyectoret\/wp-content\/uploads\/sites\/282\/2024\/04\/miguel-1.jpg 500w, https:\/\/blog.uclm.es\/proyectoret\/wp-content\/uploads\/sites\/282\/2024\/04\/miguel-1-300x300.jpg 300w, https:\/\/blog.uclm.es\/proyectoret\/wp-content\/uploads\/sites\/282\/2024\/04\/miguel-1-150x150.jpg 150w, https:\/\/blog.uclm.es\/proyectoret\/wp-content\/uploads\/sites\/282\/2024\/04\/miguel-1-100x100.jpg 100w\" sizes=\"auto, (max-width: 500px) 100vw, 500px\" \/><\/figure>\n\n\n\n<p style=\"font-size:24px\"><strong>Miguel \u00c1ngel Dionisio Vivas<\/strong><\/p>\n\n\n\n<p><strong>Profesor Ayudante Doctor. Facultad de Educaci\u00f3n. Universidad Rey Juan Carlos<\/strong><\/p>\n\n\n\n<p><a href=\"mailto:miguel.dionisio@urjc.es\">miguel.dionisio@urjc.es<\/a><\/p>\n\n\n\n<p><strong>L\u00edneas de investigaci\u00f3n<\/strong>: el conflicto catolicismo-secularizaci\u00f3n en la Espa\u00f1a del siglo XX; Relaciones Iglesia-Estado en la Espa\u00f1a de la Restauraci\u00f3n, el Franquismo y la Democracia; Catolicismo espa\u00f1ol contempor\u00e1neo y su dimensi\u00f3n transnacional (Italia, Argentina)<\/p>\n\n\n\n<p><strong>Publicaciones destacadas<\/strong>:<\/p>\n\n\n\n<p>Dionisio Vivas, Miguel \u00c1ngel. <em>Isidro Gom\u00e1 ante la Dictadura y la Rep\u00fablica. Pensamiento pol\u00edtico-religioso y acci\u00f3n pastoral<\/em>. Instituto Teol\u00f3gico San Ildefonso, Toledo. ISBN: 978-84-938979-5-6<\/p>\n\n\n\n<p><em>El clero toledano en la Primavera Tr\u00e1gica de 1936<\/em>, Instituto Teol\u00f3gico San Ildefonso, Toledo. ISBN: 978-84-15669-28-9<\/p>\n\n\n\n<p><em>Por Dios y la Patria. El cardenal Gom\u00e1 y la construcci\u00f3n de la Espa\u00f1a Nacional<\/em>, Instituto Teol\u00f3gico San Ildefonso, Toledo. ISBN: 978-84-15669-37-1.<\/p>\n\n\n\n<p>Dionisio Vivas, Miguel \u00c1ngel. \u201cIndisciplinados y libertinos: el mot\u00edn de los seminaristas toledanos de 1897\u201d, en <em>Hispania sacra Vol. 74, N\u00ba 150<\/em>, pp. 567-576. <a href=\"https:\/\/hispaniasacra.revistas.csic.es\/index.php\/hispaniasacra\/article\/view\/963\/964\">https:\/\/hispaniasacra.revistas.csic.es\/index.php\/hispaniasacra\/article\/view\/963\/964<\/a><\/p>\n\n\n\n<p>Dionisio Vivas, Miguel \u00c1ngel. \u201cLos cat\u00f3licos y su adaptaci\u00f3n al franquismo\u201d. En RODR\u00cdGUEZ L\u00d3PEZ-BREA, Carlos (Ed.), <em>Los pasos perdidos del catolicismo espa\u00f1ol. Los cat\u00f3licos y la pol\u00edtica espa\u00f1ola del Siglo XX<\/em>, Valencia: pp. 99-130.<\/p>\n\n\n\n<div class=\"wp-block-columns is-layout-flex wp-container-core-columns-is-layout-9d6595d7 wp-block-columns-is-layout-flex\">\n<div class=\"wp-block-column is-layout-flow wp-block-column-is-layout-flow\">\n<figure class=\"wp-block-image size-full is-resized\"><a href=\"https:\/\/orcid.org\/my-orcid?orcid=0000-0003-2866-7803\"><img loading=\"lazy\" decoding=\"async\" width=\"80\" height=\"80\" src=\"https:\/\/blog.uclm.es\/proyectoret\/wp-content\/uploads\/sites\/282\/2024\/04\/orcid80x80-4.png\" alt=\"\" class=\"wp-image-243\" style=\"width:57px;height:auto\" \/><\/a><\/figure>\n<\/div>\n\n\n\n<div class=\"wp-block-column is-vertically-aligned-center is-layout-flow wp-block-column-is-layout-flow\">\n<figure class=\"wp-block-image size-full is-resized\"><a href=\"https:\/\/twitter.com\/miguel_dionisio\"><img loading=\"lazy\" decoding=\"async\" width=\"80\" height=\"80\" src=\"https:\/\/blog.uclm.es\/proyectoret\/wp-content\/uploads\/sites\/282\/2024\/04\/x80x80.png\" alt=\"\" class=\"wp-image-341\" style=\"width:58px;height:auto\" \/><\/a><\/figure>\n<\/div>\n\n\n\n<div class=\"wp-block-column is-layout-flow wp-block-column-is-layout-flow\">\n<figure class=\"wp-block-image size-full is-resized\"><a href=\"https:\/\/culturapolitica.academia.edu\/MiguelDIONISIOVIVAS\"><img loading=\"lazy\" decoding=\"async\" width=\"80\" height=\"80\" src=\"https:\/\/blog.uclm.es\/proyectoret\/wp-content\/uploads\/sites\/282\/2024\/04\/academia80x80-1.png\" alt=\"\" class=\"wp-image-242\" style=\"width:58px;height:auto\" \/><\/a><\/figure>\n<\/div>\n<\/div>\n","protected":false},"excerpt":{"rendered":"<p>Miguel \u00c1ngel Dionisio Vivas Profesor Ayudante Doctor. Facultad de Educaci\u00f3n. Universidad Rey Juan Carlos miguel.dionisio@urjc.es L\u00edneas de investigaci\u00f3n: el conflicto catolicismo-secularizaci\u00f3n en la Espa\u00f1a del siglo XX; Relaciones Iglesia-Estado en la Espa\u00f1a de la Restauraci\u00f3n, el Franquismo y la Democracia; Catolicismo espa\u00f1ol contempor\u00e1neo y su dimensi\u00f3n transnacional (Italia, Argentina) Publicaciones destacadas: Dionisio Vivas, Miguel \u00c1ngel. &hellip; <\/p>\n<p class=\"link-more\"><a href=\"https:\/\/blog.uclm.es\/proyectoret\/miguel-dionisio\/\" class=\"more-link\">Continuar leyendo<span class=\"screen-reader-text\"> \u00abMiguel Dionisio\u00bb<\/span><\/a><\/p>\n","protected":false},"author":474,"featured_media":0,"parent":0,"menu_order":0,"comment_status":"closed","ping_status":"closed","template":"","meta":{"footnotes":""},"class_list":["post-285","page","type-page","status-publish","hentry"],"_links":{"self":[{"href":"https:\/\/blog.uclm.es\/proyectoret\/wp-json\/wp\/v2\/pages\/285","targetHints":{"allow":["GET"]}}],"collection":[{"href":"https:\/\/blog.uclm.es\/proyectoret\/wp-json\/wp\/v2\/pages"}],"about":[{"href":"https:\/\/blog.uclm.es\/proyectoret\/wp-json\/wp\/v2\/types\/page"}],"author":[{"embeddable":true,"href":"https:\/\/blog.uclm.es\/proyectoret\/wp-json\/wp\/v2\/users\/474"}],"replies":[{"embeddable":true,"href":"https:\/\/blog.uclm.es\/proyectoret\/wp-json\/wp\/v2\/comments?post=285"}],"version-history":[{"count":3,"href":"https:\/\/blog.uclm.es\/proyectoret\/wp-json\/wp\/v2\/pages\/285\/revisions"}],"predecessor-version":[{"id":372,"href":"https:\/\/blog.uclm.es\/proyectoret\/wp-json\/wp\/v2\/pages\/285\/revisions\/372"}],"wp:attachment":[{"href":"https:\/\/blog.uclm.es\/proyectoret\/wp-json\/wp\/v2\/media?parent=285"}],"curies":[{"name":"wp","href":"https:\/\/api.w.org\/{rel}","templated":true}]}}