{"id":281,"date":"2024-04-03T21:51:57","date_gmt":"2024-04-03T19:51:57","guid":{"rendered":"https:\/\/blog.uclm.es\/proyectoret\/?page_id=281"},"modified":"2024-04-04T11:57:51","modified_gmt":"2024-04-04T09:57:51","slug":"joseba-louzao","status":"publish","type":"page","link":"https:\/\/blog.uclm.es\/proyectoret\/joseba-louzao\/","title":{"rendered":"Joseba Louzao"},"content":{"rendered":"\n<figure class=\"wp-block-image size-full is-resized is-style-default wp-duotone-rgb183689-rgb255255255-1\"><img loading=\"lazy\" decoding=\"async\" width=\"500\" height=\"500\" src=\"https:\/\/blog.uclm.es\/proyectoret\/wp-content\/uploads\/sites\/282\/2024\/04\/joseba.jpg\" alt=\"\" class=\"wp-image-366\" style=\"width:275px;height:auto\" srcset=\"https:\/\/blog.uclm.es\/proyectoret\/wp-content\/uploads\/sites\/282\/2024\/04\/joseba.jpg 500w, https:\/\/blog.uclm.es\/proyectoret\/wp-content\/uploads\/sites\/282\/2024\/04\/joseba-300x300.jpg 300w, https:\/\/blog.uclm.es\/proyectoret\/wp-content\/uploads\/sites\/282\/2024\/04\/joseba-150x150.jpg 150w, https:\/\/blog.uclm.es\/proyectoret\/wp-content\/uploads\/sites\/282\/2024\/04\/joseba-100x100.jpg 100w\" sizes=\"auto, (max-width: 500px) 100vw, 500px\" \/><\/figure>\n\n\n\n<p style=\"font-size:24px\"><strong><strong>Joseba Louzao Villar<\/strong><\/strong><\/p>\n\n\n\n<p><strong><strong>Profesor Titular. Centro Universitario Cardenal Cisneros Universidad de Alcal\u00e1<\/strong><\/strong><\/p>\n\n\n\n<p><a href=\"mailto:joseba.louzao@cardenalcisneros.es\">joseba.louzao@cardenalcisneros.es<\/a><\/p>\n\n\n\n<p><strong>L\u00edneas de investigaci\u00f3n<\/strong>: Historia religiosa cultural, las interrelaciones entre naci\u00f3n y catolicismo, historia del protestantismo en la Espa\u00f1a contempor\u00e1nea<\/p>\n\n\n\n<p><strong>Publicaciones destacadas<\/strong>:<\/p>\n\n\n\n<p>Louzao Villar, Joseba. <em>Breve Historia de la Iglesia cat\u00f3lica en Espa\u00f1a<\/em>, Libros de la Catarata, Madrid. 978-8413526126.<\/p>\n\n\n\n<p>Louzao Villar, Joseba. <em>Vicente Enrique y Taranc\u00f3n: La consecuencia del Evangelio<\/em>, Khaf, Madrid. 978-8415995616.<\/p>\n\n\n\n<p>Louzao Villar, Joseba. <em>Soldados de la fe o amantes del progreso. Catolicismo y modernidad (1890-1923)<\/em>, Genueve Ediciones, Logro\u00f1o. 978-8493855796.<\/p>\n\n\n\n<p>Louzao Villar, Joseba, \u00abCatholicism Versus Laicism: Culture Wars and the Making of Catholic National Identity in Spain, 1898\u20131931\u00bb. <em>European History Quarterly<\/em>, 43 (2013), p\u00e1ginas 657-680. DOI: 10.1177\/0265691413499283<\/p>\n\n\n\n<p>Louzao Villar, Joseba, \u00abNaci\u00f3n y catolicismo en la Espa\u00f1a contempor\u00e1nea. Revisitando una interrelaci\u00f3n hist\u00f3rica\u00bb. <em>Ayer<\/em>, 90\/2 (2013). p\u00e1ginas.&nbsp;&nbsp; 65-89. DOI: 10.5281\/zenodo.10578559<\/p>\n\n\n\n<div class=\"wp-block-columns is-layout-flex wp-container-core-columns-is-layout-9d6595d7 wp-block-columns-is-layout-flex\">\n<div class=\"wp-block-column is-layout-flow wp-block-column-is-layout-flow\">\n<figure class=\"wp-block-image size-full is-resized\"><a href=\"https:\/\/orcid.org\/0000-0001-9920-9629\"><img loading=\"lazy\" decoding=\"async\" width=\"80\" height=\"80\" src=\"https:\/\/blog.uclm.es\/proyectoret\/wp-content\/uploads\/sites\/282\/2024\/04\/orcid80x80-4.png\" alt=\"\" class=\"wp-image-243\" style=\"width:57px;height:auto\" \/><\/a><\/figure>\n<\/div>\n\n\n\n<div class=\"wp-block-column is-vertically-aligned-center is-layout-flow wp-block-column-is-layout-flow\">\n<figure class=\"wp-block-image size-full is-resized\"><a href=\"https:\/\/twitter.com\/j_louzao\"><img loading=\"lazy\" decoding=\"async\" width=\"80\" height=\"80\" src=\"https:\/\/blog.uclm.es\/proyectoret\/wp-content\/uploads\/sites\/282\/2024\/04\/x80x80.png\" alt=\"\" class=\"wp-image-341\" style=\"width:58px;height:auto\" \/><\/a><\/figure>\n<\/div>\n\n\n\n<div class=\"wp-block-column is-layout-flow wp-block-column-is-layout-flow\">\n<figure class=\"wp-block-image size-full is-resized\"><a href=\"https:\/\/cardenalcisneros.academia.edu\/JosebaLouzaoVillar\"><img loading=\"lazy\" decoding=\"async\" width=\"80\" height=\"80\" src=\"https:\/\/blog.uclm.es\/proyectoret\/wp-content\/uploads\/sites\/282\/2024\/04\/academia80x80-1.png\" alt=\"\" class=\"wp-image-242\" style=\"width:58px;height:auto\" \/><\/a><\/figure>\n<\/div>\n<\/div>\n","protected":false},"excerpt":{"rendered":"<p>Joseba Louzao Villar Profesor Titular. Centro Universitario Cardenal Cisneros Universidad de Alcal\u00e1 joseba.louzao@cardenalcisneros.es L\u00edneas de investigaci\u00f3n: Historia religiosa cultural, las interrelaciones entre naci\u00f3n y catolicismo, historia del protestantismo en la Espa\u00f1a contempor\u00e1nea Publicaciones destacadas: Louzao Villar, Joseba. Breve Historia de la Iglesia cat\u00f3lica en Espa\u00f1a, Libros de la Catarata, Madrid. 978-8413526126. Louzao Villar, Joseba. Vicente &hellip; <\/p>\n<p class=\"link-more\"><a href=\"https:\/\/blog.uclm.es\/proyectoret\/joseba-louzao\/\" class=\"more-link\">Continuar leyendo<span class=\"screen-reader-text\"> \u00abJoseba Louzao\u00bb<\/span><\/a><\/p>\n","protected":false},"author":474,"featured_media":0,"parent":0,"menu_order":0,"comment_status":"closed","ping_status":"closed","template":"","meta":{"footnotes":""},"class_list":["post-281","page","type-page","status-publish","hentry"],"_links":{"self":[{"href":"https:\/\/blog.uclm.es\/proyectoret\/wp-json\/wp\/v2\/pages\/281","targetHints":{"allow":["GET"]}}],"collection":[{"href":"https:\/\/blog.uclm.es\/proyectoret\/wp-json\/wp\/v2\/pages"}],"about":[{"href":"https:\/\/blog.uclm.es\/proyectoret\/wp-json\/wp\/v2\/types\/page"}],"author":[{"embeddable":true,"href":"https:\/\/blog.uclm.es\/proyectoret\/wp-json\/wp\/v2\/users\/474"}],"replies":[{"embeddable":true,"href":"https:\/\/blog.uclm.es\/proyectoret\/wp-json\/wp\/v2\/comments?post=281"}],"version-history":[{"count":3,"href":"https:\/\/blog.uclm.es\/proyectoret\/wp-json\/wp\/v2\/pages\/281\/revisions"}],"predecessor-version":[{"id":368,"href":"https:\/\/blog.uclm.es\/proyectoret\/wp-json\/wp\/v2\/pages\/281\/revisions\/368"}],"wp:attachment":[{"href":"https:\/\/blog.uclm.es\/proyectoret\/wp-json\/wp\/v2\/media?parent=281"}],"curies":[{"name":"wp","href":"https:\/\/api.w.org\/{rel}","templated":true}]}}