{"id":279,"date":"2024-04-03T21:51:50","date_gmt":"2024-04-03T19:51:50","guid":{"rendered":"https:\/\/blog.uclm.es\/proyectoret\/?page_id=279"},"modified":"2024-04-04T11:52:34","modified_gmt":"2024-04-04T09:52:34","slug":"chema-perez-soba","status":"publish","type":"page","link":"https:\/\/blog.uclm.es\/proyectoret\/chema-perez-soba\/","title":{"rendered":"Chema P\u00e9rez-Soba"},"content":{"rendered":"\n<figure class=\"wp-block-image size-full is-resized is-style-default wp-duotone-rgb183689-rgb255255255-1\"><img loading=\"lazy\" decoding=\"async\" width=\"500\" height=\"500\" src=\"https:\/\/blog.uclm.es\/proyectoret\/wp-content\/uploads\/sites\/282\/2024\/04\/chema.jpg\" alt=\"\" class=\"wp-image-363\" style=\"width:275px;height:auto\" srcset=\"https:\/\/blog.uclm.es\/proyectoret\/wp-content\/uploads\/sites\/282\/2024\/04\/chema.jpg 500w, https:\/\/blog.uclm.es\/proyectoret\/wp-content\/uploads\/sites\/282\/2024\/04\/chema-300x300.jpg 300w, https:\/\/blog.uclm.es\/proyectoret\/wp-content\/uploads\/sites\/282\/2024\/04\/chema-150x150.jpg 150w, https:\/\/blog.uclm.es\/proyectoret\/wp-content\/uploads\/sites\/282\/2024\/04\/chema-100x100.jpg 100w\" sizes=\"auto, (max-width: 500px) 100vw, 500px\" \/><\/figure>\n\n\n\n<p style=\"font-size:24px\"><strong><strong>Jos\u00e9 Mar\u00eda P\u00e9rez-Soba D\u00edez del Corral<\/strong><\/strong><\/p>\n\n\n\n<p><strong>Profesor Titular del Centro Universitario Cardenal Cisneros (UAH), profesor colaborador del Instituto Superior de Pastoral (UPSA)<\/strong><\/p>\n\n\n\n<p><a href=\"mailto:profesor.aggonzalez@uclm.es\">chemaperezsoba@cardenalcisneros.es<\/a><\/p>\n\n\n\n<p><strong>L\u00edneas de investigaci\u00f3n<\/strong>: secularizaci\u00f3n, fenomenolog\u00eda de la Religi\u00f3n, teolog\u00eda cat\u00f3lica progresista, institutos religiosos.<\/p>\n\n\n\n<p><strong>Publicaciones destacadas<\/strong>:<\/p>\n\n\n\n<p>P\u00e9rez-Soba, J. M. \u201cTeolog\u00eda de la Liberaci\u00f3n (68-75). De Europa a Am\u00e9rica latina, de Am\u00e9rica latina a Espa\u00f1a\u201d. En <em>Un 68 cat\u00f3lico. Catolicismo e izquierda en los largos a\u00f1os sesenta<\/em>, Madrid, 2023:113-146.<\/p>\n\n\n\n<p>P\u00e9rez-Soba, J. M. \u201cDebates actuales sobre el concepto de religi\u00f3n\u201d. <em>Analysis<\/em> (28) 2021: 59-68.<\/p>\n\n\n\n<p>P\u00e9rez-Soba, J. M. \u201cBuscando el hilo en el laberinto. Respuestas a un mundo pluralizado\u201d. En <em>La fe perpleja ante la cultura actual<\/em>, Estella, 2020: 113-140.<\/p>\n\n\n\n<p>P\u00e9rez-Soba, J. M. \u201cFundamentalismo y nueva intransigencia religiosa\u201d. En <em>Cine y teolog\u00eda en di\u00e1logo<\/em>, Valencia, 2020: 181-203.<\/p>\n\n\n\n<p>P\u00e9rez-Soba, J. M. \u201cViolencia y religi\u00f3n. La elecci\u00f3n de Lot\u201d <em>Anales valentinos. Revista de Filosof\u00eda y teolog\u00eda.<\/em> A\u00f1o V (9),2018: 5-28.<\/p>\n\n\n\n<div class=\"wp-block-columns is-layout-flex wp-container-core-columns-is-layout-9d6595d7 wp-block-columns-is-layout-flex\">\n<div class=\"wp-block-column is-layout-flow wp-block-column-is-layout-flow\">\n<figure class=\"wp-block-image size-full is-resized\"><a href=\"https:\/\/orcid.org\/0000-0001-5697-7214.\"><img loading=\"lazy\" decoding=\"async\" width=\"80\" height=\"80\" src=\"https:\/\/blog.uclm.es\/proyectoret\/wp-content\/uploads\/sites\/282\/2024\/04\/orcid80x80-4.png\" alt=\"\" class=\"wp-image-243\" style=\"width:57px;height:auto\" \/><\/a><\/figure>\n<\/div>\n\n\n\n<div class=\"wp-block-column is-vertically-aligned-center is-layout-flow wp-block-column-is-layout-flow\"><\/div>\n\n\n\n<div class=\"wp-block-column is-layout-flow wp-block-column-is-layout-flow\"><\/div>\n<\/div>\n","protected":false},"excerpt":{"rendered":"<p>Jos\u00e9 Mar\u00eda P\u00e9rez-Soba D\u00edez del Corral Profesor Titular del Centro Universitario Cardenal Cisneros (UAH), profesor colaborador del Instituto Superior de Pastoral (UPSA) chemaperezsoba@cardenalcisneros.es L\u00edneas de investigaci\u00f3n: secularizaci\u00f3n, fenomenolog\u00eda de la Religi\u00f3n, teolog\u00eda cat\u00f3lica progresista, institutos religiosos. Publicaciones destacadas: P\u00e9rez-Soba, J. M. \u201cTeolog\u00eda de la Liberaci\u00f3n (68-75). De Europa a Am\u00e9rica latina, de Am\u00e9rica latina a &hellip; <\/p>\n<p class=\"link-more\"><a href=\"https:\/\/blog.uclm.es\/proyectoret\/chema-perez-soba\/\" class=\"more-link\">Continuar leyendo<span class=\"screen-reader-text\"> \u00abChema P\u00e9rez-Soba\u00bb<\/span><\/a><\/p>\n","protected":false},"author":474,"featured_media":0,"parent":0,"menu_order":0,"comment_status":"closed","ping_status":"closed","template":"","meta":{"footnotes":""},"class_list":["post-279","page","type-page","status-publish","hentry"],"_links":{"self":[{"href":"https:\/\/blog.uclm.es\/proyectoret\/wp-json\/wp\/v2\/pages\/279","targetHints":{"allow":["GET"]}}],"collection":[{"href":"https:\/\/blog.uclm.es\/proyectoret\/wp-json\/wp\/v2\/pages"}],"about":[{"href":"https:\/\/blog.uclm.es\/proyectoret\/wp-json\/wp\/v2\/types\/page"}],"author":[{"embeddable":true,"href":"https:\/\/blog.uclm.es\/proyectoret\/wp-json\/wp\/v2\/users\/474"}],"replies":[{"embeddable":true,"href":"https:\/\/blog.uclm.es\/proyectoret\/wp-json\/wp\/v2\/comments?post=279"}],"version-history":[{"count":3,"href":"https:\/\/blog.uclm.es\/proyectoret\/wp-json\/wp\/v2\/pages\/279\/revisions"}],"predecessor-version":[{"id":365,"href":"https:\/\/blog.uclm.es\/proyectoret\/wp-json\/wp\/v2\/pages\/279\/revisions\/365"}],"wp:attachment":[{"href":"https:\/\/blog.uclm.es\/proyectoret\/wp-json\/wp\/v2\/media?parent=279"}],"curies":[{"name":"wp","href":"https:\/\/api.w.org\/{rel}","templated":true}]}}