{"id":277,"date":"2024-04-03T21:51:42","date_gmt":"2024-04-03T19:51:42","guid":{"rendered":"https:\/\/blog.uclm.es\/proyectoret\/?page_id=277"},"modified":"2024-04-04T11:48:32","modified_gmt":"2024-04-04T09:48:32","slug":"javier-gomez","status":"publish","type":"page","link":"https:\/\/blog.uclm.es\/proyectoret\/javier-gomez\/","title":{"rendered":"Francisco Javier G\u00f3mez D\u00edez"},"content":{"rendered":"\n<figure class=\"wp-block-image size-full is-resized is-style-default wp-duotone-rgb183689-rgb255255255-1\"><img loading=\"lazy\" decoding=\"async\" width=\"500\" height=\"500\" src=\"https:\/\/blog.uclm.es\/proyectoret\/wp-content\/uploads\/sites\/282\/2024\/04\/javiergomez.jpg\" alt=\"\" class=\"wp-image-359\" style=\"width:275px;height:auto\" srcset=\"https:\/\/blog.uclm.es\/proyectoret\/wp-content\/uploads\/sites\/282\/2024\/04\/javiergomez.jpg 500w, https:\/\/blog.uclm.es\/proyectoret\/wp-content\/uploads\/sites\/282\/2024\/04\/javiergomez-300x300.jpg 300w, https:\/\/blog.uclm.es\/proyectoret\/wp-content\/uploads\/sites\/282\/2024\/04\/javiergomez-150x150.jpg 150w, https:\/\/blog.uclm.es\/proyectoret\/wp-content\/uploads\/sites\/282\/2024\/04\/javiergomez-100x100.jpg 100w\" sizes=\"auto, (max-width: 500px) 100vw, 500px\" \/><\/figure>\n\n\n\n<p style=\"font-size:24px\"><strong><strong>Francisco Javier G\u00f3mez D\u00edez<\/strong><\/strong><\/p>\n\n\n\n<p><strong>Profesor titular Universidad Francisco de Vitoria<\/strong><\/p>\n\n\n\n<p><a href=\"mailto:profesor.aggonzalez@uclm.es\">j.gomez.prof@ufv.es<\/a><\/p>\n\n\n\n<p><strong>L\u00edneas de investigaci\u00f3n<\/strong>: Compa\u00f1\u00eda de Jes\u00fas; catolicismo latinoamericano<\/p>\n\n\n\n<p><strong>Publicaciones destacadas<\/strong>:<\/p>\n\n\n\n<p>G\u00f3mez D\u00edez, Francisco Javier, \u201cEducaci\u00f3n y compromiso: las universidades jesuitas en Centroam\u00e9rica\u201d, <em>Arbor<\/em>, 192 (782): DOI: http:\/\/dx.doi.org\/10.3989\/arbor.2016.782n6011<\/p>\n\n\n\n<p>G\u00f3mez D\u00edez, Francisco Javier, \u201cTyranny and the Usurpation of Spiritual Power: Pedro de Rivadeneyra, Francisco Su\u00e1rez and Robert Persons\u201d. En Leopoldo Prieto y Jos\u00e9 Luis Cendejas (ed.) Projections of Spanish Jesuit Scholasticism on British Thought, 2023, Brill, <a href=\"https:\/\/brill.com\/display\/title\/62342\">https:\/\/brill.com\/display\/title\/62342<\/a><\/p>\n\n\n\n<p>G\u00f3mez D\u00edez, Francisco Javier, \u201cLa relectura de la historia como instrumento de construcci\u00f3n de la identidad: los jesuitas y Rosas\u201d. <em>Revista Paginas<\/em>, <em>12<\/em>(29). <a href=\"https:\/\/doi.org\/10.35305\/rp.v12i29.409\">https:\/\/doi.org\/10.35305\/rp.v12i29.409<\/a><\/p>\n\n\n\n<div class=\"wp-block-columns is-layout-flex wp-container-core-columns-is-layout-9d6595d7 wp-block-columns-is-layout-flex\">\n<div class=\"wp-block-column is-layout-flow wp-block-column-is-layout-flow\">\n<figure class=\"wp-block-image size-full is-resized\"><a href=\"https:\/\/orcid.org\/0000-0002-5948-6186\"><img loading=\"lazy\" decoding=\"async\" width=\"80\" height=\"80\" src=\"https:\/\/blog.uclm.es\/proyectoret\/wp-content\/uploads\/sites\/282\/2024\/04\/orcid80x80-4.png\" alt=\"\" class=\"wp-image-243\" style=\"width:57px;height:auto\" \/><\/a><\/figure>\n<\/div>\n\n\n\n<div class=\"wp-block-column is-vertically-aligned-center is-layout-flow wp-block-column-is-layout-flow\"><\/div>\n\n\n\n<div class=\"wp-block-column is-layout-flow wp-block-column-is-layout-flow\"><\/div>\n<\/div>\n","protected":false},"excerpt":{"rendered":"<p>Francisco Javier G\u00f3mez D\u00edez Profesor titular Universidad Francisco de Vitoria j.gomez.prof@ufv.es L\u00edneas de investigaci\u00f3n: Compa\u00f1\u00eda de Jes\u00fas; catolicismo latinoamericano Publicaciones destacadas: G\u00f3mez D\u00edez, Francisco Javier, \u201cEducaci\u00f3n y compromiso: las universidades jesuitas en Centroam\u00e9rica\u201d, Arbor, 192 (782): DOI: http:\/\/dx.doi.org\/10.3989\/arbor.2016.782n6011 G\u00f3mez D\u00edez, Francisco Javier, \u201cTyranny and the Usurpation of Spiritual Power: Pedro de Rivadeneyra, Francisco Su\u00e1rez and &hellip; <\/p>\n<p class=\"link-more\"><a href=\"https:\/\/blog.uclm.es\/proyectoret\/javier-gomez\/\" class=\"more-link\">Continuar leyendo<span class=\"screen-reader-text\"> \u00abFrancisco Javier G\u00f3mez D\u00edez\u00bb<\/span><\/a><\/p>\n","protected":false},"author":474,"featured_media":0,"parent":0,"menu_order":0,"comment_status":"closed","ping_status":"closed","template":"","meta":{"footnotes":""},"class_list":["post-277","page","type-page","status-publish","hentry"],"_links":{"self":[{"href":"https:\/\/blog.uclm.es\/proyectoret\/wp-json\/wp\/v2\/pages\/277","targetHints":{"allow":["GET"]}}],"collection":[{"href":"https:\/\/blog.uclm.es\/proyectoret\/wp-json\/wp\/v2\/pages"}],"about":[{"href":"https:\/\/blog.uclm.es\/proyectoret\/wp-json\/wp\/v2\/types\/page"}],"author":[{"embeddable":true,"href":"https:\/\/blog.uclm.es\/proyectoret\/wp-json\/wp\/v2\/users\/474"}],"replies":[{"embeddable":true,"href":"https:\/\/blog.uclm.es\/proyectoret\/wp-json\/wp\/v2\/comments?post=277"}],"version-history":[{"count":3,"href":"https:\/\/blog.uclm.es\/proyectoret\/wp-json\/wp\/v2\/pages\/277\/revisions"}],"predecessor-version":[{"id":362,"href":"https:\/\/blog.uclm.es\/proyectoret\/wp-json\/wp\/v2\/pages\/277\/revisions\/362"}],"wp:attachment":[{"href":"https:\/\/blog.uclm.es\/proyectoret\/wp-json\/wp\/v2\/media?parent=277"}],"curies":[{"name":"wp","href":"https:\/\/api.w.org\/{rel}","templated":true}]}}