{"id":273,"date":"2024-04-03T21:51:29","date_gmt":"2024-04-03T19:51:29","guid":{"rendered":"https:\/\/blog.uclm.es\/proyectoret\/?page_id=273"},"modified":"2025-04-24T09:14:50","modified_gmt":"2025-04-24T07:14:50","slug":"edurne-yaniz","status":"publish","type":"page","link":"https:\/\/blog.uclm.es\/proyectoret\/edurne-yaniz\/","title":{"rendered":"Edurne Y\u00e1niz"},"content":{"rendered":"\n<figure class=\"wp-block-image size-full is-resized is-style-default wp-duotone-rgb183689-rgb255255255-1\"><img loading=\"lazy\" decoding=\"async\" width=\"500\" height=\"500\" src=\"https:\/\/blog.uclm.es\/proyectoret\/wp-content\/uploads\/sites\/282\/2024\/04\/edurne.jpg\" alt=\"\" class=\"wp-image-351\" style=\"width:275px;height:auto\" srcset=\"https:\/\/blog.uclm.es\/proyectoret\/wp-content\/uploads\/sites\/282\/2024\/04\/edurne.jpg 500w, https:\/\/blog.uclm.es\/proyectoret\/wp-content\/uploads\/sites\/282\/2024\/04\/edurne-300x300.jpg 300w, https:\/\/blog.uclm.es\/proyectoret\/wp-content\/uploads\/sites\/282\/2024\/04\/edurne-150x150.jpg 150w, https:\/\/blog.uclm.es\/proyectoret\/wp-content\/uploads\/sites\/282\/2024\/04\/edurne-100x100.jpg 100w\" sizes=\"auto, (max-width: 500px) 100vw, 500px\" \/><\/figure>\n\n\n\n<p style=\"font-size:24px\"><strong>Edurne Y\u00e1niz<\/strong><\/p>\n\n\n\n<p><strong>Profesora asociada en el Departamento de Ciencias Humanas y de la Educaci\u00f3n (\u00e1rea de conocimiento: Historia Contempor\u00e1nea), Universidad P\u00fablica de Navarra \/ Nafarroako Unibertsitate Publikoa<\/strong><\/p>\n\n\n\n<p><a href=\"mailto:profesor.aggonzalez@uclm.es\">edurne.yaniz@unavarra.es<\/a><\/p>\n\n\n\n<p><strong>L\u00edneas de investigaci\u00f3n<\/strong>: Concilio E. Vaticano II, catolicismo, franquismo, DDHH y memoria democr\u00e1tica<\/p>\n\n\n\n<p><strong>Tesis doctoral:<\/strong> \u201cEl impacto y la recepci\u00f3n del Concilio Vaticano II en Navarra, 1959-1968\/69 \/ The Impact and Reception of the Second Vatican Council in Navarre, 1959-1968\/69\u201d. Edurne Y\u00e1niz Berrio, Universidad P\u00fablica de Navarra \/ Nafarroako Unibertsitate Publikoa, 10 de abril de 2025. Sobresaliente cum laude; menci\u00f3n internacional. <strong>Tribunal:<\/strong> Jos\u00e9 Ram\u00f3n Rodr\u00edguez Lago (Presidente); Rold\u00e1n Jimeno Aranguren (Secretario); Natalia N\u00fa\u00f1ez Bargue\u00f1o (Vocal)<\/p>\n\n\n\n<p><strong>Publicaciones destacadas<\/strong>:<\/p>\n\n\n\n<p>Y\u00e1niz Berrio, Edurne (2014). El impacto y la recepci\u00f3n del Concilio Ecum\u00e9nico Vaticano II en Navarra. Una aproximaci\u00f3n al primer postconcilio marcado por la figura del prelado mons. Enrique Delgado G\u00f3mez (1965 \u2013 1968). <em>Historia Actual Online, <\/em>35, 127 \u2013 142. <a href=\"https:\/\/doi.org\/10.36132\/hao.v0i35.1101\">https:\/\/doi.org\/10.36132\/hao.v0i35.1101<\/a><\/p>\n\n\n\n<p>Y\u00e1niz Berrio, Edurne (2017). El dif\u00edcil postconcilio en Navarra. Una aproximaci\u00f3n: el estudio de las elecciones a vicario pastoral en la di\u00f3cesis de Pamplona \u2013 Tudela de 1970. En <em>Actas IX Encuentro Internacional de Investigadores del Franquismo: 80 a\u00f1os de la guerra civil espa\u00f1ola<\/em>. Granada, 10-11 de marzo de 2016 (pp. 461 \u2013 470). Fundaci\u00f3n de Estudios y Cooperaci\u00f3n de CCOO de Andaluc\u00eda. &nbsp;ISBN: 9788469744482. Ed. Electr\u00f3nica.<\/p>\n\n\n\n<p>Y\u00e1niz Berrio, Edurne (2018). La Asamblea Conjunta en la di\u00f3cesis de Pamplona y Tudela. En F. Montero, J. Louzao y F. Carmona (Eds.), <em>La Asamblea Conjunta de Obispos y Sacerdotes de 1971. Estudios diocesanos<\/em>. (pp. 273-300). Universidad de Alcal\u00e1 de Henares, Alcal\u00e1. ISBN 9788417729011.<\/p>\n\n\n\n<p>Y\u00e1niz Berrio, Edurne (2023). <em>Voces <\/em>de Mateo M\u00fagica Urrestarazu y Jos\u00e9 Mar\u00eda Seti\u00e9n Alberro para el Tomo IV de: Madariaga, Orbea, J. <em>Notitia Vasconiae. Diccionario de historiadores, juristas y pensadores pol\u00edticos de Vasconia. <\/em>Tomo IV. 1936-2022<em>. <\/em>Marcial Pons, Madrid, 544-549; 584-589. ISBN 9788413816418.<\/p>\n\n\n\n<div class=\"wp-block-columns is-layout-flex wp-container-core-columns-is-layout-9d6595d7 wp-block-columns-is-layout-flex\">\n<div class=\"wp-block-column is-layout-flow wp-block-column-is-layout-flow\">\n<figure class=\"wp-block-image size-full is-resized\"><a href=\"https:\/\/orcid.org\/0000-0002-5786-1544\"><img loading=\"lazy\" decoding=\"async\" width=\"80\" height=\"80\" src=\"https:\/\/blog.uclm.es\/proyectoret\/wp-content\/uploads\/sites\/282\/2024\/04\/orcid80x80-4.png\" alt=\"\" class=\"wp-image-243\" style=\"width:57px;height:auto\" \/><\/a><\/figure>\n<\/div>\n<\/div>\n","protected":false},"excerpt":{"rendered":"<p>Edurne Y\u00e1niz Profesora asociada en el Departamento de Ciencias Humanas y de la Educaci\u00f3n (\u00e1rea de conocimiento: Historia Contempor\u00e1nea), Universidad P\u00fablica de Navarra \/ Nafarroako Unibertsitate Publikoa edurne.yaniz@unavarra.es L\u00edneas de investigaci\u00f3n: Concilio E. Vaticano II, catolicismo, franquismo, DDHH y memoria democr\u00e1tica Tesis doctoral: \u201cEl impacto y la recepci\u00f3n del Concilio Vaticano II en Navarra, 1959-1968\/69 &hellip; <\/p>\n<p class=\"link-more\"><a href=\"https:\/\/blog.uclm.es\/proyectoret\/edurne-yaniz\/\" class=\"more-link\">Continuar leyendo<span class=\"screen-reader-text\"> \u00abEdurne Y\u00e1niz\u00bb<\/span><\/a><\/p>\n","protected":false},"author":474,"featured_media":0,"parent":0,"menu_order":0,"comment_status":"closed","ping_status":"closed","template":"","meta":{"footnotes":""},"class_list":["post-273","page","type-page","status-publish","hentry"],"_links":{"self":[{"href":"https:\/\/blog.uclm.es\/proyectoret\/wp-json\/wp\/v2\/pages\/273","targetHints":{"allow":["GET"]}}],"collection":[{"href":"https:\/\/blog.uclm.es\/proyectoret\/wp-json\/wp\/v2\/pages"}],"about":[{"href":"https:\/\/blog.uclm.es\/proyectoret\/wp-json\/wp\/v2\/types\/page"}],"author":[{"embeddable":true,"href":"https:\/\/blog.uclm.es\/proyectoret\/wp-json\/wp\/v2\/users\/474"}],"replies":[{"embeddable":true,"href":"https:\/\/blog.uclm.es\/proyectoret\/wp-json\/wp\/v2\/comments?post=273"}],"version-history":[{"count":5,"href":"https:\/\/blog.uclm.es\/proyectoret\/wp-json\/wp\/v2\/pages\/273\/revisions"}],"predecessor-version":[{"id":636,"href":"https:\/\/blog.uclm.es\/proyectoret\/wp-json\/wp\/v2\/pages\/273\/revisions\/636"}],"wp:attachment":[{"href":"https:\/\/blog.uclm.es\/proyectoret\/wp-json\/wp\/v2\/media?parent=273"}],"curies":[{"name":"wp","href":"https:\/\/api.w.org\/{rel}","templated":true}]}}