{"id":269,"date":"2024-04-03T21:51:14","date_gmt":"2024-04-03T19:51:14","guid":{"rendered":"https:\/\/blog.uclm.es\/proyectoret\/?page_id=269"},"modified":"2024-04-04T10:20:42","modified_gmt":"2024-04-04T08:20:42","slug":"aurora-lopez","status":"publish","type":"page","link":"https:\/\/blog.uclm.es\/proyectoret\/aurora-lopez\/","title":{"rendered":"Aurora L\u00f3pez"},"content":{"rendered":"\n<figure class=\"wp-block-image size-full is-resized is-style-default wp-duotone-rgb183689-rgb255255255-1\"><img loading=\"lazy\" decoding=\"async\" width=\"500\" height=\"500\" src=\"https:\/\/blog.uclm.es\/proyectoret\/wp-content\/uploads\/sites\/282\/2024\/04\/aurora.jpg\" alt=\"\" class=\"wp-image-344\" style=\"width:275px;height:auto\" srcset=\"https:\/\/blog.uclm.es\/proyectoret\/wp-content\/uploads\/sites\/282\/2024\/04\/aurora.jpg 500w, https:\/\/blog.uclm.es\/proyectoret\/wp-content\/uploads\/sites\/282\/2024\/04\/aurora-300x300.jpg 300w, https:\/\/blog.uclm.es\/proyectoret\/wp-content\/uploads\/sites\/282\/2024\/04\/aurora-150x150.jpg 150w, https:\/\/blog.uclm.es\/proyectoret\/wp-content\/uploads\/sites\/282\/2024\/04\/aurora-100x100.jpg 100w\" sizes=\"auto, (max-width: 500px) 100vw, 500px\" \/><\/figure>\n\n\n\n<p style=\"font-size:24px\"><strong>Aurora L\u00f3pez<\/strong><\/p>\n\n\n\n<p><strong>Profesora Titular de Derecho Eclesi\u00e1stico del Estado. Universidad de Huelva<\/strong>.<\/p>\n\n\n\n<p><a href=\"mailto:alfonso.botti@unimore.it\">aurora.lopez@dthm.uhu.es<\/a><\/p>\n\n\n\n<p><strong>L\u00edneas de investigaci\u00f3n<\/strong>: Relaciones Iglesia-Estado, Libertad religiosa, Derecho Concordatario<\/p>\n\n\n\n<p><strong>Publicaciones destacadas<\/strong>:<\/p>\n\n\n\n<p>L\u00f3pez Medina, Aurora Mar\u00eda, <em>Nolo episcopari. Las batallas jur\u00eddicas de Valent\u00edn Ortigosa (1784-1856)<\/em>, 2023, Ed. Dykinson \u00b788411706933 \u00b7ISBN electr\u00f3nico: 978-84-1170-773-2, 368 p\u00e1gs.<\/p>\n\n\n\n<p><a href=\"https:\/\/rabida.uhu.es\/dspace\/handle\/10272\/22896\">https:\/\/rabida.uhu.es\/dspace\/handle\/10272\/22896<\/a><\/p>\n\n\n\n<p>L\u00f3pez Medina, Aurora Mar\u00eda, 2023, \u201cUna Ley imposible de aplicar: 1841 un cl\u00e9rigo liberal ante el subsidio de culto y clero\u201d, <em>Revista General de Derecho Can\u00f3nico y Derecho Eclesi\u00e1stico del Estado<\/em>, ISSN-e 1696-9669, N\u00ba. 63, 2023<\/p>\n\n\n\n<p><a href=\"https:\/\/www.iustel.com\/\/v2\/revistas\/detalle_revista.asp?id_noticia=426456&amp;texto=\">https:\/\/www.iustel.com\/\/v2\/revistas\/detalle_revista.asp?id_noticia=426456&amp;texto=<\/a><\/p>\n\n\n\n<p>L\u00f3pez-Medina, Aurora Mar\u00eda, 2021 \u201cLa promoci\u00f3n de la libertad religiosa desde la neutralidad: modelos en los sistemas de relaciones Iglesia Estado en Europa\u201d, <em>Revista General de Derecho Can\u00f3nico y Derecho Eclesi\u00e1stico del Estado<\/em>, ISSN-e 1696-9669, N\u00ba. 56<\/p>\n\n\n\n<p><a href=\"https:\/\/hdl.handle.net\/10272\/23178\">https:\/\/hdl.handle.net\/10272\/23178<\/a><\/p>\n\n\n\n<p>L\u00f3pez Medina, Aurora Mar\u00eda, 2022, \u201cApelaciones \/ Appeals (DCH)\u201d <em>Max Planck Institute for Legal History and Legal Theory Research Paper Series<\/em> No. 2022-12<\/p>\n\n\n\n<p><a href=\"https:\/\/papers.ssrn.com\/sol3\/papers.cfm?abstract_id=4130306\">https:\/\/papers.ssrn.com\/sol3\/papers.cfm?abstract_id=4130306<\/a><\/p>\n\n\n\n<p>L\u00f3pez Medina, Aurora Mar\u00eda 2019. \u201cEn tierra extra\u00f1a. Juristas espa\u00f1oles en el exilio neoyorkino\u201d en M. Bermejo Castrillo (Cord.) <em>La Memoria del Jurista espa\u00f1ol<\/em> DYKINSON, Madrid 335-351 ISBN 978-84-1324-413-6, p.335-350<\/p>\n\n\n\n<p><a href=\"https:\/\/hdl.handle.net\/10272\/22908\">https:\/\/hdl.handle.net\/10272\/22908<\/a><\/p>\n\n\n\n<div class=\"wp-block-columns is-layout-flex wp-container-core-columns-is-layout-9d6595d7 wp-block-columns-is-layout-flex\">\n<div class=\"wp-block-column is-layout-flow wp-block-column-is-layout-flow\">\n<figure class=\"wp-block-image size-full is-resized\"><a href=\"https:\/\/orcid.org\/0000-0002-6210-9285\"><img loading=\"lazy\" decoding=\"async\" width=\"80\" height=\"80\" src=\"https:\/\/blog.uclm.es\/proyectoret\/wp-content\/uploads\/sites\/282\/2024\/04\/orcid80x80-4.png\" alt=\"\" class=\"wp-image-243\" style=\"width:57px;height:auto\" \/><\/a><\/figure>\n<\/div>\n\n\n\n<div class=\"wp-block-column is-vertically-aligned-center is-layout-flow wp-block-column-is-layout-flow\"><\/div>\n\n\n\n<div class=\"wp-block-column is-layout-flow wp-block-column-is-layout-flow\"><\/div>\n<\/div>\n\n\n\n<p>ResearcherID: AAA-6145-2019<\/p>\n\n\n\n<p>Scopus Author ID: 57217091745<\/p>\n","protected":false},"excerpt":{"rendered":"<p>Aurora L\u00f3pez Profesora Titular de Derecho Eclesi\u00e1stico del Estado. Universidad de Huelva. aurora.lopez@dthm.uhu.es L\u00edneas de investigaci\u00f3n: Relaciones Iglesia-Estado, Libertad religiosa, Derecho Concordatario Publicaciones destacadas: L\u00f3pez Medina, Aurora Mar\u00eda, Nolo episcopari. Las batallas jur\u00eddicas de Valent\u00edn Ortigosa (1784-1856), 2023, Ed. Dykinson \u00b788411706933 \u00b7ISBN electr\u00f3nico: 978-84-1170-773-2, 368 p\u00e1gs. https:\/\/rabida.uhu.es\/dspace\/handle\/10272\/22896 L\u00f3pez Medina, Aurora Mar\u00eda, 2023, \u201cUna Ley imposible &hellip; <\/p>\n<p class=\"link-more\"><a href=\"https:\/\/blog.uclm.es\/proyectoret\/aurora-lopez\/\" class=\"more-link\">Continuar leyendo<span class=\"screen-reader-text\"> \u00abAurora L\u00f3pez\u00bb<\/span><\/a><\/p>\n","protected":false},"author":474,"featured_media":0,"parent":0,"menu_order":0,"comment_status":"closed","ping_status":"closed","template":"","meta":{"footnotes":""},"class_list":["post-269","page","type-page","status-publish","hentry"],"_links":{"self":[{"href":"https:\/\/blog.uclm.es\/proyectoret\/wp-json\/wp\/v2\/pages\/269","targetHints":{"allow":["GET"]}}],"collection":[{"href":"https:\/\/blog.uclm.es\/proyectoret\/wp-json\/wp\/v2\/pages"}],"about":[{"href":"https:\/\/blog.uclm.es\/proyectoret\/wp-json\/wp\/v2\/types\/page"}],"author":[{"embeddable":true,"href":"https:\/\/blog.uclm.es\/proyectoret\/wp-json\/wp\/v2\/users\/474"}],"replies":[{"embeddable":true,"href":"https:\/\/blog.uclm.es\/proyectoret\/wp-json\/wp\/v2\/comments?post=269"}],"version-history":[{"count":4,"href":"https:\/\/blog.uclm.es\/proyectoret\/wp-json\/wp\/v2\/pages\/269\/revisions"}],"predecessor-version":[{"id":350,"href":"https:\/\/blog.uclm.es\/proyectoret\/wp-json\/wp\/v2\/pages\/269\/revisions\/350"}],"wp:attachment":[{"href":"https:\/\/blog.uclm.es\/proyectoret\/wp-json\/wp\/v2\/media?parent=269"}],"curies":[{"name":"wp","href":"https:\/\/api.w.org\/{rel}","templated":true}]}}