{"id":265,"date":"2024-04-03T21:50:58","date_gmt":"2024-04-03T19:50:58","guid":{"rendered":"https:\/\/blog.uclm.es\/proyectoret\/?page_id=265"},"modified":"2024-04-04T10:03:09","modified_gmt":"2024-04-04T08:03:09","slug":"alfonso-botti","status":"publish","type":"page","link":"https:\/\/blog.uclm.es\/proyectoret\/alfonso-botti\/","title":{"rendered":"Alfonso Botti"},"content":{"rendered":"\n<figure class=\"wp-block-image size-full is-resized is-style-default wp-duotone-rgb183689-rgb255255255-1\"><img loading=\"lazy\" decoding=\"async\" width=\"500\" height=\"500\" src=\"https:\/\/blog.uclm.es\/proyectoret\/wp-content\/uploads\/sites\/282\/2024\/04\/alfonso.jpg\" alt=\"\" class=\"wp-image-337\" style=\"width:275px;height:auto\" srcset=\"https:\/\/blog.uclm.es\/proyectoret\/wp-content\/uploads\/sites\/282\/2024\/04\/alfonso.jpg 500w, https:\/\/blog.uclm.es\/proyectoret\/wp-content\/uploads\/sites\/282\/2024\/04\/alfonso-300x300.jpg 300w, https:\/\/blog.uclm.es\/proyectoret\/wp-content\/uploads\/sites\/282\/2024\/04\/alfonso-150x150.jpg 150w, https:\/\/blog.uclm.es\/proyectoret\/wp-content\/uploads\/sites\/282\/2024\/04\/alfonso-100x100.jpg 100w\" sizes=\"auto, (max-width: 500px) 100vw, 500px\" \/><\/figure>\n\n\n\n<p style=\"font-size:24px\"><strong>Alfonso Botti<\/strong><\/p>\n\n\n\n<p><strong>Catedr\u00e1tico Senior de Historia contempor\u00e1nea en el Departamento de Estudios ling\u00fc\u00edsticos y culturales de la Universidad de M\u00f3dena y Reggio Emilia<\/strong><\/p>\n\n\n\n<p><a href=\"mailto:alfonso.botti@unimore.it\">alfonso.botti@unimore.it<\/a><\/p>\n\n\n\n<p><strong>L\u00edneas de investigaci\u00f3n<\/strong>: Iglesia, catolicismo, nacionalismos y antisemitismo en Espa\u00f1a, Italia y Europa, siglos XIX y XX<\/p>\n\n\n\n<p><strong>Publicaciones destacadas<\/strong>:<\/p>\n\n\n\n<p>Botti, Alfonso, <em>Cielo y dinero. El nacionalcatolicismo en Espa\u00f1a (1881-1975)<\/em>, Madrid, Alianza Editorial, 1992, pp. 182 (2008<sup>2<\/sup>)<\/p>\n\n\n\n<p>Botti, Alfonso, <em>La questione basca. Dalle origini allo scioglimento di Batasuna<\/em>, Milano, Bruno Mondadori, 2003, pp. 248<\/p>\n\n\n\n<p>Botti Alfonso, <em>Storia della Spagna democratica. Da Franco a Zapatero<\/em> Milano, Bruno Mondadori, 2006, pp. 192 (en colaboraci\u00f3n con C.Adagio)<\/p>\n\n\n\n<p>Botti, Alfonso, <em>Con la Tercera Espa\u00f1a, Luigi Sturzo, la Iglesia y la Guerra Civil espa\u00f1ola<\/em>, Madrid, Alianza, 2020, pp. 312<\/p>\n\n\n\n<p>Botti Alfonso, <em>Historias de las terceras Espa\u00f1as<\/em>, Valencia, PUV, 2023, pp. 166<\/p>\n\n\n\n<div class=\"wp-block-columns is-layout-flex wp-container-core-columns-is-layout-9d6595d7 wp-block-columns-is-layout-flex\">\n<div class=\"wp-block-column is-layout-flow wp-block-column-is-layout-flow\">\n<figure class=\"wp-block-image size-full is-resized\"><a href=\"https:\/\/orcid.org\/0000-0001-8563-1298\"><img loading=\"lazy\" decoding=\"async\" width=\"80\" height=\"80\" src=\"https:\/\/blog.uclm.es\/proyectoret\/wp-content\/uploads\/sites\/282\/2024\/04\/orcid80x80-4.png\" alt=\"\" class=\"wp-image-243\" style=\"width:57px;height:auto\" \/><\/a><\/figure>\n<\/div>\n\n\n\n<div class=\"wp-block-column is-vertically-aligned-center is-layout-flow wp-block-column-is-layout-flow\">\n<figure class=\"wp-block-image size-full is-resized\"><a href=\"https:\/\/scholar.google.com\/citations?user=mYDlbX4AAAAJ&amp;hl=it \"><img loading=\"lazy\" decoding=\"async\" width=\"80\" height=\"80\" src=\"https:\/\/blog.uclm.es\/proyectoret\/wp-content\/uploads\/sites\/282\/2024\/04\/scholar80x80-1.png\" alt=\"\" class=\"wp-image-241\" style=\"width:58px;height:auto\" \/><\/a><\/figure>\n<\/div>\n\n\n\n<div class=\"wp-block-column is-layout-flow wp-block-column-is-layout-flow\">\n<figure class=\"wp-block-image size-full is-resized\"><a href=\"https:\/\/unimore.academia.edu\/AlfonsoBotti\"><img loading=\"lazy\" decoding=\"async\" width=\"80\" height=\"80\" src=\"https:\/\/blog.uclm.es\/proyectoret\/wp-content\/uploads\/sites\/282\/2024\/04\/academia80x80-1.png\" alt=\"\" class=\"wp-image-242\" style=\"width:58px;height:auto\" \/><\/a><\/figure>\n<\/div>\n<\/div>\n\n\n\n<figure class=\"wp-block-image size-full is-resized\"><a href=\"https:\/\/www.researchgate.net\/profile\/Alfonso-Botti\"><img loading=\"lazy\" decoding=\"async\" width=\"80\" height=\"80\" src=\"https:\/\/blog.uclm.es\/proyectoret\/wp-content\/uploads\/sites\/282\/2024\/04\/researchgate80x80-1.png\" alt=\"\" class=\"wp-image-249\" style=\"width:58px;height:auto\" \/><\/a><\/figure>\n\n\n\n<p><a href=\"https:\/\/www.sissco.it\/soci\/botti-alfonso\/\">https:\/\/www.sissco.it\/soci\/botti-alfonso\/<\/a><\/p>\n","protected":false},"excerpt":{"rendered":"<p>Alfonso Botti Catedr\u00e1tico Senior de Historia contempor\u00e1nea en el Departamento de Estudios ling\u00fc\u00edsticos y culturales de la Universidad de M\u00f3dena y Reggio Emilia alfonso.botti@unimore.it L\u00edneas de investigaci\u00f3n: Iglesia, catolicismo, nacionalismos y antisemitismo en Espa\u00f1a, Italia y Europa, siglos XIX y XX Publicaciones destacadas: Botti, Alfonso, Cielo y dinero. El nacionalcatolicismo en Espa\u00f1a (1881-1975), Madrid, Alianza &hellip; <\/p>\n<p class=\"link-more\"><a href=\"https:\/\/blog.uclm.es\/proyectoret\/alfonso-botti\/\" class=\"more-link\">Continuar leyendo<span class=\"screen-reader-text\"> \u00abAlfonso Botti\u00bb<\/span><\/a><\/p>\n","protected":false},"author":474,"featured_media":0,"parent":0,"menu_order":0,"comment_status":"closed","ping_status":"closed","template":"","meta":{"footnotes":""},"class_list":["post-265","page","type-page","status-publish","hentry"],"_links":{"self":[{"href":"https:\/\/blog.uclm.es\/proyectoret\/wp-json\/wp\/v2\/pages\/265","targetHints":{"allow":["GET"]}}],"collection":[{"href":"https:\/\/blog.uclm.es\/proyectoret\/wp-json\/wp\/v2\/pages"}],"about":[{"href":"https:\/\/blog.uclm.es\/proyectoret\/wp-json\/wp\/v2\/types\/page"}],"author":[{"embeddable":true,"href":"https:\/\/blog.uclm.es\/proyectoret\/wp-json\/wp\/v2\/users\/474"}],"replies":[{"embeddable":true,"href":"https:\/\/blog.uclm.es\/proyectoret\/wp-json\/wp\/v2\/comments?post=265"}],"version-history":[{"count":3,"href":"https:\/\/blog.uclm.es\/proyectoret\/wp-json\/wp\/v2\/pages\/265\/revisions"}],"predecessor-version":[{"id":338,"href":"https:\/\/blog.uclm.es\/proyectoret\/wp-json\/wp\/v2\/pages\/265\/revisions\/338"}],"wp:attachment":[{"href":"https:\/\/blog.uclm.es\/proyectoret\/wp-json\/wp\/v2\/media?parent=265"}],"curies":[{"name":"wp","href":"https:\/\/api.w.org\/{rel}","templated":true}]}}