{"id":146,"date":"2024-03-03T10:17:08","date_gmt":"2024-03-03T09:17:08","guid":{"rendered":"https:\/\/blog.uclm.es\/proyectoret\/?page_id=146"},"modified":"2024-06-17T15:16:40","modified_gmt":"2024-06-17T13:16:40","slug":"novedades","status":"publish","type":"page","link":"https:\/\/blog.uclm.es\/proyectoret\/","title":{"rendered":"Inicio"},"content":{"rendered":"\n<figure class=\"wp-block-image size-large is-resized\"><img loading=\"lazy\" decoding=\"async\" width=\"1024\" height=\"261\" src=\"https:\/\/blog.uclm.es\/proyectoret\/wp-content\/uploads\/sites\/282\/2024\/03\/logoret_azulmarino-1024x261.png\" alt=\"\" class=\"wp-image-182\" style=\"width:553px;height:auto\" srcset=\"https:\/\/blog.uclm.es\/proyectoret\/wp-content\/uploads\/sites\/282\/2024\/03\/logoret_azulmarino-1024x261.png 1024w, https:\/\/blog.uclm.es\/proyectoret\/wp-content\/uploads\/sites\/282\/2024\/03\/logoret_azulmarino-300x76.png 300w, https:\/\/blog.uclm.es\/proyectoret\/wp-content\/uploads\/sites\/282\/2024\/03\/logoret_azulmarino-768x196.png 768w, https:\/\/blog.uclm.es\/proyectoret\/wp-content\/uploads\/sites\/282\/2024\/03\/logoret_azulmarino-1536x392.png 1536w, https:\/\/blog.uclm.es\/proyectoret\/wp-content\/uploads\/sites\/282\/2024\/03\/logoret_azulmarino-2048x522.png 2048w\" sizes=\"auto, (max-width: 706px) 89vw, (max-width: 767px) 82vw, 740px\" \/><\/figure>\n\n\n\n<p>El proyecto&nbsp;<em>Religi\u00f3n en transici\u00f3n: el factor religioso en la construcci\u00f3n de la democracia espa\u00f1ola (1968-1992)<\/em>&nbsp;(PID2022-139462NB-I00) busca profundizar en el conocimiento del factor religioso en los a\u00f1os de transici\u00f3n y consolidaci\u00f3n de la democracia en Espa\u00f1a.<\/p>\n\n\n\n<p style=\"font-size:31px\"><strong>Novedades<\/strong><\/p>\n\n\n<ul class=\"wp-block-latest-posts__list wp-block-latest-posts\"><li><a class=\"wp-block-latest-posts__post-title\" href=\"https:\/\/blog.uclm.es\/proyectoret\/novedades\/ni-nueva-ni-ajena-en-albacete-diversidad-religiosa-y-memoria\/\">Ni nueva ni ajena en Albacete. Diversidad religiosa y memoria<\/a><\/li>\n<li><a class=\"wp-block-latest-posts__post-title\" href=\"https:\/\/blog.uclm.es\/proyectoret\/novedades\/presentacion-del-libro-mujeres-catolicas-y-consagradas\/\">Presentaci\u00f3n del libro Mujeres, cat\u00f3licas y consagradas<\/a><\/li>\n<li><a class=\"wp-block-latest-posts__post-title\" href=\"https:\/\/blog.uclm.es\/proyectoret\/novedades\/seminario-transiciones-democraticas-entre-europa-del-sur-africa-y-america-latina-aspectos-para-el-debate\/\">Seminario Transiciones democr\u00e1ticas entre Europa del Sur, \u00c1frica y Am\u00e9rica Latina: aspectos para el debate<\/a><\/li>\n<li><a class=\"wp-block-latest-posts__post-title\" href=\"https:\/\/blog.uclm.es\/proyectoret\/novedades\/religious-diversity-in-post-secular-societies\/\">Religious Diversity in Post-Secular Societies<\/a><\/li>\n<li><a class=\"wp-block-latest-posts__post-title\" href=\"https:\/\/blog.uclm.es\/proyectoret\/novedades\/mujeres-catolicas-y-consagradas\/\">Mujeres, cat\u00f3licas y consagradas<\/a><\/li>\n<\/ul>\n\n<ul class=\"wp-block-latest-posts__list wp-block-latest-posts\"><li><a class=\"wp-block-latest-posts__post-title\" href=\"https:\/\/blog.uclm.es\/proyectoret\/novedades\/ni-nueva-ni-ajena-en-albacete-diversidad-religiosa-y-memoria\/\">Ni nueva ni ajena en Albacete. Diversidad religiosa y memoria<\/a><div class=\"wp-block-latest-posts__post-excerpt\">Desde el jueves 30 de octubre de 2025, a las 17:00 horas, el Instituto de Estudios Albacetenses \u201cDon Juan Manuel\u201d, en el Chal\u00e9 Fontecha (C\/ Tesifonte Gallego, 22, Albacete), acoger\u00e1 el acto Ni nueva ni ajena en Albacete. Diversidad religiosa y memoria, que se enmarca en la exposici\u00f3n Ni nueva ni ajena. Diversidad religiosa en &hellip; <p class=\"link-more\"><a href=\"https:\/\/blog.uclm.es\/proyectoret\/novedades\/ni-nueva-ni-ajena-en-albacete-diversidad-religiosa-y-memoria\/\" class=\"more-link\">Continuar leyendo<span class=\"screen-reader-text\"> \u00abNi nueva ni ajena en Albacete. Diversidad religiosa y memoria\u00bb<\/span><\/a><\/p><\/div><\/li>\n<li><a class=\"wp-block-latest-posts__post-title\" href=\"https:\/\/blog.uclm.es\/proyectoret\/novedades\/presentacion-del-libro-mujeres-catolicas-y-consagradas\/\">Presentaci\u00f3n del libro Mujeres, cat\u00f3licas y consagradas<\/a><div class=\"wp-block-latest-posts__post-excerpt\">Presentaci\u00f3n del libro Mujeres, cat\u00f3licas y consagradas (Premio Miguel Artola 2023) de Ver\u00f3nica Garc\u00eda Mart\u00edn en el Sal\u00f3n de actos de la Facultad de Humanidades de Toledo. 18 de septiembre a las 18:30 Presenta el libro Sisinio P\u00e9rez Garz\u00f3n Actividad enmarcada dentro del Seminario Transiciones democr\u00e1ticas entre Europa del Sur, \u00c1frica y Am\u00e9rica Latina: aspectos &hellip; <p class=\"link-more\"><a href=\"https:\/\/blog.uclm.es\/proyectoret\/novedades\/presentacion-del-libro-mujeres-catolicas-y-consagradas\/\" class=\"more-link\">Continuar leyendo<span class=\"screen-reader-text\"> \u00abPresentaci\u00f3n del libro Mujeres, cat\u00f3licas y consagradas\u00bb<\/span><\/a><\/p><\/div><\/li>\n<li><a class=\"wp-block-latest-posts__post-title\" href=\"https:\/\/blog.uclm.es\/proyectoret\/novedades\/seminario-transiciones-democraticas-entre-europa-del-sur-africa-y-america-latina-aspectos-para-el-debate\/\">Seminario Transiciones democr\u00e1ticas entre Europa del Sur, \u00c1frica y Am\u00e9rica Latina: aspectos para el debate<\/a><div class=\"wp-block-latest-posts__post-excerpt\">Se trata del tercer seminario de la serie Transiciones a la democracia: un balance. Esta serie de seminarios es fruto de la colaboraci\u00f3n entre las Universidades de Castilla-La Mancha, del Valle de Aosta e IULM. El primer seminario se celebr\u00f3 en la Universit\u00e0IULM, Mil\u00e1n, el 12 de diciembre de 2024, y el segundo, en la &hellip; <p class=\"link-more\"><a href=\"https:\/\/blog.uclm.es\/proyectoret\/novedades\/seminario-transiciones-democraticas-entre-europa-del-sur-africa-y-america-latina-aspectos-para-el-debate\/\" class=\"more-link\">Continuar leyendo<span class=\"screen-reader-text\"> \u00abSeminario Transiciones democr\u00e1ticas entre Europa del Sur, \u00c1frica y Am\u00e9rica Latina: aspectos para el debate\u00bb<\/span><\/a><\/p><\/div><\/li>\n<li><a class=\"wp-block-latest-posts__post-title\" href=\"https:\/\/blog.uclm.es\/proyectoret\/novedades\/religious-diversity-in-post-secular-societies\/\">Religious Diversity in Post-Secular Societies<\/a><div class=\"wp-block-latest-posts__post-excerpt\">Nuestro compa\u00f1ero Rafael Ruiz Andr\u00e9s ha publicado junto al Dr. Zakaria Sajir el libro Religious Diversity in Post-Secular Societies en la editorial Springer Nature. Este libro ofrece un estudio multidisciplinar de una de las caracter\u00edsticas definitorias de las sociedades post-seculares: la diversidad religiosa. Bas\u00e1ndose en la sociolog\u00eda de la religi\u00f3n, la sociolog\u00eda de las migraciones &hellip; <p class=\"link-more\"><a href=\"https:\/\/blog.uclm.es\/proyectoret\/novedades\/religious-diversity-in-post-secular-societies\/\" class=\"more-link\">Continuar leyendo<span class=\"screen-reader-text\"> \u00abReligious Diversity in Post-Secular Societies\u00bb<\/span><\/a><\/p><\/div><\/li>\n<li><a class=\"wp-block-latest-posts__post-title\" href=\"https:\/\/blog.uclm.es\/proyectoret\/novedades\/mujeres-catolicas-y-consagradas\/\">Mujeres, cat\u00f3licas y consagradas<\/a><div class=\"wp-block-latest-posts__post-excerpt\">Mujeres, cat\u00f3licas y consagradas. La renovaci\u00f3n de la vida religiosa femenina en Espa\u00f1a (1962-1978)Ver\u00f3nica Garc\u00eda Mart\u00edn. En 1962 comenz\u00f3 el Concilio Vaticano II con el objeto principal de renovar la Iglesia. Siguiendo la met\u00e1fora de Juan XXIII, era hora de abrir las puertas de la instituci\u00f3n para que entrara aire fresco. Sin embargo, esta brisa &hellip; <p class=\"link-more\"><a href=\"https:\/\/blog.uclm.es\/proyectoret\/novedades\/mujeres-catolicas-y-consagradas\/\" class=\"more-link\">Continuar leyendo<span class=\"screen-reader-text\"> \u00abMujeres, cat\u00f3licas y consagradas\u00bb<\/span><\/a><\/p><\/div><\/li>\n<\/ul>\n\n\n<figure class=\"wp-block-image size-full is-resized\"><img loading=\"lazy\" decoding=\"async\" width=\"2560\" height=\"319\" src=\"https:\/\/blog.uclm.es\/proyectoret\/wp-content\/uploads\/sites\/282\/2024\/03\/Pielogosbyn-scaled.jpg\" alt=\"\" class=\"wp-image-169\" style=\"width:800px\" srcset=\"https:\/\/blog.uclm.es\/proyectoret\/wp-content\/uploads\/sites\/282\/2024\/03\/Pielogosbyn-scaled.jpg 2560w, https:\/\/blog.uclm.es\/proyectoret\/wp-content\/uploads\/sites\/282\/2024\/03\/Pielogosbyn-300x37.jpg 300w, https:\/\/blog.uclm.es\/proyectoret\/wp-content\/uploads\/sites\/282\/2024\/03\/Pielogosbyn-1024x128.jpg 1024w, https:\/\/blog.uclm.es\/proyectoret\/wp-content\/uploads\/sites\/282\/2024\/03\/Pielogosbyn-768x96.jpg 768w, https:\/\/blog.uclm.es\/proyectoret\/wp-content\/uploads\/sites\/282\/2024\/03\/Pielogosbyn-1536x192.jpg 1536w, https:\/\/blog.uclm.es\/proyectoret\/wp-content\/uploads\/sites\/282\/2024\/03\/Pielogosbyn-2048x256.jpg 2048w, https:\/\/blog.uclm.es\/proyectoret\/wp-content\/uploads\/sites\/282\/2024\/03\/Pielogosbyn-624x78.jpg 624w\" sizes=\"auto, (max-width: 706px) 89vw, (max-width: 767px) 82vw, 740px\" \/><\/figure>\n","protected":false},"excerpt":{"rendered":"<p>El proyecto&nbsp;Religi\u00f3n en transici\u00f3n: el factor religioso en la construcci\u00f3n de la democracia espa\u00f1ola (1968-1992)&nbsp;(PID2022-139462NB-I00) busca profundizar en el conocimiento del factor religioso en los a\u00f1os de transici\u00f3n y consolidaci\u00f3n de la democracia en Espa\u00f1a. Novedades<\/p>\n","protected":false},"author":298,"featured_media":0,"parent":0,"menu_order":0,"comment_status":"closed","ping_status":"closed","template":"","meta":{"footnotes":""},"class_list":["post-146","page","type-page","status-publish","hentry"],"_links":{"self":[{"href":"https:\/\/blog.uclm.es\/proyectoret\/wp-json\/wp\/v2\/pages\/146","targetHints":{"allow":["GET"]}}],"collection":[{"href":"https:\/\/blog.uclm.es\/proyectoret\/wp-json\/wp\/v2\/pages"}],"about":[{"href":"https:\/\/blog.uclm.es\/proyectoret\/wp-json\/wp\/v2\/types\/page"}],"author":[{"embeddable":true,"href":"https:\/\/blog.uclm.es\/proyectoret\/wp-json\/wp\/v2\/users\/298"}],"replies":[{"embeddable":true,"href":"https:\/\/blog.uclm.es\/proyectoret\/wp-json\/wp\/v2\/comments?post=146"}],"version-history":[{"count":22,"href":"https:\/\/blog.uclm.es\/proyectoret\/wp-json\/wp\/v2\/pages\/146\/revisions"}],"predecessor-version":[{"id":573,"href":"https:\/\/blog.uclm.es\/proyectoret\/wp-json\/wp\/v2\/pages\/146\/revisions\/573"}],"wp:attachment":[{"href":"https:\/\/blog.uclm.es\/proyectoret\/wp-json\/wp\/v2\/media?parent=146"}],"curies":[{"name":"wp","href":"https:\/\/api.w.org\/{rel}","templated":true}]}}