{"id":130,"date":"2024-03-03T10:05:48","date_gmt":"2024-03-03T09:05:48","guid":{"rendered":"https:\/\/blog.uclm.es\/proyectoret\/?page_id=130"},"modified":"2024-04-03T21:38:08","modified_gmt":"2024-04-03T19:38:08","slug":"irene-gonzalez-gonzalez","status":"publish","type":"page","link":"https:\/\/blog.uclm.es\/proyectoret\/irene-gonzalez-gonzalez\/","title":{"rendered":"Irene Gonz\u00e1lez Gonz\u00e1lez"},"content":{"rendered":"\n<figure class=\"wp-block-image size-full is-resized is-style-default wp-duotone-rgb183689-rgb255255255-1\"><img loading=\"lazy\" decoding=\"async\" width=\"500\" height=\"500\" src=\"https:\/\/blog.uclm.es\/proyectoret\/wp-content\/uploads\/sites\/282\/2024\/04\/Irene.jpg\" alt=\"\" class=\"wp-image-252\" style=\"width:271px;height:auto\" srcset=\"https:\/\/blog.uclm.es\/proyectoret\/wp-content\/uploads\/sites\/282\/2024\/04\/Irene.jpg 500w, https:\/\/blog.uclm.es\/proyectoret\/wp-content\/uploads\/sites\/282\/2024\/04\/Irene-300x300.jpg 300w, https:\/\/blog.uclm.es\/proyectoret\/wp-content\/uploads\/sites\/282\/2024\/04\/Irene-150x150.jpg 150w, https:\/\/blog.uclm.es\/proyectoret\/wp-content\/uploads\/sites\/282\/2024\/04\/Irene-100x100.jpg 100w\" sizes=\"auto, (max-width: 500px) 100vw, 500px\" \/><\/figure>\n\n\n\n<p style=\"font-size:24px\"><strong>Irene Gonz\u00e1lez Gonz\u00e1lez<\/strong><\/p>\n\n\n\n<p><strong><strong>Profesora Contratada Doctora Interina, Facultad de Comunicaci\u00f3n, UCLM.<\/strong><\/strong><\/p>\n\n\n\n<p><a href=\"mailto:julio.cueva@uclm.es\">irene.gonzalez@uclm.es<\/a><\/p>\n\n\n\n<p><strong>Publicaciones destacadas<\/strong>:<\/p>\n\n\n\n<p>Gonz\u00e1lez Gonz\u00e1lez, I., \u201cCristianos de Oriente en la Espa\u00f1a del franquismo: intereses pol\u00edticos y propaganda en la recepci\u00f3n de seminaristas libaneses maronitas (1947-1962)\u201d. <em>Anaquel de Estudios \u00c1rabes<\/em>, 34(1), 2023: 111-126. <a href=\"https:\/\/dx.doi.org\/10.5209\/anqe.83361\">https:\/\/dx.doi.org\/10.5209\/anqe.83361<\/a><\/p>\n\n\n\n<p>Hernando de Larramendi, M. y Gonz\u00e1lez Gonz\u00e1lez, I., \u201cIslam and Colonialism in Modern Spain\u201d. En Julio de la Cueva, Ana I. Planet Contreras &amp; Miguel Hernando de Larramendi,&nbsp;Religious Landscapes in Contemporary Spain, Sussex Academic Press, 2022: 151-178. ISBN 978 1 78976 163 4<\/p>\n\n\n\n<p>Gonz\u00e1lez Gonz\u00e1lez, I., \u201cIm\u00e1genes de poder en el espacio colonial: la legitimaci\u00f3n de la autoridad jalifiana en el Marruecos espa\u00f1ol (1912-1925)\u201d. <em>Pasado y Memoria. Revista de Historia Contempor\u00e1nea, <\/em>n\u00ba 18, 2019, <a href=\"https:\/\/doi.org\/10.14198\/PASADO2019.18.06\">https:\/\/doi.org\/10.14198\/PASADO2019.18.06<\/a>.<\/p>\n\n\n\n<p>Hernando de Larramendi, M. y Gonz\u00e1lez Gonz\u00e1lez, I., \u201cIslam y colonialismo en la Espa\u00f1a Contempor\u00e1nea\u201d. En Julio de la Cueva, Miguel H. de Larramendi y Ana. I. Planet (eds.)&nbsp;<em>Encrucijadas del cambio religioso en Espa\u00f1a: secularizaci\u00f3n, diversidad religiosa e Islam<\/em>, Editorial Comares, Granada, 2018: 143-170. ISBN 978-84-9045-593-7<\/p>\n\n\n\n<p>Gonz\u00e1lez Gonz\u00e1lez, I., <em>Spanish Education in Morocco, 1912-1956. Cultural interactions in a Colonial Context<\/em>, Sussex Academic Press, Brighton, 2015. ISBN 978-1-84519-687-5<\/p>\n\n\n\n<p>Hernando de Larramendi, M. y Gonz\u00e1lez Gonz\u00e1lez, I., \u201cSegunda Reforma y primeras iglesias evang\u00e9licas en Castilla-La Mancha\u201d. En Miguel Hernando de Larramendi y Puerto Garc\u00eda Ort\u00edz (dir.), <a href=\"https:\/\/www.pluralismoyconvivencia.es\/publicaciones\/fichas\/religion-es-minorias-religiosas-en-castilla-la-mancha\/\"><em>religiones.es, Pluralismo Religioso en Castilla-La Mancha<\/em><\/a><em>,<\/em> Editorial Icaria, 2009: 37-86. ISBN: 978-84-9888-065-6.<\/p>\n\n\n\n<div class=\"wp-block-columns is-layout-flex wp-container-core-columns-is-layout-9d6595d7 wp-block-columns-is-layout-flex\">\n<div class=\"wp-block-column is-layout-flow wp-block-column-is-layout-flow\">\n<figure class=\"wp-block-image size-full is-resized\"><a href=\"https:\/\/orcid.org\/0000-0002-9625-9863\"><img loading=\"lazy\" decoding=\"async\" width=\"80\" height=\"80\" src=\"https:\/\/blog.uclm.es\/proyectoret\/wp-content\/uploads\/sites\/282\/2024\/04\/orcid80x80-4.png\" alt=\"\" class=\"wp-image-243\" style=\"width:57px;height:auto\" \/><\/a><\/figure>\n<\/div>\n\n\n\n<div class=\"wp-block-column is-vertically-aligned-center is-layout-flow wp-block-column-is-layout-flow\">\n<figure class=\"wp-block-image size-full is-resized\"><a href=\"https:\/\/scholar.google.com\/citations?hl=es&amp;user=yhDplVIAAAAJ \"><img loading=\"lazy\" decoding=\"async\" width=\"80\" height=\"80\" src=\"https:\/\/blog.uclm.es\/proyectoret\/wp-content\/uploads\/sites\/282\/2024\/04\/scholar80x80-1.png\" alt=\"\" class=\"wp-image-241\" style=\"width:58px;height:auto\" \/><\/a><\/figure>\n<\/div>\n\n\n\n<div class=\"wp-block-column is-layout-flow wp-block-column-is-layout-flow\">\n<figure class=\"wp-block-image size-full is-resized\"><a href=\"https:\/\/uclm.academia.edu\/IreneGONZ\u00c1LEZGONZ\u00c1LEZ\"><img loading=\"lazy\" decoding=\"async\" width=\"80\" height=\"80\" src=\"https:\/\/blog.uclm.es\/proyectoret\/wp-content\/uploads\/sites\/282\/2024\/04\/academia80x80-1.png\" alt=\"\" class=\"wp-image-242\" style=\"width:58px;height:auto\" \/><\/a><\/figure>\n<\/div>\n<\/div>\n\n\n\n<figure class=\"wp-block-image size-full is-resized\"><a href=\"https:\/\/www.researchgate.net\/profile\/Irene-Gonzalez-Gonzalez\"><img loading=\"lazy\" decoding=\"async\" width=\"80\" height=\"80\" src=\"https:\/\/blog.uclm.es\/proyectoret\/wp-content\/uploads\/sites\/282\/2024\/04\/researchgate80x80-1.png\" alt=\"\" class=\"wp-image-249\" style=\"width:58px;height:auto\" \/><\/a><\/figure>\n","protected":false},"excerpt":{"rendered":"<p>Irene Gonz\u00e1lez Gonz\u00e1lez Profesora Contratada Doctora Interina, Facultad de Comunicaci\u00f3n, UCLM. irene.gonzalez@uclm.es Publicaciones destacadas: Gonz\u00e1lez Gonz\u00e1lez, I., \u201cCristianos de Oriente en la Espa\u00f1a del franquismo: intereses pol\u00edticos y propaganda en la recepci\u00f3n de seminaristas libaneses maronitas (1947-1962)\u201d. Anaquel de Estudios \u00c1rabes, 34(1), 2023: 111-126. https:\/\/dx.doi.org\/10.5209\/anqe.83361 Hernando de Larramendi, M. y Gonz\u00e1lez Gonz\u00e1lez, I., \u201cIslam and &hellip; <\/p>\n<p class=\"link-more\"><a href=\"https:\/\/blog.uclm.es\/proyectoret\/irene-gonzalez-gonzalez\/\" class=\"more-link\">Continuar leyendo<span class=\"screen-reader-text\"> \u00abIrene Gonz\u00e1lez Gonz\u00e1lez\u00bb<\/span><\/a><\/p>\n","protected":false},"author":298,"featured_media":0,"parent":0,"menu_order":0,"comment_status":"closed","ping_status":"closed","template":"","meta":{"footnotes":""},"class_list":["post-130","page","type-page","status-publish","hentry"],"_links":{"self":[{"href":"https:\/\/blog.uclm.es\/proyectoret\/wp-json\/wp\/v2\/pages\/130","targetHints":{"allow":["GET"]}}],"collection":[{"href":"https:\/\/blog.uclm.es\/proyectoret\/wp-json\/wp\/v2\/pages"}],"about":[{"href":"https:\/\/blog.uclm.es\/proyectoret\/wp-json\/wp\/v2\/types\/page"}],"author":[{"embeddable":true,"href":"https:\/\/blog.uclm.es\/proyectoret\/wp-json\/wp\/v2\/users\/298"}],"replies":[{"embeddable":true,"href":"https:\/\/blog.uclm.es\/proyectoret\/wp-json\/wp\/v2\/comments?post=130"}],"version-history":[{"count":3,"href":"https:\/\/blog.uclm.es\/proyectoret\/wp-json\/wp\/v2\/pages\/130\/revisions"}],"predecessor-version":[{"id":254,"href":"https:\/\/blog.uclm.es\/proyectoret\/wp-json\/wp\/v2\/pages\/130\/revisions\/254"}],"wp:attachment":[{"href":"https:\/\/blog.uclm.es\/proyectoret\/wp-json\/wp\/v2\/media?parent=130"}],"curies":[{"name":"wp","href":"https:\/\/api.w.org\/{rel}","templated":true}]}}