{"id":128,"date":"2024-03-03T10:05:36","date_gmt":"2024-03-03T09:05:36","guid":{"rendered":"https:\/\/blog.uclm.es\/proyectoret\/?page_id=128"},"modified":"2024-06-17T14:59:58","modified_gmt":"2024-06-17T12:59:58","slug":"alberto-gonzalez-gonzalez","status":"publish","type":"page","link":"https:\/\/blog.uclm.es\/proyectoret\/alberto-gonzalez-gonzalez\/","title":{"rendered":"Alberto Gonz\u00e1lez Gonz\u00e1lez"},"content":{"rendered":"\n<figure class=\"wp-block-image size-full is-resized is-style-default wp-duotone-rgb183689-rgb255255255-1\"><img loading=\"lazy\" decoding=\"async\" width=\"500\" height=\"500\" src=\"https:\/\/blog.uclm.es\/proyectoret\/wp-content\/uploads\/sites\/282\/2024\/04\/alberto.jpg\" alt=\"\" class=\"wp-image-250\" style=\"width:275px;height:auto\" srcset=\"https:\/\/blog.uclm.es\/proyectoret\/wp-content\/uploads\/sites\/282\/2024\/04\/alberto.jpg 500w, https:\/\/blog.uclm.es\/proyectoret\/wp-content\/uploads\/sites\/282\/2024\/04\/alberto-300x300.jpg 300w, https:\/\/blog.uclm.es\/proyectoret\/wp-content\/uploads\/sites\/282\/2024\/04\/alberto-150x150.jpg 150w, https:\/\/blog.uclm.es\/proyectoret\/wp-content\/uploads\/sites\/282\/2024\/04\/alberto-100x100.jpg 100w\" sizes=\"auto, (max-width: 500px) 100vw, 500px\" \/><\/figure>\n\n\n\n<p style=\"font-size:24px\"><strong>Alberto Gonz\u00e1lez Gonz\u00e1lez<\/strong><\/p>\n\n\n\n<p><strong>Profesor Asociado en la Facultad de Ciencias Sociales de Cuenca de la Universidad de Castilla-La Mancha<\/strong><\/p>\n\n\n\n<p><a href=\"mailto:profesor.aggonzalez@uclm.es\">profesor.aggonzalez@uclm.es<\/a><\/p>\n\n\n\n<p><strong>L\u00edneas de investigaci\u00f3n<\/strong>: secularizaci\u00f3n, recatolizaci\u00f3n, religiosidad en el Ej\u00e9rcito, Apostolado Castrense, Segunda Rep\u00fablica, Franquismo, Transici\u00f3n.<\/p>\n\n\n\n<p><strong>Publicaciones destacadas<\/strong>:<\/p>\n\n\n\n<p>Gonz\u00e1lez Gonz\u00e1lez, Alberto. <em>La fe cat\u00f3lica, trinchera pol\u00edtica. Izquierdas y derechas en guerra cultural: Toledo (1931-1939)<\/em>, S\u00edlex Ediciones, Madrid, 2024. ISBN 9788419077882.<\/p>\n\n\n\n<p>Gonz\u00e1lez Gonz\u00e1lez, Alberto. \u00abLa secularizaci\u00f3n de un Ej\u00e9rcito: la aplicaci\u00f3n de la legislaci\u00f3n religiosa de la Segunda Rep\u00fablica (1931-1936)\u00bb. <em>Hispania Sacra<\/em>, Vol. 74 (150): pp. 589-599. https:\/\/doi.org\/10.3989\/hs.2022.42<\/p>\n\n\n\n<p>Gonz\u00e1lez Gonz\u00e1lez, Alberto. \u00abLos religiosos en el Ej\u00e9rcito espa\u00f1ol en la Segunda Rep\u00fablica\u00bb. <em>Revista Universitaria de Historia Militar<\/em>. Vol. 11 (22): pp. 207-227. https:\/\/doi.org\/10.53351\/ruhm.v11i22.782<\/p>\n\n\n\n<p>Gonz\u00e1lez Gonz\u00e1lez, Alberto. \u00abThe First Secularization and the Second Republic: The Province of Toledo as Case Study\u00bb. En <em>Religious Landscapes in Contemporary Spain. <\/em><em>The Impact of Secularization on Religious Pluralism<\/em>, Sussex: pp. 55-72.<\/p>\n\n\n\n<p>Gonz\u00e1lez Gonz\u00e1lez, Alberto. \u00abLa Iglesia cat\u00f3lica y el ej\u00e9rcito espa\u00f1ol: los capellanes castrenses y la recatolizaci\u00f3n de la juventud espa\u00f1ola (1938-1951)\u00bb. <em>Diacronie. Studi di Storia Contemporanea: Un bilancio della scommessa democr\u00e1tica della Chiesa Cattolica<\/em>, 26 (2): pp. 1-18. <a href=\"https:\/\/www.studistorici.com\/2016\/06\/29\/gonzalez-gonzalez_numero_26\/\">https:\/\/www.studistorici.com\/2016\/06\/29\/gonzalez-gonzalez_numero_26\/<\/a><\/p>\n\n\n\n<div class=\"wp-block-columns is-layout-flex wp-container-core-columns-is-layout-9d6595d7 wp-block-columns-is-layout-flex\">\n<div class=\"wp-block-column is-layout-flow wp-block-column-is-layout-flow\">\n<figure class=\"wp-block-image size-full is-resized\"><a href=\"https:\/\/orcid.org\/0000-0003-2719-803X\"><img loading=\"lazy\" decoding=\"async\" width=\"80\" height=\"80\" src=\"https:\/\/blog.uclm.es\/proyectoret\/wp-content\/uploads\/sites\/282\/2024\/04\/orcid80x80-4.png\" alt=\"\" class=\"wp-image-243\" style=\"width:57px;height:auto\" \/><\/a><\/figure>\n<\/div>\n\n\n\n<div class=\"wp-block-column is-vertically-aligned-center is-layout-flow wp-block-column-is-layout-flow\">\n<figure class=\"wp-block-image size-full is-resized\"><a href=\"https:\/\/scholar.google.es\/citations?hl=es&amp;user=CBIXOToAAAAJ\"><img loading=\"lazy\" decoding=\"async\" width=\"80\" height=\"80\" src=\"https:\/\/blog.uclm.es\/proyectoret\/wp-content\/uploads\/sites\/282\/2024\/04\/scholar80x80-1.png\" alt=\"\" class=\"wp-image-241\" style=\"width:58px;height:auto\" \/><\/a><\/figure>\n<\/div>\n\n\n\n<div class=\"wp-block-column is-layout-flow wp-block-column-is-layout-flow\">\n<figure class=\"wp-block-image size-full is-resized\"><a href=\"https:\/\/uclm.academia.edu\/ALBERTOGONZ\u00c1LEZGONZ\u00c1LEZ\"><img loading=\"lazy\" decoding=\"async\" width=\"80\" height=\"80\" src=\"https:\/\/blog.uclm.es\/proyectoret\/wp-content\/uploads\/sites\/282\/2024\/04\/academia80x80-1.png\" alt=\"\" class=\"wp-image-242\" style=\"width:58px;height:auto\" \/><\/a><\/figure>\n<\/div>\n<\/div>\n\n\n\n<figure class=\"wp-block-image size-full is-resized\"><a href=\"https:\/\/www.researchgate.net\/profile\/Alberto-Gonzalez-Gonzalez\"><img loading=\"lazy\" decoding=\"async\" width=\"80\" height=\"80\" src=\"https:\/\/blog.uclm.es\/proyectoret\/wp-content\/uploads\/sites\/282\/2024\/04\/researchgate80x80-1.png\" alt=\"\" class=\"wp-image-249\" style=\"width:58px;height:auto\" \/><\/a><\/figure>\n","protected":false},"excerpt":{"rendered":"<p>Alberto Gonz\u00e1lez Gonz\u00e1lez Profesor Asociado en la Facultad de Ciencias Sociales de Cuenca de la Universidad de Castilla-La Mancha profesor.aggonzalez@uclm.es L\u00edneas de investigaci\u00f3n: secularizaci\u00f3n, recatolizaci\u00f3n, religiosidad en el Ej\u00e9rcito, Apostolado Castrense, Segunda Rep\u00fablica, Franquismo, Transici\u00f3n. Publicaciones destacadas: Gonz\u00e1lez Gonz\u00e1lez, Alberto. La fe cat\u00f3lica, trinchera pol\u00edtica. Izquierdas y derechas en guerra cultural: Toledo (1931-1939), S\u00edlex Ediciones, &hellip; <\/p>\n<p class=\"link-more\"><a href=\"https:\/\/blog.uclm.es\/proyectoret\/alberto-gonzalez-gonzalez\/\" class=\"more-link\">Continuar leyendo<span class=\"screen-reader-text\"> \u00abAlberto Gonz\u00e1lez Gonz\u00e1lez\u00bb<\/span><\/a><\/p>\n","protected":false},"author":298,"featured_media":0,"parent":0,"menu_order":0,"comment_status":"closed","ping_status":"closed","template":"","meta":{"footnotes":""},"class_list":["post-128","page","type-page","status-publish","hentry"],"_links":{"self":[{"href":"https:\/\/blog.uclm.es\/proyectoret\/wp-json\/wp\/v2\/pages\/128","targetHints":{"allow":["GET"]}}],"collection":[{"href":"https:\/\/blog.uclm.es\/proyectoret\/wp-json\/wp\/v2\/pages"}],"about":[{"href":"https:\/\/blog.uclm.es\/proyectoret\/wp-json\/wp\/v2\/types\/page"}],"author":[{"embeddable":true,"href":"https:\/\/blog.uclm.es\/proyectoret\/wp-json\/wp\/v2\/users\/298"}],"replies":[{"embeddable":true,"href":"https:\/\/blog.uclm.es\/proyectoret\/wp-json\/wp\/v2\/comments?post=128"}],"version-history":[{"count":4,"href":"https:\/\/blog.uclm.es\/proyectoret\/wp-json\/wp\/v2\/pages\/128\/revisions"}],"predecessor-version":[{"id":563,"href":"https:\/\/blog.uclm.es\/proyectoret\/wp-json\/wp\/v2\/pages\/128\/revisions\/563"}],"wp:attachment":[{"href":"https:\/\/blog.uclm.es\/proyectoret\/wp-json\/wp\/v2\/media?parent=128"}],"curies":[{"name":"wp","href":"https:\/\/api.w.org\/{rel}","templated":true}]}}