{"id":126,"date":"2024-03-03T10:05:22","date_gmt":"2024-03-03T09:05:22","guid":{"rendered":"https:\/\/blog.uclm.es\/proyectoret\/?page_id=126"},"modified":"2025-06-12T10:35:45","modified_gmt":"2025-06-12T08:35:45","slug":"javier-recio-huetos","status":"publish","type":"page","link":"https:\/\/blog.uclm.es\/proyectoret\/javier-recio-huetos\/","title":{"rendered":"Javier Recio Huetos"},"content":{"rendered":"\n<figure class=\"wp-block-image size-full is-resized is-style-default wp-duotone-rgb183689-rgb255255255-1\"><img loading=\"lazy\" decoding=\"async\" width=\"500\" height=\"500\" src=\"https:\/\/blog.uclm.es\/proyectoret\/wp-content\/uploads\/sites\/282\/2024\/04\/javier.jpg\" alt=\"\" class=\"wp-image-256\" style=\"width:271px;height:auto\" srcset=\"https:\/\/blog.uclm.es\/proyectoret\/wp-content\/uploads\/sites\/282\/2024\/04\/javier.jpg 500w, https:\/\/blog.uclm.es\/proyectoret\/wp-content\/uploads\/sites\/282\/2024\/04\/javier-300x300.jpg 300w, https:\/\/blog.uclm.es\/proyectoret\/wp-content\/uploads\/sites\/282\/2024\/04\/javier-150x150.jpg 150w, https:\/\/blog.uclm.es\/proyectoret\/wp-content\/uploads\/sites\/282\/2024\/04\/javier-100x100.jpg 100w\" sizes=\"auto, (max-width: 500px) 100vw, 500px\" \/><\/figure>\n\n\n\n<p style=\"font-size:24px\"><strong>Javier Recio Huetos<\/strong><\/p>\n\n\n\n<p><strong><strong><strong>Contratado predoctoral en formaci\u00f3n <\/strong>en la Facultad de Humanidades de Toledo, Universidad de Castilla-La Mancha.<\/strong><\/strong><\/p>\n\n\n\n<p><a href=\"mailto:javier.recio@uclm.es\">javier.recio@uclm.es<\/a><\/p>\n\n\n\n<p><strong>L\u00edneas de investigaci\u00f3n<\/strong>: Transici\u00f3n espa\u00f1ola, catolicismo progresista, relaciones cat\u00f3licos-marxistas, catolicismo hispanoamericano.<\/p>\n\n\n\n<p><strong>Publicaciones destacadas<\/strong>:<\/p>\n\n\n\n<p>Recio Huetos, Javier. \u00abLa era postsecular. Rese\u00f1a de: Rafael Ruiz Andr\u00e9s, La secularizaci\u00f3n en Espa\u00f1a: rupturas y cambios religiosos desde la sociolog\u00eda hist\u00f3rica, Madrid, C\u00e1tedra, 2022\u00bb. <em>Isegor\u00eda<\/em>, n.<sup>o<\/sup> 67: r04. <a href=\"https:\/\/doi.org\/10.3989\/isegoria.2022.67.res04\">https:\/\/doi.org\/10.3989\/isegoria.2022.67.res04<\/a>.<\/p>\n\n\n\n<p>Recio Huetos, Javier. \u00abLiberation Theology Today: Tasks of Criticism in Interpellation to the Present World\u00bb. <em>Religions<\/em> 14 (4): 557. <a href=\"https:\/\/doi.org\/10.3390\/rel14040557\">https:\/\/doi.org\/10.3390\/rel14040557<\/a>.<\/p>\n\n\n\n<p>Recio Huetos, Javier. \u00ab\u2018Bleeding Catholicism\u2019: Liberation Theology\u2019s Demise and the Emergence of Pentecostalism in Latin America\u00bb. <em>Religions<\/em> 14 (11): 1354. <a href=\"https:\/\/doi.org\/10.3390\/rel14111354\">https:\/\/doi.org\/10.3390\/rel14111354<\/a>.<\/p>\n\n\n\n<p>Ruiz Andr\u00e9s, Rafael, Recio Huetos, Javier (2025). Beyond Secularization: Exploring the Post-Secular through Non-Religion. En: Sajir, Zakaria, Ruiz Andr\u00e9s, Rafael (eds) Religious Diversity in Post-Secular Societies. Boundaries of Religious Freedom: Regulating Religion in Diverse Societies. Springer, Cham. <a href=\"https:\/\/doi.org\/10.1007\/978-3-031-83815-6_2\">https:\/\/doi.org\/10.1007\/978-3-031-83815-6_2<\/a><\/p>\n\n\n\n<div class=\"wp-block-columns is-layout-flex wp-container-core-columns-is-layout-9d6595d7 wp-block-columns-is-layout-flex\">\n<div class=\"wp-block-column is-layout-flow wp-block-column-is-layout-flow\">\n<figure class=\"wp-block-image size-full is-resized\"><a href=\"https:\/\/orcid.org\/0000-0002-7305-817X\"><img loading=\"lazy\" decoding=\"async\" width=\"80\" height=\"80\" src=\"https:\/\/blog.uclm.es\/proyectoret\/wp-content\/uploads\/sites\/282\/2024\/04\/orcid80x80-4.png\" alt=\"\" class=\"wp-image-243\" style=\"width:57px;height:auto\" \/><\/a><\/figure>\n<\/div>\n\n\n\n<div class=\"wp-block-column is-vertically-aligned-center is-layout-flow wp-block-column-is-layout-flow\">\n<figure class=\"wp-block-image size-full is-resized\"><a href=\"https:\/\/www.researchgate.net\/profile\/Javier-Recio-Huetos-2 \"><img loading=\"lazy\" decoding=\"async\" width=\"80\" height=\"80\" src=\"https:\/\/blog.uclm.es\/proyectoret\/wp-content\/uploads\/sites\/282\/2024\/04\/researchgate80x80-2.png\" alt=\"\" class=\"wp-image-257\" style=\"width:58px;height:auto\" \/><\/a><\/figure>\n<\/div>\n\n\n\n<div class=\"wp-block-column is-layout-flow wp-block-column-is-layout-flow\"><\/div>\n<\/div>\n","protected":false},"excerpt":{"rendered":"<p>Javier Recio Huetos Contratado predoctoral en formaci\u00f3n en la Facultad de Humanidades de Toledo, Universidad de Castilla-La Mancha. javier.recio@uclm.es L\u00edneas de investigaci\u00f3n: Transici\u00f3n espa\u00f1ola, catolicismo progresista, relaciones cat\u00f3licos-marxistas, catolicismo hispanoamericano. Publicaciones destacadas: Recio Huetos, Javier. \u00abLa era postsecular. Rese\u00f1a de: Rafael Ruiz Andr\u00e9s, La secularizaci\u00f3n en Espa\u00f1a: rupturas y cambios religiosos desde la sociolog\u00eda hist\u00f3rica, &hellip; <\/p>\n<p class=\"link-more\"><a href=\"https:\/\/blog.uclm.es\/proyectoret\/javier-recio-huetos\/\" class=\"more-link\">Continuar leyendo<span class=\"screen-reader-text\"> \u00abJavier Recio Huetos\u00bb<\/span><\/a><\/p>\n","protected":false},"author":298,"featured_media":0,"parent":0,"menu_order":0,"comment_status":"closed","ping_status":"closed","template":"","meta":{"footnotes":""},"class_list":["post-126","page","type-page","status-publish","hentry"],"_links":{"self":[{"href":"https:\/\/blog.uclm.es\/proyectoret\/wp-json\/wp\/v2\/pages\/126","targetHints":{"allow":["GET"]}}],"collection":[{"href":"https:\/\/blog.uclm.es\/proyectoret\/wp-json\/wp\/v2\/pages"}],"about":[{"href":"https:\/\/blog.uclm.es\/proyectoret\/wp-json\/wp\/v2\/types\/page"}],"author":[{"embeddable":true,"href":"https:\/\/blog.uclm.es\/proyectoret\/wp-json\/wp\/v2\/users\/298"}],"replies":[{"embeddable":true,"href":"https:\/\/blog.uclm.es\/proyectoret\/wp-json\/wp\/v2\/comments?post=126"}],"version-history":[{"count":5,"href":"https:\/\/blog.uclm.es\/proyectoret\/wp-json\/wp\/v2\/pages\/126\/revisions"}],"predecessor-version":[{"id":666,"href":"https:\/\/blog.uclm.es\/proyectoret\/wp-json\/wp\/v2\/pages\/126\/revisions\/666"}],"wp:attachment":[{"href":"https:\/\/blog.uclm.es\/proyectoret\/wp-json\/wp\/v2\/media?parent=126"}],"curies":[{"name":"wp","href":"https:\/\/api.w.org\/{rel}","templated":true}]}}