{"id":124,"date":"2024-03-03T10:05:12","date_gmt":"2024-03-03T09:05:12","guid":{"rendered":"https:\/\/blog.uclm.es\/proyectoret\/?page_id=124"},"modified":"2024-04-03T21:50:06","modified_gmt":"2024-04-03T19:50:06","slug":"veronica-garcia-martin","status":"publish","type":"page","link":"https:\/\/blog.uclm.es\/proyectoret\/veronica-garcia-martin\/","title":{"rendered":"Ver\u00f3nica Garc\u00eda Mart\u00edn"},"content":{"rendered":"\n<figure class=\"wp-block-image size-full is-resized is-style-default wp-duotone-rgb183689-rgb255255255-1\"><img loading=\"lazy\" decoding=\"async\" width=\"500\" height=\"500\" src=\"https:\/\/blog.uclm.es\/proyectoret\/wp-content\/uploads\/sites\/282\/2024\/04\/veronica-1.jpg\" alt=\"\" class=\"wp-image-263\" style=\"width:271px;height:auto\" srcset=\"https:\/\/blog.uclm.es\/proyectoret\/wp-content\/uploads\/sites\/282\/2024\/04\/veronica-1.jpg 500w, https:\/\/blog.uclm.es\/proyectoret\/wp-content\/uploads\/sites\/282\/2024\/04\/veronica-1-300x300.jpg 300w, https:\/\/blog.uclm.es\/proyectoret\/wp-content\/uploads\/sites\/282\/2024\/04\/veronica-1-150x150.jpg 150w, https:\/\/blog.uclm.es\/proyectoret\/wp-content\/uploads\/sites\/282\/2024\/04\/veronica-1-100x100.jpg 100w\" sizes=\"auto, (max-width: 500px) 100vw, 500px\" \/><\/figure>\n\n\n\n<p style=\"font-size:24px\"><strong>Ver\u00f3nica Garc\u00eda Mart\u00edn<\/strong><\/p>\n\n\n\n<p><strong><strong><strong><strong>Doctora en Historia Contempor\u00e1nea <\/strong>por la Universidad de Castilla-La Mancha<\/strong><\/strong><\/strong><\/p>\n\n\n\n<p><a href=\"mailto:Veronica.GMartin@uclm.es\">Veronica.GMartin@uclm.es<\/a><\/p>\n\n\n\n<p><strong>L\u00edneas de investigaci\u00f3n<\/strong>: g\u00e9nero y religi\u00f3n; siglo XX; mujeres consagradas durante el franquismo y la transici\u00f3n; posconcilio, transformaci\u00f3n identitaria y secularizaci\u00f3n.<\/p>\n\n\n\n<p><strong>Publicaciones destacadas<\/strong>:<\/p>\n\n\n\n<p>Garc\u00eda Mart\u00edn, Ver\u00f3nica. \u00abCrossroads of Identities in Women Religious in Spain. Catholicism, Society and Second Vatican Council (1953-69)\u00bb. <em>Journal of Religious History<\/em>, 47 (3): 469-485. <a href=\"https:\/\/doi.org\/10.1111\/1467-9809.12952\">https:\/\/doi.org\/10.1111\/1467-9809.12952<\/a><\/p>\n\n\n\n<p>Garc\u00eda Mart\u00edn, Ver\u00f3nica. \u00abReligiosas y el aggiornamento conciliar en Espa\u00f1a: hacia una renovaci\u00f3n identitaria (1962-1965)\u00bb.<em> Historia contempor\u00e1nea<\/em>, 71: 287-318. <a href=\"https:\/\/ojs.ehu.eus\/index.php\/HC\/article\/view\/22468\/21558\">https:\/\/ojs.ehu.eus\/index.php\/HC\/article\/view\/22468\/21558<\/a><\/p>\n\n\n\n<p>Garc\u00eda Mart\u00edn, Ver\u00f3nica. \u00abMujeres, cat\u00f3licas y consagradas. El \u201caggiornamento\u201d y la (re)configuraci\u00f3n el modelo de religiosas en la Espa\u00f1a posconciliar\u00bb. En <em>La Historia habitada: Sujetos, procesos y retos de la historia contempor\u00e1nea del siglo XXI<\/em>, C\u00f3rdoba: 429-442.<\/p>\n\n\n\n<p>Garc\u00eda Mart\u00edn, Ver\u00f3nica. \u00abEl aggiornamento vaticano en la Espa\u00f1a nacionalcat\u00f3lica: grietas para la transici\u00f3n a la democracia\u00bb. En <em>Historia de la transici\u00f3n en Espa\u00f1a: la dimensi\u00f3n internacional y otros estudios<\/em>, Madrid: 153-171.<\/p>\n\n\n\n<div class=\"wp-block-columns is-layout-flex wp-container-core-columns-is-layout-9d6595d7 wp-block-columns-is-layout-flex\">\n<div class=\"wp-block-column is-layout-flow wp-block-column-is-layout-flow\">\n<figure class=\"wp-block-image size-full is-resized\"><a href=\"https:\/\/orcid.org\/0000-0002-6688-9952 \"><img loading=\"lazy\" decoding=\"async\" width=\"80\" height=\"80\" src=\"https:\/\/blog.uclm.es\/proyectoret\/wp-content\/uploads\/sites\/282\/2024\/04\/orcid80x80-4.png\" alt=\"\" class=\"wp-image-243\" style=\"width:57px;height:auto\" \/><\/a><\/figure>\n<\/div>\n\n\n\n<div class=\"wp-block-column is-vertically-aligned-center is-layout-flow wp-block-column-is-layout-flow\">\n<figure class=\"wp-block-image size-full is-resized\"><a href=\"https:\/\/uclm.academia.edu\/Ver%C3%B3nicaGarc%C3%ADaMart%C3%ADn \"><img loading=\"lazy\" decoding=\"async\" width=\"80\" height=\"80\" src=\"https:\/\/blog.uclm.es\/proyectoret\/wp-content\/uploads\/sites\/282\/2024\/04\/academia80x80-1.png\" alt=\"\" class=\"wp-image-242\" style=\"width:58px;height:auto\" \/><\/a><\/figure>\n<\/div>\n\n\n\n<div class=\"wp-block-column is-layout-flow wp-block-column-is-layout-flow\"><\/div>\n<\/div>\n","protected":false},"excerpt":{"rendered":"<p>Ver\u00f3nica Garc\u00eda Mart\u00edn Doctora en Historia Contempor\u00e1nea por la Universidad de Castilla-La Mancha Veronica.GMartin@uclm.es L\u00edneas de investigaci\u00f3n: g\u00e9nero y religi\u00f3n; siglo XX; mujeres consagradas durante el franquismo y la transici\u00f3n; posconcilio, transformaci\u00f3n identitaria y secularizaci\u00f3n. Publicaciones destacadas: Garc\u00eda Mart\u00edn, Ver\u00f3nica. \u00abCrossroads of Identities in Women Religious in Spain. Catholicism, Society and Second Vatican Council (1953-69)\u00bb. &hellip; <\/p>\n<p class=\"link-more\"><a href=\"https:\/\/blog.uclm.es\/proyectoret\/veronica-garcia-martin\/\" class=\"more-link\">Continuar leyendo<span class=\"screen-reader-text\"> \u00abVer\u00f3nica Garc\u00eda Mart\u00edn\u00bb<\/span><\/a><\/p>\n","protected":false},"author":298,"featured_media":0,"parent":0,"menu_order":0,"comment_status":"closed","ping_status":"closed","template":"","meta":{"footnotes":""},"class_list":["post-124","page","type-page","status-publish","hentry"],"_links":{"self":[{"href":"https:\/\/blog.uclm.es\/proyectoret\/wp-json\/wp\/v2\/pages\/124","targetHints":{"allow":["GET"]}}],"collection":[{"href":"https:\/\/blog.uclm.es\/proyectoret\/wp-json\/wp\/v2\/pages"}],"about":[{"href":"https:\/\/blog.uclm.es\/proyectoret\/wp-json\/wp\/v2\/types\/page"}],"author":[{"embeddable":true,"href":"https:\/\/blog.uclm.es\/proyectoret\/wp-json\/wp\/v2\/users\/298"}],"replies":[{"embeddable":true,"href":"https:\/\/blog.uclm.es\/proyectoret\/wp-json\/wp\/v2\/comments?post=124"}],"version-history":[{"count":3,"href":"https:\/\/blog.uclm.es\/proyectoret\/wp-json\/wp\/v2\/pages\/124\/revisions"}],"predecessor-version":[{"id":264,"href":"https:\/\/blog.uclm.es\/proyectoret\/wp-json\/wp\/v2\/pages\/124\/revisions\/264"}],"wp:attachment":[{"href":"https:\/\/blog.uclm.es\/proyectoret\/wp-json\/wp\/v2\/media?parent=124"}],"curies":[{"name":"wp","href":"https:\/\/api.w.org\/{rel}","templated":true}]}}