{"id":114,"date":"2024-03-02T15:19:21","date_gmt":"2024-03-02T14:19:21","guid":{"rendered":"https:\/\/blog.uclm.es\/proyectoret\/?page_id=114"},"modified":"2024-04-03T21:23:38","modified_gmt":"2024-04-03T19:23:38","slug":"julio-de-la-cueva-merino","status":"publish","type":"page","link":"https:\/\/blog.uclm.es\/proyectoret\/julio-de-la-cueva-merino\/","title":{"rendered":"Julio de la Cueva Merino"},"content":{"rendered":"\n<figure class=\"wp-block-image size-full is-resized is-style-default wp-duotone-rgb183689-rgb255255255-1\"><img loading=\"lazy\" decoding=\"async\" width=\"500\" height=\"500\" src=\"https:\/\/blog.uclm.es\/proyectoret\/wp-content\/uploads\/sites\/282\/2024\/03\/Plantilla_tamano_fotos.png\" alt=\"\" class=\"wp-image-110\" style=\"width:271px;height:auto\" srcset=\"https:\/\/blog.uclm.es\/proyectoret\/wp-content\/uploads\/sites\/282\/2024\/03\/Plantilla_tamano_fotos.png 500w, https:\/\/blog.uclm.es\/proyectoret\/wp-content\/uploads\/sites\/282\/2024\/03\/Plantilla_tamano_fotos-300x300.png 300w, https:\/\/blog.uclm.es\/proyectoret\/wp-content\/uploads\/sites\/282\/2024\/03\/Plantilla_tamano_fotos-150x150.png 150w\" sizes=\"auto, (max-width: 500px) 100vw, 500px\" \/><\/figure>\n\n\n\n<p style=\"font-size:24px\"><strong>Julio de la Cueva Merino<\/strong><\/p>\n\n\n\n<p><strong>Profesor Titular de Historia Contempor\u00e1nea, Facultad de Humanidades de Toledo, Universidad de Castilla-La Mancha<\/strong><\/p>\n\n\n\n<p><a href=\"mailto:julio.cueva@uclm.es\">julio.cueva@uclm.es<\/a><\/p>\n\n\n\n<p><strong>L\u00edneas de investigaci\u00f3n<\/strong>: Secularizaci\u00f3n, laicismo y anticlericalismo. El factor cat\u00f3lico en pol\u00edtica. Comunismo y catolicismo en el siglo XX.<\/p>\n\n\n\n<p><strong>Publicaciones destacadas<\/strong>:<\/p>\n\n\n\n<p>De la Cueva, Julio y Louzao, Joseba (eds.). <em>Un 68 cat\u00f3lico. Catolicismo e izquierda en los largos a\u00f1os sesenta<\/em>, Marcial Pons, Madrid, 2023. ISBN: 9788418752742.<\/p>\n\n\n\n<p>De la Cueva Merino, \u00abCultures of Secularism and Catholicism in Spain, 1898-1939\u201d, Andrew Dowling (ed.), <em>The Routledge Handbook of Spanish History<\/em>, Routledge, Abingdon-Nueva York, 2023: 321-330.<\/p>\n\n\n\n<p>De la Cueva, Julio, Hernando de Larramendi, Miguel y Planet, Ana I. (eds.). <em>Religious Landscapes in Contemporary Spain. <\/em><em>The Impact of Secularization on Religious Pluralism<\/em>, Sussex Academic Press, Brighton, 2022. ISBN: 978-1-78976-163-4.<\/p>\n\n\n\n<p>De la Cueva Merino, Julio. \u00abEl <em>aggiornamento<\/em> del comunismo espa\u00f1ol. El PCE, el PSUC y el esp\u00edritu del Vaticano II\u00bb. En Carles Santacana (ed.). <em>Europa en Espa\u00f1a. <\/em><em>Redes intelectuales transnacionales<\/em>, S\u00edlex, Madrid, 2022: 155-179.<\/p>\n\n\n\n<p>De la Cueva Merino, \u00abBlasphemy, War and Revolution: Spain, 1936\u00bb. En Eveline G. Bouwers y David S. Nash<em>, Demystifying the Sacred: Blasphemy and Violence from the French Revolution to Today<\/em>, De Gruyter Oldenbourg, Berl\u00edn, 2022: 83-108. DOI: 10.1515\/9783110713091-006.<\/p>\n\n\n\n<div class=\"wp-block-columns is-layout-flex wp-container-core-columns-is-layout-9d6595d7 wp-block-columns-is-layout-flex\">\n<div class=\"wp-block-column is-layout-flow wp-block-column-is-layout-flow\">\n<figure class=\"wp-block-image size-full is-resized\"><a href=\"https:\/\/orcid.org\/0000-0002-1779-9563\"><img loading=\"lazy\" decoding=\"async\" width=\"80\" height=\"80\" src=\"https:\/\/blog.uclm.es\/proyectoret\/wp-content\/uploads\/sites\/282\/2024\/04\/orcid80x80-4.png\" alt=\"\" class=\"wp-image-243\" style=\"width:57px;height:auto\" \/><\/a><\/figure>\n<\/div>\n\n\n\n<div class=\"wp-block-column is-vertically-aligned-center is-layout-flow wp-block-column-is-layout-flow\">\n<figure class=\"wp-block-image size-full is-resized\"><a href=\"https:\/\/scholar.google.es\/citations?user=lun_pjsAAAAJ&amp;hl=es\"><img loading=\"lazy\" decoding=\"async\" width=\"80\" height=\"80\" src=\"https:\/\/blog.uclm.es\/proyectoret\/wp-content\/uploads\/sites\/282\/2024\/04\/scholar80x80-1.png\" alt=\"\" class=\"wp-image-241\" style=\"width:58px;height:auto\" \/><\/a><\/figure>\n<\/div>\n\n\n\n<div class=\"wp-block-column is-layout-flow wp-block-column-is-layout-flow\">\n<figure class=\"wp-block-image size-full is-resized\"><a href=\"https:\/\/uclm.academia.edu\/JuliodelaCueva\"><img loading=\"lazy\" decoding=\"async\" width=\"80\" height=\"80\" src=\"https:\/\/blog.uclm.es\/proyectoret\/wp-content\/uploads\/sites\/282\/2024\/04\/academia80x80-1.png\" alt=\"\" class=\"wp-image-242\" style=\"width:58px;height:auto\" \/><\/a><\/figure>\n<\/div>\n<\/div>\n","protected":false},"excerpt":{"rendered":"<p>Julio de la Cueva Merino Profesor Titular de Historia Contempor\u00e1nea, Facultad de Humanidades de Toledo, Universidad de Castilla-La Mancha julio.cueva@uclm.es L\u00edneas de investigaci\u00f3n: Secularizaci\u00f3n, laicismo y anticlericalismo. El factor cat\u00f3lico en pol\u00edtica. Comunismo y catolicismo en el siglo XX. Publicaciones destacadas: De la Cueva, Julio y Louzao, Joseba (eds.). Un 68 cat\u00f3lico. Catolicismo e izquierda &hellip; <\/p>\n<p class=\"link-more\"><a href=\"https:\/\/blog.uclm.es\/proyectoret\/julio-de-la-cueva-merino\/\" class=\"more-link\">Continuar leyendo<span class=\"screen-reader-text\"> \u00abJulio de la Cueva Merino\u00bb<\/span><\/a><\/p>\n","protected":false},"author":298,"featured_media":0,"parent":0,"menu_order":0,"comment_status":"closed","ping_status":"closed","template":"","meta":{"footnotes":""},"class_list":["post-114","page","type-page","status-publish","hentry"],"_links":{"self":[{"href":"https:\/\/blog.uclm.es\/proyectoret\/wp-json\/wp\/v2\/pages\/114","targetHints":{"allow":["GET"]}}],"collection":[{"href":"https:\/\/blog.uclm.es\/proyectoret\/wp-json\/wp\/v2\/pages"}],"about":[{"href":"https:\/\/blog.uclm.es\/proyectoret\/wp-json\/wp\/v2\/types\/page"}],"author":[{"embeddable":true,"href":"https:\/\/blog.uclm.es\/proyectoret\/wp-json\/wp\/v2\/users\/298"}],"replies":[{"embeddable":true,"href":"https:\/\/blog.uclm.es\/proyectoret\/wp-json\/wp\/v2\/comments?post=114"}],"version-history":[{"count":13,"href":"https:\/\/blog.uclm.es\/proyectoret\/wp-json\/wp\/v2\/pages\/114\/revisions"}],"predecessor-version":[{"id":245,"href":"https:\/\/blog.uclm.es\/proyectoret\/wp-json\/wp\/v2\/pages\/114\/revisions\/245"}],"wp:attachment":[{"href":"https:\/\/blog.uclm.es\/proyectoret\/wp-json\/wp\/v2\/media?parent=114"}],"curies":[{"name":"wp","href":"https:\/\/api.w.org\/{rel}","templated":true}]}}