{"id":739,"date":"2024-10-29T10:38:06","date_gmt":"2024-10-29T10:38:06","guid":{"rendered":"https:\/\/blog.uclm.es\/proyectoremareemi\/?page_id=739"},"modified":"2024-10-29T10:53:51","modified_gmt":"2024-10-29T10:53:51","slug":"iclhe-es","status":"publish","type":"page","link":"https:\/\/blog.uclm.es\/proyectoremareemi\/iclhe-es\/","title":{"rendered":"ICLHE &#8211; ES"},"content":{"rendered":"\n<p>ICLHE, es un proyecto de innovaci\u00f3n docente que pretende promover y fomentar la internacionalizaci\u00f3n de la UCLM mediante la realizaci\u00f3n de una serie de acciones que repercutan positivamente en la calidad y aumento de la cantidad de asignaturas\u00a0<em>English friendly<\/em>, por un lado, y de asignaturas impartidas en ingl\u00e9s en grados biling\u00fces, por otro. Su prop\u00f3sito es proporcionar recursos para el profesorado en cuatro dimensiones: 1) Materiales disciplinares y recursos en ingl\u00e9s referidos a diversas \u00e1reas de conocimiento. 2) Recursos para fomentar la mejora del dominio del ingl\u00e9s en entornos acad\u00e9micos 3) Apoyo metodol\u00f3gico para implementar la instrucci\u00f3n en ingl\u00e9s. 4) Investigaciones relevantes.<\/p>\n\n\n\n<p>Los <strong>objetivos principales<\/strong> de este proyecto son: <\/p>\n\n\n\n<p><strong>(i)<\/strong> Elaborar recursos docentes para ense\u00f1anza en otro idioma<\/p>\n\n\n\n<p><strong>(ii)<\/strong> Establecer din\u00e1micas encaminadas a la adquisici\u00f3n de competencias ling\u00fc\u00edsticas y metodol\u00f3gicas para la integraci\u00f3n de contenidos y lengua en la educaci\u00f3n superior (ICLHE).\u00a0<\/p>\n\n\n\n<p>Por tanto, este proyecto constituye un escenario para, en la l\u00ednea de proyectos de innovaci\u00f3n docente anteriores, seguir colaborando en la mejora de la formaci\u00f3n ling\u00fc\u00edstica y metodol\u00f3gica del profesorado con varias acciones: <\/p>\n\n\n\n<p><strong>(i) <\/strong>Mantenimiento e inclusi\u00f3n de nuevos recursos en el repositorio de materiales para la docencia en ingl\u00e9s y para la mejora de competencias ling\u00fc\u00edsticas en ingl\u00e9s, creado en el proyecto docente \u201cREMARE-EMI\u201d y actualizado durante el proyecto InEMICEF<\/p>\n\n\n\n<p><strong>(ii) <\/strong>Recopilaci\u00f3n de recursos para el aprendizaje aut\u00f3nomo del ingl\u00e9s <\/p>\n\n\n\n<p><strong>(iii)<\/strong> Difusi\u00f3n de ofertas formativas diversas y medios de acreditaci\u00f3n ling\u00fc\u00edstica <\/p>\n\n\n\n<p><strong>(iv)<\/strong> Organizaci\u00f3n de un curso de formaci\u00f3n propio<\/p>\n\n\n\n<p><strong>(iv)<\/strong> Reflexi\u00f3n y observaci\u00f3n de pr\u00e1cticas de ICLHE.<\/p>\n\n\n\n<p><strong>Participantes<\/strong><\/p>\n\n\n\n<p><strong>Esther Nieto Moreno de Diezmas<\/strong> Esther.Nieto@uclm.es <em>Filolog\u00eda Moderna<\/em> (DIRECTORA DEL PROYECTO)<\/p>\n\n\n\n<p><strong>Alicia Fern\u00e1ndez Barrera<\/strong> Alicia.FBarrera@uclm.es <em>Filolog\u00eda Moderna<\/em> (SUBDIRECTORA)<\/p>\n\n\n\n<p><strong>Raquel Fern\u00e1ndez Cezar<\/strong> Raquel.FCezar@uclm.es <em>Matem\u00e1ticas<\/em><\/p>\n\n\n\n<p><strong>Jos\u00e9 Antonio Cruz Lemus<\/strong> JoseAntonio.Cruz@uclm.es <em>Tecnolog\u00edas y Sistemas de Informaci\u00f3n<\/em><\/p>\n\n\n\n<p><strong>Jes\u00fas Serrano Guerrero<\/strong> Jes\u00fas.Serrano@uclm.es <em>Tecnolog\u00edas y Sistemas de Informaci\u00f3n<\/em><\/p>\n\n\n\n<p><strong>M\u00aa \u00c1ngeles Rodr\u00edguez Domenech<\/strong> MAngeles.Rodriguez@uclm.es <em>Geograf\u00eda y Ordenaci\u00f3n del Territorio<\/em><\/p>\n\n\n\n<p><strong>Victoria Guadamillas G\u00f3mez<\/strong> Victoria.Guadamillas@uclm.es <em>Filolog\u00eda Moderna<\/em><\/p>\n\n\n\n<p><strong>Gema Alcar\u00e1z M\u00e1rmol<\/strong> Gema.Alcaraz@uclm.es <em>Filolog\u00eda Moderna<\/em><\/p>\n\n\n\n<p><strong>Mar\u00eda Isabel Jim\u00e9nez Gonz\u00e1lez<\/strong> Mariaisabel.Jimenez@uclm.es <em>Filolog\u00eda Moderna<\/em><\/p>\n\n\n\n<p><strong>David Carrascosa Ca\u00f1ego<\/strong> David.Carrascosa@uclm.es <em>Filolog\u00eda Moderna<\/em><\/p>\n\n\n\n<p><strong>Lucas Baeyens Morata<\/strong> Lucas.Baeyens@uclm.es <em>Filolog\u00eda Moderna<\/em><\/p>\n\n\n\n<p><strong>Elena Dourakis L\u00f3pez-Almod\u00f3var<\/strong> elenadourakis@gmail.com <em>Filolog\u00eda Moderna<\/em><\/p>\n\n\n\n<p><strong>Roc\u00edo Porras Soriano<\/strong> Rocio.Porras@uclm.es <em>Mec\u00e1nica Aplicada e Ingenier\u00eda de Proyectos<\/em><\/p>\n\n\n\n<p><strong>M\u00aa Laura Soriano Dotor<\/strong> Laura.Soriano@uclm.es <em>Qu\u00edmica anal\u00edtica y tecnolog\u00eda de los alimentos<\/em><\/p>\n\n\n\n<p><strong>Beatriz Garc\u00eda Fern\u00e1ndez<\/strong> Beatriz.Garcia@uclm.es <em>Pedagog\u00eda<\/em><\/p>\n\n\n\n<p><strong>Alicia Mart\u00ednez Gonz\u00e1lez<\/strong> Alicia.Martinez@uclm.es <em>Matem\u00e1ticas<\/em><\/p>\n\n\n\n<p><strong>Gabriel Rodr\u00edguez Rodr\u00edguez<\/strong> Gabriel.Rrodriguez@uclm <em>F\u00edsica Aplicada<\/em><\/p>\n\n\n\n<p><strong>Natalia Solano Pinto<\/strong> Natalia.Solano@uclm.es <em>Psicolog\u00eda<\/em><\/p>\n\n\n\n<p><strong>Margarita Navarro P\u00e9rez<\/strong> Margarita.Navarro@uclm.es <em>Filolog\u00eda Moderna<\/em><\/p>\n\n\n\n<p><strong>Jos\u00e9 Reyes Ruiz Gallardo<\/strong> JoseReyes.Ruiz@uclm.es <em>Pedagog\u00eda<\/em><\/p>\n\n\n\n<p><strong>Irene Casanova Mata<\/strong> Profesor.ICasanova@uclm.es <em>Filolog\u00eda Moderna<\/em><\/p>\n\n\n\n<p><strong>Silvia Mar\u00eda Bravo Palomares<\/strong> SilviaMaria.Bravo@uclm.es <em>Filolog\u00eda Moderna<\/em><\/p>\n\n\n\n<p><strong>Mar\u00eda Acevedo Pliego<\/strong> Maria.Acevedo@uclm.es <em>Filolog\u00eda Moderna<\/em><\/p>\n\n\n\n<p><strong>Ana Bel\u00e9n Alarc\u00f3n Utrera<\/strong> Ana.Alarcon@uclm.es <em>Filolog\u00eda Moderna<\/em><\/p>\n\n\n\n<p><strong>Pablo Osorio Delgado<\/strong> PROFESOR.POsorio@uclm.es <em>Filolog\u00eda Moderna<\/em><\/p>\n\n\n\n<p><strong>Rafael Cruz Gonz\u00e1lez<\/strong> Rafael.Cruz@uclm.es <em>Filolog\u00eda Moderna<\/em><\/p>\n\n\n\n<p><strong>Jos\u00e9 \u00c1ngel Mart\u00edn Baos<\/strong> JoseAngel.Martin@uclm.es  <em>Matem\u00e1ticas<\/em><\/p>\n\n\n\n<p><strong>Sonsoles Calder\u00f3n L\u00f3pez<\/strong> Sonsoles.Calderon@uclm.es <em>Psicolog\u00eda<\/em><\/p>\n\n\n\n<p><strong>Mar\u00eda Esther Pa\u00f1os Mart\u00ednez<\/strong> Esther.Panos@uclm.es <em>Pedagog\u00eda<\/em><\/p>\n\n\n\n<p><strong>Marcos Vinicios Rabelo Proc\u00f3pio<\/strong> Marcos.Rabelo@uclm.es <em>Matem\u00e1ticas<\/em><\/p>\n\n\n\n<p><strong>Jos\u00e9 Luis G\u00f3mez Ramos<\/strong> JoseLuis.Gomez@uclm.es  <em>Filolog\u00eda Moderna<\/em><\/p>\n","protected":false},"excerpt":{"rendered":"<p>ICLHE, es un proyecto de innovaci\u00f3n docente que pretende promover y fomentar la internacionalizaci\u00f3n de la UCLM mediante la realizaci\u00f3n de una serie de acciones que repercutan positivamente en la calidad y aumento de la cantidad de asignaturas\u00a0English friendly, por un lado, y de asignaturas impartidas en ingl\u00e9s en grados biling\u00fces, por otro. Su prop\u00f3sito &hellip; <a href=\"https:\/\/blog.uclm.es\/proyectoremareemi\/iclhe-es\/\" class=\"more-link\">Continuar leyendo<span class=\"screen-reader-text\"> \u00abICLHE &#8211; ES\u00bb<\/span><\/a><\/p>\n","protected":false},"author":146,"featured_media":0,"parent":0,"menu_order":0,"comment_status":"closed","ping_status":"closed","template":"","meta":{"footnotes":""},"class_list":["post-739","page","type-page","status-publish","hentry"],"_links":{"self":[{"href":"https:\/\/blog.uclm.es\/proyectoremareemi\/wp-json\/wp\/v2\/pages\/739","targetHints":{"allow":["GET"]}}],"collection":[{"href":"https:\/\/blog.uclm.es\/proyectoremareemi\/wp-json\/wp\/v2\/pages"}],"about":[{"href":"https:\/\/blog.uclm.es\/proyectoremareemi\/wp-json\/wp\/v2\/types\/page"}],"author":[{"embeddable":true,"href":"https:\/\/blog.uclm.es\/proyectoremareemi\/wp-json\/wp\/v2\/users\/146"}],"replies":[{"embeddable":true,"href":"https:\/\/blog.uclm.es\/proyectoremareemi\/wp-json\/wp\/v2\/comments?post=739"}],"version-history":[{"count":2,"href":"https:\/\/blog.uclm.es\/proyectoremareemi\/wp-json\/wp\/v2\/pages\/739\/revisions"}],"predecessor-version":[{"id":748,"href":"https:\/\/blog.uclm.es\/proyectoremareemi\/wp-json\/wp\/v2\/pages\/739\/revisions\/748"}],"wp:attachment":[{"href":"https:\/\/blog.uclm.es\/proyectoremareemi\/wp-json\/wp\/v2\/media?parent=739"}],"curies":[{"name":"wp","href":"https:\/\/api.w.org\/{rel}","templated":true}]}}