{"id":608,"date":"2023-01-19T12:50:11","date_gmt":"2023-01-19T12:50:11","guid":{"rendered":"https:\/\/blog.uclm.es\/proyectoremareemi\/?page_id=608"},"modified":"2023-01-19T13:08:20","modified_gmt":"2023-01-19T13:08:20","slug":"inemicef-es","status":"publish","type":"page","link":"https:\/\/blog.uclm.es\/proyectoremareemi\/inemicef-es\/","title":{"rendered":"InEMICEF (ES)"},"content":{"rendered":"\n<p>InEMICEF, es un proyecto de innovaci\u00f3n docente que pretende promover y fomentar la internacionalizaci\u00f3n de la UCLM mediante la realizaci\u00f3n de una serie de acciones que repercutan positivamente en la calidad y aumento de la cantidad de asignaturas\u00a0<em>English friendly<\/em>, por un lado, y de asignaturas impartidas en ingl\u00e9s en grados biling\u00fces, por otro. Su prop\u00f3sito es proporcionar recursos para el profesorado en cuatro dimensiones: 1) Materiales disciplinares y recursos en ingl\u00e9s referidos a diversas \u00e1reas de conocimiento.  2) Recursos para fomentar la mejora del dominio del ingl\u00e9s en entornos acad\u00e9micos 3) Apoyo metodol\u00f3gico para implementar la instrucci\u00f3n en ingl\u00e9s. 4) Investigaciones relevantes.<\/p>\n\n\n\n<p><strong>Objetivos del proyecto<\/strong><\/p>\n\n\n\n<ol class=\"wp-block-list\">\n<li>Reflexionar sobre las pr\u00e1cticas docentes realizadas en la implementaci\u00f3n de asignaturas del cat\u00e1logo English friendly (CEF) y asignaturas impartidas en ingl\u00e9s (EMI) en grados biling\u00fces e identificar buenas pr\u00e1cticas y \u00e1reas de mejora.<\/li>\n\n\n\n<li>Elaborar un documento que recoja buenas pr\u00e1cticas en EMI y CEF, que contenga elementos generales y espec\u00edficos de las diversas \u00e1reas de conocimiento y de los diversos grados participantes en el proyecto para que sirva de gu\u00eda y apoyo para el profesorado interesado en formar parte de uno u otro programa.<\/li>\n\n\n\n<li>Fomentar la mejora de la competencia ling\u00fc\u00edstica en lengua inglesa del profesorado participante, para que pueda atender a las demandas de los alumnos internacionales en tutor\u00edas y para que se acerquen a la posibilidad de poder impartir su asignatura en ingl\u00e9s.<\/li>\n\n\n\n<li>Actualizar el repositorio de recursos online y mantener la p\u00e1gina web que se realiz\u00f3 en el proyecto de innovaci\u00f3n docente anterior \u201dREMARE-EMI\u201d, a\u00f1adiendo materiales disciplinares de m\u00e1s asignaturas, y m\u00e1s recursos para la mejora de la competencias ling\u00fc\u00edstica y metodol\u00f3gica necesarias para apoyar la docencia en ingl\u00e9s y las asignaturas\u00a0<em>English-friendly<\/em>.<\/li>\n\n\n\n<li>Colaborar en la internacionalizaci\u00f3n y modernizaci\u00f3n de los estudios ofertados en las Facultades de Educaci\u00f3n de Castilla-La Mancha.<\/li>\n\n\n\n<li>Promover la coordinaci\u00f3n entre los profesores de las distintas Facultades de participantes, tanto pertenecientes al departamento de Filolog\u00eda Moderna (Ingl\u00e9s), como al resto de departamentos que imparten \u00e1reas no ling\u00fc\u00edsticas, de manera que podamos sumar esfuerzos y colaborar para conseguir objetivos comunes.<\/li>\n<\/ol>\n\n\n\n<p><strong>Participantes<\/strong><\/p>\n\n\n\n<p><strong>Esther Nieto Moreno de Diezmas<\/strong> Esther.Nieto@uclm.es <em>Filolog\u00eda Moderna<\/em> (DIRECTORA DEL PROYECTO)<\/p>\n\n\n\n<p><strong>Alicia Fern\u00e1ndez Barrera<\/strong> Alicia.FBarrera@uclm.es <em>Filolog\u00eda Moderna<\/em> (SUBDIRECTORA)<\/p>\n\n\n\n<p><strong>Prado Camacho Alarc\u00f3n<\/strong> Prado.Camacho@uclm.es <em>Filolog\u00eda Moderna<\/em><\/p>\n\n\n\n<p><strong>Raquel Fern\u00e1ndez Cezar<\/strong> Raquel.FCezar@uclm.es <em>Matem\u00e1ticas<\/em><\/p>\n\n\n\n<p><strong>Jos\u00e9 Antonio Cruz Lemus<\/strong> JoseAntonio.Cruz@uclm.es <em>Tecnolog\u00edas y Sistemas de Informaci\u00f3n<\/em><\/p>\n\n\n\n<p><strong>Jes\u00fas Serrano Guerrero<\/strong> Jes\u00fas.Serrano@uclm.es <em>Tecnolog\u00edas y Sistemas de Informaci\u00f3n<\/em><\/p>\n\n\n\n<p><strong>M\u00aa \u00c1ngeles Rodr\u00edguez Domenech<\/strong> MAngeles.Rodriguez@uclm.es <em>Geograf\u00eda y Ordenaci\u00f3n del Territorio<\/em><\/p>\n\n\n\n<p><strong>Victoria Guadamillas G\u00f3mez<\/strong> Victoria.Guadamillas@uclm.es <em>Filolog\u00eda Moderna<\/em><\/p>\n\n\n\n<p><strong>Gema Alcar\u00e1z M\u00e1rmol<\/strong> Gema.Alcaraz@uclm.es <em>Filolog\u00eda Moderna<\/em><\/p>\n\n\n\n<p><strong>Mar\u00eda Isabel Jim\u00e9nez Gonz\u00e1lez<\/strong> Mariaisabel.Jimenez@uclm.es <em>Filolog\u00eda Moderna<\/em><\/p>\n\n\n\n<p><strong>David Carrascosa Ca\u00f1ego<\/strong> David.Carrascosa@uclm.es <em>Filolog\u00eda Moderna<\/em><\/p>\n\n\n\n<p><strong>\u00c1ngel Mateos Aparicio Mart\u00edn-Albo<\/strong> Angel.Mateos@uclm.es <em>Filolog\u00eda Moderna<\/em><\/p>\n\n\n\n<p><strong>Lucas Baeyens Morata<\/strong> Lucas.Baeyens@uclm.es <em>Filolog\u00eda Moderna<\/em><\/p>\n\n\n\n<p><strong>Elena Dourakis L\u00f3pez-Almod\u00f3var<\/strong> elenadourakis@gmail.com <em>Filolog\u00eda Moderna<\/em><\/p>\n\n\n\n<p><strong>Roc\u00edo Porras Soriano<\/strong> Rocio.Porras@uclm.es <em>Mec\u00e1nica Aplicada e Ingenier\u00eda de Proyectos<\/em><\/p>\n\n\n\n<p><strong>M\u00aa Laura Soriano Dotor<\/strong> Laura.Soriano@uclm.es <em>Qu\u00edmica anal\u00edtica y tecnolog\u00eda de los alimentos<\/em><\/p>\n\n\n\n<p><strong>Maria Stavraki<\/strong> Maria.Stavraki@uclm.es <em>Psicolog\u00eda<\/em><\/p>\n\n\n\n<p><strong>Beatriz Garc\u00eda Fern\u00e1ndez<\/strong> Beatriz.Garcia@uclm.es <em>Pedagog\u00eda<\/em><\/p>\n\n\n\n<p><strong>Alicia Mart\u00ednez Gonz\u00e1lez<\/strong> Alicia.Martinez@uclm.es <em>Matem\u00e1ticas<\/em><\/p>\n\n\n\n<p><strong>Gabriel Rodr\u00edguez Rodr\u00edguez<\/strong> Gabriel.Rrodriguez@uclm <em>F\u00edsica Aplicada<\/em><\/p>\n\n\n\n<p><strong>Natalia Solano Pinto<\/strong> Natalia.Solano@uclm.es <em>Psicolog\u00eda<\/em><\/p>\n\n\n\n<p><strong>Magdalena Custodio Espinar<\/strong> mcustodio@comillas.edu <em>Filolog\u00eda Moderna<\/em><\/p>\n\n\n\n<p><strong>Margarita Navarro P\u00e9rez<\/strong> Margarita.Navarro@uclm.es <em>Filolog\u00eda Moderna<\/em><\/p>\n\n\n\n<p><strong>Marta del Pozo Beamud<\/strong>  Marta.PozoBeamud@uclm.es <em>Filolog\u00eda Moderna<\/em><\/p>\n\n\n\n<p><strong>Jos\u00e9 Reyes Ruiz Gallardo<\/strong> JoseReyes.Ruiz@uclm.es <em>Pedagog\u00eda<\/em><\/p>\n\n\n\n<p><strong>David Molina Garc\u00eda<\/strong> David.Molina@uclm.es <em>Matem\u00e1ticas<\/em><\/p>\n\n\n\n<p><strong>Irene Casanova Mata<\/strong> Irene.Casanova1@alu.uclm.es <em>Filolog\u00eda Moderna<\/em><\/p>\n\n\n\n<p><\/p>\n","protected":false},"excerpt":{"rendered":"<p>InEMICEF, es un proyecto de innovaci\u00f3n docente que pretende promover y fomentar la internacionalizaci\u00f3n de la UCLM mediante la realizaci\u00f3n de una serie de acciones que repercutan positivamente en la calidad y aumento de la cantidad de asignaturas\u00a0English friendly, por un lado, y de asignaturas impartidas en ingl\u00e9s en grados biling\u00fces, por otro. Su prop\u00f3sito &hellip; <a href=\"https:\/\/blog.uclm.es\/proyectoremareemi\/inemicef-es\/\" class=\"more-link\">Continuar leyendo<span class=\"screen-reader-text\"> \u00abInEMICEF (ES)\u00bb<\/span><\/a><\/p>\n","protected":false},"author":146,"featured_media":0,"parent":0,"menu_order":0,"comment_status":"closed","ping_status":"closed","template":"","meta":{"footnotes":""},"class_list":["post-608","page","type-page","status-publish","hentry"],"_links":{"self":[{"href":"https:\/\/blog.uclm.es\/proyectoremareemi\/wp-json\/wp\/v2\/pages\/608","targetHints":{"allow":["GET"]}}],"collection":[{"href":"https:\/\/blog.uclm.es\/proyectoremareemi\/wp-json\/wp\/v2\/pages"}],"about":[{"href":"https:\/\/blog.uclm.es\/proyectoremareemi\/wp-json\/wp\/v2\/types\/page"}],"author":[{"embeddable":true,"href":"https:\/\/blog.uclm.es\/proyectoremareemi\/wp-json\/wp\/v2\/users\/146"}],"replies":[{"embeddable":true,"href":"https:\/\/blog.uclm.es\/proyectoremareemi\/wp-json\/wp\/v2\/comments?post=608"}],"version-history":[{"count":3,"href":"https:\/\/blog.uclm.es\/proyectoremareemi\/wp-json\/wp\/v2\/pages\/608\/revisions"}],"predecessor-version":[{"id":618,"href":"https:\/\/blog.uclm.es\/proyectoremareemi\/wp-json\/wp\/v2\/pages\/608\/revisions\/618"}],"wp:attachment":[{"href":"https:\/\/blog.uclm.es\/proyectoremareemi\/wp-json\/wp\/v2\/media?parent=608"}],"curies":[{"name":"wp","href":"https:\/\/api.w.org\/{rel}","templated":true}]}}