{"id":297,"date":"2021-03-03T12:57:05","date_gmt":"2021-03-03T11:57:05","guid":{"rendered":"http:\/\/blog.uclm.es\/proyectoremareemi\/?page_id=297"},"modified":"2025-03-27T11:21:32","modified_gmt":"2025-03-27T11:21:32","slug":"remare-emi-repository-of-materials-and-resources-for-emi","status":"publish","type":"page","link":"https:\/\/blog.uclm.es\/proyectoremareemi\/","title":{"rendered":"Welcome to our Repository!"},"content":{"rendered":"<p><b>(ES)<\/b> Os damos la bienvenida a este repositorio de recursos para el uso del Ingl\u00e9s como lengua de instrucci\u00f3n en entornos acad\u00e9micos. Los materiales accesibles en esta web fueron recopilados y elaborados en el seno de los proyectos de innovaci\u00f3n y mejora docente de la UCLM titulados \u201c<strong>REMARE-EMI<\/strong>: Repository of Materials and Resources for EMI\u201d, \u201c<strong>InEMICEF<\/strong>: Internacionalizando la UCLM: buenas pr\u00e1cticas en los programas EMI (English-Medium Instruction) y CEF (Cat\u00e1logo English-Friendly) para la instrucci\u00f3n biling\u00fce en ingl\u00e9s\u201d e \u00ab<strong>ICLHE-UCLM<\/strong>: Integraci\u00f3n de contenidos y lenguas en la ense\u00f1anza superior (UCLM)\u00bb.<\/p>\n<p><i>M\u00e1s informaci\u00f3n sobre los proyectos, objetivos y participantes:<\/i><\/p>\n<ul>\n<li><a href=\"https:\/\/blog.uclm.es\/proyectoremareemi\/iclhe-es\/\">ICLHE \u2013 ES<\/a><\/li>\n<li><a href=\"https:\/\/blog.uclm.es\/proyectoremareemi\/inemicef-es\/\">InEMICEF-ES<\/a><\/li>\n<li><a href=\"http:\/\/blog.uclm.es\/proyectoremareemi\/remare-emi-es\/\" target=\"_blank\" rel=\"noopener\">REMARE-EMI-ES<\/a><\/li>\n<\/ul>\n<p><b>(EN)<\/b> We would like to welcome you to this repository of resources for the use of English as a language of instruction in academic settings. The materials available on this website were compiled and developed as part of the UCLM innovation and teaching improvement projects entitled \u00ab<strong>REMARE-EMI<\/strong>: Repository of Materials and Resources for EMI\u00bb, \u00a0\u201c<strong>InEMICEF<\/strong>: Internationalising the UCLM: good practices in the EMI (English-Medium Instruction) and CEF (English-Friendly Catalogue) programmes for bilingual instruction in English\u00bb and \u00ab<strong>ICLHE-UCLM<\/strong>: Integrating Content and Language in Higher Education (UCLM)\u00bb.<\/p>\n<p><i>More information about the projects, their aims and participants:<\/i><\/p>\n<ul>\n<li><a href=\"https:\/\/blog.uclm.es\/proyectoremareemi\/iclhe-en\/\">ICLHE \u2013 EN<\/a><\/li>\n<li><a href=\"https:\/\/blog.uclm.es\/proyectoremareemi\/inemicef-en\/\">InEMICEF-EN<\/a><\/li>\n<li><a href=\"http:\/\/blog.uclm.es\/proyectoremareemi\/remare-emi-en\/\" target=\"_blank\" rel=\"noopener\">REMARE-EMI-EN<\/a><\/li>\n<\/ul>\n","protected":false},"excerpt":{"rendered":"<p>(ES) Os damos la bienvenida a este repositorio de recursos para el uso del Ingl\u00e9s como lengua de instrucci\u00f3n en entornos acad\u00e9micos. Los materiales accesibles en esta web fueron recopilados y elaborados en el seno de los proyectos de innovaci\u00f3n y mejora docente de la UCLM titulados \u201cREMARE-EMI: Repository of Materials and Resources for EMI\u201d, &hellip; <a href=\"https:\/\/blog.uclm.es\/proyectoremareemi\/\" class=\"more-link\">Continuar leyendo<span class=\"screen-reader-text\"> \u00abWelcome to our Repository!\u00bb<\/span><\/a><\/p>\n","protected":false},"author":146,"featured_media":134,"parent":0,"menu_order":0,"comment_status":"closed","ping_status":"closed","template":"","meta":{"footnotes":""},"class_list":["post-297","page","type-page","status-publish","has-post-thumbnail","hentry"],"_links":{"self":[{"href":"https:\/\/blog.uclm.es\/proyectoremareemi\/wp-json\/wp\/v2\/pages\/297","targetHints":{"allow":["GET"]}}],"collection":[{"href":"https:\/\/blog.uclm.es\/proyectoremareemi\/wp-json\/wp\/v2\/pages"}],"about":[{"href":"https:\/\/blog.uclm.es\/proyectoremareemi\/wp-json\/wp\/v2\/types\/page"}],"author":[{"embeddable":true,"href":"https:\/\/blog.uclm.es\/proyectoremareemi\/wp-json\/wp\/v2\/users\/146"}],"replies":[{"embeddable":true,"href":"https:\/\/blog.uclm.es\/proyectoremareemi\/wp-json\/wp\/v2\/comments?post=297"}],"version-history":[{"count":9,"href":"https:\/\/blog.uclm.es\/proyectoremareemi\/wp-json\/wp\/v2\/pages\/297\/revisions"}],"predecessor-version":[{"id":754,"href":"https:\/\/blog.uclm.es\/proyectoremareemi\/wp-json\/wp\/v2\/pages\/297\/revisions\/754"}],"wp:featuredmedia":[{"embeddable":true,"href":"https:\/\/blog.uclm.es\/proyectoremareemi\/wp-json\/wp\/v2\/media\/134"}],"wp:attachment":[{"href":"https:\/\/blog.uclm.es\/proyectoremareemi\/wp-json\/wp\/v2\/media?parent=297"}],"curies":[{"name":"wp","href":"https:\/\/api.w.org\/{rel}","templated":true}]}}