{"id":139,"date":"2021-02-25T12:51:49","date_gmt":"2021-02-25T11:51:49","guid":{"rendered":"http:\/\/blog.uclm.es\/proyectoremareemi\/?page_id=139"},"modified":"2023-01-19T12:51:06","modified_gmt":"2023-01-19T12:51:06","slug":"remare-emi-es","status":"publish","type":"page","link":"https:\/\/blog.uclm.es\/proyectoremareemi\/remare-emi-es\/","title":{"rendered":"REMARE-EMI (ES)"},"content":{"rendered":"<p>REMARE-EMI, es un proyecto de innovaci\u00f3n docente que pretende contribuir a crear las condiciones necesarias para fomentar la implementaci\u00f3n de grados biling\u00fces en la UCLM, mediante EMI (English-Medium Instruction). El principal producto de este proyecto es el repositorio multimodal de materiales en ingl\u00e9s de car\u00e1cter interdisciplinar y transversal que aparece en esta web. Su prop\u00f3sito es proporcionar recursos para el profesorado en tres dimensiones: 1) Materiales disciplinares y recursos en ingl\u00e9s referidos a diversas \u00e1reas de conocimiento: inform\u00e1tica, psicolog\u00eda, geograf\u00eda, qu\u00edmica, f\u00edsica, matem\u00e1ticas, etc. 2) Recursos para fomentar la mejora del dominio del ingl\u00e9s en entornos acad\u00e9micos 3) Apoyo metodol\u00f3gico para implementar la instrucci\u00f3n en ingl\u00e9s (EMI, CLIL, SIOP).<\/p>\n<p><b>Objetivos del proyecto<\/b><\/p>\n<p>1. Proporcionar materiales para fomentar la mejora de la competencia ling\u00fc\u00edstica en lengua inglesa del profesorado, para que pueda atender a las demandas de sus alumnos internacionales y para que se acerquen a la posibilidad de poder impartir su asignatura en ingl\u00e9s<br \/>\n2. Elaborar un repositorio de materiales en ingl\u00e9s en el que aparezcan recursos de distintos tipos: textos, art\u00edculos, im\u00e1genes, v\u00eddeos etc. relacionados con las asignaturas del profesorado implicado y tambi\u00e9n contenidos m\u00e1s transversales.<br \/>\n3. Dar a conocer distintas metodolog\u00edas para ense\u00f1ar contenidos en una lengua extranjera y reflexionar sobre cu\u00e1l es la m\u00e1s adecuada seg\u00fan el contexto: CLIL, EMI, SIOP\u2026.<br \/>\n4. Elaborar materiales propios en ingl\u00e9s siguiendo las metodolog\u00edas m\u00e1s apropiadas al contexto.<br \/>\n5. Colaborar en la internacionalizaci\u00f3n y modernizaci\u00f3n de los estudios ofertados en las Facultades de Educaci\u00f3n de Castilla-La Mancha.<br \/>\n6. Promover la coordinaci\u00f3n entre los profesores de las distintas Facultades de participantes, tanto pertenecientes al departamento de Filolog\u00eda Moderna (ingl\u00e9s), como al resto de departamentos que imparten \u00e1reas no ling\u00fc\u00edsticas, de manera que podamos sumar esfuerzos y colaborar para conseguir objetivos comunes.<\/p>\n<p><b>Equipo docente<\/b><br \/>\nEn este proyecto colaboran profesores de distintos departamentos y facultades (Departamento de Psicolog\u00eda, Pedagog\u00eda, Matem\u00e1ticas, Geograf\u00eda, Tecnolog\u00edas y Sistemas de Informaci\u00f3n, Mec\u00e1nica Aplicada, F\u00edsica Aplicada y Qu\u00edmica Anal\u00edtica) junto con profesorado del Departamento de Filolog\u00eda Moderna, con el objetivo de colaborar en la elaboraci\u00f3n de este repositorio online de materiales en ingl\u00e9s, que sirva de banco de recursos, tanto para el profesorado como para el alumnado internacional y de la UCLM. Tambi\u00e9n se incluyen en el repositorio materiales sobre metodolog\u00edas para ense\u00f1ar mediante una lengua extranjera y fomentar su dominio en contextos acad\u00e9micos.<\/p>\n<p><b>Participantes<\/b><\/p>\n<p><b>Esther Nieto Moreno de Diezmas<\/b> Esther.Nieto@uclm.es <i>Filolog\u00eda Moderna<\/i> (DIRECTORA DEL PROYECTO)<\/p>\n<p><b>Alicia Fern\u00e1ndez Barrera<\/b> Alicia.FBarrera@uclm.es <i>Filolog\u00eda Moderna<\/i> (SUBDIRECTORA)<\/p>\n<p><b>Prado Camacho Alarc\u00f3n<\/b> Prado.Camacho@uclm.es <i>Filolog\u00eda Moderna<\/i><\/p>\n<p><b>Raquel Fern\u00e1ndez Cezar<\/b> Raquel.FCezar@uclm.es <i>Matem\u00e1ticas<\/i><\/p>\n<p><b>Jos\u00e9 Antonio Cruz Lemus<\/b> JoseAntonio.Cruz@uclm.es <i>Tecnolog\u00edas y Sistemas de Informaci\u00f3n<\/i><\/p>\n<p><b>Jes\u00fas Serrano Guerrero<\/b> Jes\u00fas.Serrano@uclm.es <i>Tecnolog\u00edas y Sistemas de Informaci\u00f3n<\/i><\/p>\n<p><b>M\u00aa \u00c1ngeles Rodr\u00edguez Domenech<\/b> MAngeles.Rodriguez@uclm.es <i>Geograf\u00eda y Ordenaci\u00f3n del Territorio<\/i><\/p>\n<p><b>Miguel \u00c1ngel Villaverde Garc\u00eda <\/b> Miguel.Villaverde@uclm.es <i>Filolog\u00eda Moderna<\/i><\/p>\n<p><b>Mar\u00eda Mercedes Enr\u00edquez De Salamanca Santigosa <\/b> Maria.Enriquez@uclm.es <i>Filolog\u00eda Moderna<\/i><\/p>\n<p><b>Victoria Guadamillas G\u00f3mez<\/b> Victoria.Guadamillas@uclm.es <i>Filolog\u00eda Moderna<\/i><\/p>\n<p><b>Gema Alcar\u00e1z M\u00e1rmol <\/b> Gema.Alcaraz@uclm.es <i>Filolog\u00eda Moderna<\/i><\/p>\n<p><b>F\u00e1tima Faya Cerqueiro<\/b> fatima.faya@usc.es <i>Did\u00e1cticas Aplicadas<\/i><\/p>\n<p><b>Mar\u00eda Isabel Jim\u00e9nez Gonz\u00e1lez<\/b> Mariaisabel.Jimenez@uclm.es <i>Filolog\u00eda Moderna<\/i><\/p>\n<p><b>Fernando Castro Fern\u00e1ndez<\/b> Fernando.Castro@uclm.es <i>Filolog\u00eda Moderna<\/i><\/p>\n<p><b>David Carrascosa Ca\u00f1ego<\/b> David.Carrascosa@uclm.es <i>Filolog\u00eda Moderna<\/i><\/p>\n<p><b>\u00c1ngel Mateos Aparicio Mart\u00edn-Albo<\/b> Angel.Mateos@uclm.es <i>Filolog\u00eda Moderna<\/i><\/p>\n<p><b>Lucas Baeyens Morata<\/b> Lucas.Baeyens@uclm.es <i>Filolog\u00eda Moderna<\/i><\/p>\n<p><b>Thomas Hill<\/b> tomas.hill@hotmail.com <i>Filolog\u00eda Moderna<\/i><\/p>\n<p><b>Elena Dourakis L\u00f3pez-Almod\u00f3var<\/b> elenadourakis@gmail.com <i>Filolog\u00eda Moderna<\/i><\/p>\n<p><b>May Rela\u00f1o Pastor<\/b> AnaMaria.Relano@uclm.es <i>Filolog\u00eda Moderna<\/i><\/p>\n<p><b>Roc\u00edo Porras Soriano<\/b> Rocio.Porras@uclm.es <i>Mec\u00e1nica Aplicada e Ingenier\u00eda de Proyectos<\/i><\/p>\n<p><b>M\u00aa Laura Soriano Dotor<\/b> Laura.Soriano@uclm.es <i>Qu\u00edmica anal\u00edtica y tecnolog\u00eda de los alimentos<\/i><\/p>\n<p><b>Maria Stavraki<\/b> Maria.Stavraki@uclm.es <i>Psicolog\u00eda<\/i><\/p>\n<p><b>Beatriz Garc\u00eda Fern\u00e1ndez<\/b> Beatriz.Garcia@uclm.es <i>Pedagog\u00eda<\/i><\/p>\n<p><b>Alicia Mart\u00ednez Gonz\u00e1lez<\/b> Alicia.Martinez@uclm.es <i>Matem\u00e1ticas<\/i><\/p>\n<p><b>Alina Anghel<\/b> Alina.Anghel@valahia.ro <i>Department of Education Sciences<\/i><\/p>\n<p><b>Maria Pescaru<\/b> mariapescaru@yahoo.es <i>Department of Education Sciences<\/i><\/p>\n<p><b> Francisco Javier S\u00e1nchez-Verdejo<\/b> Fcovier.Sverdejo@uclm.es <i>Filolog\u00eda Moderna<\/i><\/p>\n<p><b>Gabriel Rodr\u00edguez Rodr\u00edguez<\/b> Gabriel.Rrodriguez@uclm <i>F\u00edsica Aplicada<\/i><\/p>\n<p><b>Natalia Solano Pinto<\/b> Natalia.Solano@uclm.es <i>Psicolog\u00eda<\/i><\/p>\n","protected":false},"excerpt":{"rendered":"<p>REMARE-EMI, es un proyecto de innovaci\u00f3n docente que pretende contribuir a crear las condiciones necesarias para fomentar la implementaci\u00f3n de grados biling\u00fces en la UCLM, mediante EMI (English-Medium Instruction). El principal producto de este proyecto es el repositorio multimodal de materiales en ingl\u00e9s de car\u00e1cter interdisciplinar y transversal que aparece en esta web. Su prop\u00f3sito &hellip; <a href=\"https:\/\/blog.uclm.es\/proyectoremareemi\/remare-emi-es\/\" class=\"more-link\">Continuar leyendo<span class=\"screen-reader-text\"> \u00abREMARE-EMI (ES)\u00bb<\/span><\/a><\/p>\n","protected":false},"author":146,"featured_media":0,"parent":0,"menu_order":0,"comment_status":"closed","ping_status":"closed","template":"","meta":{"footnotes":""},"class_list":["post-139","page","type-page","status-publish","hentry"],"_links":{"self":[{"href":"https:\/\/blog.uclm.es\/proyectoremareemi\/wp-json\/wp\/v2\/pages\/139","targetHints":{"allow":["GET"]}}],"collection":[{"href":"https:\/\/blog.uclm.es\/proyectoremareemi\/wp-json\/wp\/v2\/pages"}],"about":[{"href":"https:\/\/blog.uclm.es\/proyectoremareemi\/wp-json\/wp\/v2\/types\/page"}],"author":[{"embeddable":true,"href":"https:\/\/blog.uclm.es\/proyectoremareemi\/wp-json\/wp\/v2\/users\/146"}],"replies":[{"embeddable":true,"href":"https:\/\/blog.uclm.es\/proyectoremareemi\/wp-json\/wp\/v2\/comments?post=139"}],"version-history":[{"count":1,"href":"https:\/\/blog.uclm.es\/proyectoremareemi\/wp-json\/wp\/v2\/pages\/139\/revisions"}],"predecessor-version":[{"id":615,"href":"https:\/\/blog.uclm.es\/proyectoremareemi\/wp-json\/wp\/v2\/pages\/139\/revisions\/615"}],"wp:attachment":[{"href":"https:\/\/blog.uclm.es\/proyectoremareemi\/wp-json\/wp\/v2\/media?parent=139"}],"curies":[{"name":"wp","href":"https:\/\/api.w.org\/{rel}","templated":true}]}}