{"id":52,"date":"2018-08-21T08:53:41","date_gmt":"2018-08-21T07:53:41","guid":{"rendered":"http:\/\/blog.uclm.es\/proyectoomnut\/?page_id=52"},"modified":"2025-10-24T09:11:31","modified_gmt":"2025-10-24T09:11:31","slug":"bibliografia","status":"publish","type":"page","link":"https:\/\/blog.uclm.es\/proyectoomnut\/materiales\/bibliografia\/","title":{"rendered":"Bibliograf\u00eda"},"content":{"rendered":"<p>Se incluye una bibliograf\u00eda b\u00e1sica, especialmente referida a <em>Omn\u00edbona<\/em>.<\/p>\n<p>Avil\u00e9s, Miguel, \u00abCambio y utop\u00eda en la Espa\u00f1a barroca\u00bb, <em>El barroco en Andaluc\u00eda, vol. 1<\/em>, Manuel Pel\u00e1ez del Rosal (coord.), C\u00f3rdoba, Universidad de C\u00f3rdoba, 1984, 125-136.<\/p>\n<p>Avil\u00e9s, Miguel, \u00abUtop\u00edas espa\u00f1olas en la Edad Moderna\u00bb, <em>Chr\u00f3nica Nova<\/em> 13 (1982), 27-52.<\/p>\n<p>Avil\u00e9s, Miguel, \u00abOtros cuatro relatos ut\u00f3picos en la Espa\u00f1a moderna. Las utop\u00edas de J. Maldonado, Omnibona y El Deseado Gobierno\u00bb, en <em>Las Utop\u00edas en el mundo hisp\u00e1nico:\u00a0actas del coloquio celebrado en la Casa de Vel\u00e1zquez = Les utopies dans le monde hispanique : actes du colloque tenu \u00e0 la Casa de Vel\u00e1zquez : 24-26-XI-1988,<\/em> coord.\u00a0por\u00a0Jean Pierre Etienvre, Madrid, Casa de Vel\u00e1zquez-Universidad Complutense, 1990, 109-128.<\/p>\n<p>Coronel Ramos, Marco Antonio, \u00abArquetipos de reforma en la Espa\u00f1a del siglo XVI: el ejemplo de Prudenciano, soberano del Reino de la Verdad\u00bb, en <em>El advenimiento de la Casa de Austria a los Reinos Hisp\u00e1nicos,<\/em> ed. de Emilio Callado Estela, Madrid, Dykinson, 2021, 263-291.<\/p>\n<p>Coronel Ramos, Marco Antonio, \u00abUtopien f\u00fcr eine Neue Welt: Vasco de Quiroga, Luis Vives und Omnibona\u00bb en <em>\u00dcber das philosophische Denken im fr\u00fchneuzeitlichen Mexiko<\/em>, ed. de J\u00f6rg Alejandro Tellkamp, Heidelberg: Universit\u00e4tsverlag Winter, 2024 , 155-184.<\/p>\n<p>Garc\u00eda L\u00f3pez, David, \u00abArquitectura, urbanismo e infraestructuras viarias interurbanas de un rey prudente. Sobre una utop\u00eda madrile\u00f1a\u00bb, <em>Revista de Arte, Geograf\u00eda e Historia<\/em>, 3 (2000), 287-322.<\/p>\n<p>Garc\u00eda L\u00f3pez, David, \u00abLa defensa de los indios y la cr\u00edtica de la Conquista en regimiento de Pr\u00edncipes: una utop\u00eda espa\u00f1ola del siglo XVI\u00bb, <em>Revista Espa\u00f1ola de antropolog\u00eda americana<\/em>, 34 (2004), 111-124.<\/p>\n<p>Garc\u00eda Pinilla, Ignacio, \u00abElementos de utop\u00eda religiosa en los erasmistas y disidentes espa\u00f1oles del siglo xvi\u00bb, en <em>Religion in Utopia. From More to the Enlightenment<\/em>, Iveta Nakl\u00e1dalov\u00e1 (ed.), Sankt Augustin, Academia Verlag, 2013, pp. 41-70.<\/p>\n<p>Garc\u00eda Pinilla, Ignacio, \u00abSilencios en Omn\u00edbona\u00bb, en M. J. Vega (ed.), <em>Omn\u00edbona. Utop\u00eda, disidencia y reforma en la Espa\u00f1a del siglo XVI<\/em>, Madrid: Centro de Estudios Pol\u00edticos y Constitucionales, 2018, 347 -365.<\/p>\n<p>Garcia Pinilla, Ignacio, \u201cUtop\u00eda de impronta luterana y cat\u00f3lica en la primera mitad del siglo XVI: <em>Wolfaria <\/em>y <em>Omn\u00edbona<\/em>\u201d, en Jos\u00e9 Luis Ocasar Ariza y Consolaci\u00f3n Baranda Leturio (dir.), <em>Duelos textuales en tiempos de Reforma (1516-1625)<\/em>, Anejos de Critic\u00f3n, Toulouse: Universit\u00e9 Jean Jaur\u00e8s, 2019, pp. 65-78; https:\/\/books.openedition.org\/pumi\/14605.<\/p>\n<p>Garcia Pinilla, Ignacio, \u201c<em>Omn\u00edbona<\/em> y otras obras del momento. Una utop\u00eda en busca de autor\u201d, <em>Cuadernos del CEMYR<\/em> 32 (2024), 179-96. https:\/\/doi.org\/10.25145\/j.cemyr.2024.32.09.<\/p>\n<p>G\u00f3mez Coutouly, Alex Alban, \u00abSpanish literary utopias: Omnibona and The Desired Governement\u00bb, en <em>Nowhere somewhere. Writing, Space and the Construction of Utopia<\/em>, Jos\u00e9 Eduardo Reis y Jorge Bastos da Silva (eds.), Oporto, Universidad de Porto, 2006, 71-85.<\/p>\n<p>Lillo Casta\u00f1, V\u00edctor, \u00abUn reformista en la corte de los Austrias: sobre el autor de <em>Omn\u00edbona<\/em>, una utop\u00eda castellana an\u00f3nima del siglo XVI\u00bb, <em>Studia Aurea<\/em> 10 (2016), 105-12; DOI : 10.5565\/rev\/studiaaurea.225.<\/p>\n<p>Lillo Casta\u00f1, V\u00edctor, \u00abEl manuscrito II\/1087 de la Real Biblioteca: La primera traducci\u00f3n castellana de la Utop\u00eda de Tom\u00e1s Moro\u00bb, <em>AVISOS. Noticias de la Real Biblioteca<\/em> 24 [86] (2018), 1-4; https:\/\/avisos.realbiblioteca.es\/index.php\/Avisos\/article\/view\/482.<\/p>\n<p>Llorente, Juan Antonio, <em>Anales de la Inquisici\u00f3n de Espa\u00f1a<\/em>, vol. II, Madrid, Imprenta de Ibarra, 1813.<\/p>\n<p>Llorente, Juan Antonio, <em>Historie Critique de l\u2019Inquisition<\/em>, tomo IV, Paris, Truttel et Wurtz, Delaunay, 1818.<\/p>\n<p>Maravall, Juan Antonio, <em>Utop\u00eda y contrautop\u00eda en el Quijote<\/em>, Madrid, Centro de Estudios Pol\u00edticos y Constitucionales, 2006 [=Santiago de Compostela, Pico Sacro, 1976].<\/p>\n<p>Mart\u00ednez de la Escalera, Jos\u00e9, \u00abUtop\u00eda y reforma de la Inquisici\u00f3n\u00bb, en <em>La Inquisici\u00f3n espa\u00f1ola. Nueva visi\u00f3n, nuevos horizontes<\/em>, Madrid, Siglo XXI, 1980, 219-229.<\/p>\n<p>Merle, Alexandra, \u00abQuelques exemples des usages politiques du dialogue et de la fiction utopique dans l\u2019Espagne du Si\u00e8cle d\u2019or\u00bb, <em>E-Spania: Revue \u00e9lectronique d&#8217;\u00e9tudes hispaniques m\u00e9di\u00e9vales<\/em> 38 (2021),\u00a0 DOI: 10.4000\/e-spania.38366.<\/p>\n<p>Moro, Tom\u00e1s, <em>El buen estado de la rep\u00fablica de Utop\u00eda.<\/em> Traducci\u00f3n de Vasco de Quiroga. Estudio y edici\u00f3n, V\u00edctor Lillo Casta\u00f1, Madrid, Centro de Estudios Pol\u00edticos y Constitucionales, 2021.<\/p>\n<p>Perdices de Blas, Luis &#8211; Ramos-Gorostiza, Jos\u00e9 Luis, \u00abEconomy, Reform and Utopia in Omn\u00edbona, the Capital of the Kingdom of Truth(c. 1540)\u00bb, <em>History of Economic Ideas <\/em>XXVII,1 (2019) 15-41; DOI : 10.19272\/201906101002.<\/p>\n<p>P\u00e9rez, Joseph, \u00abLa escuela, una utop\u00eda del s. xvi\u00bb, en <em>Homenaje a Jos\u00e9 Antonio Maravall<\/em>, vol. 3, Madrid, Centro de Investigaciones Sociol\u00f3gicas, 1985, 191-195.<\/p>\n<p>P\u00e9rez, Joseph, \u00abLos pobres en la Castilla del siglo XVI\u00bb, en <em>Mitos y t\u00f3picos de la historia de Espa\u00f1a y Am\u00e9rica<\/em>, Madrid, Algaba, 2006, 111-126.<\/p>\n<p>P\u00e9rez Garc\u00eda, Rafael M., \u00abOmn\u00edbona, utop\u00eda cat\u00f3lica para un reino de este mundo. La tradici\u00f3n del reformismo cristiano medieval y la oposici\u00f3n pol\u00edtica en la Castilla de Carlos V\u00bb, en M. J. Vega (ed.), <em>Omn\u00edbona. Utop\u00eda, disidencia y reforma en la Espa\u00f1a del siglo XVI<\/em>, Madrid: Centro de Estudios Pol\u00edticos y Constitucionales, 2018, 139-193.<\/p>\n<p>Redondo, \u00a0Augustin, \u00abRevisitando el concepto de \u201cutop\u00eda\u201d y algunas de sus manifestaciones en la Espa\u00f1a del siglo XVI y de principios del siglo XVII\u00bb, <em>e-Spania<\/em> [online], 2015 (consulta: 21\/08\/ 2018). URL\u00a0: http:\/\/journals.openedition.org\/e-spania\/24395\u00a0; DOI\u00a0: 10.4000\/e-spania.24395.<\/p>\n<p>Ruiz Garc\u00eda, Elisa, \u00abEl universo femenino y las letras (siglos xv-xvii)\u00bb, en <em>Mujer y cultura escrita. Del mito al siglo XXI<\/em>, Mar\u00eda del Val Gonz\u00e1lez de la Pe\u00f1a (coord.), Gij\u00f3n, Ediciones Trea, 2005.<\/p>\n<p>Vega, Mar\u00eda Jos\u00e9 (ed.), <em>Omn\u00edbona. Utop\u00eda, disidencia y reforma en la Espa\u00f1a del siglo XVI<\/em>, Madrid: Centro de Estudios Pol\u00edticos y Constitucionales, 2018.<\/p>\n<p>Vega, Mar\u00eda Jos\u00e9, \u00abEl orden de la fici\u00f3n. Di\u00e1logo y espacio imaginario en Omn\u00edbona\u00bb, en M. J. Vega (ed.), <em>Omn\u00edbona. Utop\u00eda, disidencia y reforma en la Espa\u00f1a del siglo XVI<\/em>, Madrid: Centro de Estudios Pol\u00edticos y Constitucionales, 2018, 267 -323.<\/p>\n<p>Vega, Mar\u00eda Jos\u00e9, \u00abSociabilidad y ficci\u00f3n ut\u00f3pica. Los ni\u00f1os en Omn\u00edbona (1536-1540)\u00bb, en Marlen Bidwell Steiner y Teresa Hiergeist (coords.), <em>Hogar, metr\u00f3polis, corte: negociaciones culturales de la sociabilidad en la Espa\u00f1a del Siglo de Oro<\/em>, Madrid: Biblioteca \u00c1urea Hisp\u00e1nica, 2024, 21-40.<\/p>\n<p>Zavala, Silvio,\u00a0 <em>La\u00a0 Utop\u00eda\u00a0 de\u00a0 Tom\u00e1s\u00a0 Moro\u00a0 en\u00a0 la\u00a0 Nueva\u00a0 Espa\u00f1a<\/em>, Robledo,\u00a0 M\u00e9jico,\u00a0 1937.<\/p>\n","protected":false},"excerpt":{"rendered":"<p>Se incluye una bibliograf\u00eda b\u00e1sica, especialmente referida a Omn\u00edbona. Avil\u00e9s, Miguel, \u00abCambio y utop\u00eda en la Espa\u00f1a barroca\u00bb, El barroco en Andaluc\u00eda, vol. 1, Manuel Pel\u00e1ez del Rosal (coord.), C\u00f3rdoba, Universidad de C\u00f3rdoba, 1984, 125-136. Avil\u00e9s, Miguel, \u00abUtop\u00edas espa\u00f1olas en la Edad Moderna\u00bb, Chr\u00f3nica Nova 13 (1982), 27-52. Avil\u00e9s, Miguel, \u00abOtros cuatro relatos ut\u00f3picos en &hellip; <a href=\"https:\/\/blog.uclm.es\/proyectoomnut\/materiales\/bibliografia\/\" class=\"more-link\">Seguir leyendo <span class=\"screen-reader-text\">Bibliograf\u00eda<\/span> <span class=\"meta-nav\">&rarr;<\/span><\/a><\/p>\n","protected":false},"author":118,"featured_media":0,"parent":48,"menu_order":1,"comment_status":"closed","ping_status":"closed","template":"","meta":{"footnotes":""},"class_list":["post-52","page","type-page","status-publish","hentry"],"_links":{"self":[{"href":"https:\/\/blog.uclm.es\/proyectoomnut\/wp-json\/wp\/v2\/pages\/52","targetHints":{"allow":["GET"]}}],"collection":[{"href":"https:\/\/blog.uclm.es\/proyectoomnut\/wp-json\/wp\/v2\/pages"}],"about":[{"href":"https:\/\/blog.uclm.es\/proyectoomnut\/wp-json\/wp\/v2\/types\/page"}],"author":[{"embeddable":true,"href":"https:\/\/blog.uclm.es\/proyectoomnut\/wp-json\/wp\/v2\/users\/118"}],"replies":[{"embeddable":true,"href":"https:\/\/blog.uclm.es\/proyectoomnut\/wp-json\/wp\/v2\/comments?post=52"}],"version-history":[{"count":5,"href":"https:\/\/blog.uclm.es\/proyectoomnut\/wp-json\/wp\/v2\/pages\/52\/revisions"}],"predecessor-version":[{"id":522,"href":"https:\/\/blog.uclm.es\/proyectoomnut\/wp-json\/wp\/v2\/pages\/52\/revisions\/522"}],"up":[{"embeddable":true,"href":"https:\/\/blog.uclm.es\/proyectoomnut\/wp-json\/wp\/v2\/pages\/48"}],"wp:attachment":[{"href":"https:\/\/blog.uclm.es\/proyectoomnut\/wp-json\/wp\/v2\/media?parent=52"}],"curies":[{"name":"wp","href":"https:\/\/api.w.org\/{rel}","templated":true}]}}