{"id":48,"date":"2018-08-21T08:49:26","date_gmt":"2018-08-21T07:49:26","guid":{"rendered":"http:\/\/blog.uclm.es\/proyectoomnut\/?page_id=48"},"modified":"2018-08-21T08:49:26","modified_gmt":"2018-08-21T07:49:26","slug":"materiales","status":"publish","type":"page","link":"https:\/\/blog.uclm.es\/proyectoomnut\/materiales\/","title":{"rendered":"Materiales"},"content":{"rendered":"<p>El estudio sobre el g\u00e9nero ut\u00f3pico en la primera modernidad en la Monarqu\u00eda Hisp\u00e1nica se vincula a una corta serie de textos. Sobre ellos se ha formado una bibliograf\u00eda considerable. Tambi\u00e9n es importante conocer la actividad de grupos dedicados a esta materia.<\/p>\n","protected":false},"excerpt":{"rendered":"<p>El estudio sobre el g\u00e9nero ut\u00f3pico en la primera modernidad en la Monarqu\u00eda Hisp\u00e1nica se vincula a una corta serie de textos. Sobre ellos se ha formado una bibliograf\u00eda considerable. Tambi\u00e9n es importante conocer la actividad de grupos dedicados a esta materia.<\/p>\n","protected":false},"author":118,"featured_media":0,"parent":0,"menu_order":4,"comment_status":"closed","ping_status":"closed","template":"","meta":{"footnotes":""},"class_list":["post-48","page","type-page","status-publish","hentry"],"_links":{"self":[{"href":"https:\/\/blog.uclm.es\/proyectoomnut\/wp-json\/wp\/v2\/pages\/48","targetHints":{"allow":["GET"]}}],"collection":[{"href":"https:\/\/blog.uclm.es\/proyectoomnut\/wp-json\/wp\/v2\/pages"}],"about":[{"href":"https:\/\/blog.uclm.es\/proyectoomnut\/wp-json\/wp\/v2\/types\/page"}],"author":[{"embeddable":true,"href":"https:\/\/blog.uclm.es\/proyectoomnut\/wp-json\/wp\/v2\/users\/118"}],"replies":[{"embeddable":true,"href":"https:\/\/blog.uclm.es\/proyectoomnut\/wp-json\/wp\/v2\/comments?post=48"}],"version-history":[{"count":0,"href":"https:\/\/blog.uclm.es\/proyectoomnut\/wp-json\/wp\/v2\/pages\/48\/revisions"}],"wp:attachment":[{"href":"https:\/\/blog.uclm.es\/proyectoomnut\/wp-json\/wp\/v2\/media?parent=48"}],"curies":[{"name":"wp","href":"https:\/\/api.w.org\/{rel}","templated":true}]}}