{"id":33,"date":"2018-08-20T09:27:47","date_gmt":"2018-08-20T08:27:47","guid":{"rendered":"http:\/\/blog.uclm.es\/proyectoomnut\/?page_id=33"},"modified":"2018-08-20T09:27:47","modified_gmt":"2018-08-20T08:27:47","slug":"texto","status":"publish","type":"page","link":"https:\/\/blog.uclm.es\/proyectoomnut\/texto\/","title":{"rendered":"Texto"},"content":{"rendered":"<p>Aqu\u00ed (<span style=\"color: #ff9900\"><a style=\"color: #ff9900\" href=\"https:\/\/blog.uclm.es\/proyectoomnut\/wp-content\/uploads\/sites\/33\/2018\/08\/Omnibona.pdf\" target=\"_blank\" rel=\"noopener\">Omn\u00edbona<\/a><\/span>) se puede acceder al archivo PDF de la primera edici\u00f3n de la obra:<\/p>\n<h4><em>Omn\u00edbona. Utop\u00eda del siglo XVI (Ms. 9\/2218 de la RAH)<\/em>, edici\u00f3n de Ignacio J. Garc\u00eda Pinilla con un estado de la cuesti\u00f3n de V\u00edctor Lillo Casta\u00f1, Salamanca, SEMYR, 2018.<\/h4>\n","protected":false},"excerpt":{"rendered":"<p>Aqu\u00ed (Omn\u00edbona) se puede acceder al archivo PDF de la primera edici\u00f3n de la obra: Omn\u00edbona. Utop\u00eda del siglo XVI (Ms. 9\/2218 de la RAH), edici\u00f3n de Ignacio J. Garc\u00eda Pinilla con un estado de la cuesti\u00f3n de V\u00edctor Lillo Casta\u00f1, Salamanca, SEMYR, 2018.<\/p>\n","protected":false},"author":118,"featured_media":0,"parent":0,"menu_order":2,"comment_status":"closed","ping_status":"closed","template":"","meta":{"footnotes":""},"class_list":["post-33","page","type-page","status-publish","hentry"],"_links":{"self":[{"href":"https:\/\/blog.uclm.es\/proyectoomnut\/wp-json\/wp\/v2\/pages\/33","targetHints":{"allow":["GET"]}}],"collection":[{"href":"https:\/\/blog.uclm.es\/proyectoomnut\/wp-json\/wp\/v2\/pages"}],"about":[{"href":"https:\/\/blog.uclm.es\/proyectoomnut\/wp-json\/wp\/v2\/types\/page"}],"author":[{"embeddable":true,"href":"https:\/\/blog.uclm.es\/proyectoomnut\/wp-json\/wp\/v2\/users\/118"}],"replies":[{"embeddable":true,"href":"https:\/\/blog.uclm.es\/proyectoomnut\/wp-json\/wp\/v2\/comments?post=33"}],"version-history":[{"count":0,"href":"https:\/\/blog.uclm.es\/proyectoomnut\/wp-json\/wp\/v2\/pages\/33\/revisions"}],"wp:attachment":[{"href":"https:\/\/blog.uclm.es\/proyectoomnut\/wp-json\/wp\/v2\/media?parent=33"}],"curies":[{"name":"wp","href":"https:\/\/api.w.org\/{rel}","templated":true}]}}