{"id":29,"date":"2018-08-19T18:16:58","date_gmt":"2018-08-19T17:16:58","guid":{"rendered":"http:\/\/blog.uclm.es\/proyectoomnut\/?page_id=29"},"modified":"2018-08-19T18:16:58","modified_gmt":"2018-08-19T17:16:58","slug":"inicio","status":"publish","type":"page","link":"https:\/\/blog.uclm.es\/proyectoomnut\/inicio\/","title":{"rendered":"Inicio"},"content":{"rendered":"<p><em>Omn\u00edbona<\/em> es un di\u00e1logo ut\u00f3pico escrito en castellano en torno a 1540 y que ha permanecido in\u00e9dito hasta hace poco. Es, en consecuencia, muy poco conocido y ha pasado casi inadvertido a hispanistas, a los estudiosos de la teor\u00eda pol\u00edtica y a los de la literatura ut\u00f3pica. La reciente publicaci\u00f3n de la primera edici\u00f3n de la obra permite una mayor difusi\u00f3n entre todo tipo de lectores.<\/p>\n<p><em>Omn\u00edbona<\/em> es, posiblemente, la primera utop\u00eda europea en lengua vern\u00e1cula y la primera tras la publicaci\u00f3n de la <em>Utop\u00eda<\/em> de Tom\u00e1s Moro, y su contenido extraordinario destruye muchas presunciones sobre la literatura y el pensamiento ut\u00f3picos en Espa\u00f1a. Ataca, por ejemplo, el paradigma de que en Espa\u00f1a no existe literatura ut\u00f3pica hasta el siglo XVIII, porque las evidencias internas parecen fecharla en torno a 1540. Se trata, adem\u00e1s, de una obra de notable extensi\u00f3n.<\/p>\n<p>Se ordena en doce libros, en los que se describen las instituciones, los caminos, las costumbres, la capital, las escuelas y universidades y la organizaci\u00f3n pol\u00edtica de un reino imaginario. Los paralelos de este reino y Castilla son evidentes pues se trata sobre los conflictos en torno a la mendicidad, los gitanos, conversos e indios, o sobre la Inquisici\u00f3n, etc.<\/p>\n<p>Las reformas del rey ut\u00f3pico poseen un atrevimiento sin duda extraordinario para su tiempo. Asombra que se pretendiera su difusi\u00f3n en el seno de la corte, pues contradicen el relato establecido sobre la teor\u00eda pol\u00edtica habsb\u00fargica. Baste como ejemplo que, en materia de educaci\u00f3n, propone la ense\u00f1anza obligatoria a ni\u00f1os y ni\u00f1as hasta los doce a\u00f1os, y que estas puedan acceder a la educaci\u00f3n superior.<\/p>\n<p>El proyecto Explora <em>Omn\u00edbona, la utop\u00eda moderna olvidada<\/em> (FFI2015-72593-EXP) ha obtenido financiaci\u00f3n del Ministerio de Econom\u00eda, Industria y Competitividad. Este proyecto propone explorar el potencial de esta obra para alterar nuestros paradigmas sobre la historia cultural y literaria hispanas y favorecer su conocimiento y difusi\u00f3n.<\/p>\n<p><img loading=\"lazy\" decoding=\"async\" class=\"alignright size-medium wp-image-45\" src=\"https:\/\/blog.uclm.es\/proyectoomnut\/wp-content\/uploads\/sites\/33\/2018\/08\/Logo_del_Ministerio_de_Economia_Industria_y_Competitividad-300x77.png\" alt=\"\" width=\"300\" height=\"77\" srcset=\"https:\/\/blog.uclm.es\/proyectoomnut\/wp-content\/uploads\/sites\/33\/2018\/08\/Logo_del_Ministerio_de_Economia_Industria_y_Competitividad-300x77.png 300w, https:\/\/blog.uclm.es\/proyectoomnut\/wp-content\/uploads\/sites\/33\/2018\/08\/Logo_del_Ministerio_de_Economia_Industria_y_Competitividad-1024x264.png 1024w, https:\/\/blog.uclm.es\/proyectoomnut\/wp-content\/uploads\/sites\/33\/2018\/08\/Logo_del_Ministerio_de_Economia_Industria_y_Competitividad-768x198.png 768w, https:\/\/blog.uclm.es\/proyectoomnut\/wp-content\/uploads\/sites\/33\/2018\/08\/Logo_del_Ministerio_de_Economia_Industria_y_Competitividad-1536x396.png 1536w, https:\/\/blog.uclm.es\/proyectoomnut\/wp-content\/uploads\/sites\/33\/2018\/08\/Logo_del_Ministerio_de_Economia_Industria_y_Competitividad.png 2000w\" sizes=\"auto, (max-width: 300px) 100vw, 300px\" \/><\/p>\n","protected":false},"excerpt":{"rendered":"<p>Omn\u00edbona es un di\u00e1logo ut\u00f3pico escrito en castellano en torno a 1540 y que ha permanecido in\u00e9dito hasta hace poco. Es, en consecuencia, muy poco conocido y ha pasado casi inadvertido a hispanistas, a los estudiosos de la teor\u00eda pol\u00edtica y a los de la literatura ut\u00f3pica. La reciente publicaci\u00f3n de la primera edici\u00f3n de &hellip; <a href=\"https:\/\/blog.uclm.es\/proyectoomnut\/inicio\/\" class=\"more-link\">Seguir leyendo <span class=\"screen-reader-text\">Inicio<\/span> <span class=\"meta-nav\">&rarr;<\/span><\/a><\/p>\n","protected":false},"author":118,"featured_media":0,"parent":0,"menu_order":0,"comment_status":"closed","ping_status":"closed","template":"","meta":{"footnotes":""},"class_list":["post-29","page","type-page","status-publish","hentry"],"_links":{"self":[{"href":"https:\/\/blog.uclm.es\/proyectoomnut\/wp-json\/wp\/v2\/pages\/29","targetHints":{"allow":["GET"]}}],"collection":[{"href":"https:\/\/blog.uclm.es\/proyectoomnut\/wp-json\/wp\/v2\/pages"}],"about":[{"href":"https:\/\/blog.uclm.es\/proyectoomnut\/wp-json\/wp\/v2\/types\/page"}],"author":[{"embeddable":true,"href":"https:\/\/blog.uclm.es\/proyectoomnut\/wp-json\/wp\/v2\/users\/118"}],"replies":[{"embeddable":true,"href":"https:\/\/blog.uclm.es\/proyectoomnut\/wp-json\/wp\/v2\/comments?post=29"}],"version-history":[{"count":0,"href":"https:\/\/blog.uclm.es\/proyectoomnut\/wp-json\/wp\/v2\/pages\/29\/revisions"}],"wp:attachment":[{"href":"https:\/\/blog.uclm.es\/proyectoomnut\/wp-json\/wp\/v2\/media?parent=29"}],"curies":[{"name":"wp","href":"https:\/\/api.w.org\/{rel}","templated":true}]}}