{"id":22,"date":"2018-08-19T18:00:51","date_gmt":"2018-08-19T17:00:51","guid":{"rendered":"http:\/\/blog.uclm.es\/proyectoomnut\/?page_id=22"},"modified":"2018-08-19T18:00:51","modified_gmt":"2018-08-19T17:00:51","slug":"equipo-de-investigacion","status":"publish","type":"page","link":"https:\/\/blog.uclm.es\/proyectoomnut\/equipo-de-investigacion\/","title":{"rendered":"Equipo"},"content":{"rendered":"<h3>Ignacio J. Garc\u00eda Pinilla<\/h3>\n<p>Catedr\u00e1tico de Filolog\u00eda Latina en la\u00a0<img loading=\"lazy\" decoding=\"async\" class=\"alignleft wp-image-69 \" src=\"https:\/\/blog.uclm.es\/proyectoomnut\/wp-content\/uploads\/sites\/33\/2018\/08\/recorte-igp-150x150.jpg\" alt=\"\" width=\"139\" height=\"139\" \/>Universidad de Castilla-La Mancha. Su l\u00ednea de investigaci\u00f3n principal se centra en los fen\u00f3menos de la disidencia y el exilio vinculados al Humanismo en la Espa\u00f1a del siglo XVI. El acercamiento a estos fen\u00f3menos ha sido de car\u00e1cter marcadamente filol\u00f3gico: mediante la edici\u00f3n y estudio textos human\u00edsticos, con especial atenci\u00f3n a los epistolarios y a los textos pol\u00e9micos o vinculados al debate ideol\u00f3gico, atendiendo a los puntos de vista de todas las partes. Tambi\u00e9n ha incidido en la censura y represi\u00f3n como realidades que deben tenerse presentes para comprender el debate de la \u00e9poca. Forma parte del Grupo de Investigaci\u00f3n <em>De re Hispanica<\/em> (<span style=\"color: #ff9900\"><a style=\"color: #ff9900\" href=\"http:\/\/www.derehis.com\" target=\"_blank\" rel=\"noopener\">www.derehis.com<\/a><\/span>).\u00a0Es director de la <em>Serie de disidentes espa\u00f1oles<\/em> (U. de Castilla-La Mancha). Forma parte del Consejo de Redacci\u00f3n de la revista <em>Exemplaria Classica <\/em>(incluida en <em>Scopus<\/em>), de la colecci\u00f3n <em>Heterodoxia Iberica<\/em> (Brill) y de la colecci\u00f3n <em>Bibliotheca Graecolatina<\/em> (Univ. de C\u00f3rdoba), as\u00ed como del comit\u00e9 cient\u00edfico de otras publicaciones y series.<\/p>\n<p>M\u00e1s informaci\u00f3n en <span style=\"color: #ff9900\"><a style=\"color: #ff9900\" href=\"https:\/\/uclm.academia.edu\/IgnacioPinilla\" target=\"_blank\" rel=\"noopener\">Academia.edu<\/a><\/span>, <span style=\"color: #ff9900\"><a style=\"color: #ff9900\" href=\"https:\/\/www.researchgate.net\/profile\/Ignacio_Garcia_Pinilla\" target=\"_blank\" rel=\"noopener\">Researchgate.com<\/a><\/span> y <span style=\"color: #ff9900\"><a style=\"color: #ff9900\" href=\"http:\/\/orcid.org\/0000-0003-2468-0285\" target=\"_blank\" rel=\"noopener\">ORCID<\/a><\/span><\/p>\n<h3>Mar\u00eda Jos\u00e9 Vega<\/h3>\n<h3><img loading=\"lazy\" decoding=\"async\" class=\"alignleft wp-image-108\" src=\"https:\/\/blog.uclm.es\/proyectoomnut\/wp-content\/uploads\/sites\/33\/2018\/09\/mjvega-150x150.jpg\" alt=\"\" width=\"139\" height=\"139\" srcset=\"https:\/\/blog.uclm.es\/proyectoomnut\/wp-content\/uploads\/sites\/33\/2018\/09\/mjvega-150x150.jpg 150w, https:\/\/blog.uclm.es\/proyectoomnut\/wp-content\/uploads\/sites\/33\/2018\/09\/mjvega.jpg 200w\" sizes=\"auto, (max-width: 139px) 100vw, 139px\" \/><\/h3>\n<p>Mar\u00eda Jos\u00e9 Vega es catedr\u00e1tica de Teor\u00eda de la Literatura y Literatura Comparada en la Universidad Aut\u00f3noma de Barcelona. Realiz\u00f3 su formaci\u00f3n postdoctoral en las universidades de Pisa, Tur\u00edn y Oxford, en el Warburg Institute (como Frances Yates International Fellow), en la Herzog August Bibliothek de Wolfenb\u00fcttel y en la Biblioteca Marciana de Venecia. \u00a0Su l\u00ednea de investigaci\u00f3n principal es el estudio de la texualidad y de la historia de las ideas literarias en la Europa del siglo XVI, siempre en relaci\u00f3n con el pensamiento pol\u00edtico y religioso contempor\u00e1no. Desde el a\u00f1o 2000, dirige proyectos de investigaci\u00f3n competitivos, tanto nacionales, como\u00a0 auton\u00f3micos\u00a0 e\u00a0 internacionales\u00a0 y participa en varias redes de investigaci\u00f3n. En el a\u00f1o 2003 obtuvo la Distinci\u00f3 per a la Promoci\u00f3 de la Recerca de la Generalitat de Catalunya (J\u00f3venes Investigadores); en 2009 y, de nuevo, en 2014, fue galardonada con el Premio de Investigaci\u00f3n ICREA Acad\u00e8mia. En 2011 le fue otorgada la Mercator Gastprofessur por la Deutsche Forschungsgemeinschaft. En 2012 ha recibido el Premio Humboldt de Investigaci\u00f3n (RFA). Es autora de varias monograf\u00edas sobre po\u00e9tica, teor\u00eda literaria y teor\u00eda de la lectura en los siglos XVI y XVII. En este momento, trabaja sobre la teor\u00eda de la censura en la Espa\u00f1a moderna, especialmente en la segunda escol\u00e1stica, y en el impacto de la expurgaci\u00f3n en la conformaci\u00f3n del patrimonio textual europeo. Es IP del proyecto <em>Censura, textualidad y conflicto en la primera edad moderna<\/em> y dirige el <em>Seminario de Po\u00e9tica del Renacimiento<\/em> de la UAB.<\/p>\n<h3>Rafael M. P\u00e9rez Garc\u00eda<\/h3>\n<p><img loading=\"lazy\" decoding=\"async\" class=\"alignleft wp-image-81\" src=\"https:\/\/blog.uclm.es\/proyectoomnut\/wp-content\/uploads\/sites\/33\/2018\/08\/Foto-Rafael-Perez-150x150.jpg\" alt=\"\" width=\"139\" height=\"139\" \/>Profesor Titular en el Departamento de Historia Moderna de la Universidad de Sevilla. Especialista en Historia Cultural e Historia Social de la Espa\u00f1a moderna, ha publicado los siguientes libros: <em>Sociolog\u00eda y lectura espiritual en la Castilla del Renacimiento<\/em> (Madrid, Fundaci\u00f3n Universitaria Espa\u00f1ola, 2005)<em>, La imprenta y la literatura espiritual castellana en la Espa\u00f1a del Renacimiento<\/em> (Gij\u00f3n, Trea, 2006), y, en colaboraci\u00f3n con el Dr. Manuel F. Fern\u00e1ndez Chaves, <em>En los m\u00e1rgenes de la Ciudad de Dios. Moriscos en Sevilla<\/em> (Valencia, Universidades de Valencia, Granada y Zaragoza, 2009), y <em>Las \u00e9lites moriscas entre Granada y el reino de Sevilla. Rebeli\u00f3n, castigo y supervivencias<\/em> (Sevilla, Editorial Universidad de Sevilla, 2015). Ha participado en una veintena de proyectos de investigaci\u00f3n nacionales e internacionales y es autor de m\u00e1s de un centenar de publicaciones cient\u00edficas. Ha presentado ponencias y comunicaciones en m\u00e1s de cien congresos y reuniones cient\u00edficas celebradas en ocho pa\u00edses diferentes.<\/p>\n<p>M\u00e1s informaci\u00f3n en <span style=\"color: #ff9900\"><a style=\"color: #ff9900\" href=\"https:\/\/investigacion.us.es\/sisius\/sis_showpub.php?idpers=7652\" target=\"_blank\" rel=\"noopener\">Sisius<\/a><\/span> y<span style=\"color: #ff9900\"> <a style=\"color: #ff9900\" href=\"https:\/\/us.academia.edu\/RafaelMP\u00e9rezGarc%C3%ADa\" target=\"_blank\" rel=\"noopener\">Academia.edu<\/a><\/span><\/p>\n","protected":false},"excerpt":{"rendered":"<p>Ignacio J. Garc\u00eda Pinilla Catedr\u00e1tico de Filolog\u00eda Latina en la\u00a0Universidad de Castilla-La Mancha. Su l\u00ednea de investigaci\u00f3n principal se centra en los fen\u00f3menos de la disidencia y el exilio vinculados al Humanismo en la Espa\u00f1a del siglo XVI. El acercamiento a estos fen\u00f3menos ha sido de car\u00e1cter marcadamente filol\u00f3gico: mediante la edici\u00f3n y estudio textos &hellip; <a href=\"https:\/\/blog.uclm.es\/proyectoomnut\/equipo-de-investigacion\/\" class=\"more-link\">Seguir leyendo <span class=\"screen-reader-text\">Equipo<\/span> <span class=\"meta-nav\">&rarr;<\/span><\/a><\/p>\n","protected":false},"author":118,"featured_media":0,"parent":0,"menu_order":1,"comment_status":"closed","ping_status":"closed","template":"","meta":{"footnotes":""},"class_list":["post-22","page","type-page","status-publish","hentry"],"_links":{"self":[{"href":"https:\/\/blog.uclm.es\/proyectoomnut\/wp-json\/wp\/v2\/pages\/22","targetHints":{"allow":["GET"]}}],"collection":[{"href":"https:\/\/blog.uclm.es\/proyectoomnut\/wp-json\/wp\/v2\/pages"}],"about":[{"href":"https:\/\/blog.uclm.es\/proyectoomnut\/wp-json\/wp\/v2\/types\/page"}],"author":[{"embeddable":true,"href":"https:\/\/blog.uclm.es\/proyectoomnut\/wp-json\/wp\/v2\/users\/118"}],"replies":[{"embeddable":true,"href":"https:\/\/blog.uclm.es\/proyectoomnut\/wp-json\/wp\/v2\/comments?post=22"}],"version-history":[{"count":0,"href":"https:\/\/blog.uclm.es\/proyectoomnut\/wp-json\/wp\/v2\/pages\/22\/revisions"}],"wp:attachment":[{"href":"https:\/\/blog.uclm.es\/proyectoomnut\/wp-json\/wp\/v2\/media?parent=22"}],"curies":[{"name":"wp","href":"https:\/\/api.w.org\/{rel}","templated":true}]}}