{"id":89,"date":"2022-04-25T06:53:22","date_gmt":"2022-04-25T05:53:22","guid":{"rendered":"https:\/\/blog.uclm.es\/proyectoneat4sust\/?page_id=89"},"modified":"2022-04-25T06:53:22","modified_gmt":"2022-04-25T05:53:22","slug":"agradecimientos","status":"publish","type":"page","link":"https:\/\/blog.uclm.es\/proyectoneat4sust\/agradecimientos\/","title":{"rendered":"Agradecimientos"},"content":{"rendered":"<p>Proyectos I+D+i -Modalidades \u00abRetos Investigaci\u00f3n\u00bb y \u00abGeneraci\u00f3n de Conocimiento\u00bb (sin financiaci\u00f3n FEDER)<\/p>\n<p>Proyecto PID2019-107271RB-I00 (Nuevas tecnologias basadas en electro-absorci\u00f3n para aplicaciones medioambientales y energ\u00e9ticas m\u00e1s sostenibles; New Electro-Absorption Technologies for more Sustainable environmental and energy applications) financiado por MCIN\/ AEI \/10.13039\/501100011033<\/p>\n","protected":false},"excerpt":{"rendered":"<p>Proyectos I+D+i -Modalidades \u00abRetos Investigaci\u00f3n\u00bb y \u00abGeneraci\u00f3n de Conocimiento\u00bb (sin financiaci\u00f3n FEDER) Proyecto PID2019-107271RB-I00 (Nuevas tecnologias basadas en electro-absorci\u00f3n para aplicaciones medioambientales y energ\u00e9ticas m\u00e1s sostenibles; New Electro-Absorption Technologies for more Sustainable environmental and energy applications) financiado por MCIN\/ AEI \/10.13039\/501100011033<\/p>\n","protected":false},"author":213,"featured_media":0,"parent":0,"menu_order":0,"comment_status":"closed","ping_status":"closed","template":"","meta":{"footnotes":""},"class_list":["post-89","page","type-page","status-publish","hentry"],"_links":{"self":[{"href":"https:\/\/blog.uclm.es\/proyectoneat4sust\/wp-json\/wp\/v2\/pages\/89","targetHints":{"allow":["GET"]}}],"collection":[{"href":"https:\/\/blog.uclm.es\/proyectoneat4sust\/wp-json\/wp\/v2\/pages"}],"about":[{"href":"https:\/\/blog.uclm.es\/proyectoneat4sust\/wp-json\/wp\/v2\/types\/page"}],"author":[{"embeddable":true,"href":"https:\/\/blog.uclm.es\/proyectoneat4sust\/wp-json\/wp\/v2\/users\/213"}],"replies":[{"embeddable":true,"href":"https:\/\/blog.uclm.es\/proyectoneat4sust\/wp-json\/wp\/v2\/comments?post=89"}],"version-history":[{"count":0,"href":"https:\/\/blog.uclm.es\/proyectoneat4sust\/wp-json\/wp\/v2\/pages\/89\/revisions"}],"wp:attachment":[{"href":"https:\/\/blog.uclm.es\/proyectoneat4sust\/wp-json\/wp\/v2\/media?parent=89"}],"curies":[{"name":"wp","href":"https:\/\/api.w.org\/{rel}","templated":true}]}}