{"id":66,"date":"2020-08-19T16:06:23","date_gmt":"2020-08-19T15:06:23","guid":{"rendered":"http:\/\/blog.uclm.es\/proyectoneat4sust\/?page_id=12"},"modified":"2022-10-25T15:57:58","modified_gmt":"2022-10-25T15:57:58","slug":"investigadores","status":"publish","type":"page","link":"https:\/\/blog.uclm.es\/proyectoneat4sust\/investigadores\/","title":{"rendered":"Investigadores"},"content":{"rendered":"<p>Equipo de Investigaci\u00f3n<\/p>\n<p>Prof. Dr. Manuel Andr\u00e9s Rodrigo Rodrigo. Catedr\u00e1tico de Universidad. Universidad de Castilla La Mancha.<br \/>\nProf. Dr. Justo Lobato Bajo. Catedr\u00e1tico de Universidad. Universidad de Castilla La Mancha.<br \/>\nDr. Javier Llanos L\u00f3pez. Profesor Titular de Universidad. Universidad de Castilla La Mancha.<br \/>\nDra. Carmen Mar\u00eda Fern\u00e1ndez-Marchante. Profesora Contratada Doctora. Universidad de Castilla La Mancha.<\/p>\n<p>Equipo de Trabajo<\/p>\n<p>Prof. Dr. Jo\u00e3o Paulo Serejo Goul\u00e3o Crespo. Universidad Nova Lisboa. Portugal.<br \/>\nProf. Dr. Elisama Vieira Dos Santos. Universidad Federal de Rio Grande do Norte, Brasil.<br \/>\nProf. Dr. Gabriela Roa Morales. Universidad Aut\u00f3noma del Estado de M\u00e9xico. M\u00e9xico.<br \/>\nProf. Dr. Artur Jesus de Motheo. Universidad de Sao Paulo, Brasil.<br \/>\nProf. Dr. Carlos Eduardo Barrera D\u00eda. Universidad Aut\u00f3noma del Estado de M\u00e9xico. M\u00e9xico.<br \/>\nProf. Dr. Marcos Roberto Lanza. Universidad de Sao Paulo. Brasil.<br \/>\nProf. Dr. Onofrio Scialdone. Universita degli Studi di Palermo. Italia.<br \/>\nProf. Dr. Carlos Alberto Mart\u00ednez-Huitle. Universidad Federal de Rio Grande do Norte. Brasil.<br \/>\nProf. Dr. Giancarlo Richard Salazar -Banda. Universidade Tiradentes. Brasil.<br \/>\nProf. Dr. Ricardo Salazar Gonz\u00e1lez. Universidad de Santiago de Chile. Chile<\/p>\n<p>Rafael Granados Fern\u00e1ndez. Investigador contratado para realizar tareas en diferentes paquetes de trabajo siguiendo la programaci\u00f3n proyectada para ESR1 en WP1, WP2, WP3, WP5, WP6 y WP7 y WP8<\/p>\n<p>Ismael Fernandez Mena. Investigador contratado para realizar tareas en diferentes paquetes de trabajo siguiendo la programaci\u00f3n proyectada para ESR2. Renunci\u00f3 al contrato al firmar un JDC pero ha continuado a partir de ah\u00ed colaborando en su nueva funci\u00f3n en WP1, WP2, WP8<\/p>\n<p>Julia Isidro Elvira. Investigadora contratada para realizar tareas en diferentes paquetes de trabajo siguiendo la programaci\u00f3n proyectada para ESR2 en WP1, WP2, WP3, WP8<\/p>\n<p>Mireya Carvela Soler. Investigadora contratada para realizar tareas en diferentes paquetes de trabajo siguiendo la programaci\u00f3n proyectada para ESR2 en WP4, WP5, WP6, WP7 Y WP8<\/p>\n<p>Miguel Angel Montiel L\u00f3pez. Investigador JDC que est\u00e1 colaborando en varios paquetes de trabajo con una actuaci\u00f3n muy relevante en WP4 y WP6<\/p>\n<p>Mart\u00edn Mu\u00f1oz Morales. Investigador que complet\u00f3 su tesis en el marco del proyecto (venia del proyecto anterior Retos de la Sociedad) y que ha seguido colaborando en algunas de las actuaciones en WP3 y WP4<\/p>\n<p>Florymar Escalona Dur\u00e1n. Investigadora predoctoral en cotutela entre MAR\/CAM. Realizaci\u00f3n de estancia de 1 a\u00f1o en el marco del proyecto NEAT4SUST+ realizando experimentaci\u00f3n sobre WP 3 y WP7. Complet\u00f3 su tesis que es uno de los resultados del proyecto<\/p>\n<p>Mayra Rodriguez Pe\u00f1a. Investigadora predoctoral en cotutela entre MAR\/CEB. Realizaci\u00f3n de estancia de 1 a\u00f1o en el marco del proyecto NEAT4SUST+ realizando experimentaci\u00f3n sobre WP 4. Complet\u00f3 su tesis que es uno de los resultados del proyecto<\/p>\n<p>Andrea Nataly Arias S\u00e1nchez. Investigadora que ha conseguido el contrato de formaci\u00f3n predoctoral y est\u00e1 siguiendo la programaci\u00f3n realizada en la memoria sobre WP3<\/p>\n<p>Rodrigo de Mello. Investigador predoctoral en cotutela entre MAR\/AJM. Realizaci\u00f3n de estancia de 1 a\u00f1o en el marco del proyecto NEAT4SUST+ realizando experimentaci\u00f3n sobre WP 6<\/p>\n<p>Paulo Jorge Marqu\u00e9s Cordeiro Junior. Investigador predoctoral procedente grupo MRL. Realizaci\u00f3n de estancia de 1 a\u00f1o en el marco del proyecto NEAT4SUST+ realizando experimentaci\u00f3n sobre WP 3<\/p>\n<p>Jo\u00e3o Miller de Melo Henrique. Investigador predoctoral en cotutela entre MAR\/EVS. Realizaci\u00f3n de estancia de 1 a\u00f1o en el marco del proyecto NEAT4SUST+ realizando experimentaci\u00f3n sobre WP 3 y WP4<\/p>\n<p>Mayra Kerolly Sales Monteiro. Investigador predoctoral en cotutela entre MAR\/AJM. Realizaci\u00f3n de estancia de 1 a\u00f1o en el marco del proyecto NEAT4SUST+ realizando experimentaci\u00f3n sobre WP 4<\/p>\n<p>Lorena Athie Goulart. Investigadora postdoctoral brasile\u00f1a perteneciente al grupo MRV que realiz\u00f3 estancia de 1 a\u00f1o en el marco del proyecto NEAT4SUST+ realizando experimentaci\u00f3n sobre WP3<\/p>\n<p>Fernanda Lourdes Souza. Investigadora postdoctoral brasile\u00f1a perteneciente al grupo MRV que realiz\u00f3 estancia de 1 a\u00f1o en el marco del proyecto NEAT4SUST+ realizando experimentaci\u00f3n sobre WP3, WP4 y WP7<\/p>\n<p>Gustavo Acosta Santoyo. Investigador postdoctoral mejicano que realiz\u00f3 estancia de 1 a\u00f1o en el marco del proyecto NEAT4SUST+ realizando experimentaci\u00f3n sobre WP 4<\/p>\n","protected":false},"excerpt":{"rendered":"<p>Equipo de Investigaci\u00f3n Prof. Dr. Manuel Andr\u00e9s Rodrigo Rodrigo. Catedr\u00e1tico de Universidad. Universidad de Castilla La Mancha. Prof. Dr. Justo Lobato Bajo. Catedr\u00e1tico de Universidad. Universidad de Castilla La Mancha. Dr. Javier Llanos L\u00f3pez. Profesor Titular de Universidad. Universidad de Castilla La Mancha. Dra. Carmen Mar\u00eda Fern\u00e1ndez-Marchante. Profesora Contratada Doctora. Universidad de Castilla La Mancha. [&hellip;]<\/p>\n","protected":false},"author":213,"featured_media":0,"parent":0,"menu_order":0,"comment_status":"closed","ping_status":"closed","template":"","meta":{"footnotes":""},"class_list":["post-66","page","type-page","status-publish","hentry"],"_links":{"self":[{"href":"https:\/\/blog.uclm.es\/proyectoneat4sust\/wp-json\/wp\/v2\/pages\/66","targetHints":{"allow":["GET"]}}],"collection":[{"href":"https:\/\/blog.uclm.es\/proyectoneat4sust\/wp-json\/wp\/v2\/pages"}],"about":[{"href":"https:\/\/blog.uclm.es\/proyectoneat4sust\/wp-json\/wp\/v2\/types\/page"}],"author":[{"embeddable":true,"href":"https:\/\/blog.uclm.es\/proyectoneat4sust\/wp-json\/wp\/v2\/users\/213"}],"replies":[{"embeddable":true,"href":"https:\/\/blog.uclm.es\/proyectoneat4sust\/wp-json\/wp\/v2\/comments?post=66"}],"version-history":[{"count":1,"href":"https:\/\/blog.uclm.es\/proyectoneat4sust\/wp-json\/wp\/v2\/pages\/66\/revisions"}],"predecessor-version":[{"id":106,"href":"https:\/\/blog.uclm.es\/proyectoneat4sust\/wp-json\/wp\/v2\/pages\/66\/revisions\/106"}],"wp:attachment":[{"href":"https:\/\/blog.uclm.es\/proyectoneat4sust\/wp-json\/wp\/v2\/media?parent=66"}],"curies":[{"name":"wp","href":"https:\/\/api.w.org\/{rel}","templated":true}]}}