{"id":41,"date":"2020-08-19T17:49:14","date_gmt":"2020-08-19T16:49:14","guid":{"rendered":"http:\/\/blog.uclm.es\/proyectoneat4sust\/?page_id=41"},"modified":"2022-10-25T15:59:44","modified_gmt":"2022-10-25T15:59:44","slug":"paquetes-de-trabajo","status":"publish","type":"page","link":"https:\/\/blog.uclm.es\/proyectoneat4sust\/paquetes-de-trabajo\/","title":{"rendered":"Paquetes de Trabajo"},"content":{"rendered":"<p>Planificaci\u00f3n<\/p>\n<p>WP1. TECHNICAL COORDINATION and ECONOMIC MANAGEMENT<br \/>\n(workload PRT: 1.0 pm)<br \/>\nThis WP entails all the coordination actions between members of the RST and the stakeholders. The two PIs of the project have leaded many previous regional, national and EU projects, as well as companies contracts. Because of that, they are experienced in coordination actions and the activities proposed in this WP, together with those of WP2, will assure a well-controlled flow of knowledge within NEAT4SUST+. On the other hand, the more and more time-consuming administrative duties related to the research management of a project have oblied to quantify the time efforts dedicated to this administrative work, much of them not directly related to research. All this time is considered in WP1 and consists of: (1) selection and hiring of early stage researchers; (2) economic tracking of the activities; (3) writing technical and economic reports. Tasks included in this WP are coordinated by one of the PIs and involved to all RST. In case of any contingency, the other PI will take the responsibility.<br \/>\nR: MAR (0.4 pm)<br \/>\nRTM: JLB(0.2 pm) JLL (0.2 pm) CMF (0.2 pm)<br \/>\nSTM: ESR1 ESR2 CAM EVS GCS RSB AJM OSC MRL CEB GRM JCR<br \/>\nIP:Q1-Q12<\/p>\n<p>WP2. KNOWLEDGE MANAGEMENT<br \/>\n(workload PRT: 1.0 pm)<br \/>\nIn this WP all dissemination and technology transfer activities are included, as well as other ways of valuing of the obtained results for the Society. To reach this goal, there are several tasks that go from the development of a website aimed to spread knowledge to Society up to the organization of the Workshop NEAT4SUST+, that aims to integrate research groups and stakeholders into a discussion forum on the most recent progress of topics investigated in the project (not only fundamentals but also the investigated applications), aiming for internationalization of the research interest in the topic and for knowledge transfer that stimulates the production fabric. It also includes scientific coordination meetings among researchers and also with supporting stakeholders and other external companies or organizations interested in the project. It is also included a task related to the coordination of the scientific dissemination in scientific meetings and also the compilation of all research works into the RUIDERA repository, in order to satisfy the legal requirement of open acces publication without charging excessively the economy of the project. It will also be evaluated which publications are worth to be golden-access, for which a budget has been applied in this proposal. Tasks included in this WP are coordinated by one of the PIs and involved to all RST. In case of any contingency, the other PI will take the responsibility of this WP. R: JLB (0.4 pm)<br \/>\nRTM: MAR(0.2 pm)<br \/>\nJLL (0.2 pm)<br \/>\nCMF(0.2 pm)<br \/>\nSTM: ESR1 ESR2 CAM EVS GCS RSB AJM OSC MRL CEB GRM JCR<br \/>\nIP: Q1-Q12<\/p>\n<p>WP3. DEVELOPMENT OF ATMOSPHERIC ELECTRO-ABSORBERS<br \/>\n(workload PRT: 4.0 pm)<br \/>\nThis WP is commited to the development of systems operating at near atmospheric pressure conditions, oriented to the removal of VOCs and deodorization of gaseous waste streams. TRL level aimed for this WP is 4 (Built in a laboratory environment) and, taking that into account, synthetic model gas streams are going to be used instead of real gaseous streams in this WP. As model of VOC polluted streams, it is going to be used streams of air polluted with benzene, aniline, vinyl chloride and acetaldehyde. As a model of an odour streams, air streams polluted with hydrogen sulfide, ammonia and methyl-mercaptane will be used. Gaseous streams will be made by stripping liquid solutions containing the pollutants in order to properly simulate real production. Technology approach proposed is based on the combination of an absorber with an electrolyzer. As absorbers, paked column and jet mixers are proposed for this WP. Electrolysis, single and coupled with UV and\/or US will be tested for degradation of pollutants. All plants needed are in operation now, although they will be optimized in a first task. As absorbents-electrolytes, aqueous and methanol solutions containing mediators (Co, Ag, \u2026) will be used, being one of the key expected inputs, together with the electrode type for each of the model gases whose treatment aims to be evaluated and optimized.<br \/>\nR: MAR(2.3 pm)<br \/>\nRTM: JLB (0.3 pm) JLL (0.5 pm) CMF (0.9 pm)<br \/>\nSTM: ESR1 CAM EVS RSB GCS<br \/>\nIP: Q1-Q8<br \/>\nOE: 4 RSP<br \/>\nTRL: 4<\/p>\n<p>WP4. DEVELOPMENT OF PRESSURIZED ELECTRO-ABSORBERS<br \/>\n(workload PRT: 4.8 pm)<br \/>\nElectrochemical cells to obtain highly value-added oxidants from oxygen oxidation and \/ or reduction will be developed in this WP. Particularly, the direct production of ozone, and a process to produce chlorine dioxide from electrochemically generated hydrogen peroxide have been targeted as objectives. This project starts from a high level of development in the generation of H2O2, which is intended to be further optimized with this WP with the design of cells capable of operating at very high pressures and connectable with cryostats, designed for the ultimate purpose of increasing as much as possible the solubility of gases in the liquid electrolyte. It is also intended to optimize the integration of processes. Composition of the anode and cathode material, formulation of the electrolyte, electrochemical cell mechanical design and operation conditions are the key parameters for the efficient simultaneous production of H2O2 and chlorate (needed for ClO2) and ozone. TRL level aimed for this WP is 4 (Built in a laboratory environment) using commercial technology from external suppliers and in-house mechanical design for the cells and high pressure mixers.<br \/>\nR: JLL (3.0 pm)<br \/>\nRTM: MAR (0.4 pm) JLB (0.2 pm) CMF (1.2 pm)<br \/>\nSTM: ESR2 CEB GRM OSC GCS<br \/>\nIP: Q1-Q8<br \/>\nOE: 3 RSP<br \/>\nTRL: 4<\/p>\n<p>WP5. DEVELOPMENT OF MIXED ELECTROABSORBERS<br \/>\n(workload PRT: 4.1 pm)<br \/>\nThe aim of this WP is the development of mixed electro-absorbers based on the production of tiny micro-bubbles of the target gas into the electrolyte by means of an abrupt change in pressure attained with an special mechanical device consisting of a high-pressure mixer and a valve. Target applications are related to the storage of energy with the development of regerative cells for the thermoelectrochemical Westinghouse and for H2-Cl2 processes, allowing the use of biphasic mixtures, which becomes an important issue because of the solubility of the reagents used in the Westinghouse (SO2\/H2) and chloroalkaline (Cl2\/H2) processes, which is affected by the severe pH conditions. TRL level aimed for this WP is 4 (Built in a laboratory environment). There are setups ready for these activities, although small adaptations are needed as pointed out in the budget<br \/>\nR: JLB (2.0 pm)<br \/>\nRTM: JLL (1.2 pm) CMF (0.5 pm) MAR (0.4 pm)<br \/>\nSTM: ESR1 AJM MRL GCS<br \/>\nIP:Q1-Q7<br \/>\nOE: 2 RSP<br \/>\nTRL: 4<\/p>\n<p>WP6. ASSESSMENT OF GAS PHASE ELECTROCHEMICAL PROCESSES<br \/>\n(workload PRT: 2.7 pm)<br \/>\nSome of the electrochemical processes cannot be operated only in gas phase (hydrogen peroxide and by-products generation, chloro-alkali regenerative cell) but there are others that can be operated only in gas phase. These gas-phase based electrochemical technologies will be compared, in order to gain expertise and knowledge to assess when the concept gas-liquid is interesting and when the direct treatment in gas phase using a solid electrolyte in between the electrodes of the cell is better. In all cases, a standard gas\/gas PEM electrochemical cell will be used for the gas treatment. This WP will provide WP7 for the relevant inputs needed to face the LCA. TRL level aimed for this WP is 4 (Built in a laboratory environment) and the main aim is to obtain relevant data which allows the comparison of technologies with WP3, 4 and 5. A lower research effort is needed, because in fact it is an extension of the work developed in WP3 to 5 with a different setup.<br \/>\nR: JLB (1.0 pm)<br \/>\nRTM: MAR (0.6 pm) JLL (0.3 pm) CMF (0.8 pm)<br \/>\nSTM: ESR1 ESR2 JCR GCS<br \/>\nIP: Q3 Q9<br \/>\nOE: 3 RSP<br \/>\nTRL: 4<\/p>\n<p>WP7 ENERGY AND SUSTAINABILITY MANAGEMENT<br \/>\n(workload PRT: 5.3 pm)<br \/>\nIn the last projects of our group, different possibilities for powering the electrolytic remediation of water and soil with renewable energy have been optimized using in-house software tools and storage of surplus energy in Redox Flow Batteries (RFB). In this WP, we intend to go another step beyond, applying all the technology to one of the new systems developed in the project (the removal of VOCs\/Odour using atmospheric electroabsorbers), as well as studying the influence of power supply with variable patterns in operation, in a systematic way (defining four behavior profiles: solar-winter, solar-summer, wind-Beaufort force 4-5, wind-Beaufort force 6-7) that will be applied for periods of two weeks. In addition, all the technologies developed will be analyzed as a whole, throughout the use of eco-efficiency tools, carbon footprint analysis, energy analysis and the evaluation of uses of the different by-products, to determine what is needed to achieve optimal technology not only from the viewpoint of economy but also of sustainability. TRL level aimed for this WP is 5 considering that we are using real data in all tools.<br \/>\nR: CMF(3.0 pm)<br \/>\nRTM: MAR (0.9 pm) JLB (1.1 pm) JLL (0.3 pm)<br \/>\nSTM: ESR1 ESR2 CAM EVS GCS RSB AJM OSC MRL CEB GRM JCR<br \/>\nIP: Q1-Q11<br \/>\nOE: 10 RSP<br \/>\nTRL: 5<\/p>\n<p>WP8 SCALE UP OF THE DEVELOPED TECHNOLOGIES<br \/>\n(workload PRT: 3.8 pm)<br \/>\nIt is aimed to face the scale up of the processes that have exhibited the best performance in WP3-WP6. TRL level aimed for this WP is 5 (Tested in intended environment) reaching in some cases 6 (Tested in intended environment close to expected performance) taking into account that we aim to transcend from lab to companies, as we have done before in previous proposals. Given the time constraints and the cost of each of the tests carried out with the large facilities (in both personal &amp; consumable costs), there will be no scaling up of all technologies but only those that exhibit the best performance. A priori, it is intended that the applications will be treatment of a real waste gas stream, chlorine dioxide production and chloroalkaline energy storage, although it is risky to take this decision at this time and it can be modified depending on the results obtained in WP3-WP6, always selecting one application in each WP. Hence, if necessary, the processes scaled-up will be conveniently readjusted. There is previous experience of the RTM in scaling up and in the operation of large-scale infrastructures.<br \/>\nR:MAR(1.0 pm)<br \/>\nRTM: JLB (1.1 pm) JLL (1.3 pm) CMF (0.4 pm)<br \/>\nSTM: ESR1 ESR2 CAM EVS GCS RSB AJM OSC MRL CEB GRM JCR<br \/>\nIP: Q8-Q12<br \/>\nOE: 3 RSP<br \/>\nTRL: 5<\/p>\n<p>Progreso de los paquetes de trabajo a fecha mitad de proyecto (diciembre 2021)<\/p>\n<p>WP1: Coordinaci\u00f3n T\u00e9cnica y gesti\u00f3n econ\u00f3mica<br \/>\nMiembros del equipo participantes*: R: MAR; RTM: JLB; JLL; CMF; STM: RGF IFM JIE CAM EVS GCS RSB AJM OSC MRL CEB GRM JCR<\/p>\n<p>Todas las tareas de coordinaci\u00f3n t\u00e9cnica y econ\u00f3mica incluidas en este paquete de trabajo se est\u00e1n desarrollando de acuerdo con la programaci\u00f3n propuesta. La Tarea T1.1 (Gesti\u00f3n de la coordinaci\u00f3n cient\u00edfica) se ha desarrollado seg\u00fan lo programado con reuniones cuatrimestrales de coordinaci\u00f3n administrativa que se han hecho coincidir con las cient\u00edficas tecnol\u00f3gicas de la T2.1. La T1.2 (Gesti\u00f3n de investigadores contratados) ha conllevado la gesti\u00f3n administrativa de cuatro contratos de investigadores para colaborar en las distintas actividades del proyecto, seg\u00fan se explica en otros apartados de esta memoria. La T1.3 (Gesti\u00f3n de costes) ha conllevado el seguimiento de todas las partidas econ\u00f3micas y la evaluaci\u00f3n de las adquisiciones para una correcta administraci\u00f3n econ\u00f3mica de la subvenci\u00f3n asignada al proyecto. Las T1.4 y T1.5 (Preparaci\u00f3n de informes cient\u00edfico- tecnol\u00f3gicos y econ\u00f3micos) se est\u00e1 completando mediante esta actuaci\u00f3n. La T1.6 (Gesti\u00f3n de la propiedad intelectual) no ha sido necesaria.<\/p>\n<p>WP2: Gesti\u00f3n del conocimiento<br \/>\nMiembros del equipo participantes*: R: JLB; RTM: MAR; JLL; CMF; STM: RGF JIE IFM CAM EVS GCS RSB AJM OSC MRL CEB GRM JCR<\/p>\n<p>Todas las tareas de coordinaci\u00f3n de la gesti\u00f3n del conocimiento incluidas en este paquete de trabajo han sido desarrolladas de acuerdo con la programaci\u00f3n propuesta. La T2.1 (Gesti\u00f3n del conocimiento) se est\u00e1 desarrollando adecuadamente mediante las reuniones cuatrimestrales. La T2.2 sobre desarrollo y mantenimiento de la web se ha desarrollado adecuadamente y ya est\u00e1 operativa la p\u00e1gina web (blog.uclm.es\/proyectoneat4sust). La T2.3 (organizaci\u00f3n de workshop internacional) est\u00e1 actualmente en preparaci\u00f3n, pero no est\u00e1 programada (de acuerdo con la solicitud) hasta la tercera anualidad al igual que la T2.4 (Preparaci\u00f3n del informe final y de nuevas propuestas). No obstante, en relaci\u00f3n con el proyecto ya se ha participado en la redacci\u00f3n de varias propuestas para proyectos europeos. La T2.5 (Coordinaci\u00f3n de la diseminaci\u00f3n) ha permitido gestionar adecuadamente 30 publicaciones e 34 presentaciones en congreso y la T2.7 (acceso abierto) est\u00e1 actualmente en desarrollo. Varios art\u00edculos han sido publicados completamente en abierto y para el resto se est\u00e1 gestionando su aparici\u00f3n en repositorio Ruidera una vez que se cumplan los periodos de embargo.<\/p>\n<p>WP3: Desarrollo de electro-absorbedores atmosf\u00e9ricos<br \/>\nMiembros del equipo participantes*: R: MAR; RTM: JLB; JLL; CMF; STM: RGF MMM FED ANA PMC JMH LAG FLS CAM; EVS RSB GCS; En este paquete de trabajo se desarrollan las actuaciones para alcanzar el Objetivo 1 y los resultados en forma de publicaciones y congresos se han expuesto en la secci\u00f3n anterior. Se ha completado la Tarea 3.1 (Desarrollo de sistemas columna de absorci\u00f3n electrolizador) y se est\u00e1 trabajado en la Tarea 3.2 (sistema de electroabsorbedor jet). Ambos tipos de tecnolog\u00edas han sido estudiados utilizando tolueno y percloroetileno como contaminantes modelo. Actualmente se est\u00e1n evaluando otros contaminantes y completando el dise\u00f1o de distintos sistemas de electroabsorci\u00f3n para conseguir incrementar su eficiencia. En la solicitud del proyecto se comprometi\u00f3 la preparaci\u00f3n de 4 informes o art\u00edculos cient\u00edficos como consecuencia de esta actividad. En el momento actual se han publicado 7 art\u00edculos directamente relacionados, cinco derivados a partir de investigaci\u00f3n inducida y se han presentado 13 contribuciones en congreso.<\/p>\n<p>WP4: Desarrollo de electro-absorbedores presurizados<br \/>\nMiembros del equipo participantes*: R: JLL; RTM: MAR; JLB; CMF; STM: MCS MAM MMM MRP JMH MSM FLS GAS CEB GRM OSC GCS El paquete de trabajo desarrolla el Objetivo 2 del proyecto y consta de tres tareas. En el momento actual se ha completado las Tareas 4.1 (Optimizaci\u00f3n de la producci\u00f3n electroqu\u00edmica de per\u00f3xido de hidrogeno) en cuanto a lo proyectado inicialmente. No obstante, se sigue trabajando en el tema por ser de gran inter\u00e9s avanzar por encima de los inicialmente objetivado y tener mucha relevancia en otros proyectos que actualmente desarrolla el grupo (Proyecto SERPIC). Se est\u00e1 trabajando en las Tareas 4.2 (Producci\u00f3n electroqu\u00edmica de ozono) y 4.3 (Producci\u00f3n electroqu\u00edmica de di\u00f3xido de cloro), estando ambas muy avanzadas y habiendo obtenido en las tres resultados publicados en bibliograf\u00eda. En la solicitud del proyecto se comprometi\u00f3 la preparaci\u00f3n de 3 informes o art\u00edculos cient\u00edficos. Hasta el momento se han publicado 7 art\u00edculos directamente relacionados, uno derivado y se han presentado 6 contribuciones en congreso.<\/p>\n<p>WP5: Desarrollo de electro-absorbedores intermedios<br \/>\nMiembros del equipo participantes*: R: JLB; RTM: JLL; CMF; MAR; STM: RGF MCS AJM MRL GCS El paquete de trabajo desarrolla el objetivo 3 del proyecto y consta de dos tareas. Se ha avanzado sustancialmente en la tarea 5.1 (Desarrollo de una celda regenerativa para procesos Westinghouse) y en la 5.2 (Desarrollo de una celda regenerativa cloroalcalina). Los resultados alcanzados han sido mucho m\u00e1s interesantes en la Tarea 5.2 que en la 5.1. Esta tarea 5.2 est\u00e1 conectada con un proyecto Explora recientemente acabado (CTQ2017-91190-EXP) y los \u00f3ptimos resultados est\u00e1n dando lugar a la solicitud de nuevos proyectos y al registro de la marca comercial EDEN \u00ae para la tecnolog\u00eda desarrollada en el EXPLORA y que ahora se est\u00e1 mejorando en el marco del proyecto NEAT4SUST+. En la solicitud del proyecto se comprometieron 2 informes o art\u00edculos cient\u00edficos. Hasta el momento, se han publicado 5 art\u00edculos.<\/p>\n<p>WP6: Evaluaci\u00f3n de procesos electroqu\u00edmicos en fase gas<br \/>\nMiembros del equipo participantes*: R: JLB; RTM: MAR; JLL; CMF; STM: RGF MCS MAM RDM JCR GCS<br \/>\nEste paquete de trabajo desarrolla el Objetivo 4 del proyecto. Se ha comprobado la tecnolog\u00eda para eliminaci\u00f3n ambiental de gases (en el marco de la Tarea 6.1 tratamiento de VOCS y olores), pero debido a la diluci\u00f3n de las corrientes los resultados alcanzados no han sido los esperados. Por este motivo se han modificado esta actividad con la introducci\u00f3n de una tecnolog\u00eda de adsorci\u00f3n y electrolisis en metanol que s\u00ed ha ofrecido unos resultados muy interesantes que est\u00e1n en v\u00edas de publicaci\u00f3n. Se ha trabajado tambi\u00e9n para para proceso de producci\u00f3n de ozono en fase gas (Tarea 6.2), tambi\u00e9n con rendimientos inferiores a lo esperado. En cuanto a la tarea T6.3 (celda regenerativa para proceso Westinghouse) las condiciones de operaci\u00f3n dr\u00e1sticas del proceso Westinghouse y los buenos resultados del proceso cloroalcalino han hecho que nos hayamos replanteado esta actividad hacia la comparaci\u00f3n con la celda cloroalcalina. No obstante, se han realizado todos los experimentos comprometidos. En la solicitud del proyecto se comprometieron 3 informes o art\u00edculos cient\u00edficos. Hasta el momento, se han publicado 3 art\u00edculos y se han presentado 5 comunicaciones.<\/p>\n<p>WP7: Gesti\u00f3n de la energ\u00eda y de la sostenibilidad<br \/>\nMiembros del equipo participantes*: R: CMF; RTM: MAR; JLB; JLL; STM: RGF MCS FED FLS CAM EVS GCS RSB AJM OSC MRL CEB GRM JCR<br \/>\nEste paquete de trabajo desarrolla el objetivo 5 del proyecto (Sostenibilidad) y parte del 6 (modelado para la comprensi\u00f3n del proceso). De acuerdo con la programaci\u00f3n propuesta se est\u00e1 trabajando en las tareas 7.3 (an\u00e1lisis y optimizaci\u00f3n de la sostenibilidad) y 7.4 Comprensi\u00f3n mediante modelado), habi\u00e9ndose obtenido resultados relevantes en ambas que est\u00e1 ya publicados y quedando todav\u00eda experimentaci\u00f3n pendiente, de acuerdo con lo proyectado. Tambi\u00e9n se est\u00e1 comenzando a trabajar en tareas 7.1 (alimentaci\u00f3n directa de procesos electroqu\u00edmicos mediante energ\u00eda renovables) y 7.2 (regulaci\u00f3n del suministro energ\u00e9tico mediante bater\u00edas de flujo redox). Estas dos tareas estaban programadas para ser empezadas en la segunda mitad del proyecto, pero se ha aprovechado el impulso adquirido al final del proyecto Sustertech4ch para avanzarlas lo m\u00e1ximo posible. En la solicitud del proyecto se comprometieron 10 informes o art\u00edculos cient\u00edficos. Hasta el momento, se han publicado 7 art\u00edculos y se ha presentado 10 contribuci\u00f3n en congreso.<\/p>\n<p>WP8: Escalado de las tecnolog\u00edas desarrolladas<br \/>\nMiembros del equipo participantes*: R: MAR; RTM: JLB; JLL; CMF; STM: RGF MCS IFM JIE CAM EVS GCS RSB AJM OSC MRL CEB GRM JCR<br \/>\nEste paquete de trabajo desarrolla el objetivo 6 (escalado) y tiene prevista su realizaci\u00f3n entre los cuatrimestres 8 y 12. No obstante hemos empezado con trabajo previo desarrollando celdas especiales para el proceso de electroabsorci\u00f3n y de ozonizaci\u00f3n que ya se han materializado en publicaciones tal y como ha sido se\u00f1alado en el apartado anterior. En la solicitud del proyecto se comprometieron 3 informes o art\u00edculos cient\u00edficos. Hasta el momento, se ha publicado 1 art\u00edculo.<\/p>\n","protected":false},"excerpt":{"rendered":"<p>Planificaci\u00f3n WP1. TECHNICAL COORDINATION and ECONOMIC MANAGEMENT (workload PRT: 1.0 pm) This WP entails all the coordination actions between members of the RST and the stakeholders. The two PIs of the project have leaded many previous regional, national and EU projects, as well as companies contracts. Because of that, they are experienced in coordination actions [&hellip;]<\/p>\n","protected":false},"author":213,"featured_media":0,"parent":0,"menu_order":0,"comment_status":"closed","ping_status":"closed","template":"","meta":{"footnotes":""},"class_list":["post-41","page","type-page","status-publish","hentry"],"_links":{"self":[{"href":"https:\/\/blog.uclm.es\/proyectoneat4sust\/wp-json\/wp\/v2\/pages\/41","targetHints":{"allow":["GET"]}}],"collection":[{"href":"https:\/\/blog.uclm.es\/proyectoneat4sust\/wp-json\/wp\/v2\/pages"}],"about":[{"href":"https:\/\/blog.uclm.es\/proyectoneat4sust\/wp-json\/wp\/v2\/types\/page"}],"author":[{"embeddable":true,"href":"https:\/\/blog.uclm.es\/proyectoneat4sust\/wp-json\/wp\/v2\/users\/213"}],"replies":[{"embeddable":true,"href":"https:\/\/blog.uclm.es\/proyectoneat4sust\/wp-json\/wp\/v2\/comments?post=41"}],"version-history":[{"count":1,"href":"https:\/\/blog.uclm.es\/proyectoneat4sust\/wp-json\/wp\/v2\/pages\/41\/revisions"}],"predecessor-version":[{"id":107,"href":"https:\/\/blog.uclm.es\/proyectoneat4sust\/wp-json\/wp\/v2\/pages\/41\/revisions\/107"}],"wp:attachment":[{"href":"https:\/\/blog.uclm.es\/proyectoneat4sust\/wp-json\/wp\/v2\/media?parent=41"}],"curies":[{"name":"wp","href":"https:\/\/api.w.org\/{rel}","templated":true}]}}