{"id":38,"date":"2020-08-19T17:39:04","date_gmt":"2020-08-19T16:39:04","guid":{"rendered":"http:\/\/blog.uclm.es\/proyectoneat4sust\/?page_id=38"},"modified":"2020-08-19T17:39:04","modified_gmt":"2020-08-19T16:39:04","slug":"epos","status":"publish","type":"page","link":"https:\/\/blog.uclm.es\/proyectoneat4sust\/epos\/","title":{"rendered":"EPOs"},"content":{"rendered":"<p>En el siguiente proyecto colaboran los siguientes Entes Promotores Observadores<\/p>\n<p>AQUONA<br \/>\nFundaci\u00f3n Savia<br \/>\nHidrogena<br \/>\nCONDIAS<br \/>\nLaboratorios Servier<br \/>\nConfederaci\u00f3n Hidrogr\u00e1fica del Guadiana<br \/>\nDanish Power Systems<\/p>\n","protected":false},"excerpt":{"rendered":"<p>En el siguiente proyecto colaboran los siguientes Entes Promotores Observadores AQUONA Fundaci\u00f3n Savia Hidrogena CONDIAS Laboratorios Servier Confederaci\u00f3n Hidrogr\u00e1fica del Guadiana Danish Power Systems<\/p>\n","protected":false},"author":213,"featured_media":0,"parent":0,"menu_order":0,"comment_status":"closed","ping_status":"closed","template":"","meta":{"footnotes":""},"class_list":["post-38","page","type-page","status-publish","hentry"],"_links":{"self":[{"href":"https:\/\/blog.uclm.es\/proyectoneat4sust\/wp-json\/wp\/v2\/pages\/38","targetHints":{"allow":["GET"]}}],"collection":[{"href":"https:\/\/blog.uclm.es\/proyectoneat4sust\/wp-json\/wp\/v2\/pages"}],"about":[{"href":"https:\/\/blog.uclm.es\/proyectoneat4sust\/wp-json\/wp\/v2\/types\/page"}],"author":[{"embeddable":true,"href":"https:\/\/blog.uclm.es\/proyectoneat4sust\/wp-json\/wp\/v2\/users\/213"}],"replies":[{"embeddable":true,"href":"https:\/\/blog.uclm.es\/proyectoneat4sust\/wp-json\/wp\/v2\/comments?post=38"}],"version-history":[{"count":0,"href":"https:\/\/blog.uclm.es\/proyectoneat4sust\/wp-json\/wp\/v2\/pages\/38\/revisions"}],"wp:attachment":[{"href":"https:\/\/blog.uclm.es\/proyectoneat4sust\/wp-json\/wp\/v2\/media?parent=38"}],"curies":[{"name":"wp","href":"https:\/\/api.w.org\/{rel}","templated":true}]}}