{"id":3,"date":"2020-07-28T13:22:44","date_gmt":"2020-07-28T13:22:44","guid":{"rendered":"http:\/\/blog.uclm.es\/proyectoneat4sust\/?page_id=2"},"modified":"2020-07-28T13:22:44","modified_gmt":"2020-07-28T13:22:44","slug":"pagina-ejemplo-2","status":"publish","type":"page","link":"https:\/\/blog.uclm.es\/proyectoneat4sust\/pagina-ejemplo-2\/","title":{"rendered":"NEAT4SUST+"},"content":{"rendered":"<p>Nuevas tecnologias basadas en electro-absorci\u00f3n para aplicaciones medioambientales y energ\u00e9ticas m\u00e1s sostenibles<br \/>\nNew Electro-Absorption Technologies for more Sustainable environmental and energy applications<\/p>\n<p>Financiado en el marco de la Convocatoria \u00abPROYECTOS DE I+D+i\u00bb EN EL MARCO DE LOS PROGRAMAS ESTATALES DE GENERACI\u00d3N DE CONOCIMIENTO Y FORTALECIMIENTO CIENT\u00cdFICO Y TECNOL\u00d3GICO DEL SISTEMA DE I+D+ i Y DE I+D+i ORIENTADA A LOS RETOS DE LA SOCIEDAD, CONVOCATORIA 2019.<\/p>\n<p>Tipo B.<\/p>\n<p>Reto Principal 5\u00ba\/ Cambio clim\u00e1tico y utilizaci\u00f3n de recursos naturales y materias primas<\/p>\n<p>Implicaciones relevantes en otro reto 3\u00ba\/ Energ\u00eda segura, eficiente y limpia<\/p>\n","protected":false},"excerpt":{"rendered":"<p>Nuevas tecnologias basadas en electro-absorci\u00f3n para aplicaciones medioambientales y energ\u00e9ticas m\u00e1s sostenibles New Electro-Absorption Technologies for more Sustainable environmental and energy applications Financiado en el marco de la Convocatoria \u00abPROYECTOS DE I+D+i\u00bb EN EL MARCO DE LOS PROGRAMAS ESTATALES DE GENERACI\u00d3N DE CONOCIMIENTO Y FORTALECIMIENTO CIENT\u00cdFICO Y TECNOL\u00d3GICO DEL SISTEMA DE I+D+ i Y DE [&hellip;]<\/p>\n","protected":false},"author":213,"featured_media":0,"parent":0,"menu_order":0,"comment_status":"closed","ping_status":"open","template":"","meta":{"footnotes":""},"class_list":["post-3","page","type-page","status-publish","hentry"],"_links":{"self":[{"href":"https:\/\/blog.uclm.es\/proyectoneat4sust\/wp-json\/wp\/v2\/pages\/3","targetHints":{"allow":["GET"]}}],"collection":[{"href":"https:\/\/blog.uclm.es\/proyectoneat4sust\/wp-json\/wp\/v2\/pages"}],"about":[{"href":"https:\/\/blog.uclm.es\/proyectoneat4sust\/wp-json\/wp\/v2\/types\/page"}],"author":[{"embeddable":true,"href":"https:\/\/blog.uclm.es\/proyectoneat4sust\/wp-json\/wp\/v2\/users\/213"}],"replies":[{"embeddable":true,"href":"https:\/\/blog.uclm.es\/proyectoneat4sust\/wp-json\/wp\/v2\/comments?post=3"}],"version-history":[{"count":0,"href":"https:\/\/blog.uclm.es\/proyectoneat4sust\/wp-json\/wp\/v2\/pages\/3\/revisions"}],"wp:attachment":[{"href":"https:\/\/blog.uclm.es\/proyectoneat4sust\/wp-json\/wp\/v2\/media?parent=3"}],"curies":[{"name":"wp","href":"https:\/\/api.w.org\/{rel}","templated":true}]}}