{"id":643,"date":"2026-01-15T11:48:12","date_gmt":"2026-01-15T10:48:12","guid":{"rendered":"https:\/\/blog.uclm.es\/proyecton3nddhh\/?page_id=643"},"modified":"2026-02-04T17:17:22","modified_gmt":"2026-02-04T16:17:22","slug":"ciclo-de-conferencias-n3","status":"publish","type":"page","link":"https:\/\/blog.uclm.es\/proyecton3nddhh\/ciclo-de-conferencias-n3\/","title":{"rendered":"Ciclo de conferencias N3"},"content":{"rendered":"\n<figure class=\"wp-block-image size-full has-custom-border \/* 1) Quita el l\u00edmite \u201cde tema\u201d basado en variables *\/ body{  --wp--style--global--content-size: 100%; --wp--style--global--wide-size: } 2) Si tema\/red mete padding lateral, lo neutralizamos .wp-site-blocks{ padding-left: 0 !important; padding-right: 3) Full width REAL para bloques con alignfull .wp-site-blocks .alignfull{ width: 100vw max-width: margin-left: calc(50% - 50vw) margin-right: 4) Asegura que la imagen rellene su bloque .wp-block-image.alignfull img{ 100% display: block;\" style=\"margin-top:0;margin-right:0;margin-bottom:0;margin-left:0\"><img loading=\"lazy\" decoding=\"async\" width=\"1754\" height=\"672\" src=\"https:\/\/blog.uclm.es\/proyecton3nddhh\/wp-content\/uploads\/sites\/297\/2026\/02\/Cicloconferencias-N3-26-1_page-0001-1-1.jpg\" alt=\"\" class=\"wp-image-659\" style=\"border-style:none;border-width:0px;border-top-left-radius:0px;border-top-right-radius:0px;border-bottom-left-radius:0px;border-bottom-right-radius:0px\" srcset=\"https:\/\/blog.uclm.es\/proyecton3nddhh\/wp-content\/uploads\/sites\/297\/2026\/02\/Cicloconferencias-N3-26-1_page-0001-1-1.jpg 1754w, https:\/\/blog.uclm.es\/proyecton3nddhh\/wp-content\/uploads\/sites\/297\/2026\/02\/Cicloconferencias-N3-26-1_page-0001-1-1-300x115.jpg 300w, https:\/\/blog.uclm.es\/proyecton3nddhh\/wp-content\/uploads\/sites\/297\/2026\/02\/Cicloconferencias-N3-26-1_page-0001-1-1-1024x392.jpg 1024w, https:\/\/blog.uclm.es\/proyecton3nddhh\/wp-content\/uploads\/sites\/297\/2026\/02\/Cicloconferencias-N3-26-1_page-0001-1-1-768x294.jpg 768w, https:\/\/blog.uclm.es\/proyecton3nddhh\/wp-content\/uploads\/sites\/297\/2026\/02\/Cicloconferencias-N3-26-1_page-0001-1-1-1536x588.jpg 1536w\" sizes=\"auto, (max-width: 1754px) 100vw, 1754px\" \/><\/figure>\n\n\n\n<div class=\"wp-block-columns \/* 1) Quita el l\u00edmite \u201cde tema\u201d basado en variables *\/ body{  --wp--style--global--content-size: 100%; --wp--style--global--wide-size: } 2) Si tema\/red mete padding lateral, lo neutralizamos .wp-site-blocks{ padding-left: 0 !important; padding-right: 3) Full width REAL para bloques con alignfull .wp-site-blocks .alignfull{ width: 100vw max-width: margin-left: calc(50% - 50vw) margin-right: 4) Asegura que la imagen rellene su bloque .wp-block-image.alignfull img{ 100% display: block; is-layout-flex wp-container-core-columns-is-layout-28f84493 wp-block-columns-is-layout-flex\">\n<div class=\"wp-block-column is-vertically-aligned-top is-layout-constrained wp-block-column-is-layout-constrained\">\n<p class=\"has-text-align-center has-primary-color has-text-color has-link-color has-source-serif-pro-font-family wp-elements-991330239d32e9240fe2fae5a7e33ea4\" style=\"font-size:65px;font-style:normal;font-weight:800\">\u00abPATRONES OSCUROS DIGITALES\u00bb<\/p>\n\n\n\n<p class=\"has-text-align-center has-primary-color has-text-color has-link-color has-x-large-font-size wp-elements-be167279dce6fb72a57e0f545bf197a3\" style=\"font-style:normal;font-weight:700\">Fernando Mir\u00f3 Llinares<\/p>\n\n\n\n<p class=\"has-text-align-center has-primary-color has-text-color has-link-color has-source-serif-pro-font-family has-medium-font-size wp-elements-506eb1c21d001bed5da9f6b912bd980b\" style=\"font-style:normal;font-weight:500\">23 de febrero de 2026<\/p>\n\n\n\n<p class=\"has-text-align-center has-primary-color has-text-color has-link-color has-source-serif-pro-font-family has-medium-font-size wp-elements-fef151bd2f7139826b09a0418c29bc8b\" style=\"font-style:normal;font-weight:500\">12:00 a 14:00 h<\/p>\n\n\n\n<p class=\"has-text-align-center has-primary-color has-text-color has-link-color has-source-serif-pro-font-family has-medium-font-size wp-elements-ba5866712279d595b90e82e5d2409481\" style=\"font-style:normal;font-weight:500\">Facultad de ciencias sociales y jur\u00eddicas de Toledo<\/p>\n\n\n\n<p class=\"has-text-align-center has-primary-color has-text-color has-link-color has-source-serif-pro-font-family has-medium-font-size wp-elements-2eada64a5dc4744d53f237cb23af63f7\" style=\"font-style:normal;font-weight:500\">(Sala de prensa)<\/p>\n<\/div>\n<\/div>\n\n\n\n<hr class=\"wp-block-separator alignwide has-text-color has-foreground-color has-alpha-channel-opacity has-foreground-background-color has-background is-style-wide\" \/>\n\n\n\n<div class=\"wp-block-columns \/* 1) Quita el l\u00edmite \u201cde tema\u201d basado en variables *\/ body{  --wp--style--global--content-size: 100%; --wp--style--global--wide-size: } 2) Si tema\/red mete padding lateral, lo neutralizamos .wp-site-blocks{ padding-left: 0 !important; padding-right: 3) Full width REAL para bloques con alignfull .wp-site-blocks .alignfull{ width: 100vw max-width: margin-left: calc(50% - 50vw) margin-right: 4) Asegura que la imagen rellene su bloque .wp-block-image.alignfull img{ 100% display: block; is-layout-flex wp-container-core-columns-is-layout-28f84493 wp-block-columns-is-layout-flex\">\n<div class=\"wp-block-column is-vertically-aligned-top is-layout-constrained wp-block-column-is-layout-constrained\">\n<p class=\"has-text-align-center has-primary-color has-text-color has-link-color has-source-serif-pro-font-family wp-elements-3aee7757ea726a04c39954ec8d9974d3\" style=\"font-size:65px;font-style:normal;font-weight:800\">\u00abLA CULPABILIDAD EN LAS NUEVAS FRONTERAS DEL DESARROLLO CEREBRAL\u00bb<\/p>\n\n\n\n<p class=\"has-text-align-center has-primary-color has-text-color has-link-color has-x-large-font-size wp-elements-edad65487048b9fddad9272a387f8760\" style=\"font-style:normal;font-weight:700\">Janna Da Nobrega Souza<\/p>\n\n\n\n<p class=\"has-text-align-center has-primary-color has-text-color has-link-color has-source-serif-pro-font-family has-medium-font-size wp-elements-b87ba9da64ebe0adb34d34b826ee3952\" style=\"font-style:normal;font-weight:500\">19 de marzo de 2026<\/p>\n\n\n\n<p class=\"has-text-align-center has-primary-color has-text-color has-link-color has-source-serif-pro-font-family has-medium-font-size wp-elements-523667174672d516e8193879db900402\" style=\"font-style:normal;font-weight:500\">17:00 a 19:00 h<\/p>\n<\/div>\n<\/div>\n\n\n\n<hr class=\"wp-block-separator alignwide has-text-color has-foreground-color has-alpha-channel-opacity has-foreground-background-color has-background is-style-wide\" \/>\n\n\n\n<div class=\"wp-block-columns \/* 1) Quita el l\u00edmite \u201cde tema\u201d basado en variables *\/ body{  --wp--style--global--content-size: 100%; --wp--style--global--wide-size: } 2) Si tema\/red mete padding lateral, lo neutralizamos .wp-site-blocks{ padding-left: 0 !important; padding-right: 3) Full width REAL para bloques con alignfull .wp-site-blocks .alignfull{ width: 100vw max-width: margin-left: calc(50% - 50vw) margin-right: 4) Asegura que la imagen rellene su bloque .wp-block-image.alignfull img{ 100% display: block; is-layout-flex wp-container-core-columns-is-layout-28f84493 wp-block-columns-is-layout-flex\">\n<div class=\"wp-block-column is-vertically-aligned-top is-layout-constrained wp-block-column-is-layout-constrained\">\n<p class=\"has-text-align-center has-primary-color has-text-color has-link-color has-source-serif-pro-font-family wp-elements-06ef2288b45c6e64fd8fb5ba12041ae9\" style=\"font-size:65px;font-style:normal;font-weight:800\">\u00ab\u00bfC\u00d3MO EL CEREBRO GENERAL LA ACTIVIDAD MENTAL?\u00bb<\/p>\n\n\n\n<p class=\"has-text-align-center has-primary-color has-text-color has-link-color has-x-large-font-size wp-elements-19ef143fef0fc9c4aff8a978f5c2af4b\" style=\"font-style:normal;font-weight:700\">Jos\u00e9 Mar\u00eda Delgado Garc\u00eda<\/p>\n\n\n\n<p class=\"has-text-align-center has-primary-color has-text-color has-link-color has-source-serif-pro-font-family has-medium-font-size wp-elements-747452eaf74aa61c22d7be8117c6e4e0\" style=\"font-style:normal;font-weight:500\">15 de abril de 2026<\/p>\n\n\n\n<p class=\"has-text-align-center has-primary-color has-text-color has-link-color has-source-serif-pro-font-family has-medium-font-size wp-elements-523667174672d516e8193879db900402\" style=\"font-style:normal;font-weight:500\">17:00 a 19:00 h<\/p>\n<\/div>\n<\/div>\n\n\n\n<hr class=\"wp-block-separator alignwide has-text-color has-foreground-color has-alpha-channel-opacity has-foreground-background-color has-background is-style-wide\" \/>\n\n\n\n<div class=\"wp-block-columns \/* 1) Quita el l\u00edmite \u201cde tema\u201d basado en variables *\/ body{  --wp--style--global--content-size: 100%; --wp--style--global--wide-size: } 2) Si tema\/red mete padding lateral, lo neutralizamos .wp-site-blocks{ padding-left: 0 !important; padding-right: 3) Full width REAL para bloques con alignfull .wp-site-blocks .alignfull{ width: 100vw max-width: margin-left: calc(50% - 50vw) margin-right: 4) Asegura que la imagen rellene su bloque .wp-block-image.alignfull img{ 100% display: block; is-layout-flex wp-container-core-columns-is-layout-28f84493 wp-block-columns-is-layout-flex\">\n<div class=\"wp-block-column is-vertically-aligned-top is-layout-constrained wp-block-column-is-layout-constrained\">\n<p class=\"has-text-align-center has-primary-color has-text-color has-link-color has-source-serif-pro-font-family wp-elements-5ae26e93f2de5ebbf8d5e31c14ddf825\" style=\"font-size:65px;font-style:normal;font-weight:800\">\u00abMEDIDAS ALTERTATIVAS A LOS PROCEDIMIENTOS DE DETENCI\u00d3N Y VIGILANCIA EN EL SISTEMA PENAL ITALIANO: \u00bfQU\u00c9 FUTURO TIENE LA IA?\u00bb<\/p>\n\n\n\n<p class=\"has-text-align-center has-primary-color has-text-color has-link-color has-x-large-font-size wp-elements-f6ab6c422fed79513b6c27bcf79801cd\" style=\"font-style:normal;font-weight:700\">Mena Minafra<\/p>\n\n\n\n<p class=\"has-text-align-center has-primary-color has-text-color has-link-color has-source-serif-pro-font-family has-medium-font-size wp-elements-7a03dc436f85139e3da6c0ba3bcaf940\" style=\"font-style:normal;font-weight:500\">4 de mayo de 2026<\/p>\n\n\n\n<p class=\"has-text-align-center has-primary-color has-text-color has-link-color has-source-serif-pro-font-family has-medium-font-size wp-elements-523667174672d516e8193879db900402\" style=\"font-style:normal;font-weight:500\">17:00 a 19:00 h<\/p>\n<\/div>\n<\/div>\n\n\n\n<hr class=\"wp-block-separator alignwide has-text-color has-foreground-color has-alpha-channel-opacity has-foreground-background-color has-background is-style-wide\" \/>\n\n\n\n<div class=\"wp-block-columns \/* 1) Quita el l\u00edmite \u201cde tema\u201d basado en variables *\/ body{  --wp--style--global--content-size: 100%; --wp--style--global--wide-size: } 2) Si tema\/red mete padding lateral, lo neutralizamos .wp-site-blocks{ padding-left: 0 !important; padding-right: 3) Full width REAL para bloques con alignfull .wp-site-blocks .alignfull{ width: 100vw max-width: margin-left: calc(50% - 50vw) margin-right: 4) Asegura que la imagen rellene su bloque .wp-block-image.alignfull img{ 100% display: block; is-layout-flex wp-container-core-columns-is-layout-28f84493 wp-block-columns-is-layout-flex\">\n<div class=\"wp-block-column is-vertically-aligned-top is-layout-constrained wp-block-column-is-layout-constrained\">\n<p class=\"has-text-align-center has-primary-color has-text-color has-link-color has-source-serif-pro-font-family wp-elements-3c9fb480a5610920a35375a2d1fb25f4\" style=\"font-size:65px;font-style:normal;font-weight:800\">\u00ab\u00bfM\u00c1S ALL\u00c1 DEL LIBRE ALBELDR\u00cdO? IMPLICANCIAS DE LA NEUROCIENCIA EN EL DERECHO PENAL\u00bb<\/p>\n\n\n\n<p class=\"has-text-align-center has-primary-color has-text-color has-link-color has-x-large-font-size wp-elements-81b13776ccfde0d77255ea17f5c21cef\" style=\"font-style:normal;font-weight:700\">Gustavo Alberto Arocena<\/p>\n\n\n\n<p class=\"has-text-align-center has-primary-color has-text-color has-link-color has-source-serif-pro-font-family has-medium-font-size wp-elements-31d0a10d316a6284854238534efaf338\" style=\"font-style:normal;font-weight:500\">22 de junio de 2026<\/p>\n\n\n\n<p class=\"has-text-align-center has-primary-color has-text-color has-link-color has-source-serif-pro-font-family has-medium-font-size wp-elements-523667174672d516e8193879db900402\" style=\"font-style:normal;font-weight:500\">17:00 a 19:00 h<\/p>\n<\/div>\n<\/div>\n\n\n\n<div class=\"wp-block-group alignwide is-layout-constrained wp-block-group-is-layout-constrained\">\n<hr class=\"wp-block-separator alignwide has-text-color has-foreground-color has-alpha-channel-opacity has-foreground-background-color has-background is-style-wide\" style=\"margin-top:0;margin-bottom:0\" \/>\n<\/div>\n\n\n\n<div class=\"wp-block-columns \/* 1) Quita el l\u00edmite \u201cde tema\u201d basado en variables *\/ body{  --wp--style--global--content-size: 100%; --wp--style--global--wide-size: } 2) Si tema\/red mete padding lateral, lo neutralizamos .wp-site-blocks{ padding-left: 0 !important; padding-right: 3) Full width REAL para bloques con alignfull .wp-site-blocks .alignfull{ width: 100vw max-width: margin-left: calc(50% - 50vw) margin-right: 4) Asegura que la imagen rellene su bloque .wp-block-image.alignfull img{ 100% display: block; is-layout-flex wp-container-core-columns-is-layout-28f84493 wp-block-columns-is-layout-flex\">\n<div class=\"wp-block-column is-vertically-aligned-top is-layout-constrained wp-block-column-is-layout-constrained\">\n<p class=\"has-text-align-center has-primary-color has-text-color has-link-color has-source-serif-pro-font-family wp-elements-a8a84fac9bf788fc96e2a1e5d506268b\" style=\"font-size:65px;font-style:normal;font-weight:800\">\u00abEL IMPACTO DE LOS AVANCES NEUROCIENT\u00cdFICOS EN LAS BASES DE LA REPONSABILIDAD PENAL\u00bb<\/p>\n\n\n\n<p class=\"has-text-align-center has-primary-color has-text-color has-link-color has-x-large-font-size wp-elements-df8be85959976e5299f09ea78c4d42b9\" style=\"font-style:normal;font-weight:700\">Bernardo Jos\u00e9 Feijoo S\u00e1nchez<\/p>\n\n\n\n<p class=\"has-text-align-center has-primary-color has-text-color has-link-color has-source-serif-pro-font-family has-medium-font-size wp-elements-fb15851cf01f587a1567c54f3189a5c0\" style=\"font-style:normal;font-weight:500\">6 de julio de 2026<\/p>\n\n\n\n<p class=\"has-text-align-center has-primary-color has-text-color has-link-color has-source-serif-pro-font-family has-medium-font-size wp-elements-523667174672d516e8193879db900402\" style=\"font-style:normal;font-weight:500\">17:00 a 19:00 h<\/p>\n<\/div>\n<\/div>\n\n\n\n<hr class=\"wp-block-separator alignwide has-text-color has-foreground-color has-alpha-channel-opacity has-foreground-background-color has-background is-style-wide\" \/>\n\n\n\n<p><\/p>\n","protected":false},"excerpt":{"rendered":"<p>\u00abPATRONES OSCUROS DIGITALES\u00bb Fernando Mir\u00f3 Llinares 23 de febrero de 2026 12:00 a 14:00 h Facultad de ciencias sociales y jur\u00eddicas de Toledo (Sala de prensa) \u00abLA CULPABILIDAD EN LAS NUEVAS FRONTERAS DEL DESARROLLO CEREBRAL\u00bb Janna Da Nobrega Souza 19 de marzo de 2026 17:00 a 19:00 h \u00ab\u00bfC\u00d3MO EL CEREBRO GENERAL LA ACTIVIDAD MENTAL?\u00bb [&hellip;]<\/p>\n","protected":false},"author":132,"featured_media":0,"parent":0,"menu_order":0,"comment_status":"closed","ping_status":"closed","template":"","meta":{"footnotes":""},"class_list":["post-643","page","type-page","status-publish","hentry"],"_links":{"self":[{"href":"https:\/\/blog.uclm.es\/proyecton3nddhh\/wp-json\/wp\/v2\/pages\/643","targetHints":{"allow":["GET"]}}],"collection":[{"href":"https:\/\/blog.uclm.es\/proyecton3nddhh\/wp-json\/wp\/v2\/pages"}],"about":[{"href":"https:\/\/blog.uclm.es\/proyecton3nddhh\/wp-json\/wp\/v2\/types\/page"}],"author":[{"embeddable":true,"href":"https:\/\/blog.uclm.es\/proyecton3nddhh\/wp-json\/wp\/v2\/users\/132"}],"replies":[{"embeddable":true,"href":"https:\/\/blog.uclm.es\/proyecton3nddhh\/wp-json\/wp\/v2\/comments?post=643"}],"version-history":[{"count":40,"href":"https:\/\/blog.uclm.es\/proyecton3nddhh\/wp-json\/wp\/v2\/pages\/643\/revisions"}],"predecessor-version":[{"id":689,"href":"https:\/\/blog.uclm.es\/proyecton3nddhh\/wp-json\/wp\/v2\/pages\/643\/revisions\/689"}],"wp:attachment":[{"href":"https:\/\/blog.uclm.es\/proyecton3nddhh\/wp-json\/wp\/v2\/media?parent=643"}],"curies":[{"name":"wp","href":"https:\/\/api.w.org\/{rel}","templated":true}]}}