{"id":392,"date":"2025-06-11T16:08:50","date_gmt":"2025-06-11T14:08:50","guid":{"rendered":"https:\/\/blog.uclm.es\/proyecton3nddhh\/?page_id=392"},"modified":"2025-09-08T16:56:43","modified_gmt":"2025-09-08T14:56:43","slug":"congreso-internacional-n3","status":"publish","type":"page","link":"https:\/\/blog.uclm.es\/proyecton3nddhh\/congreso-internacional-n3\/","title":{"rendered":"congreso-internacional-n3"},"content":{"rendered":"\n<figure class=\"wp-block-image alignwide size-large\"><img loading=\"lazy\" decoding=\"async\" width=\"1024\" height=\"363\" src=\"https:\/\/blog.uclm.es\/proyecton3nddhh\/wp-content\/uploads\/sites\/297\/2025\/07\/Cabecera_DchoPenalHumano_2025-2-1024x363.jpg\" alt=\"\" class=\"wp-image-550\" srcset=\"https:\/\/blog.uclm.es\/proyecton3nddhh\/wp-content\/uploads\/sites\/297\/2025\/07\/Cabecera_DchoPenalHumano_2025-2-1024x363.jpg 1024w, https:\/\/blog.uclm.es\/proyecton3nddhh\/wp-content\/uploads\/sites\/297\/2025\/07\/Cabecera_DchoPenalHumano_2025-2-300x106.jpg 300w, https:\/\/blog.uclm.es\/proyecton3nddhh\/wp-content\/uploads\/sites\/297\/2025\/07\/Cabecera_DchoPenalHumano_2025-2-768x272.jpg 768w, https:\/\/blog.uclm.es\/proyecton3nddhh\/wp-content\/uploads\/sites\/297\/2025\/07\/Cabecera_DchoPenalHumano_2025-2.jpg 1168w\" sizes=\"auto, (max-width: 1024px) 100vw, 1024px\" \/><\/figure>\n\n\n\n<div class=\"wp-block-group alignwide is-layout-flow wp-block-group-is-layout-flow\">\n<div class=\"wp-block-group alignwide is-layout-flow wp-block-group-is-layout-flow\">\n<div class=\"wp-block-columns is-layout-flex wp-container-core-columns-is-layout-28f84493 wp-block-columns-is-layout-flex\">\n<div class=\"wp-block-column is-layout-flow wp-block-column-is-layout-flow\" style=\"flex-basis:100%\">\n<p><\/p>\n\n\n\n<p class=\"has-primary-color has-text-color has-link-color has-source-serif-pro-font-family has-medium-font-size wp-elements-cd22efcf114ce85bfb7699ae3041b5a5\" style=\"font-style:normal;font-weight:500\"><a href=\"https:\/\/blog.uclm.es\/proyecton3nddhh\/wp-content\/uploads\/sites\/297\/2025\/07\/Cartel_DchoPenalHumano_2025-1.pdf\">DESCARGA EL CARTEL DEL EVENTO<\/a><\/p>\n\n\n\n<p><a href=\"https:\/\/blog.uclm.es\/proyecton3nddhh\/wp-content\/uploads\/sites\/297\/2025\/09\/Programa1B_Congreso_DchoPenalHumano_25-1.pdf\">DESCARGA EL PROGRAMA DEL CONGRESO<\/a><\/p>\n\n\n\n<p><a href=\"https:\/\/blog.uclm.es\/proyecton3nddhh\/wp-content\/uploads\/sites\/297\/2025\/07\/CallForPapers_DchoPenalHumano_2025-1.pdf\">DESCARGA EL CARTEL DEL CALL FOR PAPERS<\/a><\/p>\n\n\n\n<p><a href=\"https:\/\/blog.uclm.es\/proyecton3nddhh\/call-for-papers\/\">P\u00c1GINA CON INSTRUCCIONES DEL CALL FOR PAPERS<\/a><\/p>\n\n\n\n<p><a href=\"https:\/\/eventos.uclm.es\/136681\/tickets\/cerebros-y-codigos-neuroderechos-en-el-derecho-penal-del-siglo-xxi.html\">INSCRIPCIONES<\/a><\/p>\n<\/div>\n<\/div>\n<\/div>\n\n\n\n<div style=\"height:27px\" aria-hidden=\"true\" class=\"wp-block-spacer\"><\/div>\n\n\n\n<div style=\"height:27px\" aria-hidden=\"true\" class=\"wp-block-spacer\"><\/div>\n\n\n\n<pre class=\"wp-block-preformatted has-cyan-bluish-gray-color has-text-color has-link-color has-large-font-size wp-elements-0b4deb82d1a80a483aaf230992964797\" style=\"margin-top:0;margin-right:0;margin-bottom:0;margin-left:0;padding-right:0;padding-left:0;font-style:normal;font-weight:800\">Jueves, 11 de septiembre de 2025 <br>(AULA TEATRILLO, SAN PEDRO M\u00c1RTIR)<\/pre>\n\n\n\n<div class=\"wp-block-group alignwide is-layout-flow wp-block-group-is-layout-flow\">\n<p class=\"has-text-align-left has-vivid-red-color has-text-color has-link-color has-source-serif-pro-font-family has-medium-font-size wp-elements-0c318b3068c5fe838efdc684cdad059d\" style=\"font-style:normal;font-weight:700;text-decoration:none\">09:00 h.- Inauguraci\u00f3n y bienvenida<\/p>\n\n\n\n<div class=\"wp-block-columns is-layout-flex wp-container-core-columns-is-layout-28f84493 wp-block-columns-is-layout-flex\">\n<div class=\"wp-block-column is-layout-flow wp-block-column-is-layout-flow\" style=\"flex-basis:100%\">\n<p class=\"has-primary-color has-text-color has-link-color has-source-serif-pro-font-family has-medium-font-size wp-elements-3583a06dc761b381cf8e6a8459a61f62\" style=\"font-style:normal;font-weight:500\"><strong>Sr.&nbsp; D. Jos\u00e9 Juli\u00e1n Garde L\u00f3pez-Brea<\/strong><\/p>\n\n\n\n<p><em>Rector Magn\u00edfico de la Universidad de Castilla-La Mancha<\/em><\/p>\n\n\n\n<p class=\"has-primary-color has-text-color has-link-color has-source-serif-pro-font-family has-medium-font-size wp-elements-9fb3b77cb8d10b8169928ffa22357903\" style=\"font-style:normal;font-weight:500\"><strong>Sra. D\u00f1a. Alicia Valma\u00f1a Ocha\u00edta<\/strong><\/p>\n\n\n\n<p><em>Decana de la Facultad de Ciencias Jur\u00eddicas y Sociales de Toledo<\/em><\/p>\n\n\n\n<p class=\"has-primary-color has-text-color has-link-color has-source-serif-pro-font-family has-medium-font-size wp-elements-f761d363e28946eab569293ee7d0c132\" style=\"font-style:normal;font-weight:500\"><strong>Sr. D. Eduardo Demetrio Crespo<\/strong><\/p>\n\n\n\n<p><em>IP del Proyecto Neuro-Derechos Humanos y Derecho penal y codirector del Simposio<\/em><\/p>\n<\/div>\n<\/div>\n<\/div>\n\n\n\n<div class=\"wp-block-group alignwide is-layout-flow wp-block-group-is-layout-flow\">\n<p class=\"has-text-align-left has-vivid-red-color has-text-color has-link-color has-source-serif-pro-font-family has-medium-font-size wp-elements-e634cf269c1752a5b569ee375c14d0bc\" style=\"font-style:normal;font-weight:700\">09:30 h.- Conferencia<\/p>\n\n\n\n<div class=\"wp-block-columns is-layout-flex wp-container-core-columns-is-layout-28f84493 wp-block-columns-is-layout-flex\">\n<div class=\"wp-block-column is-layout-flow wp-block-column-is-layout-flow\" style=\"flex-basis:100%\">\n<p class=\"has-primary-color has-text-color has-link-color wp-elements-6ca4590edbae9536ea1710c0f048e88c\"><em><em>Neurotechnology and criminal justice: Human rights and beyond<\/em><\/em><br><strong>Allan McCay<\/strong> (University of Sydney Law School &amp; Centre for Neurotechnology and Law)<\/p>\n\n\n\n<p class=\"has-primary-color has-text-color has-link-color wp-elements-5b5293d403f9950812bae2b85abd9099\"><strong>10:30-11:00.-<\/strong> <em>Coffee break<\/em><\/p>\n<\/div>\n<\/div>\n<\/div>\n\n\n\n<hr class=\"wp-block-separator has-text-color has-foreground-color has-alpha-channel-opacity has-foreground-background-color has-background is-style-wide\" \/>\n\n\n\n<div style=\"height:27px\" aria-hidden=\"true\" class=\"wp-block-spacer\"><\/div>\n\n\n\n<div class=\"wp-block-group alignwide is-layout-flow wp-block-group-is-layout-flow\">\n<p class=\"has-text-align-left has-vivid-red-color has-text-color has-link-color has-source-serif-pro-font-family has-medium-font-size wp-elements-f50b2d77fdc98a7da76c29d18fd0bea4\" style=\"font-style:normal;font-weight:700;text-decoration:none\">11:00.- Primera mesa redonda: Fundamentos conceptuales sobre neurotecnolog\u00edas y protecci\u00f3n penal de los neuroderechos<\/p>\n\n\n\n<div class=\"wp-block-columns is-layout-flex wp-container-core-columns-is-layout-28f84493 wp-block-columns-is-layout-flex\">\n<div class=\"wp-block-column is-layout-flow wp-block-column-is-layout-flow\" style=\"flex-basis:100%\">\n<p class=\"has-primary-color has-text-color has-link-color has-source-serif-pro-font-family has-medium-font-size wp-elements-41ce4af7135d8808d8ff679356433c2b\" style=\"font-style:normal;font-weight:500\">Moderadora: <strong>\u00c1gata M.\u00aa Sanz Hermida<\/strong><\/p>\n\n\n\n<p class=\"has-primary-color has-text-color has-link-color has-source-serif-pro-font-family has-medium-font-size wp-elements-de5fc717ab1164712f0cf54fe0161c73\" style=\"font-style:normal;font-weight:500\"><em>Beyond neurorights: The real human rights challenges by neurotechnologies<\/em><br><strong>Cristoph Bublitz<\/strong> (Universit\u00e4t Hamburg)<\/p>\n\n\n\n<p class=\"has-primary-color has-text-color has-link-color has-source-serif-pro-font-family has-medium-font-size wp-elements-f797ad7a921297c4905cf73b90f1b9a0\" style=\"font-style:normal;font-weight:500\"><em>\u00bfA qu\u00e9 preguntas del Derecho penal puede dar respuesta la Neurociencia?<\/em><br><strong>Cristina Nombela Otero<\/strong> (Universidad Aut\u00f3noma de Madrid)<\/p>\n\n\n\n<p class=\"has-primary-color has-text-color has-link-color has-source-serif-pro-font-family has-medium-font-size wp-elements-6465f7f746cbc3f37a6a157199498c0d\" style=\"font-style:normal;font-weight:500\"><em>El Derecho penal como disciplina cient\u00edfica, hacia otra comprensi\u00f3n de la cientificidad<\/em><br><strong>Fernando G. S\u00e1nchez L\u00e1zaro<\/strong> (Universidad de la Laguna)<\/p>\n\n\n\n<p class=\"has-primary-color has-text-color has-link-color has-source-serif-pro-font-family has-medium-font-size wp-elements-d55303a5a40b39b7ff2b246d27e15d91\" style=\"font-style:normal;font-weight:500\"><em>C\u00f3digos neuronales de la libertad y la responsabilidad<\/em><br><strong>Jos\u00e9 M.\u00aa Delgado Garc\u00eda<\/strong> (Universidad Pablo de Olavide)<\/p>\n\n\n\n<p class=\"has-primary-color has-text-color has-link-color has-source-serif-pro-font-family has-medium-font-size wp-elements-84ed2c427f3a2cb210c1f8815e2b8d62\" style=\"font-style:normal;font-weight:500\"><em>Igualdad de armas en materia de prueba neurocient\u00edfica<\/em><br><strong>Antonella Falcone<\/strong><em>&nbsp;<\/em>(Universit\u00e0 degli Studi di Messina)<\/p>\n\n\n\n<p class=\"has-primary-color has-text-color has-link-color has-source-serif-pro-font-family has-medium-font-size wp-elements-587ea7982e9cb1423fd0adb7a32ec394\" style=\"font-style:normal;font-weight:500\"><em>Neurotecnolog\u00edas y enga\u00f1o: una mirada desde las ciencias cognitivas<\/em><br><strong>Miquel Juli\u00e1 Pijoan<\/strong> (Universidad Nacional de Educaci\u00f3n a Distancia)<\/p>\n\n\n\n<div style=\"height:20px\" aria-hidden=\"true\" class=\"wp-block-spacer\"><\/div>\n\n\n\n<p class=\"has-primary-color has-text-color has-link-color has-source-serif-pro-font-family has-medium-font-size wp-elements-a97b04799f7599a6e96aab7ddd0132bb\" style=\"font-style:normal;font-weight:500\"><strong>12:00-12:50 Pausa<\/strong><\/p>\n\n\n\n<p class=\"has-primary-color has-text-color has-link-color has-source-serif-pro-font-family has-medium-font-size wp-elements-d243af02d48ab72240976b05e0bace48\" style=\"font-style:normal;font-weight:500\"><strong>12:50-14:00 Debate<\/strong><\/p>\n<\/div>\n<\/div>\n<\/div>\n\n\n\n<hr class=\"wp-block-separator has-text-color has-foreground-color has-alpha-channel-opacity has-foreground-background-color has-background is-style-wide\" \/>\n\n\n\n<div style=\"height:27px\" aria-hidden=\"true\" class=\"wp-block-spacer\"><\/div>\n\n\n\n<div class=\"wp-block-group alignwide is-layout-flow wp-block-group-is-layout-flow\">\n<p class=\"has-text-align-left has-vivid-red-color has-text-color has-link-color has-source-serif-pro-font-family has-medium-font-size wp-elements-f80b0fd84fad9efdf424913e93dbeea0\" style=\"font-style:normal;font-weight:700;text-decoration:none\">16:00.- Segunda mesa redonda: Propuestas de regulaci\u00f3n de los neuroderechos y organismos internacionales<\/p>\n\n\n\n<div class=\"wp-block-columns is-layout-flex wp-container-core-columns-is-layout-28f84493 wp-block-columns-is-layout-flex\">\n<div class=\"wp-block-column is-layout-flow wp-block-column-is-layout-flow\" style=\"flex-basis:100%\">\n<p class=\"has-primary-color has-text-color has-link-color has-source-serif-pro-font-family has-medium-font-size wp-elements-53c2b69d0df622bcccdd94309482b183\" style=\"font-style:normal;font-weight:500\">Moderador:<strong> Faustino Garc\u00eda de la Torre Garc\u00eda<\/strong><br><br><em>\u00bfUn estatuto constitucional singular para el cerebro y las neurotecnolog\u00edas?<\/em><br><strong>Mercedes P\u00e9rez Manzano<\/strong> (Universidad Aut\u00f3noma de Madrid)<\/p>\n\n\n\n<p class=\"has-primary-color has-text-color has-link-color has-source-serif-pro-font-family has-medium-font-size wp-elements-caee256100c89597f6945e5cf5b44262\" style=\"font-style:normal;font-weight:500\"><em>Regulaciones y documentos supranacionales en materia de neurotecnolog\u00edas<\/em><br><strong>Agata M.\u00aa Sanz Hermida<\/strong> (Universidad de Castilla-La Mancha)<\/p>\n\n\n\n<p class=\"has-primary-color has-text-color has-link-color has-source-serif-pro-font-family has-medium-font-size wp-elements-2215894a1d64f79b76310b323fea81bf\" style=\"font-style:normal;font-weight:500\"><em>\u00bfQu\u00e9 deber\u00edamos haber aprendido de 25 a\u00f1os de debate entre la doctrina penal y las neurocienciascognitivas? \u00bfDebemos proteger el libre albedr\u00edo?<\/em><br><strong>Bernardo Feijoo S\u00e1nchez<\/strong> (Universidad Aut\u00f3noma de Madrid)<\/p>\n\n\n\n<p class=\"has-primary-color has-text-color has-link-color has-source-serif-pro-font-family has-medium-font-size wp-elements-3ab91e1ddd01fcabfacaa50dc9a9d13b\" style=\"font-style:normal;font-weight:500\"><em>Los desaf\u00edos sem\u00e1nticos de la neuro-dogm\u00e1tica penal y los nuevos bienes jur\u00eddicos<\/em><br><strong>Jos\u00e9 \u00c1ngel Marinaro<\/strong> (Universidad Nacional de la Matanza)<\/p>\n\n\n\n<p class=\"has-primary-color has-text-color has-link-color has-source-serif-pro-font-family has-medium-font-size wp-elements-97819e03248ed02138b443c021496f30\" style=\"font-style:normal;font-weight:500\"><em>Garant\u00edas procesales y neurociencia<\/em><br><strong>M.\u00aa de los \u00c1ngeles P\u00e9rez Cebadera<\/strong> (Universitat Jaume I)<\/p>\n\n\n\n<p class=\"has-primary-color has-text-color has-link-color has-source-serif-pro-font-family has-medium-font-size wp-elements-c4f1c8b6bfabc37150aa1b3a472aa09a\" style=\"font-style:normal;font-weight:500\"><em>Delitos contra la inteligencia artificial. \u00bfObjeto material, sujeto pasivo o v\u00edctima?<\/em><br><strong>Jos\u00e9 Mateos Bustamante<\/strong> (Universidad de Valladolid)<\/p>\n\n\n\n<p><\/p>\n\n\n\n<div style=\"height:16px\" aria-hidden=\"true\" class=\"wp-block-spacer\"><\/div>\n\n\n\n<p class=\"has-primary-color has-text-color has-link-color has-source-serif-pro-font-family has-medium-font-size wp-elements-dd197d479f952376b950ccf5471dbf68\" style=\"font-style:normal;font-weight:500\"><strong>17:30-18:30.- Debate<\/strong><\/p>\n\n\n\n<p class=\"has-primary-color has-text-color has-link-color has-source-serif-pro-font-family has-medium-font-size wp-elements-62ae6813ad7bbf5292f8615330efdf1e\" style=\"font-style:normal;font-weight:500\"><strong>18:30-19:00.- <em>Coffee break<\/em><\/strong><\/p>\n\n\n\n<p class=\"has-primary-color has-text-color has-link-color has-source-serif-pro-font-family has-medium-font-size wp-elements-1f4778fe5a54264ed36df24aba83e65f\" style=\"font-style:normal;font-weight:500\"><strong>19:00-20:00.- Presentaci\u00f3n de comunicaciones<\/strong><\/p>\n\n\n\n<p class=\"has-primary-color has-text-color has-link-color has-source-serif-pro-font-family has-medium-font-size wp-elements-150d7b414d66fc7c3a2a211a12da9136\" style=\"font-style:normal;font-weight:500\"><em>Neurociencias e inexigibilidad: est\u00edmulos para una culpabilidad m\u00e1s personal<\/em><br><strong>Paolo Prestianni<\/strong> (Universidad di Catania)<\/p>\n\n\n\n<p class=\"has-primary-color has-text-color has-link-color has-source-serif-pro-font-family has-medium-font-size wp-elements-c202da5573103f9817328e951cdcdc98\" style=\"font-style:normal;font-weight:500\"><em>Manipulaci\u00f3n subliminal y libertad cognitiva en el contexto de la inteligencia artificial: reflexiones desde el Reglamento Europeo<\/em><br><strong>Andrea Bravo Bolado<\/strong> (Universidad Aut\u00f3noma de Madrid)<\/p>\n\n\n\n<p class=\"has-primary-color has-text-color has-link-color has-source-serif-pro-font-family has-medium-font-size wp-elements-c0dcfaaa8c244bd3d9ba62ca6724f2b2\" style=\"font-style:normal;font-weight:500\"><em>La humanizaci\u00f3n del derecho penal. Reflexiones y perplejidades de las neurociencias en el proceso de reforma de la responsabilidad penal<\/em><br><strong>Alessandra Calc\u00f2 Labruzzo <\/strong>(Universidad de Messina)<\/p>\n<\/div>\n<\/div>\n<\/div>\n\n\n\n<hr class=\"wp-block-separator has-text-color has-foreground-color has-alpha-channel-opacity has-foreground-background-color has-background is-style-wide\" \/>\n\n\n\n<div style=\"height:39px\" aria-hidden=\"true\" class=\"wp-block-spacer\"><\/div>\n<\/div>\n\n\n\n<div class=\"wp-block-group alignwide is-layout-flow wp-block-group-is-layout-flow\">\n<pre class=\"wp-block-preformatted has-cyan-bluish-gray-color has-text-color has-link-color has-large-font-size wp-elements-bfb6120f68fa81a5526601c2a3fc13e5\" style=\"margin-top:0;margin-right:0;margin-bottom:0;margin-left:0;padding-right:0;padding-left:0;font-style:normal;font-weight:800\">Viernes, 12 de septiembre de 2025<br>(AULA TEATRILLO, SAN PEDRO M\u00c1RTIR)<\/pre>\n\n\n\n<div class=\"wp-block-group alignwide is-layout-flow wp-block-group-is-layout-flow\">\n<p class=\"has-text-align-left has-vivid-red-color has-text-color has-link-color has-source-serif-pro-font-family has-medium-font-size wp-elements-7144197704c54d673444496ba3b62322\" style=\"font-style:normal;font-weight:700;text-decoration:none\">09:00 h.- Tercera mesa redonda: Protecci\u00f3n penal de los neuroderechos: \u201cneuro-delitos\u201d y propuestas de pol\u00edtica criminal<\/p>\n<\/div>\n\n\n\n<div class=\"wp-block-group alignwide is-layout-flow wp-block-group-is-layout-flow\">\n<div class=\"wp-block-columns is-layout-flex wp-container-core-columns-is-layout-28f84493 wp-block-columns-is-layout-flex\">\n<div class=\"wp-block-column is-layout-flow wp-block-column-is-layout-flow\" style=\"flex-basis:100%\">\n<p class=\"has-primary-color has-text-color has-link-color wp-elements-66a5911bea0062f6b472b3f7ae80c616\" style=\"font-style:normal;font-weight:500\">Moderadora: <strong>Mena Minafra<\/strong><br><br><em>Tutela penal de la libertad cognitiva<\/em><br><strong>M.\u00aa Isabel Gonz\u00e1lez Tapia<\/strong> (Universidad de C\u00f3rdoba)<\/p>\n\n\n\n<p class=\"has-primary-color has-text-color has-link-color wp-elements-7f1993d86bee696e5cf8cde4ec6fdd82\" style=\"font-style:normal;font-weight:500\"><em>Libertad de pensamiento, confianza y riesgo de manipulaci\u00f3n en la era de la inteligencia artificial<\/em><br><strong>Laura D&#8217;Amico<\/strong> (Universit\u00e0 degli Studi di Messina)<\/p>\n\n\n\n<p class=\"has-primary-color has-text-color has-link-color wp-elements-6cdbece4f3e253bff8de15e21dc485e3\" style=\"font-style:normal;font-weight:500\"><em>Neurodatos y Derecho penal: \u00bfes posible una tutela penal del pensamiento?<\/em><br><strong>M\u00f3nica de la Cuerda Mart\u00edn<\/strong> (Universidad de Castilla-La Mancha)<\/p>\n\n\n\n<p class=\"has-primary-color has-text-color has-link-color wp-elements-65b379f7a2546d15881e4d5b15483160\" style=\"font-style:normal;font-weight:500\"><em>Protecci\u00f3n penal de los Neuroderechos: \u201cneuro-delitos\u201d y propuestas de pol\u00edtica criminal:<br>Privacidad mental<\/em><br><strong>Bartolom\u00e9 Torralbo Mu\u00f1oz<\/strong> (Universidad de C\u00f3rdoba)<\/p>\n\n\n\n<p class=\"has-primary-color has-text-color has-link-color wp-elements-5c5e9e81a8dc6521ce1509b819c59258\" style=\"font-style:normal;font-weight:500\"><em>La necesaria protecci\u00f3n de la privacidad mental frente a la capacidad de inferencia de los sistemas<br>de IA<\/em><br><strong>\u00c1frica Morales Mu\u00f1oz<\/strong> (Universidad de C\u00f3rdoba)<\/p>\n\n\n\n<p class=\"has-primary-color has-text-color has-link-color wp-elements-6bdae535a491cdf2f1aec8cb8da979d8\" style=\"font-style:normal;font-weight:500\"><em>Neurotecnolog\u00eda y el derecho a no incriminarse<\/em><br><strong>Elisabet Cueto Santa Eugenia<\/strong> (Universidad Pontificia de Comillas)<\/p>\n\n\n\n<div style=\"height:22px\" aria-hidden=\"true\" class=\"wp-block-spacer\"><\/div>\n\n\n\n<p class=\"has-primary-color has-text-color has-link-color wp-elements-d4b8452b91270fc0acf456f473273e6a\"><strong>10:30-11:30 Debate<\/strong><\/p>\n\n\n\n<p class=\"has-primary-color has-text-color has-link-color wp-elements-2fb9fd79f57090ef4bbea05906b388b4\"><strong>11:30-12:00 Coffe Break<\/strong><\/p>\n\n\n\n<p class=\"has-primary-color has-text-color has-link-color wp-elements-4c55d3fd225ed06dcf17c28954dc688b\"><strong>12:30-13:00 Presentaci\u00f3n de Comunicaciones<\/strong><\/p>\n\n\n\n<p class=\"has-primary-color has-text-color has-link-color wp-elements-724a04fe03b68bf73e9960ff7e8bcd0d\" style=\"font-style:normal;font-weight:500\"><em>\u00abNeuro-delitos\u00bb: bienes jur\u00eddicos emergentes o nuevas t\u00e9cnicas de agresi\u00f3n?<\/em>&nbsp;<br><strong>Ciro Grandi<\/strong><em> <\/em>(Universit\u00e0 degli Studi di Ferrara)<\/p>\n\n\n\n<p class=\"has-primary-color has-text-color has-link-color wp-elements-a335b6314c0592d3af6c9c7645d78286\" style=\"font-style:normal;font-weight:500\"><em>Neuroderechos y neurotecnolog\u00edas en Am\u00e9rica Latina. El problema de la libertad cognitiva<\/em><br><strong>Eric Garc\u00eda L\u00f3pez<\/strong><em> <\/em>(Museo Iberoamericano de Neurociencia y Derecho \u2013 MIND)<\/p>\n\n\n\n<p class=\"has-primary-color has-text-color has-link-color wp-elements-6dcb2d3af3e0c28716481256afc6da55\" style=\"font-style:normal;font-weight:500\"><em>Aspectos b\u00e1sicos de la neurocriminalidad<\/em><br><strong>Faustino Garc\u00eda de la Torre Garc\u00eda<\/strong> (Universidad de Castilla-La Mancha)<\/p>\n\n\n\n<p class=\"has-primary-color has-text-color has-link-color wp-elements-ce7829d0640bb124b8a492b2f994d21e\" style=\"font-style:normal;font-weight:500\"><em>Neuroderechos frente a din\u00e1micas de liderazgo criminal y control social<\/em><br><strong>Mar\u00eda Teresa Montero Ru\u00edz<\/strong> (Universidad de Castilla-La Mancha)<\/p>\n\n\n\n<p><\/p>\n<\/div>\n<\/div>\n<\/div>\n\n\n\n<hr class=\"wp-block-separator has-text-color has-foreground-color has-alpha-channel-opacity has-foreground-background-color has-background is-style-wide\" \/>\n\n\n\n<div style=\"height:41px\" aria-hidden=\"true\" class=\"wp-block-spacer\"><\/div>\n\n\n\n<div class=\"wp-block-group alignwide is-layout-flow wp-block-group-is-layout-flow\">\n<p class=\"has-text-align-left has-vivid-red-color has-text-color has-link-color has-source-serif-pro-font-family has-medium-font-size wp-elements-d8c28c661b8fbff4f49ce554f8a6a147\" style=\"font-style:normal;font-weight:700;text-decoration:none\">13:00 h Conferencia<\/p>\n\n\n\n<p class=\"has-primary-color has-text-color has-link-color wp-elements-d2cd57192daa0211f4bbee3c1ef03787\" style=\"font-style:normal;font-weight:500\"><em>Imagen del hombre, identidad y neuroenhancement: \u00bfc\u00f3mo proteger penalmente el n\u00facleo de la<br>personalidad del ser humano?<\/em><br><strong>Eduardo Demetrio Crespo<\/strong><\/p>\n\n\n\n<p class=\"has-vivid-red-color has-text-color has-link-color has-source-serif-pro-font-family has-medium-font-size wp-elements-58fcf6def5f2ea16bc577ebf427b051d\" style=\"font-style:normal;font-weight:700;text-decoration:none\">13:15 h Debate general y conclusiones<\/p>\n\n\n\n<p class=\"has-vivid-red-color has-text-color has-link-color has-source-serif-pro-font-family has-medium-font-size wp-elements-ac9316d77701b8e2384f35c3275e8205\" style=\"font-style:normal;font-weight:700;text-decoration:none\">13:45 h Clausura<\/p>\n<\/div>\n\n\n\n<div style=\"height:39px\" aria-hidden=\"true\" class=\"wp-block-spacer\"><\/div>\n<\/div>\n\n\n\n<p><\/p>\n","protected":false},"excerpt":{"rendered":"<p>DESCARGA EL CARTEL DEL EVENTO DESCARGA EL PROGRAMA DEL CONGRESO DESCARGA EL CARTEL DEL CALL FOR PAPERS P\u00c1GINA CON INSTRUCCIONES DEL CALL FOR PAPERS INSCRIPCIONES Jueves, 11 de septiembre de 2025 (AULA TEATRILLO, SAN PEDRO M\u00c1RTIR) 09:00 h.- Inauguraci\u00f3n y bienvenida Sr.&nbsp; D. Jos\u00e9 Juli\u00e1n Garde L\u00f3pez-Brea Rector Magn\u00edfico de la Universidad de Castilla-La Mancha [&hellip;]<\/p>\n","protected":false},"author":132,"featured_media":0,"parent":0,"menu_order":0,"comment_status":"closed","ping_status":"closed","template":"","meta":{"footnotes":""},"class_list":["post-392","page","type-page","status-publish","hentry"],"_links":{"self":[{"href":"https:\/\/blog.uclm.es\/proyecton3nddhh\/wp-json\/wp\/v2\/pages\/392","targetHints":{"allow":["GET"]}}],"collection":[{"href":"https:\/\/blog.uclm.es\/proyecton3nddhh\/wp-json\/wp\/v2\/pages"}],"about":[{"href":"https:\/\/blog.uclm.es\/proyecton3nddhh\/wp-json\/wp\/v2\/types\/page"}],"author":[{"embeddable":true,"href":"https:\/\/blog.uclm.es\/proyecton3nddhh\/wp-json\/wp\/v2\/users\/132"}],"replies":[{"embeddable":true,"href":"https:\/\/blog.uclm.es\/proyecton3nddhh\/wp-json\/wp\/v2\/comments?post=392"}],"version-history":[{"count":52,"href":"https:\/\/blog.uclm.es\/proyecton3nddhh\/wp-json\/wp\/v2\/pages\/392\/revisions"}],"predecessor-version":[{"id":609,"href":"https:\/\/blog.uclm.es\/proyecton3nddhh\/wp-json\/wp\/v2\/pages\/392\/revisions\/609"}],"wp:attachment":[{"href":"https:\/\/blog.uclm.es\/proyecton3nddhh\/wp-json\/wp\/v2\/media?parent=392"}],"curies":[{"name":"wp","href":"https:\/\/api.w.org\/{rel}","templated":true}]}}